{"id":93,"date":"2016-01-18T22:42:42","date_gmt":"2016-01-18T21:42:42","guid":{"rendered":"https:\/\/www.gyyv.vd.ch\/developpementdurable\/?page_id=93"},"modified":"2016-01-18T22:42:42","modified_gmt":"2016-01-18T21:42:42","slug":"sengager","status":"publish","type":"page","link":"https:\/\/gymnase-yverdon.ch\/developpementdurable\/page-d-exemple-2\/sengager\/","title":{"rendered":"S&rsquo;engager"},"content":{"rendered":"<p style=\"text-align: center\"><a href=\"https:\/\/www.gyyv.vd.ch\/developpementdurable\/wp-content\/uploads\/sites\/13\/2016\/01\/TN-091-2-2.jpg\" rel=\"attachment wp-att-582\"><img loading=\"lazy\" decoding=\"async\" class=\"size-medium wp-image-582 aligncenter\" src=\"https:\/\/www.gyyv.vd.ch\/developpementdurable\/wp-content\/uploads\/sites\/13\/2016\/01\/TN-091-2-300x200.jpg\" alt=\"TN 091\" width=\"300\" height=\"200\" srcset=\"https:\/\/gymnase-yverdon.ch\/developpementdurable\/wp-content\/uploads\/sites\/5\/2016\/01\/TN-091-2-300x200.jpg 300w, https:\/\/gymnase-yverdon.ch\/developpementdurable\/wp-content\/uploads\/sites\/5\/2016\/01\/TN-091-2.jpg 640w\" sizes=\"auto, (max-width: 300px) 100vw, 300px\" \/><\/a>Cl\u00e9mence Giroud et Justine Greim pr\u00e9sentant le<br \/>\nprojet d&rsquo;arboriculture (Photo D. Domeniconi)<\/p>\n<p>Que cela soit pour les \u00e9tudiant-e-s, les \u00e9tudiant-e-s ou les autres membres du Gymnase d&rsquo;Yverdon, vous trouverez dans cette section des suggestions quant aux fa\u00e7ons de vous engager concr\u00e8tement dans un projet en cours ou de cr\u00e9er votre propre \u00e9v\u00e9nement :<\/p>\n<ol>\n<li>Si vous \u00eates \u00e9tudiant-e-s, cette <a href=\"https:\/\/www.gyyv.vd.ch\/developpementdurable\/page-d-exemple\/sengager\/pour-les-etudiants\/\">page<\/a> est faite pour vous;<\/li>\n<li>Si vous \u00eates enseignant-e-s, c&rsquo;est <a href=\"https:\/\/www.gyyv.vd.ch\/developpementdurable\/page-d-exemple\/sengager\/pour-les-enseignants-leducation-au-developpement-durable-edd\/\">ici<\/a> qu&rsquo;il faut vous rendre;<\/li>\n<li>Si vous \u00eates \u00e0 court d&rsquo;id\u00e9e, voici <a href=\"https:\/\/www.gyyv.vd.ch\/developpementdurable\/page-d-exemple\/sengager\/idees-de-projets-a-realiser\/\">quelques suggestions d&rsquo;actions<\/a>;<\/li>\n<li>Si vous voulez participer \u00e0 la Journ\u00e9e de la Terre nourrici\u00e8re, cliquez <a href=\"https:\/\/www.gyyv.vd.ch\/developpementdurable\/page-d-exemple\/sengager\/journee-de-la-terre-nourriciere\/\">ici<\/a>;<\/li>\n<li>Si vous voulez participer au festival AlternatYv, c&rsquo;est <a href=\"https:\/\/www.gyyv.vd.ch\/developpementdurable\/page-d-exemple\/sengager\/festival-alternatyv\/\">ici<\/a>.<\/li>\n<\/ol>\n<p style=\"text-align: center\"><a href=\"https:\/\/www.gyyv.vd.ch\/developpementdurable\/wp-content\/uploads\/sites\/13\/2016\/01\/TN-085-2-2.jpg\" rel=\"attachment wp-att-581\"><img loading=\"lazy\" decoding=\"async\" class=\"alignnone size-medium wp-image-581\" src=\"https:\/\/www.gyyv.vd.ch\/developpementdurable\/wp-content\/uploads\/sites\/13\/2016\/01\/TN-085-2-300x200.jpg\" alt=\"TN 085\" width=\"300\" height=\"200\" srcset=\"https:\/\/gymnase-yverdon.ch\/developpementdurable\/wp-content\/uploads\/sites\/5\/2016\/01\/TN-085-2-300x200.jpg 300w, https:\/\/gymnase-yverdon.ch\/developpementdurable\/wp-content\/uploads\/sites\/5\/2016\/01\/TN-085-2.jpg 640w\" sizes=\"auto, (max-width: 300px) 100vw, 300px\" \/><\/a><\/p>\n<p style=\"text-align: center\">Christophe Vuillemin, ma\u00eetre de physique, test un v\u00e9lo \u00e9lectrique (Photo D. Domeniconi)<\/p>\n","protected":false},"excerpt":{"rendered":"<p>Cl\u00e9mence Giroud et Justine Greim pr\u00e9sentant le projet d&rsquo;arboriculture (Photo D. Domeniconi) Que cela soit pour les \u00e9tudiant-e-s, les \u00e9tudiant-e-s ou les autres membres du Gymnase d&rsquo;Yverdon, vous trouverez dans cette section des suggestions quant aux fa\u00e7ons de vous engager concr\u00e8tement dans un projet en cours ou de cr\u00e9er votre &#8230;<\/p>\n<p> <a class=\"continue-reading-link\" href=\"https:\/\/gymnase-yverdon.ch\/developpementdurable\/page-d-exemple-2\/sengager\/\"><span>Continue reading<\/span><i class=\"crycon-right-dir\"><\/i><\/a> <\/p>\n","protected":false},"author":1,"featured_media":0,"parent":3387,"menu_order":0,"comment_status":"closed","ping_status":"closed","template":"","meta":{"inline_featured_image":false,"footnotes":""},"class_list":["post-93","page","type-page","status-publish","hentry"],"_links":{"self":[{"href":"https:\/\/gymnase-yverdon.ch\/developpementdurable\/wp-json\/wp\/v2\/pages\/93","targetHints":{"allow":["GET"]}}],"collection":[{"href":"https:\/\/gymnase-yverdon.ch\/developpementdurable\/wp-json\/wp\/v2\/pages"}],"about":[{"href":"https:\/\/gymnase-yverdon.ch\/developpementdurable\/wp-json\/wp\/v2\/types\/page"}],"author":[{"embeddable":true,"href":"https:\/\/gymnase-yverdon.ch\/developpementdurable\/wp-json\/wp\/v2\/users\/1"}],"replies":[{"embeddable":true,"href":"https:\/\/gymnase-yverdon.ch\/developpementdurable\/wp-json\/wp\/v2\/comments?post=93"}],"version-history":[{"count":0,"href":"https:\/\/gymnase-yverdon.ch\/developpementdurable\/wp-json\/wp\/v2\/pages\/93\/revisions"}],"up":[{"embeddable":true,"href":"https:\/\/gymnase-yverdon.ch\/developpementdurable\/wp-json\/wp\/v2\/pages\/3387"}],"wp:attachment":[{"href":"https:\/\/gymnase-yverdon.ch\/developpementdurable\/wp-json\/wp\/v2\/media?parent=93"}],"curies":[{"name":"wp","href":"https:\/\/api.w.org\/{rel}","templated":true}]}}