{"id":85,"date":"2016-01-18T22:41:21","date_gmt":"2016-01-18T21:41:21","guid":{"rendered":"https:\/\/www.gyyv.vd.ch\/developpementdurable\/?page_id=85"},"modified":"2016-01-18T22:41:21","modified_gmt":"2016-01-18T21:41:21","slug":"travaux-de-maturite","status":"publish","type":"page","link":"https:\/\/gymnase-yverdon.ch\/developpementdurable\/page-d-exemple-2\/etudes-et-recherche\/travaux-de-maturite\/","title":{"rendered":"Travaux de recherche"},"content":{"rendered":"<p><strong>Travaux de maturit\u00e9 2014<\/strong><\/p>\n<table>\n<tbody>\n<tr>\n<td width=\"122\"><strong>NOM<\/strong><\/td>\n<td width=\"122\"><strong>TITRE<\/strong><\/td>\n<td width=\"122\"><strong>BRANCHE<\/strong><\/td>\n<td width=\"122\"><strong>MAITRE-SSE<\/strong><\/td>\n<\/tr>\n<tr>\n<td width=\"122\">GALLOU Laurane<\/td>\n<td width=\"122\">Maisons vaudoises du futur\u00a0: l\u2019usage du bois est-il judicieux\u00a0?<\/td>\n<td width=\"122\">G\u00e9ographie<\/td>\n<td width=\"122\">M. C. Henchoz<\/td>\n<\/tr>\n<\/tbody>\n<\/table>\n<hr \/>\n<p><strong>Travaux de maturit\u00e9 2015<\/strong><\/p>\n<table>\n<tbody>\n<tr>\n<td width=\"122\"><strong>NOM<\/strong><\/td>\n<td width=\"122\"><strong>TITRE<\/strong><\/td>\n<td width=\"122\"><strong>BRANCHE<\/strong><\/td>\n<td width=\"122\"><strong>MAITRE-SSE<\/strong><\/td>\n<\/tr>\n<tr>\n<td width=\"122\">BOUDIER Estelle<\/p>\n<p>COMANESCU Louise<\/td>\n<td width=\"122\">Faut-il mod\u00e9rer la production et la consommation de viande\u00a0?<\/td>\n<td width=\"122\">G\u00e9ographie<\/td>\n<td width=\"122\">M. C. Henchoz<\/td>\n<\/tr>\n<tr>\n<td width=\"122\">BRUHLMANN Mathias<\/p>\n<p>COLLAUD Nathana\u00ebl<\/td>\n<td width=\"122\">Jardin potager aliment\u00e9 par un compost local.<\/td>\n<td width=\"122\">Biologie<\/td>\n<td width=\"122\">M. F. Dind<\/td>\n<\/tr>\n<tr>\n<td width=\"122\">BURGOS M\u00e9linda<\/td>\n<td width=\"122\">L\u2019huile essentielle de thym \u00e0 thymol a-t-elle un meilleur effet antifongique que des fongicides industriels\u00a0?<\/td>\n<td width=\"122\">Biologie<\/td>\n<td width=\"122\">M. C. M\u00e9rinat<\/td>\n<\/tr>\n<tr>\n<td width=\"122\">CORSET Lucie<\/td>\n<td width=\"122\">Protection ou exploitation des ressources naturelles du continent Antarctique ?<\/td>\n<td width=\"122\">G\u00e9ographie<\/td>\n<td width=\"122\">M. J.-P. Dorthe<\/td>\n<\/tr>\n<tr>\n<td width=\"122\">FREYMOND Emmanuelle<\/td>\n<td width=\"122\">La fabrication d\u2019une cr\u00e8me teint\u00e9e naturelle est-elle concevable aujourd\u2019hui\u00a0?<\/td>\n<td width=\"122\">Chimie<\/td>\n<td width=\"122\">Mme G. Perrey<\/td>\n<\/tr>\n<tr>\n<td width=\"122\">GREMAUD Fanny<\/td>\n<td width=\"122\">Influence de l\u2019augmentation du taux de CO2 atmosph\u00e9rique sur la croissance d\u2019une s\u00e9lection de plantes vivri\u00e8res.<\/td>\n<td width=\"122\">Biologie<\/td>\n<td width=\"122\">M. C. M\u00e9rinat<\/td>\n<\/tr>\n<tr>\n<td width=\"122\">HEIZMANN Jonas<\/td>\n<td width=\"122\">Comment les supermach\u00e9s nous poussent-ils \u00e0 consommer ?<\/td>\n<td width=\"122\">Philosophie-\u00e9thique<\/td>\n<td width=\"122\">M. F. Huguenin<\/td>\n<\/tr>\n<tr>\n<td width=\"122\">MASSART Antoine<\/p>\n<p>BENOIT Lucie<\/td>\n<td width=\"122\">Culture de pleurotes sur du marc de caf\u00e9.<\/td>\n<td width=\"122\">Biologie<\/td>\n<td width=\"122\">M. F. Dind<\/td>\n<\/tr>\n<tr>\n<td width=\"122\">SCHEDER Maxime<\/p>\n<p>BRUGGER Valentin<\/td>\n<td width=\"122\">Du photo \u00e0 l\u2019\u00e9lectricit\u00e9\u00a0: une \u00e9mission de la production \u00ab\u00a0Pourquoi\u00a0? 42\u00a0\u00bb.<\/td>\n<td width=\"122\">Biologie-Chimie<\/td>\n<td width=\"122\">Mme C. Chau-Van<\/td>\n<\/tr>\n<tr>\n<td width=\"122\">SILVA VICENTE Nina<\/p>\n<p>GEISER Romain<\/td>\n<td width=\"122\">Gaspillage alimentaire : des solutions envisageables pour l\u2019avenir ?<\/td>\n<td width=\"122\">G\u00e9ographie<\/td>\n<td width=\"122\">M. C. Henchoz<\/td>\n<\/tr>\n<tr>\n<td width=\"122\">SIMIDJIEV Mark<\/p>\n<p>RODRIGUEZ No\u00e9<\/td>\n<td width=\"122\">Vive la mousse\u00a0!<\/td>\n<td width=\"122\">Biologie-Chimie<\/td>\n<td width=\"122\">Mme C. Chau-Van<\/p>\n<p>Mme S. Gergely<\/td>\n<\/tr>\n<tr>\n<td width=\"122\">VEGA Yann Manuel<\/td>\n<td width=\"122\">Etude comparative de carburants<\/td>\n<td width=\"122\">Chimie<\/td>\n<td width=\"122\">Mme G. Perrey<\/td>\n<\/tr>\n<\/tbody>\n<\/table>\n<hr \/>\n<p><strong>Travaux de maturit\u00e9 2016<\/strong><\/p>\n<table>\n<tbody>\n<tr>\n<td width=\"122\"><strong>NOM<\/strong><\/td>\n<td width=\"122\"><strong>TITRE<\/strong><\/td>\n<td width=\"122\"><strong>BRANCHE<\/strong><\/td>\n<td width=\"122\"><strong>MAITRE-SSE<\/strong><\/td>\n<\/tr>\n<tr>\n<td width=\"122\">HOSTETTLER C\u00e9line<\/td>\n<td width=\"122\"><a href=\"https:\/\/www.gyyv.vd.ch\/developpementdurable\/page-d-exemple\/les-engagements-durables-du-gymnase-dyverdon\/voyage-detudes-durable\/\">Voyage d\u2019\u00e9tudes durable\u00a0: utopie ou r\u00e9alit\u00e9\u00a0?<\/a><\/td>\n<td width=\"122\">G\u00e9ographie<\/td>\n<td width=\"122\">M. C. Henchoz<\/td>\n<\/tr>\n<tr>\n<td width=\"122\"><\/td>\n<td width=\"122\"><\/td>\n<td width=\"122\"><\/td>\n<td width=\"122\"><\/td>\n<\/tr>\n<\/tbody>\n<\/table>\n<p><strong>Travaux de maturit\u00e9 et travaux personnels 2017<\/strong><\/p>\n<table>\n<tbody>\n<tr>\n<td width=\"122\"><strong>NOM<\/strong><\/td>\n<td width=\"122\"><strong>TITRE<\/strong><\/td>\n<td width=\"122\"><strong>BRANCHE<\/strong><\/td>\n<td width=\"122\"><strong>MAITRE-SSE<\/strong><\/td>\n<\/tr>\n<tr>\n<td width=\"122\">ULDRY Leslie<\/td>\n<td width=\"122\"><a href=\"https:\/\/www.gyyv.vd.ch\/developpementdurable\/2017\/04\/11\/vallorbe-prochain-village-en-transition\/\">Transition Vallorbe<\/a><\/td>\n<td width=\"122\">Travail personnel de dipl\u00f4me<\/td>\n<td width=\"122\">Mme C. Nicod<\/td>\n<\/tr>\n<tr>\n<td width=\"122\">\u00a0STUCKER Thomas<\/p>\n<p>OLIVIER J\u00e9r\u00e9my<\/td>\n<td width=\"122\">\u00a0Les monnaies locales compl\u00e9mentaires : vers une \u00e9conomie durable ?<\/td>\n<td width=\"122\">G\u00e9ographie<\/td>\n<td width=\"122\">\u00a0M. C. Henchoz<\/td>\n<\/tr>\n<\/tbody>\n<\/table>\n<p><strong>Travaux de maturit\u00e9 2018<\/strong><\/p>\n<table>\n<tbody>\n<tr>\n<td width=\"122\"><strong>NOM<\/strong><\/td>\n<td width=\"122\"><strong>TITRE<\/strong><\/td>\n<td width=\"122\"><strong>BRANCHE<\/strong><\/td>\n<td width=\"122\"><strong>MAITRE-SSE<\/strong><\/td>\n<\/tr>\n<tr>\n<td width=\"122\">CHEVALLEY Pauline<\/td>\n<td width=\"122\">Agriculture durable : la permaculture est-elle une alternative \u00e0 l&rsquo;agriculture intensive ?<\/td>\n<td width=\"122\">G\u00e9ographie<\/td>\n<td width=\"122\">M. C. Henchoz<\/td>\n<\/tr>\n<tr>\n<td width=\"122\">MICHALAK Laura<\/td>\n<td width=\"122\">Le bois et la paille pour nos constructions : des mat\u00e9riaux d&rsquo;avenir ? <a href=\"https:\/\/www.gyyv.vd.ch\/developpementdurable\/2018\/11\/14\/favoriser-la-biodiversite-construction-dun-hotel-a-insectes\/\">Construction d&rsquo;un h\u00f4tel \u00e0 insectes sur le site du gymnase.<\/a><\/td>\n<td width=\"122\">G\u00e9ographie<\/td>\n<td width=\"122\">M. C. Henchoz<\/td>\n<\/tr>\n<tr>\n<td width=\"122\">PERAKIS Ma\u00eft\u00e9<\/td>\n<td width=\"122\"><a href=\"https:\/\/www.gyyv.vd.ch\/developpementdurable\/2021\/08\/09\/creation-dun-etang-au-gymnase-dyverdon\/\">Un \u00e9tang au Gymnase d&rsquo;Yverdon<\/a> : une r\u00e9ponse face \u00e0 la perte de la biodiversit\u00e9 ?<\/td>\n<td width=\"122\">G\u00e9ographie<\/td>\n<td width=\"122\">M. C. Henchoz<\/td>\n<\/tr>\n<\/tbody>\n<\/table>\n<p>&nbsp;<\/p>\n<p>Travaux de maturit\u00e9 2019 et suivants : information \u00e0 venir.<\/p>\n<p>&nbsp;<\/p>\n<p>Cette liste n&rsquo;est pas exhaustive et va \u00e9voluer au gr\u00e9 des projets pr\u00e9sent\u00e9s dans les ann\u00e9es \u00e0 venir.<\/p>\n","protected":false},"excerpt":{"rendered":"<p>Travaux de maturit\u00e9 2014 NOM TITRE BRANCHE MAITRE-SSE GALLOU Laurane Maisons vaudoises du futur\u00a0: l\u2019usage du bois est-il judicieux\u00a0? G\u00e9ographie M. C. Henchoz Travaux de maturit\u00e9 2015 NOM TITRE BRANCHE MAITRE-SSE BOUDIER Estelle COMANESCU Louise Faut-il mod\u00e9rer la production et la consommation de viande\u00a0? G\u00e9ographie M. C. Henchoz BRUHLMANN Mathias &#8230;<\/p>\n<p> <a class=\"continue-reading-link\" href=\"https:\/\/gymnase-yverdon.ch\/developpementdurable\/page-d-exemple-2\/etudes-et-recherche\/travaux-de-maturite\/\"><span>Continue reading<\/span><i class=\"crycon-right-dir\"><\/i><\/a> <\/p>\n","protected":false},"author":1,"featured_media":0,"parent":69,"menu_order":0,"comment_status":"closed","ping_status":"closed","template":"","meta":{"inline_featured_image":false,"footnotes":""},"class_list":["post-85","page","type-page","status-publish","hentry"],"_links":{"self":[{"href":"https:\/\/gymnase-yverdon.ch\/developpementdurable\/wp-json\/wp\/v2\/pages\/85","targetHints":{"allow":["GET"]}}],"collection":[{"href":"https:\/\/gymnase-yverdon.ch\/developpementdurable\/wp-json\/wp\/v2\/pages"}],"about":[{"href":"https:\/\/gymnase-yverdon.ch\/developpementdurable\/wp-json\/wp\/v2\/types\/page"}],"author":[{"embeddable":true,"href":"https:\/\/gymnase-yverdon.ch\/developpementdurable\/wp-json\/wp\/v2\/users\/1"}],"replies":[{"embeddable":true,"href":"https:\/\/gymnase-yverdon.ch\/developpementdurable\/wp-json\/wp\/v2\/comments?post=85"}],"version-history":[{"count":0,"href":"https:\/\/gymnase-yverdon.ch\/developpementdurable\/wp-json\/wp\/v2\/pages\/85\/revisions"}],"up":[{"embeddable":true,"href":"https:\/\/gymnase-yverdon.ch\/developpementdurable\/wp-json\/wp\/v2\/pages\/69"}],"wp:attachment":[{"href":"https:\/\/gymnase-yverdon.ch\/developpementdurable\/wp-json\/wp\/v2\/media?parent=85"}],"curies":[{"name":"wp","href":"https:\/\/api.w.org\/{rel}","templated":true}]}}