{"id":75,"date":"2016-01-18T22:37:05","date_gmt":"2016-01-18T21:37:05","guid":{"rendered":"https:\/\/www.gyyv.vd.ch\/developpementdurable\/?page_id=75"},"modified":"2016-01-18T22:37:05","modified_gmt":"2016-01-18T21:37:05","slug":"francais","status":"publish","type":"page","link":"https:\/\/gymnase-yverdon.ch\/developpementdurable\/page-d-exemple-2\/etudes-et-recherche\/francais\/","title":{"rendered":"Fran\u00e7ais"},"content":{"rendered":"<p>Dans cette section, vous d\u00e9couvrirez les diff\u00e9rents travaux en lien avec le d\u00e9veloppement durable men\u00e9s au sein de la file de fran\u00e7ais :<\/p>\n<ul>\n<li><a href=\"https:\/\/www.gyyv.vd.ch\/developpementdurable\/page-d-exemple\/etudes-et-recherche\/francais\/projet-cours-de-francais-aux-migrants-noms-des-eleves-sous-la-direction-de-m-c-vallon\/\">Cours de fran\u00e7ais aux migrants<\/a>;<\/li>\n<li><a href=\"https:\/\/www.gyyv.vd.ch\/developpementdurable\/page-d-exemple\/etudes-et-recherche\/francais\/projet-correspondance-entre-etudiants-et-ems-classe-projet-de-e-neeman\/\">Du souvenir au r\u00e9cit<\/a>;<\/li>\n<li>La d\u00e9croissance : th\u00e8me 2016 de la file de fran\u00e7ais;<\/li>\n<li><a href=\"https:\/\/www.gyyv.vd.ch\/developpementdurable\/page-d-exemple\/etudes-et-recherche\/francais\/soutien-a-une-ecole-malgache\/\">Soutien \u00e0 une \u00e9cole malgache<\/a>;<\/li>\n<li>La vie en vert : recueil de textes r\u00e9dig\u00e9s par des \u00e9l\u00e8ves sur des th\u00e9matiques en lien avec la durabilit\u00e9.<\/li>\n<\/ul>\n","protected":false},"excerpt":{"rendered":"<p>Dans cette section, vous d\u00e9couvrirez les diff\u00e9rents travaux en lien avec le d\u00e9veloppement durable men\u00e9s au sein de la file de fran\u00e7ais : Cours de fran\u00e7ais aux migrants; Du souvenir au r\u00e9cit; La d\u00e9croissance : th\u00e8me 2016 de la file de fran\u00e7ais; Soutien \u00e0 une \u00e9cole malgache; La vie en &#8230;<\/p>\n<p> <a class=\"continue-reading-link\" href=\"https:\/\/gymnase-yverdon.ch\/developpementdurable\/page-d-exemple-2\/etudes-et-recherche\/francais\/\"><span>Continue reading<\/span><i class=\"crycon-right-dir\"><\/i><\/a> <\/p>\n","protected":false},"author":1,"featured_media":0,"parent":69,"menu_order":0,"comment_status":"closed","ping_status":"closed","template":"","meta":{"inline_featured_image":false,"footnotes":""},"class_list":["post-75","page","type-page","status-publish","hentry"],"_links":{"self":[{"href":"https:\/\/gymnase-yverdon.ch\/developpementdurable\/wp-json\/wp\/v2\/pages\/75","targetHints":{"allow":["GET"]}}],"collection":[{"href":"https:\/\/gymnase-yverdon.ch\/developpementdurable\/wp-json\/wp\/v2\/pages"}],"about":[{"href":"https:\/\/gymnase-yverdon.ch\/developpementdurable\/wp-json\/wp\/v2\/types\/page"}],"author":[{"embeddable":true,"href":"https:\/\/gymnase-yverdon.ch\/developpementdurable\/wp-json\/wp\/v2\/users\/1"}],"replies":[{"embeddable":true,"href":"https:\/\/gymnase-yverdon.ch\/developpementdurable\/wp-json\/wp\/v2\/comments?post=75"}],"version-history":[{"count":0,"href":"https:\/\/gymnase-yverdon.ch\/developpementdurable\/wp-json\/wp\/v2\/pages\/75\/revisions"}],"up":[{"embeddable":true,"href":"https:\/\/gymnase-yverdon.ch\/developpementdurable\/wp-json\/wp\/v2\/pages\/69"}],"wp:attachment":[{"href":"https:\/\/gymnase-yverdon.ch\/developpementdurable\/wp-json\/wp\/v2\/media?parent=75"}],"curies":[{"name":"wp","href":"https:\/\/api.w.org\/{rel}","templated":true}]}}