{"id":741,"date":"2016-02-15T08:59:25","date_gmt":"2016-02-15T07:59:25","guid":{"rendered":"https:\/\/www.gyyv.vd.ch\/developpementdurable\/?page_id=741"},"modified":"2016-02-15T08:59:25","modified_gmt":"2016-02-15T07:59:25","slug":"bibliotheque-et-mediatheque","status":"publish","type":"page","link":"https:\/\/gymnase-yverdon.ch\/developpementdurable\/page-d-exemple-2\/ressources\/bibliotheque-et-mediatheque\/","title":{"rendered":"Biblioth\u00e8que et m\u00e9diath\u00e8que"},"content":{"rendered":"<p style=\"text-align: center\">\n<p>De nombreuses ressources sur le d\u00e9veloppement durable vous attendent \u00e0 la <a href=\"https:\/\/www.gyyv.vd.ch\/bibliomedia\/\" target=\"_blank\" rel=\"noopener noreferrer\">biblioth\u00e8que\/m\u00e9diath\u00e8que du gymnase<\/a>.<\/p>\n<p>Vous pouvez <a href=\"http:\/\/bibliomedia.gyyv.vd.ch:8080\/French\/BM.CGI?BM_GET_DOCUMENT_SUBJECT=26031&amp;BM_QUERY=SUBJECT&amp;BM_ENDUSER_LNG=French&amp;BM_MAX_NB_REC=50&amp;BM_DOC_TYPE=Tous%20les%20types&amp;BM_DOC_ACQUISITION_DAY=00&amp;BM_DOC_ACQUISITION_MONTH=00&amp;BM_DOC_ACQUISITION_YEAR=0000&amp;BM_DOC_LANGUAGE=Toutes%20les%20langues&amp;BM_DOC_SERIES=&amp;BM_DOC_PLACE=&amp;BM_DOC_CATEGORY=&amp;BM_ANTOLIN_LVL=\" target=\"_blank\" rel=\"noopener noreferrer\">cliquer ici <\/a>pour avoir acc\u00e8s directement aux ressources sur le d\u00e9veloppement durable.<\/p>\n<p style=\"text-align: center\">\n","protected":false},"excerpt":{"rendered":"<p>De nombreuses ressources sur le d\u00e9veloppement durable vous attendent \u00e0 la biblioth\u00e8que\/m\u00e9diath\u00e8que du gymnase. Vous pouvez cliquer ici pour avoir acc\u00e8s directement aux ressources sur le d\u00e9veloppement durable.<\/p>\n<p> <a class=\"continue-reading-link\" href=\"https:\/\/gymnase-yverdon.ch\/developpementdurable\/page-d-exemple-2\/ressources\/bibliotheque-et-mediatheque\/\"><span>Continue reading<\/span><i class=\"crycon-right-dir\"><\/i><\/a> <\/p>\n","protected":false},"author":13,"featured_media":0,"parent":532,"menu_order":0,"comment_status":"closed","ping_status":"closed","template":"","meta":{"inline_featured_image":false,"footnotes":""},"class_list":["post-741","page","type-page","status-publish","hentry"],"_links":{"self":[{"href":"https:\/\/gymnase-yverdon.ch\/developpementdurable\/wp-json\/wp\/v2\/pages\/741","targetHints":{"allow":["GET"]}}],"collection":[{"href":"https:\/\/gymnase-yverdon.ch\/developpementdurable\/wp-json\/wp\/v2\/pages"}],"about":[{"href":"https:\/\/gymnase-yverdon.ch\/developpementdurable\/wp-json\/wp\/v2\/types\/page"}],"author":[{"embeddable":true,"href":"https:\/\/gymnase-yverdon.ch\/developpementdurable\/wp-json\/wp\/v2\/users\/13"}],"replies":[{"embeddable":true,"href":"https:\/\/gymnase-yverdon.ch\/developpementdurable\/wp-json\/wp\/v2\/comments?post=741"}],"version-history":[{"count":0,"href":"https:\/\/gymnase-yverdon.ch\/developpementdurable\/wp-json\/wp\/v2\/pages\/741\/revisions"}],"up":[{"embeddable":true,"href":"https:\/\/gymnase-yverdon.ch\/developpementdurable\/wp-json\/wp\/v2\/pages\/532"}],"wp:attachment":[{"href":"https:\/\/gymnase-yverdon.ch\/developpementdurable\/wp-json\/wp\/v2\/media?parent=741"}],"curies":[{"name":"wp","href":"https:\/\/api.w.org\/{rel}","templated":true}]}}