{"id":71,"date":"2016-01-18T22:36:22","date_gmt":"2016-01-18T21:36:22","guid":{"rendered":"https:\/\/www.gyyv.vd.ch\/developpementdurable\/?page_id=71"},"modified":"2016-01-18T22:36:22","modified_gmt":"2016-01-18T21:36:22","slug":"geographie","status":"publish","type":"page","link":"https:\/\/gymnase-yverdon.ch\/developpementdurable\/page-d-exemple-2\/etudes-et-recherche\/geographie\/","title":{"rendered":"G\u00e9ographie"},"content":{"rendered":"<p>Dans cette section, vous d\u00e9couvrirez les diff\u00e9rents travaux en lien avec le d\u00e9veloppement durable men\u00e9s au sein de la file de g\u00e9ographie.<\/p>\n<ul>\n<li><a href=\"https:\/\/www.gyyv.vd.ch\/journeedelaterre\/\" target=\"_blank\" rel=\"noopener noreferrer\">Journ\u00e9e de la Terre nourrici\u00e8re<\/a>;<\/li>\n<li><a href=\"https:\/\/www.gyyv.vd.ch\/developpementdurable\/page-d-exemple\/etudes-et-recherche\/geographie\/oc-2015-16\/\">OC de g\u00e9ographie 2015\/16;<\/a><\/li>\n<li><a href=\"https:\/\/www.gyyv.vd.ch\/developpementdurable\/page-d-exemple\/etudes-et-recherche\/geographie\/oc-2017-18\/\">OC de g\u00e9ographie 2017\/18;<\/a><\/li>\n<li><a href=\"https:\/\/www.gyyv.vd.ch\/developpementdurable\/page-d-exemple\/etudes-et-recherche\/geographie\/oc-2019-20\/\">OC de g\u00e9ographie 2019\/20<\/a>;<\/li>\n<li><a href=\"https:\/\/www.gyyv.vd.ch\/developpementdurable\/page-d-exemple\/etudes-et-recherche\/travaux-de-maturite\/\">Divers travaux de maturit\u00e9<\/a>;<\/li>\n<li><a href=\"https:\/\/www.gyyv.vd.ch\/developpementdurable\/page-d-exemple\/etudes-et-recherche\/cours-facultatif-sur-le-dd\/les-projets-2016-17\/\">Cours facultatif sur le d\u00e9veloppement durable 2016-17<\/a><\/li>\n<li><a href=\"https:\/\/www.gyyv.vd.ch\/developpementdurable\/page-d-exemple\/etudes-et-recherche\/cours-facultatif-sur-le-dd\/les-projets-2017-18\/\">Cours facultatif sur le d\u00e9veloppement durable 2017-18<\/a><\/li>\n<\/ul>\n","protected":false},"excerpt":{"rendered":"<p>Dans cette section, vous d\u00e9couvrirez les diff\u00e9rents travaux en lien avec le d\u00e9veloppement durable men\u00e9s au sein de la file de g\u00e9ographie. Journ\u00e9e de la Terre nourrici\u00e8re; OC de g\u00e9ographie 2015\/16; OC de g\u00e9ographie 2017\/18; OC de g\u00e9ographie 2019\/20; Divers travaux de maturit\u00e9; Cours facultatif sur le d\u00e9veloppement durable 2016-17 &#8230;<\/p>\n<p> <a class=\"continue-reading-link\" href=\"https:\/\/gymnase-yverdon.ch\/developpementdurable\/page-d-exemple-2\/etudes-et-recherche\/geographie\/\"><span>Continue reading<\/span><i class=\"crycon-right-dir\"><\/i><\/a> <\/p>\n","protected":false},"author":1,"featured_media":0,"parent":69,"menu_order":0,"comment_status":"closed","ping_status":"closed","template":"","meta":{"inline_featured_image":false,"footnotes":""},"class_list":["post-71","page","type-page","status-publish","hentry"],"_links":{"self":[{"href":"https:\/\/gymnase-yverdon.ch\/developpementdurable\/wp-json\/wp\/v2\/pages\/71","targetHints":{"allow":["GET"]}}],"collection":[{"href":"https:\/\/gymnase-yverdon.ch\/developpementdurable\/wp-json\/wp\/v2\/pages"}],"about":[{"href":"https:\/\/gymnase-yverdon.ch\/developpementdurable\/wp-json\/wp\/v2\/types\/page"}],"author":[{"embeddable":true,"href":"https:\/\/gymnase-yverdon.ch\/developpementdurable\/wp-json\/wp\/v2\/users\/1"}],"replies":[{"embeddable":true,"href":"https:\/\/gymnase-yverdon.ch\/developpementdurable\/wp-json\/wp\/v2\/comments?post=71"}],"version-history":[{"count":0,"href":"https:\/\/gymnase-yverdon.ch\/developpementdurable\/wp-json\/wp\/v2\/pages\/71\/revisions"}],"up":[{"embeddable":true,"href":"https:\/\/gymnase-yverdon.ch\/developpementdurable\/wp-json\/wp\/v2\/pages\/69"}],"wp:attachment":[{"href":"https:\/\/gymnase-yverdon.ch\/developpementdurable\/wp-json\/wp\/v2\/media?parent=71"}],"curies":[{"name":"wp","href":"https:\/\/api.w.org\/{rel}","templated":true}]}}