{"id":69,"date":"2016-01-18T22:35:43","date_gmt":"2016-01-18T21:35:43","guid":{"rendered":"https:\/\/www.gyyv.vd.ch\/developpementdurable\/?page_id=69"},"modified":"2016-01-18T22:35:43","modified_gmt":"2016-01-18T21:35:43","slug":"etudes-et-recherche","status":"publish","type":"page","link":"https:\/\/gymnase-yverdon.ch\/developpementdurable\/page-d-exemple-2\/etudes-et-recherche\/","title":{"rendered":"Etudes et recherches"},"content":{"rendered":"<p style=\"text-align: center\"><img loading=\"lazy\" decoding=\"async\" class=\"alignnone size-full wp-image-1280\" src=\"http:\/\/gymnase-yverdon.ch\/developpementdurable\/wp-content\/uploads\/sites\/5\/2016\/05\/07-Layla-et-Antoine-Haie-a-Baulmes-Photo-Malika-Trachsel-09.04.16-2.jpg\" alt=\"\" width=\"208\" height=\"169\" \/><a href=\"https:\/\/www.gyyv.vd.ch\/developpementdurable\/page-d-exemple\/etudes-et-recherche\/travaux-de-maturite\/\"><br \/>\nTravail de maturit\u00e9<\/a> de Lucie Beno\u00eet et Antoine Massart pr\u00e9sent\u00e9 lors de la<br \/>\n<a href=\"https:\/\/www.gyyv.vd.ch\/developpementdurable\/page-d-exemple\/sengager\/journee-de-la-terre-nourriciere\/\">1\u00e8re Journ\u00e9e de la Terre nourrici\u00e8re<\/a> (2015) (Photo D. Domeniconi)<\/p>\n<p>Au travers de plusieurs projets, un \u00ab\u00a0laboratoire de la durabilit\u00e9\u00a0\u00bb \u00e9merge au Gymnase d&rsquo;Yverdon. Le principe est de consid\u00e9rer le site du Gymnase comme un terrain d&rsquo;exp\u00e9rimentation pratique de la durabilit\u00e9 en lien avec la partie acad\u00e9mique.<\/p>\n<p>Dans cette section, vous pourrez d\u00e9couvrir des recherches et des travaux, en lien avec le d\u00e9veloppement durable, men\u00e9s dans diff\u00e9rentes branches. Dans plusieurs cas, ces travaux ont d\u00e9bouch\u00e9 sur des actions concr\u00e8tes in situ ou dans la soci\u00e9t\u00e9.<\/p>\n","protected":false},"excerpt":{"rendered":"<p>Travail de maturit\u00e9 de Lucie Beno\u00eet et Antoine Massart pr\u00e9sent\u00e9 lors de la 1\u00e8re Journ\u00e9e de la Terre nourrici\u00e8re (2015) (Photo D. Domeniconi) Au travers de plusieurs projets, un \u00ab\u00a0laboratoire de la durabilit\u00e9\u00a0\u00bb \u00e9merge au Gymnase d&rsquo;Yverdon. Le principe est de consid\u00e9rer le site du Gymnase comme un terrain d&rsquo;exp\u00e9rimentation &#8230;<\/p>\n<p> <a class=\"continue-reading-link\" href=\"https:\/\/gymnase-yverdon.ch\/developpementdurable\/page-d-exemple-2\/etudes-et-recherche\/\"><span>Continue reading<\/span><i class=\"crycon-right-dir\"><\/i><\/a> <\/p>\n","protected":false},"author":1,"featured_media":0,"parent":3387,"menu_order":0,"comment_status":"closed","ping_status":"closed","template":"","meta":{"inline_featured_image":false,"footnotes":""},"class_list":["post-69","page","type-page","status-publish","hentry"],"_links":{"self":[{"href":"https:\/\/gymnase-yverdon.ch\/developpementdurable\/wp-json\/wp\/v2\/pages\/69","targetHints":{"allow":["GET"]}}],"collection":[{"href":"https:\/\/gymnase-yverdon.ch\/developpementdurable\/wp-json\/wp\/v2\/pages"}],"about":[{"href":"https:\/\/gymnase-yverdon.ch\/developpementdurable\/wp-json\/wp\/v2\/types\/page"}],"author":[{"embeddable":true,"href":"https:\/\/gymnase-yverdon.ch\/developpementdurable\/wp-json\/wp\/v2\/users\/1"}],"replies":[{"embeddable":true,"href":"https:\/\/gymnase-yverdon.ch\/developpementdurable\/wp-json\/wp\/v2\/comments?post=69"}],"version-history":[{"count":0,"href":"https:\/\/gymnase-yverdon.ch\/developpementdurable\/wp-json\/wp\/v2\/pages\/69\/revisions"}],"up":[{"embeddable":true,"href":"https:\/\/gymnase-yverdon.ch\/developpementdurable\/wp-json\/wp\/v2\/pages\/3387"}],"wp:attachment":[{"href":"https:\/\/gymnase-yverdon.ch\/developpementdurable\/wp-json\/wp\/v2\/media?parent=69"}],"curies":[{"name":"wp","href":"https:\/\/api.w.org\/{rel}","templated":true}]}}