{"id":67,"date":"2016-01-18T22:35:19","date_gmt":"2016-01-18T21:35:19","guid":{"rendered":"https:\/\/www.gyyv.vd.ch\/developpementdurable\/?page_id=67"},"modified":"2016-01-18T22:35:19","modified_gmt":"2016-01-18T21:35:19","slug":"recuperation-de-telephones-portables","status":"publish","type":"page","link":"https:\/\/gymnase-yverdon.ch\/developpementdurable\/page-d-exemple-2\/laboratoire-de-la-durabilite\/recuperation-de-telephones-portables\/","title":{"rendered":"R\u00e9cup\u00e9ration de t\u00e9l\u00e9phones portables"},"content":{"rendered":"<p>C&rsquo;est une question relativement m\u00e9connue mais qui concerne un objet utilis\u00e9 au quotidien : d&rsquo;o\u00f9 vient votre t\u00e9l\u00e9phone portable et o\u00f9 va-t-il une fois que vous l&rsquo;avez jet\u00e9 ?<\/p>\n<p>L&rsquo;utilisation des t\u00e9l\u00e9phones portables a connu une croissance forte en Suisse depuis les ann\u00e9es 2000 comme le montre le graphique suivant de l&rsquo;<a href=\"https:\/\/www.bfs.admin.ch\/bfs\/fr\/home\/statistiques\/culture-medias-societe-information-sport\/societe-information\/indicateurs\/entreprises-secteur-tic.assetdetail.1680952.html\" target=\"_blank\" rel=\"noopener noreferrer\">Office f\u00e9d\u00e9ral de la statistique<\/a> :<\/p>\n<p style=\"text-align: center\"><a href=\"http:\/\/gymnase-yverdon.ch\/developpementdurable\/wp-content\/uploads\/sites\/5\/2016\/01\/Abonne-au-telephone-mobile-pour-100-habitants-en-comparaison-internationale-OFS-2016-2-2.jpg\"><img loading=\"lazy\" decoding=\"async\" class=\"alignnone wp-image-1789\" src=\"http:\/\/gymnase-yverdon.ch\/developpementdurable\/wp-content\/uploads\/sites\/5\/2016\/01\/Abonne-au-telephone-mobile-pour-100-habitants-en-comparaison-internationale-OFS-2016-2-300x247.jpg\" alt=\"\" width=\"466\" height=\"384\" srcset=\"https:\/\/gymnase-yverdon.ch\/developpementdurable\/wp-content\/uploads\/sites\/5\/2016\/01\/Abonne-au-telephone-mobile-pour-100-habitants-en-comparaison-internationale-OFS-2016-2-300x247.jpg 300w, https:\/\/gymnase-yverdon.ch\/developpementdurable\/wp-content\/uploads\/sites\/5\/2016\/01\/Abonne-au-telephone-mobile-pour-100-habitants-en-comparaison-internationale-OFS-2016-2.jpg 576w\" sizes=\"auto, (max-width: 466px) 100vw, 466px\" \/><\/a><br \/>\nAbonn\u00e9s au t\u00e9l\u00e9phone mobile pour 100 habitants, comparaison<br \/>\ninternationale, \u00e9volution 1990-2015, OFS, 21.12.16<\/p>\n<p>Ainsi, c&rsquo;est environ 4 millions de t\u00e9l\u00e9phones portables qui sont vendus chaque ann\u00e9e en Suisse. Or, comme le montre le <a href=\"https:\/\/www.mediaterre.org\/international\/actu,20140624145027.html\" target=\"_blank\" rel=\"noopener noreferrer\">rapport du Programme des Nations Unies pour l&rsquo;environnement 2013<\/a>, l&rsquo;impact environnemental des nouvelles technologies \u00e9lectroniques est extr\u00eamement important si l&rsquo;on consid\u00e8re les diff\u00e9rentes \u00e9tapes du cycle de vie d&rsquo;un smartphone de l&rsquo;extraction des mat\u00e9riaux au consommateur, notamment :<\/p>\n<ol>\n<li>L&rsquo;<a href=\"http:\/\/www.lemonde.fr\/televisions-radio\/article\/2014\/11\/04\/raccrochez-c-est-une-horreur_4517941_1655027.html\" target=\"_blank\" rel=\"noopener noreferrer\">extraction des mati\u00e8res premi\u00e8res<\/a> (or, tantale, \u00e9tain, tungst\u00e8ne) qui ne sont pas renouvelables et dont le stock est, dans de nombreux cas, dans un \u00e9tat critique.<\/li>\n<li>Les conditions de travail des mineurs : p.ex. 80% des r\u00e9serves de coltan se trouvent en R\u00e9publique D\u00e9mocratique du Congo (p.ex. r\u00e9gion du Kivu) et les mineurs sont contr\u00f4l\u00e9s par des groupes arm\u00e9s.<\/li>\n<li>La fabrication et l&rsquo;assemblage du produit a lieu la plupart du temps dans le Sud de la Chine o\u00f9, <a href=\"http:\/\/tempsreel.nouvelobs.com\/rue89\/rue89-chine\/20160311.RUE2397\/dans-les-usines-a-smartphones-certains-meurent-tous-sont-brises.html\" target=\"_blank\" rel=\"noopener noreferrer\">comme le signale Rue89<\/a>, les \u00ab\u00a0ouvriers chinois se tuent, parfois litt\u00e9ralement, au travail pour produire en flux continu les technos de la modernit\u00e9\u00a0\u00bb.<\/li>\n<li>L&rsquo;obsolescence programm\u00e9e ou l&rsquo;obsolescence logicielle : un <a href=\"http:\/\/www.lesechos.fr\/02\/10\/2016\/lesechos.fr\/0211351139487_le-recyclage-des-portables-usages--un-gisement-inexploite.htm\" target=\"_blank\" rel=\"noopener noreferrer\">rapport s\u00e9natorial fran\u00e7ais r\u00e9cent<\/a> estime que \u00ab\u00a0<em>La conception des t\u00e9l\u00e9phones est d\u00e9lib\u00e9r\u00e9ment d\u00e9favorable au r\u00e9emploi et au recyclage<\/em>\u00a0\u00bb et que les fabricants \u00ab\u00a0<em>s\u2019ing\u00e9nient \u00e0 emp\u00eacher la r\u00e9parabilit\u00e9 des t\u00e9l\u00e9phones<\/em>\u00ab\u00a0.<\/li>\n<li>Finalement, les t\u00e9l\u00e9phones portables ne sont que trop peu recycl\u00e9s. Selon <a href=\"https:\/\/www.swisscom.ch\/fr\/chroniques\/demain\/mobile-aid-tresors-inattendus-tiroirs-suisses.html\" target=\"_blank\" rel=\"noopener noreferrer\">Swisscom<\/a>, \u00ab\u00a0<span class=\"lauftext\">En Suisse, on change en moyenne de mod\u00e8le de smartphone tous les 18 mois\u00a0\u00bb et \u00ab\u00a0huit millions (&#8230;) d\u2019anciens t\u00e9l\u00e9phones portables dorment dans des tiroirs.\u00a0\u00bb. <\/span><span class=\"lauftext\">Heinz B\u00f6ni, \u00e0 la t\u00eate du d\u00e9partement Technologie et Soci\u00e9t\u00e9 de l\u2019Empa, explique qu&rsquo;\u00e0 \u00abpartir d\u2019une tonne d\u2019anciens t\u00e9l\u00e9phones mobiles, on peut extraire davantage d\u2019or que dans une tonne de roches provenant d\u2019une mine en Afrique du Sud.\u00bb et que \u00ab\u00a0la valeur de l\u2019ensemble des anciens t\u00e9l\u00e9phones mobiles accumul\u00e9s en Suisse pourrait facilement d\u00e9passer les 60 millions de francs \u00e0 l\u2019aune des prix actuels des mati\u00e8res premi\u00e8res.\u00a0\u00bb<\/span><\/li>\n<\/ol>\n<p style=\"text-align: center\"><a href=\"http:\/\/gymnase-yverdon.ch\/developpementdurable\/wp-content\/uploads\/sites\/5\/2016\/01\/cycle-de-vie-dun-telephone-portable-2-2.jpg\"><img loading=\"lazy\" decoding=\"async\" class=\"alignnone wp-image-1790\" src=\"http:\/\/gymnase-yverdon.ch\/developpementdurable\/wp-content\/uploads\/sites\/5\/2016\/01\/cycle-de-vie-dun-telephone-portable-2-300x170.jpg\" alt=\"\" width=\"488\" height=\"230\" \/><\/a><\/p>\n<p style=\"text-align: center\">Cycle de vie d&rsquo;un t\u00e9l\u00e9phone portable, <a href=\"http:\/\/e-graine.org\/\" target=\"_blank\" rel=\"noopener noreferrer\">www.e-graine.org<\/a><\/p>\n<p>Il est donc n\u00e9cessaire de r\u00e9cup\u00e9rer les t\u00e9l\u00e9phones portables de mani\u00e8re \u00e0 pouvoir pr\u00e9server les ressources qu&rsquo;ils renferment. Dans cette perspective, plusieurs collectes ont eu lieu au Gymnase d&rsquo;Yverdon, en partenariat avec <a href=\"http:\/\/www.solidarcomm.ch\/\" target=\"_blank\" rel=\"noopener noreferrer\">Solidarcomm<\/a> (Terre des Hommes) :<\/p>\n<ul>\n<li><a href=\"https:\/\/www.gyyv.vd.ch\/developpementdurable\/page-d-exemple\/laboratoire-de-la-durabilite\/recuperation-de-telephones-portables\/action-2015\/\">Action 2015<\/a> (initiative de Mme Jo\u00eblle Vollenweider, doyenne)<\/li>\n<li><a href=\"https:\/\/www.gyyv.vd.ch\/developpementdurable\/page-d-exemple\/laboratoire-de-la-durabilite\/recuperation-de-telephones-portables\/action-2017\/\">Action 2017<\/a> (initiative d&rsquo;Antoine Menna, 3M09)<\/li>\n<\/ul>\n","protected":false},"excerpt":{"rendered":"<p>C&rsquo;est une question relativement m\u00e9connue mais qui concerne un objet utilis\u00e9 au quotidien : d&rsquo;o\u00f9 vient votre t\u00e9l\u00e9phone portable et o\u00f9 va-t-il une fois que vous l&rsquo;avez jet\u00e9 ? L&rsquo;utilisation des t\u00e9l\u00e9phones portables a connu une croissance forte en Suisse depuis les ann\u00e9es 2000 comme le montre le graphique suivant &#8230;<\/p>\n<p> <a class=\"continue-reading-link\" href=\"https:\/\/gymnase-yverdon.ch\/developpementdurable\/page-d-exemple-2\/laboratoire-de-la-durabilite\/recuperation-de-telephones-portables\/\"><span>Continue reading<\/span><i class=\"crycon-right-dir\"><\/i><\/a> <\/p>\n","protected":false},"author":1,"featured_media":0,"parent":38,"menu_order":0,"comment_status":"closed","ping_status":"closed","template":"","meta":{"inline_featured_image":false,"footnotes":""},"class_list":["post-67","page","type-page","status-publish","hentry"],"_links":{"self":[{"href":"https:\/\/gymnase-yverdon.ch\/developpementdurable\/wp-json\/wp\/v2\/pages\/67","targetHints":{"allow":["GET"]}}],"collection":[{"href":"https:\/\/gymnase-yverdon.ch\/developpementdurable\/wp-json\/wp\/v2\/pages"}],"about":[{"href":"https:\/\/gymnase-yverdon.ch\/developpementdurable\/wp-json\/wp\/v2\/types\/page"}],"author":[{"embeddable":true,"href":"https:\/\/gymnase-yverdon.ch\/developpementdurable\/wp-json\/wp\/v2\/users\/1"}],"replies":[{"embeddable":true,"href":"https:\/\/gymnase-yverdon.ch\/developpementdurable\/wp-json\/wp\/v2\/comments?post=67"}],"version-history":[{"count":0,"href":"https:\/\/gymnase-yverdon.ch\/developpementdurable\/wp-json\/wp\/v2\/pages\/67\/revisions"}],"up":[{"embeddable":true,"href":"https:\/\/gymnase-yverdon.ch\/developpementdurable\/wp-json\/wp\/v2\/pages\/38"}],"wp:attachment":[{"href":"https:\/\/gymnase-yverdon.ch\/developpementdurable\/wp-json\/wp\/v2\/media?parent=67"}],"curies":[{"name":"wp","href":"https:\/\/api.w.org\/{rel}","templated":true}]}}