{"id":558,"date":"2016-01-31T12:01:02","date_gmt":"2016-01-31T11:01:02","guid":{"rendered":"https:\/\/www.gyyv.vd.ch\/developpementdurable\/?page_id=558"},"modified":"2016-01-31T12:01:02","modified_gmt":"2016-01-31T11:01:02","slug":"cours-facultatif-sur-le-dd","status":"publish","type":"page","link":"https:\/\/gymnase-yverdon.ch\/developpementdurable\/page-d-exemple-2\/etudes-et-recherche\/cours-facultatif-sur-le-dd\/","title":{"rendered":"Cours facultatif sur le DD"},"content":{"rendered":"<blockquote><p>\u00ab\u00a0Et vous\u00a0? Qu\u2019avez-vous de pr\u00e9vu de pr\u00e9vu apr\u00e8s la disparition de notre civilisation\u00a0?\u00a0\u00bb<\/p><\/blockquote>\n<p style=\"text-align: center\"><a href=\"http:\/\/gymnase-yverdon.ch\/developpementdurable\/wp-content\/uploads\/sites\/5\/2016\/01\/Ces-civilisations-qui-disparaissent-2-2.jpg\"><img loading=\"lazy\" decoding=\"async\" class=\"alignnone size-medium wp-image-1396\" src=\"http:\/\/gymnase-yverdon.ch\/developpementdurable\/wp-content\/uploads\/sites\/5\/2016\/01\/Ces-civilisations-qui-disparaissent-2-300x283.jpg\" alt=\"Ces civilisations qui disparaissent\" width=\"300\" height=\"283\" srcset=\"https:\/\/gymnase-yverdon.ch\/developpementdurable\/wp-content\/uploads\/sites\/5\/2016\/01\/Ces-civilisations-qui-disparaissent-2-300x283.jpg 300w, https:\/\/gymnase-yverdon.ch\/developpementdurable\/wp-content\/uploads\/sites\/5\/2016\/01\/Ces-civilisations-qui-disparaissent-2.jpg 372w\" sizes=\"auto, (max-width: 300px) 100vw, 300px\" \/><\/a><br \/>\nCouverture du <a href=\"http:\/\/www.courrierinternational.com\/magazine\/2008\/946-947-ces-civilisations-qui-disparaissent-la-notre-peut-elle-survivre\" target=\"_blank\" rel=\"noopener noreferrer\">Courrier International<\/a> du 17.12.08<\/p>\n<p>Un cours facultatif portant sur le d\u00e9veloppement durable intitul\u00e9 \u00ab\u00a0Et vous\u00a0? Qu\u2019avez-vous de pr\u00e9vu apr\u00e8s la disparition de notre civilisation\u00a0?\u00a0\u00bb a vu le jour au Gymnase d\u2019Yverdon en 2016-17.<\/p>\n<p>Le cours se construit \u00e0 partir des int\u00e9r\u00eats et\/ou des projets que les \u00e9l\u00e8ves ont envie de mener. Il est principalement port\u00e9 sur l\u2019action et est donc le lieu de :<\/p>\n<ul>\n<li>Mener une r\u00e9flexion sur la n\u00e9cessit\u00e9 de se changer pour changer le monde;<\/li>\n<li>Apporter des notions de base quant au d\u00e9veloppement durable;<\/li>\n<li>Mettre sur pied des actions personnelles touchant au d\u00e9veloppement durable\u00a0(\u00e0 l\u2019\u00e9chelle du gymnase ou au niveau local);<\/li>\n<li>D\u00e9velopper le <a href=\"https:\/\/www.gyyv.vd.ch\/developpementdurable\/\">site internet sur le d\u00e9veloppement durable<\/a> (articles, reportages, etc.)<\/li>\n<\/ul>\n<p>Tout en prenant conscience des enjeux cons\u00e9quents qui nous attendent au XXI<sup>\u00e8me<\/sup> si\u00e8cle, ce cours est une invitation \u00e0 se repr\u00e9senter des perspectives d\u2019avenir plus positives et de s\u2019engager pour un changement concret. Ainsi, vous trouverez, dans les diff\u00e9rents sous-menus, les projets r\u00e9alis\u00e9s par les \u00e9l\u00e8ves.<\/p>\n<ul>\n<li><a href=\"https:\/\/www.gyyv.vd.ch\/developpementdurable\/page-d-exemple\/etudes-et-recherche\/cours-facultatif-sur-le-dd\/les-projets-2016-17\/\">Projets 2016-17<\/a><\/li>\n<li><a href=\"https:\/\/www.gyyv.vd.ch\/developpementdurable\/page-d-exemple\/etudes-et-recherche\/cours-facultatif-sur-le-dd\/les-projets-2017-18\/\">Projets 2017-18<\/a><\/li>\n<\/ul>\n","protected":false},"excerpt":{"rendered":"<p>\u00ab\u00a0Et vous\u00a0? Qu\u2019avez-vous de pr\u00e9vu de pr\u00e9vu apr\u00e8s la disparition de notre civilisation\u00a0?\u00a0\u00bb Couverture du Courrier International du 17.12.08 Un cours facultatif portant sur le d\u00e9veloppement durable intitul\u00e9 \u00ab\u00a0Et vous\u00a0? Qu\u2019avez-vous de pr\u00e9vu apr\u00e8s la disparition de notre civilisation\u00a0?\u00a0\u00bb a vu le jour au Gymnase d\u2019Yverdon en 2016-17. Le cours &#8230;<\/p>\n<p> <a class=\"continue-reading-link\" href=\"https:\/\/gymnase-yverdon.ch\/developpementdurable\/page-d-exemple-2\/etudes-et-recherche\/cours-facultatif-sur-le-dd\/\"><span>Continue reading<\/span><i class=\"crycon-right-dir\"><\/i><\/a> <\/p>\n","protected":false},"author":13,"featured_media":0,"parent":69,"menu_order":0,"comment_status":"closed","ping_status":"closed","template":"","meta":{"inline_featured_image":false,"footnotes":""},"class_list":["post-558","page","type-page","status-publish","hentry"],"_links":{"self":[{"href":"https:\/\/gymnase-yverdon.ch\/developpementdurable\/wp-json\/wp\/v2\/pages\/558","targetHints":{"allow":["GET"]}}],"collection":[{"href":"https:\/\/gymnase-yverdon.ch\/developpementdurable\/wp-json\/wp\/v2\/pages"}],"about":[{"href":"https:\/\/gymnase-yverdon.ch\/developpementdurable\/wp-json\/wp\/v2\/types\/page"}],"author":[{"embeddable":true,"href":"https:\/\/gymnase-yverdon.ch\/developpementdurable\/wp-json\/wp\/v2\/users\/13"}],"replies":[{"embeddable":true,"href":"https:\/\/gymnase-yverdon.ch\/developpementdurable\/wp-json\/wp\/v2\/comments?post=558"}],"version-history":[{"count":0,"href":"https:\/\/gymnase-yverdon.ch\/developpementdurable\/wp-json\/wp\/v2\/pages\/558\/revisions"}],"up":[{"embeddable":true,"href":"https:\/\/gymnase-yverdon.ch\/developpementdurable\/wp-json\/wp\/v2\/pages\/69"}],"wp:attachment":[{"href":"https:\/\/gymnase-yverdon.ch\/developpementdurable\/wp-json\/wp\/v2\/media?parent=558"}],"curies":[{"name":"wp","href":"https:\/\/api.w.org\/{rel}","templated":true}]}}