{"id":51,"date":"2016-01-18T22:31:56","date_gmt":"2016-01-18T21:31:56","guid":{"rendered":"https:\/\/www.gyyv.vd.ch\/developpementdurable\/?page_id=51"},"modified":"2016-01-18T22:31:56","modified_gmt":"2016-01-18T21:31:56","slug":"apiculture","status":"publish","type":"page","link":"https:\/\/gymnase-yverdon.ch\/developpementdurable\/page-d-exemple-2\/laboratoire-de-la-durabilite\/apiculture\/","title":{"rendered":"Apiculture"},"content":{"rendered":"<div class=\"entry-content\">\n<p>Comment les abeilles fabriquent-elles le miel\u00a0? A quoi sert le pollen r\u00e9colt\u00e9 par les butineuses\u00a0? Comment s\u2019occupe-t-on d\u2019une ruche\u00a0? Pourquoi les abeilles sont-elles si menac\u00e9es \u00e0 l\u2019heure actuelle\u00a0? Telles sont quelques-unes des questions auxquelles les \u00e9tudiants du groupe \u00ab\u00a0apiculture\u00a0\u00bb du gymnase devraient pouvoir r\u00e9pondre en participant \u00e0 cette activit\u00e9.<\/p>\n<p style=\"text-align: center\"><a href=\"https:\/\/www.gyyv.vd.ch\/developpementdurable\/wp-content\/uploads\/sites\/13\/2016\/01\/JTN-2-apiculture-2-2-2.jpg\" rel=\"attachment wp-att-503\"><img loading=\"lazy\" decoding=\"async\" class=\"alignnone size-medium wp-image-503\" src=\"https:\/\/www.gyyv.vd.ch\/developpementdurable\/wp-content\/uploads\/sites\/13\/2016\/01\/JTN-2-apiculture-2-2-300x200.jpg\" alt=\"JTN apiculture 2\" width=\"300\" height=\"200\" \/><\/a><\/p>\n<p style=\"text-align: center\">Des membres du groupe apiculture \u00e0 la <a href=\"https:\/\/www.gyyv.vd.ch\/journeedelaterre\/?page_id=408\" target=\"_blank\" rel=\"noopener noreferrer\">1\u00e8re <\/a><br \/>\n<a href=\"https:\/\/www.gyyv.vd.ch\/journeedelaterre\/?page_id=408\" target=\"_blank\" rel=\"noopener noreferrer\">Journ\u00e9e de la Terre nourrici\u00e8re<\/a> en 2015 (Photo D. Domeniconi)<\/p>\n<p>Sous le forme d\u2019une participation volontaire, ce projet, qui ne fait pas partie des cours \u00e0 option, a pour objectif principal de sensibiliser de mani\u00e8re pratique les \u00e9tudiants au monde passionnant, mais menac\u00e9, des abeilles. Nous profitons en effet du rucher du gymnase compos\u00e9 de 4 ruches (syst\u00e8me Warr\u00e9 et Dadant) pour apprendre diff\u00e9rentes techniques apicoles. Participer \u00e0 cette activit\u00e9 ne n\u00e9cessite aucune connaissance pr\u00e9alable et est ouvert \u00e0 tous les \u00e9l\u00e8ves, quelle que soit leur ann\u00e9e d\u2019\u00e9tude ou leur appartenance \u00e0 l\u2019\u00e9cole de culture g\u00e9n\u00e9rale ou de maturit\u00e9. Le mat\u00e9riel est pr\u00eat\u00e9 par le gymnase, \u00e0 l\u2019exception des gants qui doivent \u00eatre achet\u00e9s par chaque participant.<\/p>\n<p>Les s\u00e9ances d\u00e9butent en f\u00e9vrier, au rythme d\u2019environ une p\u00e9riode toutes les deux semaines, g\u00e9n\u00e9ralement le jeudi \u00e0 12h30. Lors de ces premi\u00e8res s\u00e9ances, les participants se familiarisent avec le mat\u00e9riel, le remettent en \u00e9tat pour la nouvelle saison et apprennent \u00e0 monter les cires sur les cadres. Le printemps venu, les s\u00e9ances ont lieu en ext\u00e9rieur, au rucher, et ont pour but de diff\u00e9rencier ouvri\u00e8res, faux-bourdons et reine, et d\u2019observer plusieurs comportements typiques de la vie en soci\u00e9t\u00e9 de cet hym\u00e9nopt\u00e8re. De plus, les apiculteurs en herbe apprennent \u00e0 effectuer diff\u00e9rents travaux apicoles, tels que le nourrissage, le marquage de la reine, l\u2019estimation de l\u2019\u00e9tat de la colonie, la formation de nucl\u00e9i, la r\u00e9colte et la mise en ruche d\u2019essaim, les traitements anti-varroas, etc..<\/p>\n<p style=\"text-align: center\"><a href=\"http:\/\/gymnase-yverdon.ch\/developpementdurable\/wp-content\/uploads\/sites\/5\/2016\/09\/01-JTN2-24-Heures-sans-legende-25.05.16-2-2.jpg\"><img loading=\"lazy\" decoding=\"async\" class=\"alignnone size-medium wp-image-1453\" src=\"http:\/\/gymnase-yverdon.ch\/developpementdurable\/wp-content\/uploads\/sites\/5\/2016\/09\/01-JTN2-24-Heures-sans-legende-25.05.16-2-300x200.jpg\" alt=\"01-jtn2-24-heures-sans-legende-25-05-16\" width=\"300\" height=\"200\" srcset=\"https:\/\/gymnase-yverdon.ch\/developpementdurable\/wp-content\/uploads\/sites\/5\/2016\/09\/01-JTN2-24-Heures-sans-legende-25.05.16-2-300x200.jpg 300w, https:\/\/gymnase-yverdon.ch\/developpementdurable\/wp-content\/uploads\/sites\/5\/2016\/09\/01-JTN2-24-Heures-sans-legende-25.05.16-2.jpg 641w\" sizes=\"auto, (max-width: 300px) 100vw, 300px\" \/><\/a><br \/>\nM. Fr\u00e9d\u00e9ric Dind, ma\u00eetre de biologie, pr\u00e9sentant les activit\u00e9s du <a href=\"https:\/\/www.gyyv.vd.ch\/developpementdurable\/page-d-exemple\/laboratoire-de-la-durabilite\/apiculture\/\">groupe apiculture<\/a><br \/>\nlors de la <a href=\"https:\/\/www.gyyv.vd.ch\/journeedelaterre\/\" target=\"_blank\" rel=\"noopener noreferrer\">2e Journ\u00e9e de la Terre nourrici\u00e8re<\/a> en 2016 (Photo O. Allenspach).<\/p>\n<p>La cerise sur le g\u00e2teau \u2013 qui d\u00e9pendra de la bonne volont\u00e9 de Dame-Nature \u2013 sera la r\u00e9colte du miel en juin et\/ou \u00e0 la fin de l\u2019\u00e9t\u00e9. Ce moment magique pour tout apiculteur a lieu dans les couloirs du gymnase. Pour ces \u00e9l\u00e8ves, c\u2019est toujours une grande fiert\u00e9 de pouvoir extraire le miel des alv\u00e9oles devant un public int\u00e9ress\u00e9\u2026 qui n\u2019attend que l\u2019autorisation pour y plonger les doigts\u00a0! Quant au miel r\u00e9colt\u00e9, il sera mis en pot et la moiti\u00e9 de la r\u00e9colte sera partag\u00e9e entre les participants. Le solde alimentera la caisse du projet et permettra l\u2019achat de mat\u00e9riel d\u2019apiculture. La p\u00e9rennit\u00e9 du projet d\u00e9pend aussi des \u00e9l\u00e8ves-apiculteurs les plus exp\u00e9riment\u00e9s, qui jouent le r\u00f4le de mentor pour les nouveaux participants.<\/p>\n<p style=\"text-align: center\"><img loading=\"lazy\" decoding=\"async\" class=\"alignnone size-medium wp-image-1863\" src=\"http:\/\/gymnase-yverdon.ch\/developpementdurable\/wp-content\/uploads\/sites\/5\/2016\/01\/TN2m_041-2-300x200.jpg\" alt=\"\" width=\"300\" height=\"200\" srcset=\"https:\/\/gymnase-yverdon.ch\/developpementdurable\/wp-content\/uploads\/sites\/5\/2016\/01\/TN2m_041-2-300x200.jpg 300w, https:\/\/gymnase-yverdon.ch\/developpementdurable\/wp-content\/uploads\/sites\/5\/2016\/01\/TN2m_041-2-1024x683.jpg 1024w, https:\/\/gymnase-yverdon.ch\/developpementdurable\/wp-content\/uploads\/sites\/5\/2016\/01\/TN2m_041-2-768x512.jpg 768w, https:\/\/gymnase-yverdon.ch\/developpementdurable\/wp-content\/uploads\/sites\/5\/2016\/01\/TN2m_041-2-1536x1024.jpg 1536w, https:\/\/gymnase-yverdon.ch\/developpementdurable\/wp-content\/uploads\/sites\/5\/2016\/01\/TN2m_041-2.jpg 1920w\" sizes=\"auto, (max-width: 300px) 100vw, 300px\" \/><br \/>\nAntoine Massart pr\u00e9sente les activit\u00e9s du <a href=\"https:\/\/www.gyyv.vd.ch\/developpementdurable\/page-d-exemple\/laboratoire-de-la-durabilite\/apiculture\/\">groupe apiculture<\/a> au journal Le Gyyvr\u00e9<br \/>\nlors de la <a href=\"https:\/\/www.gyyv.vd.ch\/journeedelaterre\/\" target=\"_blank\" rel=\"noopener noreferrer\">2e Journ\u00e9e de la Terre nourrici\u00e8re en 2016<\/a> (Photo D. Domeniconi).<\/p>\n<p>Par ce projet, nous esp\u00e9rons donc sensibiliser le plus de monde possible \u00e0 la cause des abeilles et, plus largement, \u00e0 celle de la biodiversit\u00e9, sur laquelle p\u00e8se \u00e0 l\u2019heure actuelle de lourdes menaces. Notre espoir est de faire de nombreux \u00e9mules et de montrer que l\u2019apiculture n\u2019est pas une activit\u00e9 r\u00e9serv\u00e9e aux retrait\u00e9s. C\u2019est d\u2019ailleurs avec beaucoup de satisfaction que nous avons appris que certains \u00e9l\u00e8ves de la 1<sup>\u00e8re<\/sup> vol\u00e9e voulaient se lancer par la suite dans l\u2019aventure\u2026 Bon vent \u00e0 eux\u00a0!!<\/p>\n<p>Fr\u00e9d\u00e9ric Dind<\/p>\n<p>Ama\u00ebl Chevalier<\/p>\n<\/div>\n","protected":false},"excerpt":{"rendered":"<p>Comment les abeilles fabriquent-elles le miel\u00a0? A quoi sert le pollen r\u00e9colt\u00e9 par les butineuses\u00a0? Comment s\u2019occupe-t-on d\u2019une ruche\u00a0? Pourquoi les abeilles sont-elles si menac\u00e9es \u00e0 l\u2019heure actuelle\u00a0? Telles sont quelques-unes des questions auxquelles les \u00e9tudiants du groupe \u00ab\u00a0apiculture\u00a0\u00bb du gymnase devraient pouvoir r\u00e9pondre en participant \u00e0 cette activit\u00e9. Des &#8230;<\/p>\n<p> <a class=\"continue-reading-link\" href=\"https:\/\/gymnase-yverdon.ch\/developpementdurable\/page-d-exemple-2\/laboratoire-de-la-durabilite\/apiculture\/\"><span>Continue reading<\/span><i class=\"crycon-right-dir\"><\/i><\/a> <\/p>\n","protected":false},"author":1,"featured_media":0,"parent":38,"menu_order":0,"comment_status":"closed","ping_status":"closed","template":"","meta":{"inline_featured_image":false,"footnotes":""},"class_list":["post-51","page","type-page","status-publish","hentry"],"_links":{"self":[{"href":"https:\/\/gymnase-yverdon.ch\/developpementdurable\/wp-json\/wp\/v2\/pages\/51","targetHints":{"allow":["GET"]}}],"collection":[{"href":"https:\/\/gymnase-yverdon.ch\/developpementdurable\/wp-json\/wp\/v2\/pages"}],"about":[{"href":"https:\/\/gymnase-yverdon.ch\/developpementdurable\/wp-json\/wp\/v2\/types\/page"}],"author":[{"embeddable":true,"href":"https:\/\/gymnase-yverdon.ch\/developpementdurable\/wp-json\/wp\/v2\/users\/1"}],"replies":[{"embeddable":true,"href":"https:\/\/gymnase-yverdon.ch\/developpementdurable\/wp-json\/wp\/v2\/comments?post=51"}],"version-history":[{"count":0,"href":"https:\/\/gymnase-yverdon.ch\/developpementdurable\/wp-json\/wp\/v2\/pages\/51\/revisions"}],"up":[{"embeddable":true,"href":"https:\/\/gymnase-yverdon.ch\/developpementdurable\/wp-json\/wp\/v2\/pages\/38"}],"wp:attachment":[{"href":"https:\/\/gymnase-yverdon.ch\/developpementdurable\/wp-json\/wp\/v2\/media?parent=51"}],"curies":[{"name":"wp","href":"https:\/\/api.w.org\/{rel}","templated":true}]}}