{"id":45,"date":"2016-01-18T22:31:02","date_gmt":"2016-01-18T21:31:02","guid":{"rendered":"https:\/\/www.gyyv.vd.ch\/developpementdurable\/?page_id=45"},"modified":"2016-01-18T22:31:02","modified_gmt":"2016-01-18T21:31:02","slug":"arboriculture","status":"publish","type":"page","link":"https:\/\/gymnase-yverdon.ch\/developpementdurable\/page-d-exemple-2\/laboratoire-de-la-durabilite\/arboriculture\/","title":{"rendered":"Arboriculture"},"content":{"rendered":"<p><strong>1. Origine du projet.<\/strong><\/p>\n<p>En 2015, un groupe d&rsquo;\u00e9l\u00e8ves du Gymnase d&rsquo;Yverdon, accompagn\u00e9 de leur ma\u00eetre de g\u00e9ographie Christian Henchoz, lance une s\u00e9rie de projets dans le cadre de la premi\u00e8re <a href=\"https:\/\/www.gyyv.vd.ch\/developpementdurable\/page-d-exemple\/sengager\/journee-de-la-terre-nourriciere\/\">Journ\u00e9e de la Terre nourrici\u00e8re<\/a>. Parmi ces projets figure celui des \u00ab\u00a0arbres fruitiers\u00a0\u00bb initi\u00e9 par Justine Greim, Alycia Saybouakhao, Cl\u00e9mence Giroud et Marie Ramuz qui s&rsquo;inscrit dans la perspective de l&rsquo;<a href=\"https:\/\/www.gyyv.vd.ch\/developpementdurable\/page-d-exemple\/a-propos\/leducation-au-developpement-durable\/\">Education au D\u00e9veloppement Durable<\/a> (EDD).<\/p>\n<p>Depuis, le projet a \u00e9t\u00e9 repris par Muriel Bovey, enseignante d&rsquo;allemand et de fran\u00e7ais, accompagn\u00e9e de Mich\u00e8le Fornallaz et Jo\u00ebl Chautems. Suite \u00e0 l&rsquo;accord de M. Jean-Fran\u00e7ois Gruet, Directeur du Gymnase d&rsquo;Yverdon, la d\u00e9cision est prise de planter une vingtaine d&rsquo;arbres fruitiers sur le terrain situ\u00e9 au sud de l&rsquo;\u00e9tablissement, derri\u00e8re la biblioth\u00e8que, \u00e0 la place des trois lignes de n\u00e9fliers. Parmi les vari\u00e9t\u00e9s de pommes qui ont \u00e9t\u00e9 s\u00e9lectionn\u00e9es, trois sont anciennes (Reinette de Cheseaux-Nor\u00e9az, Rose de Berne et Cox&rsquo;s Orange) et cinq, r\u00e9centes (Opal, Ariwa, Galiwa, Saturn et Topaz), qui sont naturellement r\u00e9sistantes aux maladies de la pomme.<\/p>\n<p style=\"text-align: center\"><a href=\"https:\/\/www.gyyv.vd.ch\/developpementdurable\/wp-content\/uploads\/sites\/13\/2016\/01\/Les-gymnasiens-autour-de-larbre-quils-ont-plante\u0301-2-2.jpg\" rel=\"attachment wp-att-372\"><img loading=\"lazy\" decoding=\"async\" class=\"alignnone wp-image-372\" src=\"https:\/\/www.gyyv.vd.ch\/developpementdurable\/wp-content\/uploads\/sites\/13\/2016\/01\/Les-gymnasiens-autour-de-larbre-quils-ont-plante\u0301-2-300x200.jpg\" alt=\"POM_61\" width=\"470\" height=\"313\" \/><\/a><\/p>\n<p style=\"text-align: center\">Des gymnasiens autour de l&rsquo;arbre qu&rsquo;ils ont plant\u00e9 (Photo D. Domeniconi)<\/p>\n<p>La plantation a eu lieu le 30 octobre 2015 avec l&rsquo;aide de M. Jean-Pierre Masclet (plus connu sous le nom de M. Jardinier) et de M. Fran\u00e7ois Perroti et son \u00e9quipe (concierges) qui ont beaucoup travaill\u00e9 \u00e0 pr\u00e9parer le terrain.<\/p>\n<p>Vous pouvez consulter les <a href=\"https:\/\/www.gyyv.vd.ch\/developpementdurable\/page-d-exemple\/laboratoire-de-la-durabilite\/arboriculture\/photos-de-la-plantation\/\">photographies de l&rsquo;\u00e9v\u00e9nement<\/a> prises par Muriel Bovey (enseignante de fran\u00e7ais et d&rsquo;allemand).<\/p>\n<p><strong>2. Actions futures<\/strong><\/p>\n<p style=\"text-align: center\"><a href=\"https:\/\/www.gyyv.vd.ch\/developpementdurable\/wp-content\/uploads\/sites\/13\/2016\/01\/Groupe-arboriculture-10.12.15-2-2.jpg\" rel=\"attachment wp-att-370\"><img loading=\"lazy\" decoding=\"async\" class=\"alignnone wp-image-370\" src=\"https:\/\/www.gyyv.vd.ch\/developpementdurable\/wp-content\/uploads\/sites\/13\/2016\/01\/Groupe-arboriculture-10.12.15-2-300x224.jpg\" alt=\"Groupe arboriculture - 10.12.15\" width=\"433\" height=\"323\" srcset=\"https:\/\/gymnase-yverdon.ch\/developpementdurable\/wp-content\/uploads\/sites\/5\/2016\/01\/Groupe-arboriculture-10.12.15-2-300x224.jpg 300w, https:\/\/gymnase-yverdon.ch\/developpementdurable\/wp-content\/uploads\/sites\/5\/2016\/01\/Groupe-arboriculture-10.12.15-2-1024x765.jpg 1024w, https:\/\/gymnase-yverdon.ch\/developpementdurable\/wp-content\/uploads\/sites\/5\/2016\/01\/Groupe-arboriculture-10.12.15-2-768x574.jpg 768w, https:\/\/gymnase-yverdon.ch\/developpementdurable\/wp-content\/uploads\/sites\/5\/2016\/01\/Groupe-arboriculture-10.12.15-2.jpg 1296w\" sizes=\"auto, (max-width: 433px) 100vw, 433px\" \/><\/a><\/p>\n<p style=\"text-align: center\">Le groupe arboriculture 2016-17 (Photo C. Henchoz)<\/p>\n<p>Le groupe arboriculture a plusieurs projets en cours, notamment :<\/p>\n<ul>\n<li>La distribution de pommes du verger pendant les pauses au gymnase;<\/li>\n<li>L&rsquo;organisation d&rsquo;une nuit de la <a href=\"https:\/\/fr.wikipedia.org\/wiki\/Vin_cuit_%28Suisse%29\" target=\"_blank\" rel=\"noopener noreferrer\">raisin\u00e9e<\/a> pendant laquelle les \u00e9tudiants devront prendre le relais pendant 24 heures pour confectionner une d\u00e9licieuse raisin\u00e9e locale.<\/li>\n<\/ul>\n<p>Mais le projet de culture fruiti\u00e8re pourra faire l&rsquo;objet de travaux de maturit\u00e9 consacr\u00e9s notamment \u00e0 la cr\u00e9ation de nouvelles vari\u00e9t\u00e9s fruiti\u00e8res, aux techniques de greffage, \u00e0 l&rsquo;\u00e9valuation des diff\u00e9rentes vari\u00e9t\u00e9s (anciennes, r\u00e9centes) selon leurs qualit\u00e9s gustatives, productives et de r\u00e9sistance aux maladies.<\/p>\n<p>Pour le groupe arboriculture<\/p>\n<p>Muriel Bovey, Mich\u00e8le Fornallaz, Jo\u00ebl Chautems<\/p>\n<p>&nbsp;<\/p>\n<p>&nbsp;<\/p>\n<p>&nbsp;<\/p>\n<p>&nbsp;<\/p>\n","protected":false},"excerpt":{"rendered":"<p>1. Origine du projet. En 2015, un groupe d&rsquo;\u00e9l\u00e8ves du Gymnase d&rsquo;Yverdon, accompagn\u00e9 de leur ma\u00eetre de g\u00e9ographie Christian Henchoz, lance une s\u00e9rie de projets dans le cadre de la premi\u00e8re Journ\u00e9e de la Terre nourrici\u00e8re. Parmi ces projets figure celui des \u00ab\u00a0arbres fruitiers\u00a0\u00bb initi\u00e9 par Justine Greim, Alycia Saybouakhao, &#8230;<\/p>\n<p> <a class=\"continue-reading-link\" href=\"https:\/\/gymnase-yverdon.ch\/developpementdurable\/page-d-exemple-2\/laboratoire-de-la-durabilite\/arboriculture\/\"><span>Continue reading<\/span><i class=\"crycon-right-dir\"><\/i><\/a> <\/p>\n","protected":false},"author":1,"featured_media":0,"parent":38,"menu_order":0,"comment_status":"closed","ping_status":"closed","template":"","meta":{"inline_featured_image":false,"footnotes":""},"class_list":["post-45","page","type-page","status-publish","hentry"],"_links":{"self":[{"href":"https:\/\/gymnase-yverdon.ch\/developpementdurable\/wp-json\/wp\/v2\/pages\/45","targetHints":{"allow":["GET"]}}],"collection":[{"href":"https:\/\/gymnase-yverdon.ch\/developpementdurable\/wp-json\/wp\/v2\/pages"}],"about":[{"href":"https:\/\/gymnase-yverdon.ch\/developpementdurable\/wp-json\/wp\/v2\/types\/page"}],"author":[{"embeddable":true,"href":"https:\/\/gymnase-yverdon.ch\/developpementdurable\/wp-json\/wp\/v2\/users\/1"}],"replies":[{"embeddable":true,"href":"https:\/\/gymnase-yverdon.ch\/developpementdurable\/wp-json\/wp\/v2\/comments?post=45"}],"version-history":[{"count":0,"href":"https:\/\/gymnase-yverdon.ch\/developpementdurable\/wp-json\/wp\/v2\/pages\/45\/revisions"}],"up":[{"embeddable":true,"href":"https:\/\/gymnase-yverdon.ch\/developpementdurable\/wp-json\/wp\/v2\/pages\/38"}],"wp:attachment":[{"href":"https:\/\/gymnase-yverdon.ch\/developpementdurable\/wp-json\/wp\/v2\/media?parent=45"}],"curies":[{"name":"wp","href":"https:\/\/api.w.org\/{rel}","templated":true}]}}