{"id":38,"date":"2016-01-18T22:28:40","date_gmt":"2016-01-18T21:28:40","guid":{"rendered":"https:\/\/www.gyyv.vd.ch\/developpementdurable\/?page_id=38"},"modified":"2016-01-18T22:28:40","modified_gmt":"2016-01-18T21:28:40","slug":"laboratoire-de-la-durabilite","status":"publish","type":"page","link":"https:\/\/gymnase-yverdon.ch\/developpementdurable\/page-d-exemple-2\/laboratoire-de-la-durabilite\/","title":{"rendered":"Laboratoire de la durabilit\u00e9"},"content":{"rendered":"<p>Plusieurs projets ont vu le jour ou sont \u00e0 venir sur le site du gymnase. Ces projets sont la possibilit\u00e9 d&rsquo;exp\u00e9rimenter sur le terrain les principes de la durabilit\u00e9 au travers de r\u00e9alisations concr\u00e8tes.<\/p>\n<p>Ces projets sont aussi li\u00e9s \u00e0 l&rsquo;enseignement car ils sont par exemple le r\u00e9sultat de travaux men\u00e9s en classe ou sont le lieu d&rsquo;\u00e9tude des \u00e9l\u00e9ments th\u00e9oriques abord\u00e9s durant les cours.<\/p>\n<p>Les projets sont pr\u00e9sent\u00e9s dans l&rsquo;ordre des champs d&rsquo;action de l&rsquo;<a href=\"https:\/\/www.gyyv.vd.ch\/developpementdurable\/page-d-exemple-2\/a-propos\/les-objectifs-du-gymnase-dyverdon-en-matiere-dedd\/\">Agenda 2030 du Gymnase d&rsquo;Yverdon<\/a> :<\/p>\n<ul>\n<li><a href=\"https:\/\/www.gyyv.vd.ch\/developpementdurable\/page-d-exemple-2\/laboratoire-de-la-durabilite\/transition-interieure\/\">Transition int\u00e9rieure<\/a><\/li>\n<li><a href=\"https:\/\/www.gyyv.vd.ch\/developpementdurable\/page-d-exemple-2\/laboratoire-de-la-durabilite\/tri-des-dechets-2\/\">R\u00e9duction des d\u00e9chets<\/a><\/li>\n<li><a href=\"https:\/\/www.gyyv.vd.ch\/developpementdurable\/page-d-exemple-2\/laboratoire-de-la-durabilite\/alimentation\/\">Alimentation<\/a><\/li>\n<li><a href=\"https:\/\/www.gyyv.vd.ch\/developpementdurable\/page-d-exemple-2\/laboratoire-de-la-durabilite\/energie-et-climat\/\">\u00c9nergie et climat<\/a><\/li>\n<li><a href=\"https:\/\/www.gyyv.vd.ch\/developpementdurable\/page-d-exemple-2\/laboratoire-de-la-durabilite\/ressources-naturelles-et-biodiversite\/\">Ressources naturelles<\/a><\/li>\n<li><a href=\"https:\/\/www.gyyv.vd.ch\/developpementdurable\/page-d-exemple-2\/laboratoire-de-la-durabilite\/communication\/\">Communication<\/a><\/li>\n<li><a href=\"https:\/\/www.gyyv.vd.ch\/developpementdurable\/page-d-exemple-2\/laboratoire-de-la-durabilite\/mobilite\/\">Mobilit\u00e9<\/a><\/li>\n<li><a href=\"https:\/\/www.gyyv.vd.ch\/developpementdurable\/page-d-exemple-2\/laboratoire-de-la-durabilite\/administration-exemplaire-gouvernance-et-partenariat\/\">Administration exemplaire : gouvernance et partenariat<\/a><\/li>\n<\/ul>\n","protected":false},"excerpt":{"rendered":"<p>Plusieurs projets ont vu le jour ou sont \u00e0 venir sur le site du gymnase. Ces projets sont la possibilit\u00e9 d&rsquo;exp\u00e9rimenter sur le terrain les principes de la durabilit\u00e9 au travers de r\u00e9alisations concr\u00e8tes. Ces projets sont aussi li\u00e9s \u00e0 l&rsquo;enseignement car ils sont par exemple le r\u00e9sultat de travaux &#8230;<\/p>\n<p> <a class=\"continue-reading-link\" href=\"https:\/\/gymnase-yverdon.ch\/developpementdurable\/page-d-exemple-2\/laboratoire-de-la-durabilite\/\"><span>Continue reading<\/span><i class=\"crycon-right-dir\"><\/i><\/a> <\/p>\n","protected":false},"author":1,"featured_media":0,"parent":3387,"menu_order":0,"comment_status":"closed","ping_status":"closed","template":"","meta":{"inline_featured_image":false,"footnotes":""},"class_list":["post-38","page","type-page","status-publish","hentry"],"_links":{"self":[{"href":"https:\/\/gymnase-yverdon.ch\/developpementdurable\/wp-json\/wp\/v2\/pages\/38","targetHints":{"allow":["GET"]}}],"collection":[{"href":"https:\/\/gymnase-yverdon.ch\/developpementdurable\/wp-json\/wp\/v2\/pages"}],"about":[{"href":"https:\/\/gymnase-yverdon.ch\/developpementdurable\/wp-json\/wp\/v2\/types\/page"}],"author":[{"embeddable":true,"href":"https:\/\/gymnase-yverdon.ch\/developpementdurable\/wp-json\/wp\/v2\/users\/1"}],"replies":[{"embeddable":true,"href":"https:\/\/gymnase-yverdon.ch\/developpementdurable\/wp-json\/wp\/v2\/comments?post=38"}],"version-history":[{"count":0,"href":"https:\/\/gymnase-yverdon.ch\/developpementdurable\/wp-json\/wp\/v2\/pages\/38\/revisions"}],"up":[{"embeddable":true,"href":"https:\/\/gymnase-yverdon.ch\/developpementdurable\/wp-json\/wp\/v2\/pages\/3387"}],"wp:attachment":[{"href":"https:\/\/gymnase-yverdon.ch\/developpementdurable\/wp-json\/wp\/v2\/media?parent=38"}],"curies":[{"name":"wp","href":"https:\/\/api.w.org\/{rel}","templated":true}]}}