{"id":3358,"date":"2022-11-25T15:37:17","date_gmt":"2022-11-25T14:37:17","guid":{"rendered":"https:\/\/www.gyyv.vd.ch\/developpementdurable\/?page_id=3358"},"modified":"2022-11-25T15:37:17","modified_gmt":"2022-11-25T14:37:17","slug":"thematiques-annuelles","status":"publish","type":"page","link":"https:\/\/gymnase-yverdon.ch\/developpementdurable\/thematiques-annuelles\/","title":{"rendered":"Th\u00e9matiques annuelles"},"content":{"rendered":"<p>Dans une volont\u00e9 de d\u00e9velopper certaines th\u00e9matiques, le Gymnase d&rsquo;Yverdon met chaque ann\u00e9e en valeur un projet d&rsquo;\u00e9tablissement (p.ex. sant\u00e9 communautaire, durabilit\u00e9, culture, etc.).<\/p>\n<p>La durabilit\u00e9 a d\u00e9velopp\u00e9 les th\u00e9matiques suivantes :<\/p>\n<ul>\n<li>2022-2023 : ann\u00e9e de r\u00e9flexion et d&rsquo;actions sur l&rsquo;\u00e9ducation \u00e0 la durabilit\u00e9 au travers de la th\u00e9matique des d\u00e9chets ;<\/li>\n<\/ul>\n","protected":false},"excerpt":{"rendered":"<p>Dans une volont\u00e9 de d\u00e9velopper certaines th\u00e9matiques, le Gymnase d&rsquo;Yverdon met chaque ann\u00e9e en valeur un projet d&rsquo;\u00e9tablissement (p.ex. sant\u00e9 communautaire, durabilit\u00e9, culture, etc.). La durabilit\u00e9 a d\u00e9velopp\u00e9 les th\u00e9matiques suivantes : 2022-2023 : ann\u00e9e de r\u00e9flexion et d&rsquo;actions sur l&rsquo;\u00e9ducation \u00e0 la durabilit\u00e9 au travers de la th\u00e9matique des &#8230;<\/p>\n<p> <a class=\"continue-reading-link\" href=\"https:\/\/gymnase-yverdon.ch\/developpementdurable\/thematiques-annuelles\/\"><span>Continue reading<\/span><i class=\"crycon-right-dir\"><\/i><\/a> <\/p>\n","protected":false},"author":12,"featured_media":0,"parent":0,"menu_order":0,"comment_status":"closed","ping_status":"closed","template":"","meta":{"inline_featured_image":false,"footnotes":""},"class_list":["post-3358","page","type-page","status-publish","hentry"],"_links":{"self":[{"href":"https:\/\/gymnase-yverdon.ch\/developpementdurable\/wp-json\/wp\/v2\/pages\/3358","targetHints":{"allow":["GET"]}}],"collection":[{"href":"https:\/\/gymnase-yverdon.ch\/developpementdurable\/wp-json\/wp\/v2\/pages"}],"about":[{"href":"https:\/\/gymnase-yverdon.ch\/developpementdurable\/wp-json\/wp\/v2\/types\/page"}],"author":[{"embeddable":true,"href":"https:\/\/gymnase-yverdon.ch\/developpementdurable\/wp-json\/wp\/v2\/users\/12"}],"replies":[{"embeddable":true,"href":"https:\/\/gymnase-yverdon.ch\/developpementdurable\/wp-json\/wp\/v2\/comments?post=3358"}],"version-history":[{"count":0,"href":"https:\/\/gymnase-yverdon.ch\/developpementdurable\/wp-json\/wp\/v2\/pages\/3358\/revisions"}],"wp:attachment":[{"href":"https:\/\/gymnase-yverdon.ch\/developpementdurable\/wp-json\/wp\/v2\/media?parent=3358"}],"curies":[{"name":"wp","href":"https:\/\/api.w.org\/{rel}","templated":true}]}}