{"id":3294,"date":"2021-08-09T21:40:58","date_gmt":"2021-08-09T19:40:58","guid":{"rendered":"https:\/\/www.gyyv.vd.ch\/developpementdurable\/?page_id=3294"},"modified":"2021-08-09T21:40:58","modified_gmt":"2021-08-09T19:40:58","slug":"etang","status":"publish","type":"page","link":"https:\/\/gymnase-yverdon.ch\/developpementdurable\/page-d-exemple-2\/laboratoire-de-la-durabilite\/ressources-naturelles-et-biodiversite\/etang\/","title":{"rendered":"Etang"},"content":{"rendered":"<p>Depuis le mois de juin 2021, le Gymnase d&rsquo;Yverdon a son \u00e9tang naturel. Celui-ci est le r\u00e9sultat dans un premier temps de travaux de maturit\u00e9 (un en g\u00e9ographie en 2018 et un second en biologie en 2019) puis du travail men\u00e9 par l&rsquo;\u00e9quipe durabilit\u00e9 (\u00e9l\u00e8ves et enseignant-e-s) dans le cadre de l&rsquo;<a href=\"https:\/\/www.gyyv.vd.ch\/developpementdurable\/page-d-exemple-2\/a-propos\/les-objectifs-du-gymnase-dyverdon-en-matiere-dedd\/\">Agenda 2030 du GYYV<\/a>.<\/p>\n<p>Si une entreprise a \u00e9t\u00e9 engag\u00e9e pour r\u00e9aliser le gros des travaux d&rsquo;excavation, l&rsquo;essentiel de l&rsquo;am\u00e9nagement a \u00e9t\u00e9 effectu\u00e9 par un groupe de travail compos\u00e9 d&rsquo;\u00e9l\u00e8ves et d&rsquo;enseignant-e-s volontaires, conjointement avec des gymnasien-ne-s de l&rsquo;option sp\u00e9cifique biologie-chimie.<\/p>\n<p>Le gymnase tient \u00e0 remercier chaleureusement les diff\u00e9rents partenaires qui ont assur\u00e9 la r\u00e9alisation technique et le\u00a0 financement du projet : la Direction g\u00e9n\u00e9rale des immeubles et du patrimoine, l&rsquo;Agenda 21 de la ville d&rsquo;Yverdon, le Rotary Club d&rsquo;Yverdon, la Direction g\u00e9n\u00e9rale de l&rsquo;environnement du Canton de Vaud, l&rsquo;Alliance vaudoise pour la nature ainsi que la Commune de Cheseaux-Nor\u00e9az.<\/p>\n<p>Ce projet vient compl\u00e9ter d&rsquo;autres projets visant \u00e0 pr\u00e9server les ressources naturelles : apiculture, construction de nichoirs, r\u00e9alisation de murs de pierres s\u00e8ches, implantation d&rsquo;un verger, praires s\u00e8ches.<\/p>\n<p>La cr\u00e9ation de cet \u00e9tang poursuit diff\u00e9rents objectifs :<\/p>\n<ul>\n<li>Augmenter la biodiversit\u00e9 locale par la cr\u00e9ation d&rsquo;un \u00e9tang riche en v\u00e9g\u00e9tation, de quelques milieux aquatiques pionniers ;<\/li>\n<li>Sensibiliser le public et l&rsquo;ensemble de la communaut\u00e9 gymnasiale \u00e0 la th\u00e9matique de la biodiversit\u00e9 ;<\/li>\n<li>Offrir un lieu de rencontre pour la population du village de Cheseaux-Nor\u00e9az, les \u00e9l\u00e8ves et les enseignant-e-s du gymnase ;<\/li>\n<li>Offrir aux enseignant-e-s de biologie un lieu d&rsquo;\u00e9tude \u00e0 proximit\u00e9 imm\u00e9diate du gymnase, avec la possibilit\u00e9 d&rsquo;y faire des pr\u00e9l\u00e8vements ;<\/li>\n<li>Servir de lieu d&rsquo;\u00e9tude pour les \u00e9l\u00e8ves : des travaux de recherche seront mis en route pour \u00e9tudier la colonisation du site par les diff\u00e9rents organismes vivants.<\/li>\n<\/ul>\n<p>Les diff\u00e9rentes \u00e9tapes de r\u00e9alisation du projet sont pr\u00e9sent\u00e9es dans les photos ci-dessous.<\/p>\n\n\t\t<style type=\"text\/css\">\n\t\t\t#gallery-1 {\n\t\t\t\tmargin: auto;\n\t\t\t}\n\t\t\t#gallery-1 .gallery-item {\n\t\t\t\tfloat: left;\n\t\t\t\tmargin-top: 10px;\n\t\t\t\ttext-align: center;\n\t\t\t\twidth: 33%;\n\t\t\t}\n\t\t\t#gallery-1 img {\n\t\t\t\tborder: 2px solid #cfcfcf;\n\t\t\t}\n\t\t\t#gallery-1 .gallery-caption {\n\t\t\t\tmargin-left: 0;\n\t\t\t}\n\t\t\t\/* see gallery_shortcode() in wp-includes\/media.php *\/\n\t\t<\/style>\n\t\t<div id='gallery-1' class='gallery galleryid-3294 gallery-columns-3 gallery-size-medium'><dl class='gallery-item'>\n\t\t\t<dt class='gallery-icon landscape'>\n\t\t\t\t<a href='https:\/\/gymnase-yverdon.ch\/developpementdurable\/wp-content\/uploads\/sites\/5\/2021\/08\/Capture-decran-2021-08-09-a-21.28.38.jpg'><img loading=\"lazy\" decoding=\"async\" width=\"300\" height=\"179\" src=\"https:\/\/gymnase-yverdon.ch\/developpementdurable\/wp-content\/uploads\/sites\/5\/2021\/08\/Capture-decran-2021-08-09-a-21.28.38-300x179.jpg\" class=\"attachment-medium size-medium\" alt=\"\" srcset=\"https:\/\/gymnase-yverdon.ch\/developpementdurable\/wp-content\/uploads\/sites\/5\/2021\/08\/Capture-decran-2021-08-09-a-21.28.38-300x179.jpg 300w, https:\/\/gymnase-yverdon.ch\/developpementdurable\/wp-content\/uploads\/sites\/5\/2021\/08\/Capture-decran-2021-08-09-a-21.28.38-1024x611.jpg 1024w, https:\/\/gymnase-yverdon.ch\/developpementdurable\/wp-content\/uploads\/sites\/5\/2021\/08\/Capture-decran-2021-08-09-a-21.28.38-768x458.jpg 768w, https:\/\/gymnase-yverdon.ch\/developpementdurable\/wp-content\/uploads\/sites\/5\/2021\/08\/Capture-decran-2021-08-09-a-21.28.38-1536x917.jpg 1536w, https:\/\/gymnase-yverdon.ch\/developpementdurable\/wp-content\/uploads\/sites\/5\/2021\/08\/Capture-decran-2021-08-09-a-21.28.38-2048x1222.jpg 2048w\" sizes=\"auto, (max-width: 300px) 100vw, 300px\" \/><\/a>\n\t\t\t<\/dt><\/dl><dl class='gallery-item'>\n\t\t\t<dt class='gallery-icon landscape'>\n\t\t\t\t<a href='https:\/\/gymnase-yverdon.ch\/developpementdurable\/wp-content\/uploads\/sites\/5\/2021\/08\/Capture-decran-2021-08-09-a-21.28.48.jpg'><img loading=\"lazy\" decoding=\"async\" width=\"300\" height=\"179\" src=\"https:\/\/gymnase-yverdon.ch\/developpementdurable\/wp-content\/uploads\/sites\/5\/2021\/08\/Capture-decran-2021-08-09-a-21.28.48-300x179.jpg\" class=\"attachment-medium size-medium\" alt=\"\" srcset=\"https:\/\/gymnase-yverdon.ch\/developpementdurable\/wp-content\/uploads\/sites\/5\/2021\/08\/Capture-decran-2021-08-09-a-21.28.48-300x179.jpg 300w, https:\/\/gymnase-yverdon.ch\/developpementdurable\/wp-content\/uploads\/sites\/5\/2021\/08\/Capture-decran-2021-08-09-a-21.28.48-1024x611.jpg 1024w, https:\/\/gymnase-yverdon.ch\/developpementdurable\/wp-content\/uploads\/sites\/5\/2021\/08\/Capture-decran-2021-08-09-a-21.28.48-768x458.jpg 768w, https:\/\/gymnase-yverdon.ch\/developpementdurable\/wp-content\/uploads\/sites\/5\/2021\/08\/Capture-decran-2021-08-09-a-21.28.48-1536x917.jpg 1536w, https:\/\/gymnase-yverdon.ch\/developpementdurable\/wp-content\/uploads\/sites\/5\/2021\/08\/Capture-decran-2021-08-09-a-21.28.48-2048x1222.jpg 2048w\" sizes=\"auto, (max-width: 300px) 100vw, 300px\" \/><\/a>\n\t\t\t<\/dt><\/dl><dl class='gallery-item'>\n\t\t\t<dt class='gallery-icon landscape'>\n\t\t\t\t<a href='https:\/\/gymnase-yverdon.ch\/developpementdurable\/wp-content\/uploads\/sites\/5\/2021\/08\/Capture-decran-2021-08-09-a-21.28.58.jpg'><img loading=\"lazy\" decoding=\"async\" width=\"300\" height=\"179\" src=\"https:\/\/gymnase-yverdon.ch\/developpementdurable\/wp-content\/uploads\/sites\/5\/2021\/08\/Capture-decran-2021-08-09-a-21.28.58-300x179.jpg\" class=\"attachment-medium size-medium\" alt=\"\" srcset=\"https:\/\/gymnase-yverdon.ch\/developpementdurable\/wp-content\/uploads\/sites\/5\/2021\/08\/Capture-decran-2021-08-09-a-21.28.58-300x179.jpg 300w, https:\/\/gymnase-yverdon.ch\/developpementdurable\/wp-content\/uploads\/sites\/5\/2021\/08\/Capture-decran-2021-08-09-a-21.28.58-1024x611.jpg 1024w, https:\/\/gymnase-yverdon.ch\/developpementdurable\/wp-content\/uploads\/sites\/5\/2021\/08\/Capture-decran-2021-08-09-a-21.28.58-768x458.jpg 768w, https:\/\/gymnase-yverdon.ch\/developpementdurable\/wp-content\/uploads\/sites\/5\/2021\/08\/Capture-decran-2021-08-09-a-21.28.58-1536x917.jpg 1536w, https:\/\/gymnase-yverdon.ch\/developpementdurable\/wp-content\/uploads\/sites\/5\/2021\/08\/Capture-decran-2021-08-09-a-21.28.58-2048x1222.jpg 2048w\" sizes=\"auto, (max-width: 300px) 100vw, 300px\" \/><\/a>\n\t\t\t<\/dt><\/dl><br style=\"clear: both\" \/><dl class='gallery-item'>\n\t\t\t<dt class='gallery-icon landscape'>\n\t\t\t\t<a href='https:\/\/gymnase-yverdon.ch\/developpementdurable\/wp-content\/uploads\/sites\/5\/2021\/08\/Capture-decran-2021-08-09-a-21.29.06.jpg'><img loading=\"lazy\" decoding=\"async\" width=\"300\" height=\"179\" src=\"https:\/\/gymnase-yverdon.ch\/developpementdurable\/wp-content\/uploads\/sites\/5\/2021\/08\/Capture-decran-2021-08-09-a-21.29.06-300x179.jpg\" class=\"attachment-medium size-medium\" alt=\"\" srcset=\"https:\/\/gymnase-yverdon.ch\/developpementdurable\/wp-content\/uploads\/sites\/5\/2021\/08\/Capture-decran-2021-08-09-a-21.29.06-300x179.jpg 300w, https:\/\/gymnase-yverdon.ch\/developpementdurable\/wp-content\/uploads\/sites\/5\/2021\/08\/Capture-decran-2021-08-09-a-21.29.06-1024x611.jpg 1024w, https:\/\/gymnase-yverdon.ch\/developpementdurable\/wp-content\/uploads\/sites\/5\/2021\/08\/Capture-decran-2021-08-09-a-21.29.06-768x458.jpg 768w, https:\/\/gymnase-yverdon.ch\/developpementdurable\/wp-content\/uploads\/sites\/5\/2021\/08\/Capture-decran-2021-08-09-a-21.29.06-1536x917.jpg 1536w, https:\/\/gymnase-yverdon.ch\/developpementdurable\/wp-content\/uploads\/sites\/5\/2021\/08\/Capture-decran-2021-08-09-a-21.29.06-2048x1222.jpg 2048w\" sizes=\"auto, (max-width: 300px) 100vw, 300px\" \/><\/a>\n\t\t\t<\/dt><\/dl><dl class='gallery-item'>\n\t\t\t<dt class='gallery-icon landscape'>\n\t\t\t\t<a href='https:\/\/gymnase-yverdon.ch\/developpementdurable\/wp-content\/uploads\/sites\/5\/2021\/08\/Capture-decran-2021-08-09-a-21.29.14.jpg'><img loading=\"lazy\" decoding=\"async\" width=\"300\" height=\"179\" src=\"https:\/\/gymnase-yverdon.ch\/developpementdurable\/wp-content\/uploads\/sites\/5\/2021\/08\/Capture-decran-2021-08-09-a-21.29.14-300x179.jpg\" class=\"attachment-medium size-medium\" alt=\"\" srcset=\"https:\/\/gymnase-yverdon.ch\/developpementdurable\/wp-content\/uploads\/sites\/5\/2021\/08\/Capture-decran-2021-08-09-a-21.29.14-300x179.jpg 300w, https:\/\/gymnase-yverdon.ch\/developpementdurable\/wp-content\/uploads\/sites\/5\/2021\/08\/Capture-decran-2021-08-09-a-21.29.14-1024x611.jpg 1024w, https:\/\/gymnase-yverdon.ch\/developpementdurable\/wp-content\/uploads\/sites\/5\/2021\/08\/Capture-decran-2021-08-09-a-21.29.14-768x458.jpg 768w, https:\/\/gymnase-yverdon.ch\/developpementdurable\/wp-content\/uploads\/sites\/5\/2021\/08\/Capture-decran-2021-08-09-a-21.29.14-1536x917.jpg 1536w, https:\/\/gymnase-yverdon.ch\/developpementdurable\/wp-content\/uploads\/sites\/5\/2021\/08\/Capture-decran-2021-08-09-a-21.29.14-2048x1222.jpg 2048w\" sizes=\"auto, (max-width: 300px) 100vw, 300px\" \/><\/a>\n\t\t\t<\/dt><\/dl><dl class='gallery-item'>\n\t\t\t<dt class='gallery-icon landscape'>\n\t\t\t\t<a href='https:\/\/gymnase-yverdon.ch\/developpementdurable\/wp-content\/uploads\/sites\/5\/2021\/08\/Capture-decran-2021-08-09-a-21.29.22.jpg'><img loading=\"lazy\" decoding=\"async\" width=\"300\" height=\"179\" src=\"https:\/\/gymnase-yverdon.ch\/developpementdurable\/wp-content\/uploads\/sites\/5\/2021\/08\/Capture-decran-2021-08-09-a-21.29.22-300x179.jpg\" class=\"attachment-medium size-medium\" alt=\"\" srcset=\"https:\/\/gymnase-yverdon.ch\/developpementdurable\/wp-content\/uploads\/sites\/5\/2021\/08\/Capture-decran-2021-08-09-a-21.29.22-300x179.jpg 300w, https:\/\/gymnase-yverdon.ch\/developpementdurable\/wp-content\/uploads\/sites\/5\/2021\/08\/Capture-decran-2021-08-09-a-21.29.22-1024x611.jpg 1024w, https:\/\/gymnase-yverdon.ch\/developpementdurable\/wp-content\/uploads\/sites\/5\/2021\/08\/Capture-decran-2021-08-09-a-21.29.22-768x458.jpg 768w, https:\/\/gymnase-yverdon.ch\/developpementdurable\/wp-content\/uploads\/sites\/5\/2021\/08\/Capture-decran-2021-08-09-a-21.29.22-1536x917.jpg 1536w, https:\/\/gymnase-yverdon.ch\/developpementdurable\/wp-content\/uploads\/sites\/5\/2021\/08\/Capture-decran-2021-08-09-a-21.29.22-2048x1222.jpg 2048w\" sizes=\"auto, (max-width: 300px) 100vw, 300px\" \/><\/a>\n\t\t\t<\/dt><\/dl><br style=\"clear: both\" \/><dl class='gallery-item'>\n\t\t\t<dt class='gallery-icon landscape'>\n\t\t\t\t<a href='https:\/\/gymnase-yverdon.ch\/developpementdurable\/wp-content\/uploads\/sites\/5\/2021\/08\/Capture-decran-2021-08-09-a-21.29.29.jpg'><img loading=\"lazy\" decoding=\"async\" width=\"300\" height=\"179\" src=\"https:\/\/gymnase-yverdon.ch\/developpementdurable\/wp-content\/uploads\/sites\/5\/2021\/08\/Capture-decran-2021-08-09-a-21.29.29-300x179.jpg\" class=\"attachment-medium size-medium\" alt=\"\" srcset=\"https:\/\/gymnase-yverdon.ch\/developpementdurable\/wp-content\/uploads\/sites\/5\/2021\/08\/Capture-decran-2021-08-09-a-21.29.29-300x179.jpg 300w, https:\/\/gymnase-yverdon.ch\/developpementdurable\/wp-content\/uploads\/sites\/5\/2021\/08\/Capture-decran-2021-08-09-a-21.29.29-1024x611.jpg 1024w, https:\/\/gymnase-yverdon.ch\/developpementdurable\/wp-content\/uploads\/sites\/5\/2021\/08\/Capture-decran-2021-08-09-a-21.29.29-768x458.jpg 768w, https:\/\/gymnase-yverdon.ch\/developpementdurable\/wp-content\/uploads\/sites\/5\/2021\/08\/Capture-decran-2021-08-09-a-21.29.29-1536x917.jpg 1536w, https:\/\/gymnase-yverdon.ch\/developpementdurable\/wp-content\/uploads\/sites\/5\/2021\/08\/Capture-decran-2021-08-09-a-21.29.29-2048x1222.jpg 2048w\" sizes=\"auto, (max-width: 300px) 100vw, 300px\" \/><\/a>\n\t\t\t<\/dt><\/dl><dl class='gallery-item'>\n\t\t\t<dt class='gallery-icon landscape'>\n\t\t\t\t<a href='https:\/\/gymnase-yverdon.ch\/developpementdurable\/wp-content\/uploads\/sites\/5\/2021\/08\/Capture-decran-2021-08-09-a-21.29.39.jpg'><img loading=\"lazy\" decoding=\"async\" width=\"300\" height=\"189\" src=\"https:\/\/gymnase-yverdon.ch\/developpementdurable\/wp-content\/uploads\/sites\/5\/2021\/08\/Capture-decran-2021-08-09-a-21.29.39-300x189.jpg\" class=\"attachment-medium size-medium\" alt=\"\" srcset=\"https:\/\/gymnase-yverdon.ch\/developpementdurable\/wp-content\/uploads\/sites\/5\/2021\/08\/Capture-decran-2021-08-09-a-21.29.39-300x189.jpg 300w, https:\/\/gymnase-yverdon.ch\/developpementdurable\/wp-content\/uploads\/sites\/5\/2021\/08\/Capture-decran-2021-08-09-a-21.29.39-1024x643.jpg 1024w, https:\/\/gymnase-yverdon.ch\/developpementdurable\/wp-content\/uploads\/sites\/5\/2021\/08\/Capture-decran-2021-08-09-a-21.29.39-768x483.jpg 768w, https:\/\/gymnase-yverdon.ch\/developpementdurable\/wp-content\/uploads\/sites\/5\/2021\/08\/Capture-decran-2021-08-09-a-21.29.39-1536x965.jpg 1536w, https:\/\/gymnase-yverdon.ch\/developpementdurable\/wp-content\/uploads\/sites\/5\/2021\/08\/Capture-decran-2021-08-09-a-21.29.39-2048x1287.jpg 2048w\" sizes=\"auto, (max-width: 300px) 100vw, 300px\" \/><\/a>\n\t\t\t<\/dt><\/dl><dl class='gallery-item'>\n\t\t\t<dt class='gallery-icon landscape'>\n\t\t\t\t<a href='https:\/\/gymnase-yverdon.ch\/developpementdurable\/wp-content\/uploads\/sites\/5\/2021\/08\/Capture-decran-2021-08-09-a-21.29.48.jpg'><img loading=\"lazy\" decoding=\"async\" width=\"300\" height=\"182\" src=\"https:\/\/gymnase-yverdon.ch\/developpementdurable\/wp-content\/uploads\/sites\/5\/2021\/08\/Capture-decran-2021-08-09-a-21.29.48-300x182.jpg\" class=\"attachment-medium size-medium\" alt=\"\" srcset=\"https:\/\/gymnase-yverdon.ch\/developpementdurable\/wp-content\/uploads\/sites\/5\/2021\/08\/Capture-decran-2021-08-09-a-21.29.48-300x182.jpg 300w, https:\/\/gymnase-yverdon.ch\/developpementdurable\/wp-content\/uploads\/sites\/5\/2021\/08\/Capture-decran-2021-08-09-a-21.29.48-1024x620.jpg 1024w, https:\/\/gymnase-yverdon.ch\/developpementdurable\/wp-content\/uploads\/sites\/5\/2021\/08\/Capture-decran-2021-08-09-a-21.29.48-768x465.jpg 768w, https:\/\/gymnase-yverdon.ch\/developpementdurable\/wp-content\/uploads\/sites\/5\/2021\/08\/Capture-decran-2021-08-09-a-21.29.48-1536x930.jpg 1536w, https:\/\/gymnase-yverdon.ch\/developpementdurable\/wp-content\/uploads\/sites\/5\/2021\/08\/Capture-decran-2021-08-09-a-21.29.48-2048x1241.jpg 2048w\" sizes=\"auto, (max-width: 300px) 100vw, 300px\" \/><\/a>\n\t\t\t<\/dt><\/dl><br style=\"clear: both\" \/>\n\t\t<\/div>\n\n","protected":false},"excerpt":{"rendered":"<p>Depuis le mois de juin 2021, le Gymnase d&rsquo;Yverdon a son \u00e9tang naturel. Celui-ci est le r\u00e9sultat dans un premier temps de travaux de maturit\u00e9 (un en g\u00e9ographie en 2018 et un second en biologie en 2019) puis du travail men\u00e9 par l&rsquo;\u00e9quipe durabilit\u00e9 (\u00e9l\u00e8ves et enseignant-e-s) dans le cadre &#8230;<\/p>\n<p> <a class=\"continue-reading-link\" href=\"https:\/\/gymnase-yverdon.ch\/developpementdurable\/page-d-exemple-2\/laboratoire-de-la-durabilite\/ressources-naturelles-et-biodiversite\/etang\/\"><span>Continue reading<\/span><i class=\"crycon-right-dir\"><\/i><\/a> <\/p>\n","protected":false},"author":12,"featured_media":0,"parent":3200,"menu_order":0,"comment_status":"closed","ping_status":"closed","template":"","meta":{"inline_featured_image":false,"footnotes":""},"class_list":["post-3294","page","type-page","status-publish","hentry"],"_links":{"self":[{"href":"https:\/\/gymnase-yverdon.ch\/developpementdurable\/wp-json\/wp\/v2\/pages\/3294","targetHints":{"allow":["GET"]}}],"collection":[{"href":"https:\/\/gymnase-yverdon.ch\/developpementdurable\/wp-json\/wp\/v2\/pages"}],"about":[{"href":"https:\/\/gymnase-yverdon.ch\/developpementdurable\/wp-json\/wp\/v2\/types\/page"}],"author":[{"embeddable":true,"href":"https:\/\/gymnase-yverdon.ch\/developpementdurable\/wp-json\/wp\/v2\/users\/12"}],"replies":[{"embeddable":true,"href":"https:\/\/gymnase-yverdon.ch\/developpementdurable\/wp-json\/wp\/v2\/comments?post=3294"}],"version-history":[{"count":0,"href":"https:\/\/gymnase-yverdon.ch\/developpementdurable\/wp-json\/wp\/v2\/pages\/3294\/revisions"}],"up":[{"embeddable":true,"href":"https:\/\/gymnase-yverdon.ch\/developpementdurable\/wp-json\/wp\/v2\/pages\/3200"}],"wp:attachment":[{"href":"https:\/\/gymnase-yverdon.ch\/developpementdurable\/wp-json\/wp\/v2\/media?parent=3294"}],"curies":[{"name":"wp","href":"https:\/\/api.w.org\/{rel}","templated":true}]}}