{"id":3247,"date":"2021-03-11T22:09:43","date_gmt":"2021-03-11T21:09:43","guid":{"rendered":"https:\/\/www.gyyv.vd.ch\/developpementdurable\/?page_id=3247"},"modified":"2021-03-11T22:09:43","modified_gmt":"2021-03-11T21:09:43","slug":"hotel-a-insectes","status":"publish","type":"page","link":"https:\/\/gymnase-yverdon.ch\/developpementdurable\/page-d-exemple-2\/laboratoire-de-la-durabilite\/ressources-naturelles-et-biodiversite\/hotel-a-insectes\/","title":{"rendered":"H\u00f4tel \u00e0 insectes"},"content":{"rendered":"Passionn\u00e9e d&rsquo;architecture et soucieuse de pr\u00e9server la biodiversit\u00e9, Laura Michalak (3M13) s&rsquo;est lanc\u00e9e dans la cr\u00e9ation d&rsquo;un h\u00f4tel \u00e0 insectes au travers de son travail de maturit\u00e9.\n\n<a href=\"https:\/\/www.gyyv.vd.ch\/developpementdurable\/wp-content\/uploads\/sites\/13\/2019\/01\/DSC_0116-2-2.jpg\"><img loading=\"lazy\" decoding=\"async\" class=\"size-medium wp-image-2632 aligncenter\" src=\"https:\/\/www.gyyv.vd.ch\/developpementdurable\/wp-content\/uploads\/sites\/13\/2019\/01\/DSC_0116-2-300x199.jpg\" alt=\"\" width=\"300\" height=\"199\" \/><\/a>\n\nSa recherche s&rsquo;int\u00e9resse tout d&rsquo;abord \u00e0 l&rsquo;histoire de la construction en Suisse pour arriver \u00e0 la fin du XXe si\u00e8cle o\u00f9 un tournant est abord\u00e9 en mati\u00e8re de constructions durables pour faire face au changement climatique et contribuer \u00e0 la transition \u00e9nerg\u00e9tique visant \u00e0 passer \u00e0 des \u00e9nergies renouvelables. Elle consacre ensuite une partie de son travail \u00e0 d\u00e9montrer l&rsquo;int\u00e9r\u00eat du bois et de la paille dans les constructions en Suisse en tant que mat\u00e9riaux durables.\n\nAu final, Laura a d\u00e9cid\u00e9 d&rsquo;ajouter un volet pratique \u00e0 sa recherche en construisant un h\u00f4tel \u00e0 insectes sur le site du gymnase. L&rsquo;int\u00e9r\u00eat est multiple : construire avec des mat\u00e9riaux durables (bois FSC, paille), contribuer \u00e0 pr\u00e9server la biodiversit\u00e9 et mettre \u00e0 disposition des \u00e9l\u00e8ves et des enseignant-e-s un outil p\u00e9dagogique qui sera utilis\u00e9 notamment dans le cadre des cours de biologie.\n\nA noter que Laura, appuy\u00e9e par ses parents et des ami-e-s, a r\u00e9alis\u00e9 elle-m\u00eame les plans de l&rsquo;h\u00f4tel, a construit le tout de ses mains et en a assur\u00e9 l&rsquo;installation entre les ruches et le verger de pommiers. Les prochaines \u00e9tapes seront laiss\u00e9es \u00e0 la nature puisque les insectes vont peu \u00e0 peu coloniser l&rsquo;h\u00f4tel.\n\nN&rsquo;h\u00e9sitez pas \u00e0 vous balader autour du gymnase et \u00e0 venir d\u00e9couvrir le nouvel h\u00f4tel \u00e0 insectes.\n\n&nbsp;\n\n&nbsp;\n\n\n<ul class=\"wp-block-gallery aligncenter columns-3 is-cropped wp-block-gallery-1 is-layout-flex wp-block-gallery-is-layout-flex\">\n \t<li class=\"blocks-gallery-item\">\n<figure><a href=\"https:\/\/www.gyyv.vd.ch\/developpementdurable\/wp-content\/uploads\/sites\/13\/2019\/01\/DSC_0120-2-1024x678.jpg\"><img decoding=\"async\" class=\"wp-image-2640\" src=\"https:\/\/www.gyyv.vd.ch\/developpementdurable\/wp-content\/uploads\/sites\/13\/2019\/01\/DSC_0120-2-1024x678.jpg\" alt=\"\" data-id=\"2640\" data-link=\"https:\/\/www.gyyv.vd.ch\/developpementdurable\/2018\/11\/14\/favoriser-la-biodiversite-construction-dun-hotel-a-insectes\/dsc_0120\/\" \/><\/a><\/figure>\n<\/li>\n \t<li class=\"blocks-gallery-item\">\n<figure><a href=\"https:\/\/www.gyyv.vd.ch\/developpementdurable\/wp-content\/uploads\/sites\/13\/2019\/01\/DSC_0103-2-1024x678.jpg\"><img decoding=\"async\" class=\"wp-image-2634\" src=\"https:\/\/www.gyyv.vd.ch\/developpementdurable\/wp-content\/uploads\/sites\/13\/2019\/01\/DSC_0103-2-1024x678.jpg\" alt=\"\" data-id=\"2634\" data-link=\"https:\/\/www.gyyv.vd.ch\/developpementdurable\/2018\/11\/14\/favoriser-la-biodiversite-construction-dun-hotel-a-insectes\/dsc_0103\/\" \/><\/a><\/figure>\n<\/li>\n \t<li class=\"blocks-gallery-item\">\n<figure><a href=\"https:\/\/www.gyyv.vd.ch\/developpementdurable\/wp-content\/uploads\/sites\/13\/2019\/01\/DSC_0114-2-1024x678.jpg\"><img decoding=\"async\" class=\"wp-image-2638\" src=\"https:\/\/www.gyyv.vd.ch\/developpementdurable\/wp-content\/uploads\/sites\/13\/2019\/01\/DSC_0114-2-1024x678.jpg\" alt=\"\" data-id=\"2638\" data-link=\"https:\/\/www.gyyv.vd.ch\/developpementdurable\/2018\/11\/14\/favoriser-la-biodiversite-construction-dun-hotel-a-insectes\/dsc_0114\/\" \/><\/a><\/figure>\n<\/li>\n \t<li class=\"blocks-gallery-item\">\n<figure><a href=\"https:\/\/www.gyyv.vd.ch\/developpementdurable\/wp-content\/uploads\/sites\/13\/2019\/01\/DSC_0113-2-1024x678.jpg\"><img decoding=\"async\" class=\"wp-image-2637\" src=\"https:\/\/www.gyyv.vd.ch\/developpementdurable\/wp-content\/uploads\/sites\/13\/2019\/01\/DSC_0113-2-1024x678.jpg\" alt=\"\" data-id=\"2637\" data-link=\"https:\/\/www.gyyv.vd.ch\/developpementdurable\/2018\/11\/14\/favoriser-la-biodiversite-construction-dun-hotel-a-insectes\/dsc_0113\/\" \/><\/a><\/figure>\n<\/li>\n \t<li class=\"blocks-gallery-item\">\n<figure><a href=\"https:\/\/www.gyyv.vd.ch\/developpementdurable\/wp-content\/uploads\/sites\/13\/2019\/01\/DSC_0119-2-678x1024.jpg\"><img decoding=\"async\" class=\"wp-image-2639\" src=\"https:\/\/www.gyyv.vd.ch\/developpementdurable\/wp-content\/uploads\/sites\/13\/2019\/01\/DSC_0119-2-678x1024.jpg\" alt=\"\" data-id=\"2639\" data-link=\"https:\/\/www.gyyv.vd.ch\/developpementdurable\/2018\/11\/14\/favoriser-la-biodiversite-construction-dun-hotel-a-insectes\/dsc_0119\/\" \/><\/a><\/figure>\n<\/li>\n \t<li class=\"blocks-gallery-item\">\n<figure><a href=\"https:\/\/www.gyyv.vd.ch\/developpementdurable\/wp-content\/uploads\/sites\/13\/2019\/01\/DSC_0104-2-678x1024.jpg\"><img decoding=\"async\" class=\"wp-image-2635\" src=\"https:\/\/www.gyyv.vd.ch\/developpementdurable\/wp-content\/uploads\/sites\/13\/2019\/01\/DSC_0104-2-678x1024.jpg\" alt=\"\" data-id=\"2635\" data-link=\"https:\/\/www.gyyv.vd.ch\/developpementdurable\/2018\/11\/14\/favoriser-la-biodiversite-construction-dun-hotel-a-insectes\/dsc_0104\/\" \/><\/a><\/figure>\n<\/li>\n \t<li class=\"blocks-gallery-item\">\n<figure><a href=\"https:\/\/www.gyyv.vd.ch\/developpementdurable\/wp-content\/uploads\/sites\/13\/2019\/01\/DSC_0128-2-678x1024.jpg\"><img decoding=\"async\" class=\"wp-image-2642\" src=\"https:\/\/www.gyyv.vd.ch\/developpementdurable\/wp-content\/uploads\/sites\/13\/2019\/01\/DSC_0128-2-678x1024.jpg\" alt=\"\" data-id=\"2642\" data-link=\"https:\/\/www.gyyv.vd.ch\/developpementdurable\/2018\/11\/14\/favoriser-la-biodiversite-construction-dun-hotel-a-insectes\/dsc_0128\/\" \/><\/a><\/figure>\n<\/li>\n \t<li class=\"blocks-gallery-item\">\n<figure><a href=\"https:\/\/www.gyyv.vd.ch\/developpementdurable\/wp-content\/uploads\/sites\/13\/2019\/01\/DSC_0127-2-1024x678.jpg\"><img decoding=\"async\" class=\"wp-image-2641\" src=\"https:\/\/www.gyyv.vd.ch\/developpementdurable\/wp-content\/uploads\/sites\/13\/2019\/01\/DSC_0127-2-1024x678.jpg\" alt=\"\" data-id=\"2641\" data-link=\"https:\/\/www.gyyv.vd.ch\/developpementdurable\/2018\/11\/14\/favoriser-la-biodiversite-construction-dun-hotel-a-insectes\/dsc_0127\/\" \/><\/a><\/figure>\n<\/li>\n \t<li class=\"blocks-gallery-item\">\n<figure><a href=\"https:\/\/www.gyyv.vd.ch\/developpementdurable\/wp-content\/uploads\/sites\/13\/2019\/01\/DSC_0111-2-1024x678.jpg\"><img decoding=\"async\" class=\"wp-image-2636\" src=\"https:\/\/www.gyyv.vd.ch\/developpementdurable\/wp-content\/uploads\/sites\/13\/2019\/01\/DSC_0111-2-1024x678.jpg\" alt=\"\" data-id=\"2636\" data-link=\"https:\/\/www.gyyv.vd.ch\/developpementdurable\/2018\/11\/14\/favoriser-la-biodiversite-construction-dun-hotel-a-insectes\/dsc_0111\/\" \/><\/a><\/figure>\n<\/li>\n \t<li class=\"blocks-gallery-item\">\n<figure><a href=\"https:\/\/www.gyyv.vd.ch\/developpementdurable\/wp-content\/uploads\/sites\/13\/2019\/01\/DSC_0133-2-678x1024.jpg\"><img decoding=\"async\" class=\"wp-image-2643\" src=\"https:\/\/www.gyyv.vd.ch\/developpementdurable\/wp-content\/uploads\/sites\/13\/2019\/01\/DSC_0133-2-678x1024.jpg\" alt=\"\" data-id=\"2643\" data-link=\"https:\/\/www.gyyv.vd.ch\/developpementdurable\/2018\/11\/14\/favoriser-la-biodiversite-construction-dun-hotel-a-insectes\/dsc_0133\/\" \/><\/a><\/figure>\n<\/li>\n \t<li class=\"blocks-gallery-item\">\n<figure><a href=\"https:\/\/www.gyyv.vd.ch\/developpementdurable\/wp-content\/uploads\/sites\/13\/2019\/01\/IMG_0446-2-768x1024.jpg\"><img decoding=\"async\" class=\"wp-image-2650\" src=\"https:\/\/www.gyyv.vd.ch\/developpementdurable\/wp-content\/uploads\/sites\/13\/2019\/01\/IMG_0446-2-768x1024.jpg\" alt=\"\" data-id=\"2650\" data-link=\"https:\/\/www.gyyv.vd.ch\/developpementdurable\/2018\/11\/14\/favoriser-la-biodiversite-construction-dun-hotel-a-insectes\/img_0446\/\" \/><\/a><\/figure>\n<\/li>\n \t<li class=\"blocks-gallery-item\">\n<figure><a href=\"https:\/\/www.gyyv.vd.ch\/developpementdurable\/wp-content\/uploads\/sites\/13\/2019\/01\/DSC_0140-2-678x1024.jpg\"><img decoding=\"async\" class=\"wp-image-2646\" src=\"https:\/\/www.gyyv.vd.ch\/developpementdurable\/wp-content\/uploads\/sites\/13\/2019\/01\/DSC_0140-2-678x1024.jpg\" alt=\"\" data-id=\"2646\" data-link=\"https:\/\/www.gyyv.vd.ch\/developpementdurable\/2018\/11\/14\/favoriser-la-biodiversite-construction-dun-hotel-a-insectes\/dsc_0140\/\" \/><\/a><\/figure>\n<\/li>\n \t<li class=\"blocks-gallery-item\">\n<figure><a href=\"https:\/\/www.gyyv.vd.ch\/developpementdurable\/wp-content\/uploads\/sites\/13\/2019\/01\/DSC_0137-2-1024x678.jpg\"><img decoding=\"async\" class=\"wp-image-2645\" src=\"https:\/\/www.gyyv.vd.ch\/developpementdurable\/wp-content\/uploads\/sites\/13\/2019\/01\/DSC_0137-2-1024x678.jpg\" alt=\"\" data-id=\"2645\" data-link=\"https:\/\/www.gyyv.vd.ch\/developpementdurable\/2018\/11\/14\/favoriser-la-biodiversite-construction-dun-hotel-a-insectes\/dsc_0137\/\" \/><\/a><\/figure>\n<\/li>\n \t<li class=\"blocks-gallery-item\">\n<figure><a href=\"https:\/\/www.gyyv.vd.ch\/developpementdurable\/wp-content\/uploads\/sites\/13\/2019\/01\/DSC_0144-2-678x1024.jpg\"><img decoding=\"async\" class=\"wp-image-2649\" src=\"https:\/\/www.gyyv.vd.ch\/developpementdurable\/wp-content\/uploads\/sites\/13\/2019\/01\/DSC_0144-2-678x1024.jpg\" alt=\"\" data-id=\"2649\" data-link=\"https:\/\/www.gyyv.vd.ch\/developpementdurable\/2018\/11\/14\/favoriser-la-biodiversite-construction-dun-hotel-a-insectes\/dsc_0144\/\" \/><\/a><\/figure>\n<\/li>\n \t<li class=\"blocks-gallery-item\">\n<figure><a href=\"https:\/\/www.gyyv.vd.ch\/developpementdurable\/wp-content\/uploads\/sites\/13\/2019\/01\/DSC_0143-2-678x1024.jpg\"><img decoding=\"async\" class=\"wp-image-2648\" src=\"https:\/\/www.gyyv.vd.ch\/developpementdurable\/wp-content\/uploads\/sites\/13\/2019\/01\/DSC_0143-2-678x1024.jpg\" alt=\"\" data-id=\"2648\" data-link=\"https:\/\/www.gyyv.vd.ch\/developpementdurable\/2018\/11\/14\/favoriser-la-biodiversite-construction-dun-hotel-a-insectes\/dsc_0143\/\" \/><\/a><\/figure>\n<\/li>\n \t<li class=\"blocks-gallery-item\">\n<figure><a href=\"https:\/\/www.gyyv.vd.ch\/developpementdurable\/wp-content\/uploads\/sites\/13\/2019\/01\/DSC_0142-2-678x1024.jpg\"><img decoding=\"async\" class=\"wp-image-2647\" src=\"https:\/\/www.gyyv.vd.ch\/developpementdurable\/wp-content\/uploads\/sites\/13\/2019\/01\/DSC_0142-2-678x1024.jpg\" alt=\"\" data-id=\"2647\" data-link=\"https:\/\/www.gyyv.vd.ch\/developpementdurable\/2018\/11\/14\/favoriser-la-biodiversite-construction-dun-hotel-a-insectes\/dsc_0142\/\" \/><\/a><\/figure>\n<\/li>\n \t<li class=\"blocks-gallery-item\">\n<figure><a href=\"http:\/\/gymnase-yverdon.ch\/developpementdurable\/wp-content\/uploads\/sites\/5\/2019\/01\/05-Fabrication-de-lhotel-a-insectes-2-2.jpeg\"><img decoding=\"async\" class=\"wp-image-2633\" src=\"http:\/\/gymnase-yverdon.ch\/developpementdurable\/wp-content\/uploads\/sites\/5\/2019\/01\/05-Fabrication-de-lhotel-a-insectes-2-2.jpeg\" alt=\"\" data-id=\"2633\" data-link=\"https:\/\/www.gyyv.vd.ch\/developpementdurable\/2018\/11\/14\/favoriser-la-biodiversite-construction-dun-hotel-a-insectes\/05-fabrication-de-lho%cc%82tel-a-insectes-2\/\" \/><\/a><\/figure>\n<\/li>\n \t<li class=\"blocks-gallery-item\">\n<figure><a href=\"https:\/\/www.gyyv.vd.ch\/developpementdurable\/wp-content\/uploads\/sites\/13\/2019\/01\/IMG_0816-2-768x1024.jpg\"><img decoding=\"async\" class=\"wp-image-2652\" src=\"https:\/\/www.gyyv.vd.ch\/developpementdurable\/wp-content\/uploads\/sites\/13\/2019\/01\/IMG_0816-2-768x1024.jpg\" alt=\"\" data-id=\"2652\" data-link=\"https:\/\/www.gyyv.vd.ch\/developpementdurable\/2018\/11\/14\/favoriser-la-biodiversite-construction-dun-hotel-a-insectes\/img_0816\/\" \/><\/a><\/figure>\n<\/li>\n \t<li class=\"blocks-gallery-item\">\n<figure><a href=\"https:\/\/www.gyyv.vd.ch\/developpementdurable\/wp-content\/uploads\/sites\/13\/2019\/01\/IMG_0515-2-768x1024.jpg\"><img decoding=\"async\" class=\"wp-image-2651\" src=\"https:\/\/www.gyyv.vd.ch\/developpementdurable\/wp-content\/uploads\/sites\/13\/2019\/01\/IMG_0515-2-768x1024.jpg\" alt=\"\" data-id=\"2651\" data-link=\"https:\/\/www.gyyv.vd.ch\/developpementdurable\/2018\/11\/14\/favoriser-la-biodiversite-construction-dun-hotel-a-insectes\/img_0515\/\" \/><\/a><\/figure>\n<\/li>\n \t<li class=\"blocks-gallery-item\">\n<figure><a href=\"https:\/\/www.gyyv.vd.ch\/developpementdurable\/wp-content\/uploads\/sites\/13\/2019\/01\/IMG_0819-2-768x1024.jpg\"><img decoding=\"async\" class=\"wp-image-2653\" src=\"https:\/\/www.gyyv.vd.ch\/developpementdurable\/wp-content\/uploads\/sites\/13\/2019\/01\/IMG_0819-2-768x1024.jpg\" alt=\"\" data-id=\"2653\" data-link=\"https:\/\/www.gyyv.vd.ch\/developpementdurable\/2018\/11\/14\/favoriser-la-biodiversite-construction-dun-hotel-a-insectes\/img_0819\/\" \/><\/a><\/figure>\n<\/li>\n \t<li class=\"blocks-gallery-item\">\n<figure><a href=\"https:\/\/www.gyyv.vd.ch\/developpementdurable\/wp-content\/uploads\/sites\/13\/2019\/01\/DSC_0135-2-678x1024.jpg\"><img decoding=\"async\" class=\"wp-image-2644\" src=\"https:\/\/www.gyyv.vd.ch\/developpementdurable\/wp-content\/uploads\/sites\/13\/2019\/01\/DSC_0135-2-678x1024.jpg\" alt=\"\" data-id=\"2644\" data-link=\"https:\/\/www.gyyv.vd.ch\/developpementdurable\/2018\/11\/14\/favoriser-la-biodiversite-construction-dun-hotel-a-insectes\/dsc_0135\/\" \/><\/a><\/figure>\n<\/li>\n<\/ul>\n","protected":false},"excerpt":{"rendered":"<p>Passionn\u00e9e d&rsquo;architecture et soucieuse de pr\u00e9server la biodiversit\u00e9, Laura Michalak (3M13) s&rsquo;est lanc\u00e9e dans la cr\u00e9ation d&rsquo;un h\u00f4tel \u00e0 insectes au travers de son travail de maturit\u00e9. Sa recherche s&rsquo;int\u00e9resse tout d&rsquo;abord \u00e0 l&rsquo;histoire de la construction en Suisse pour arriver \u00e0 la fin du XXe si\u00e8cle o\u00f9 un tournant &#8230;<\/p>\n<p> <a class=\"continue-reading-link\" href=\"https:\/\/gymnase-yverdon.ch\/developpementdurable\/page-d-exemple-2\/laboratoire-de-la-durabilite\/ressources-naturelles-et-biodiversite\/hotel-a-insectes\/\"><span>Continue reading<\/span><i class=\"crycon-right-dir\"><\/i><\/a> <\/p>\n","protected":false},"author":12,"featured_media":0,"parent":3200,"menu_order":0,"comment_status":"closed","ping_status":"closed","template":"","meta":{"inline_featured_image":false,"footnotes":""},"class_list":["post-3247","page","type-page","status-publish","hentry"],"_links":{"self":[{"href":"https:\/\/gymnase-yverdon.ch\/developpementdurable\/wp-json\/wp\/v2\/pages\/3247","targetHints":{"allow":["GET"]}}],"collection":[{"href":"https:\/\/gymnase-yverdon.ch\/developpementdurable\/wp-json\/wp\/v2\/pages"}],"about":[{"href":"https:\/\/gymnase-yverdon.ch\/developpementdurable\/wp-json\/wp\/v2\/types\/page"}],"author":[{"embeddable":true,"href":"https:\/\/gymnase-yverdon.ch\/developpementdurable\/wp-json\/wp\/v2\/users\/12"}],"replies":[{"embeddable":true,"href":"https:\/\/gymnase-yverdon.ch\/developpementdurable\/wp-json\/wp\/v2\/comments?post=3247"}],"version-history":[{"count":0,"href":"https:\/\/gymnase-yverdon.ch\/developpementdurable\/wp-json\/wp\/v2\/pages\/3247\/revisions"}],"up":[{"embeddable":true,"href":"https:\/\/gymnase-yverdon.ch\/developpementdurable\/wp-json\/wp\/v2\/pages\/3200"}],"wp:attachment":[{"href":"https:\/\/gymnase-yverdon.ch\/developpementdurable\/wp-json\/wp\/v2\/media?parent=3247"}],"curies":[{"name":"wp","href":"https:\/\/api.w.org\/{rel}","templated":true}]}}