{"id":3223,"date":"2021-03-11T14:59:10","date_gmt":"2021-03-11T13:59:10","guid":{"rendered":"https:\/\/www.gyyv.vd.ch\/developpementdurable\/?page_id=3223"},"modified":"2021-03-11T14:59:10","modified_gmt":"2021-03-11T13:59:10","slug":"mobilite","status":"publish","type":"page","link":"https:\/\/gymnase-yverdon.ch\/developpementdurable\/page-d-exemple-2\/laboratoire-de-la-durabilite\/mobilite\/","title":{"rendered":"Mobilit\u00e9"},"content":{"rendered":"<p>En ce qui concerne la mobilit\u00e9, la volont\u00e9 est de promouvoir une mobilite\u0301 non polluante et re\u0301duite pour les divers trajets des usagers et usage\u0300res du Gymnase d\u2019Yverdon.<\/p>\n<p>D\u00e9fis \u00e0 relever :<\/p>\n<div class=\"page\" title=\"Page 33\">\n<div class=\"section\">\n<div class=\"layoutArea\">\n<div class=\"column\">\n<ul>\n<li>Encourager la marche et le ve\u0301lo pour les trajets vers le Gymnase ;<\/li>\n<li>Encourager les trajets sans voiture pour les enseignante-s et e\u0301le\u0300ves avec permis ;<\/li>\n<li>Limiter ou interdire les voyages en avion lors de la semaine spe\u0301ciale ;<\/li>\n<li>Promouvoir la mobilite\u0301 non polluante dans les choix personnels des usagers et usage\u0300res du Gymnase et leur entourage ;<\/li>\n<li>Se\u0301curiser et re\u0301ame\u0301nager la zone du parking, de l\u2019arre\u0302t des bus et des ve\u0301los.<\/li>\n<\/ul>\n<p>Des projets en ce sens ont \u00e9t\u00e9 r\u00e9alis\u00e9s :<\/p>\n<ul>\n<li><a href=\"https:\/\/www.gyyv.vd.ch\/developpementdurable\/page-d-exemple-2\/les-engagements-durables-du-gymnase-dyverdon\/mobilite\/defi-velo\/\">Plusieurs \u00e9ditions du \u00ab\u00a0D\u00e9fi v\u00e9lo\u00a0\u00bb<\/a> ;<\/li>\n<li><a href=\"https:\/\/www.gyyv.vd.ch\/developpementdurable\/page-d-exemple-2\/les-engagements-durables-du-gymnase-dyverdon\/mobilite\/infrastructures-pour-les-velos\/\">Am\u00e9nagement d&rsquo;abris pour les v\u00e9los<\/a> ;<\/li>\n<li><a href=\"https:\/\/www.gyyv.vd.ch\/developpementdurable\/page-d-exemple-2\/les-engagements-durables-du-gymnase-dyverdon\/mobilite\/voitures-electriques\/\">Sensibilisation \u00e0 des alternatives aux v\u00e9hicules thermiques<\/a>.<\/li>\n<\/ul>\n<\/div>\n<\/div>\n<\/div>\n<\/div>\n","protected":false},"excerpt":{"rendered":"<p>En ce qui concerne la mobilit\u00e9, la volont\u00e9 est de promouvoir une mobilite\u0301 non polluante et re\u0301duite pour les divers trajets des usagers et usage\u0300res du Gymnase d\u2019Yverdon. D\u00e9fis \u00e0 relever : Encourager la marche et le ve\u0301lo pour les trajets vers le Gymnase ; Encourager les trajets sans voiture &#8230;<\/p>\n<p> <a class=\"continue-reading-link\" href=\"https:\/\/gymnase-yverdon.ch\/developpementdurable\/page-d-exemple-2\/laboratoire-de-la-durabilite\/mobilite\/\"><span>Continue reading<\/span><i class=\"crycon-right-dir\"><\/i><\/a> <\/p>\n","protected":false},"author":12,"featured_media":0,"parent":38,"menu_order":0,"comment_status":"closed","ping_status":"closed","template":"","meta":{"inline_featured_image":false,"footnotes":""},"class_list":["post-3223","page","type-page","status-publish","hentry"],"_links":{"self":[{"href":"https:\/\/gymnase-yverdon.ch\/developpementdurable\/wp-json\/wp\/v2\/pages\/3223","targetHints":{"allow":["GET"]}}],"collection":[{"href":"https:\/\/gymnase-yverdon.ch\/developpementdurable\/wp-json\/wp\/v2\/pages"}],"about":[{"href":"https:\/\/gymnase-yverdon.ch\/developpementdurable\/wp-json\/wp\/v2\/types\/page"}],"author":[{"embeddable":true,"href":"https:\/\/gymnase-yverdon.ch\/developpementdurable\/wp-json\/wp\/v2\/users\/12"}],"replies":[{"embeddable":true,"href":"https:\/\/gymnase-yverdon.ch\/developpementdurable\/wp-json\/wp\/v2\/comments?post=3223"}],"version-history":[{"count":0,"href":"https:\/\/gymnase-yverdon.ch\/developpementdurable\/wp-json\/wp\/v2\/pages\/3223\/revisions"}],"up":[{"embeddable":true,"href":"https:\/\/gymnase-yverdon.ch\/developpementdurable\/wp-json\/wp\/v2\/pages\/38"}],"wp:attachment":[{"href":"https:\/\/gymnase-yverdon.ch\/developpementdurable\/wp-json\/wp\/v2\/media?parent=3223"}],"curies":[{"name":"wp","href":"https:\/\/api.w.org\/{rel}","templated":true}]}}