{"id":3218,"date":"2021-03-11T14:53:04","date_gmt":"2021-03-11T13:53:04","guid":{"rendered":"https:\/\/www.gyyv.vd.ch\/developpementdurable\/?page_id=3218"},"modified":"2021-03-11T14:53:04","modified_gmt":"2021-03-11T13:53:04","slug":"communication","status":"publish","type":"page","link":"https:\/\/gymnase-yverdon.ch\/developpementdurable\/page-d-exemple-2\/laboratoire-de-la-durabilite\/communication\/","title":{"rendered":"Communication"},"content":{"rendered":"<div class=\"page\" title=\"Page 31\">\n<div class=\"section\">\n<div class=\"layoutArea\">\n<div class=\"column\">\n<p>La communication est au c\u0153ur de la re\u0301ussite de tout projet et l\u2019Agenda 2030 du Gymnase d\u2019Yverdon a ainsi pour ta\u0302che, notamment, de re\u0301fle\u0301chir aux strate\u0301gies concre\u0300tes a\u0300 mettre en \u0153uvre afin de proposer la communication la plus adapte\u0301e a\u0300 ce milieu e\u0301ducatif constitue\u0301 d\u2019acteurs et d\u2019actrices nombreux-ses et varie\u0301-e-s.<\/p>\n<p>Il s\u2019ave\u0300re que ce po\u0302le communication est a\u0300 la \u00ab croise\u0301e des chemins \u00bb et qu\u2019il tisse des liens forts avec les autres po\u0302les de l\u2019Agenda. Il sera donc central de se tenir informe\u0301 des projets mis en place dans les autres domaines d\u2019action afin de dif- fuser l\u2019information a\u0300 un maximum d\u2019acteurs et d\u2019actrices et tenter de sortir des murs du Gymnase afin de faire connai\u0302tre a\u0300 un public plus large ce qu\u2019il s\u2019y passe et de montrer les e\u0301tudiant-e-s et les enseignant-e-s comme \u00ab actrices et acteurs du changement \u00bb.<\/p>\n<p>Les axes de re\u0301flexion sont nombreux mais peuvent se re\u0301sumer en quelques phrases cle\u0301s : donner plus de visibilite\u0301 aux projets mene\u0301s dans le cadre de la strate\u0301gie de durabilite\u0301, informer la communaute\u0301 gymnasiale des actions entreprises dans les murs du Gymnase mais e\u0301galement donner envie aux acteurs et actrices pre\u0301sent-e-s de s\u2019engager pour la plane\u0300te et pour leur Gymnase. Pour le dernier point releve\u0301, l\u2019enjeu principal sera de proposer une vision et une communication positives ainsi que de proposer des solutions concre\u0300tes aux grands de\u0301fis de notre sie\u0300cle afin d\u2019engager un maximum d\u2019acteurs et d\u2019actrices sur le chemin de la transition.<\/p>\n<p>D\u00e9fis \u00e0 relever :<\/p>\n<div class=\"page\" title=\"Page 31\">\n<div class=\"section\">\n<div class=\"layoutArea\">\n<div class=\"column\">\n<ul>\n<li>Adopter une vision et une communication positives afin que les membres de la communaute\u0301 gymnasiale aient envie de s\u2019engager pour la durabilite\u0301 ;<\/li>\n<li>Proposer des actions pertinentes et un visuel attractif qui soient, tous deux, en mesure de donner de la visibilite\u0301 a\u0300 l\u2019Agenda 2030 du Gymnase d\u2019Yverdon ainsi qu\u2019a\u0300 tous les autres projets de durabilite\u0301 mene\u0301s dans les murs du Gymnase par les acteurs et actrices: re\u0301seau de soutien, administration, bibliothe\u0300que, me\u0301diathe\u0300que, cafe\u0301te\u0301ria, secre\u0301tariat, projet mene\u0301 dans le cadre d\u2019un cours, TM, cours fac, etc. ;<\/li>\n<li>S\u2019adapter a\u0300 l\u2019e\u0301volution des canaux d\u2019information afin qu\u2019une majorite\u0301 d\u2019acteurs et d\u2019actrices du Gymnase soit mise au courant des actions re\u0301alise\u0301es et puissent ainsi s\u2019impliquer ;<\/li>\n<li>Proposer un \u00ab visuel \u00bb (une \u00ab exposition \u00bb par exemple) qui soit en mesure de pre\u0301senter les actions de\u0301ja\u0300 entreprises dans les murs du Gymnase ainsi que celles a\u0300 venir ;<\/li>\n<li>Faire connai\u0302tre les projets hors des murs du Gymnase d\u2019Yverdon, par exemple, lors des portes ouvertes ;<\/li>\n<li>Donner envie aux acteurs du Gymnase de s\u2019engager pour la durabilite\u0301 en proposant des solutions concre\u0300tes.<\/li>\n<\/ul>\n<p>Projets d\u00e9j\u00e0 mis en place :<\/p>\n<ul>\n<li><a href=\"https:\/\/www.gyyv.vd.ch\/developpementdurable\/\">Site internet sur la durabilit\u00e9 au Gymnase d&rsquo;Yverdon<\/a> ;<\/li>\n<li>R\u00e9seaux sociaux (<a href=\"https:\/\/www.facebook.com\/gyyvdd\/\" target=\"_blank\" rel=\"noopener noreferrer\">Facebook<\/a>, Instagram) ;<\/li>\n<li><a href=\"https:\/\/www.gyyv.vd.ch\/developpementdurable\/page-d-exemple-2\/a-propos\/les-objectifs-du-gymnase-dyverdon-en-matiere-dedd\/\">Brochure de l&rsquo;Agenda 2030 du Gymnase d&rsquo;Yverdon ;<\/a><\/li>\n<li><a href=\"https:\/\/www.gyyv.vd.ch\/developpementdurable\/page-d-exemple-2\/laboratoire-de-la-durabilite\/films-sur-le-developpement-durable\/\">Films produits par des \u00e9l\u00e8ves du Gymnase d&rsquo;Yverdon<\/a> ;<\/li>\n<li><a href=\"https:\/\/www.gyyv.vd.ch\/developpementdurable\/page-d-exemple-2\/laboratoire-de-la-durabilite\/des-solutions-concretes\/\">Sites internet ou r\u00e9seaux sociaux mis sur pied par des \u00e9l\u00e8ves<\/a>.<\/li>\n<\/ul>\n<\/div>\n<\/div>\n<\/div>\n<\/div>\n<\/div>\n<\/div>\n<\/div>\n<\/div>\n","protected":false},"excerpt":{"rendered":"<p>La communication est au c\u0153ur de la re\u0301ussite de tout projet et l\u2019Agenda 2030 du Gymnase d\u2019Yverdon a ainsi pour ta\u0302che, notamment, de re\u0301fle\u0301chir aux strate\u0301gies concre\u0300tes a\u0300 mettre en \u0153uvre afin de proposer la communication la plus adapte\u0301e a\u0300 ce milieu e\u0301ducatif constitue\u0301 d\u2019acteurs et d\u2019actrices nombreux-ses et varie\u0301-e-s. &#8230;<\/p>\n<p> <a class=\"continue-reading-link\" href=\"https:\/\/gymnase-yverdon.ch\/developpementdurable\/page-d-exemple-2\/laboratoire-de-la-durabilite\/communication\/\"><span>Continue reading<\/span><i class=\"crycon-right-dir\"><\/i><\/a> <\/p>\n","protected":false},"author":12,"featured_media":0,"parent":38,"menu_order":0,"comment_status":"closed","ping_status":"closed","template":"","meta":{"inline_featured_image":false,"footnotes":""},"class_list":["post-3218","page","type-page","status-publish","hentry"],"_links":{"self":[{"href":"https:\/\/gymnase-yverdon.ch\/developpementdurable\/wp-json\/wp\/v2\/pages\/3218","targetHints":{"allow":["GET"]}}],"collection":[{"href":"https:\/\/gymnase-yverdon.ch\/developpementdurable\/wp-json\/wp\/v2\/pages"}],"about":[{"href":"https:\/\/gymnase-yverdon.ch\/developpementdurable\/wp-json\/wp\/v2\/types\/page"}],"author":[{"embeddable":true,"href":"https:\/\/gymnase-yverdon.ch\/developpementdurable\/wp-json\/wp\/v2\/users\/12"}],"replies":[{"embeddable":true,"href":"https:\/\/gymnase-yverdon.ch\/developpementdurable\/wp-json\/wp\/v2\/comments?post=3218"}],"version-history":[{"count":0,"href":"https:\/\/gymnase-yverdon.ch\/developpementdurable\/wp-json\/wp\/v2\/pages\/3218\/revisions"}],"up":[{"embeddable":true,"href":"https:\/\/gymnase-yverdon.ch\/developpementdurable\/wp-json\/wp\/v2\/pages\/38"}],"wp:attachment":[{"href":"https:\/\/gymnase-yverdon.ch\/developpementdurable\/wp-json\/wp\/v2\/media?parent=3218"}],"curies":[{"name":"wp","href":"https:\/\/api.w.org\/{rel}","templated":true}]}}