{"id":2821,"date":"2019-11-07T08:36:35","date_gmt":"2019-11-07T07:36:35","guid":{"rendered":"https:\/\/www.gyyv.vd.ch\/developpementdurable\/?page_id=2821"},"modified":"2019-11-07T08:36:35","modified_gmt":"2019-11-07T07:36:35","slug":"1er-festival-du-film-dhistoire","status":"publish","type":"page","link":"https:\/\/gymnase-yverdon.ch\/developpementdurable\/page-d-exemple-2\/etudes-et-recherche\/histoire\/1er-festival-du-film-dhistoire\/","title":{"rendered":"1er Festival du film d&rsquo;histoire"},"content":{"rendered":"<p>L\u2019\u00e9laboration d\u2019un Festival du film d\u2019histoire est un projet qui a \u00e9t\u00e9 propos\u00e9 en d\u00e9cembre 2018 \u00e0 des gymnasien.ne.s dans le cadre de leur travail de maturit\u00e9. Onze jeunes, encadr\u00e9s par deux enseignant.e.s, se sont ainsi lanc\u00e9s dans ce d\u00e9fi en assumant aussi bien les aspects organisationnels que scientifiques du Festival.<\/p>\n<p>L\u2019id\u00e9e \u00e9tait de s\u2019engager dans la r\u00e9alisation d\u2019un \u00e9v\u00e9nement destin\u00e9 \u00e0 un large public et proposant une nouvelle offre culturelle et sociale dans le Nord vaudois. Un axe fort est en effet consacr\u00e9 \u00e0 une programmation \u00e0 destination des \u00e9coles et des familles pour permettre un \u00e9change entre jeunes de diff\u00e9rents \u00e2ges autour de sujets historiques et actuels relatifs au th\u00e8me choisi par les \u00e9l\u00e8ves : (In)justice(s).<\/p>\n<p>Les \u00e9l\u00e8ves ont tout d\u2019abord men\u00e9 un travail de r\u00e9flexion sur le lien entre cin\u00e9ma et histoire et ont choisi la th\u00e9matique g\u00e9n\u00e9rale du Festival, ainsi qu\u2019une s\u00e9lection de films (fiction ou documentaire) entrant en r\u00e9sonance avec ce th\u00e8me. Seuls ou par deux, ils ont ensuite travaill\u00e9 sur un film afin de pr\u00e9parer sa projection en r\u00e9fl\u00e9chissant \u00e0 la mani\u00e8re de l\u2019accompagner (dispositif p\u00e9dagogique, discussion, invitation d\u2019un.e conf\u00e9rencier\/\u00e8re, etc.). Enfin, pour que le Festival se r\u00e9alise, diff\u00e9rents aspects organisationnels ont d\u00fb \u00eatre \u00e9labor\u00e9s et r\u00e9partis entre eux (budget, communication, infrastructure, contact avec les partenaires, etc.).<\/p>\n<p>\u00c0 la veille du Festival, nous esp\u00e9rons que ce projet attirera un public curieux, int\u00e9ress\u00e9 par le cin\u00e9ma, l\u2019histoire et d\u00e9sireux de soutenir l\u2019effort r\u00e9alis\u00e9 par ces jeunes gymnasiens pleins d\u2019enthousiasme.<\/p>\n<p>Pour cela, nous souhaitons de tout c\u0153ur plein succ\u00e8s \u00e0 cette premi\u00e8re \u00e9dition et \u00e0 vous, cher public, nous souhaitons un Festival riche de d\u00e9couvertes et r\u00e9flexions passionnantes !<\/p>\n<p>Marc Bonzon et Prisca Lehmann, enseignant.e.s d\u2019histoire du Gymnase d\u2019Yverdon<\/p>\n<ul>\n<li><a href=\"https:\/\/www.facebook.com\/ffhy2019\" target=\"_blank\" rel=\"noopener noreferrer\">Page Facebook du festival<\/a><\/li>\n<li><a href=\"https:\/\/www.24heures.ch\/vaud-regions\/nord-vaudois-broye\/Des-gymnasiens-d-Yverdon-lancent-un-festival-du-film-dhistoire\/story\/11318725\" target=\"_blank\" rel=\"noopener noreferrer\">Article 24Heures<\/a><\/li>\n<li><a href=\"https:\/\/www.laregion.ch\/les-gymnasiens-debattent-de-linjustice\/\" target=\"_blank\" rel=\"noopener noreferrer\">Article La R\u00e9gion<\/a><\/li>\n<li><a href=\"http:\/\/replay.radionv.ch\/podcast.php?id=333\" target=\"_blank\" rel=\"noopener noreferrer\">Interview sur Radio Nord Vaudois<\/a><\/li>\n<\/ul>\n<p><a href=\"http:\/\/gymnase-yverdon.ch\/developpementdurable\/wp-content\/uploads\/sites\/5\/2019\/11\/ffhy-poster-1-2-2.png\"><img loading=\"lazy\" decoding=\"async\" class=\"alignnone size-medium wp-image-2822\" src=\"http:\/\/gymnase-yverdon.ch\/developpementdurable\/wp-content\/uploads\/sites\/5\/2019\/11\/ffhy-poster-1-2-212x300.png\" alt=\"\" width=\"212\" height=\"300\" srcset=\"https:\/\/gymnase-yverdon.ch\/developpementdurable\/wp-content\/uploads\/sites\/5\/2019\/11\/ffhy-poster-1-2-212x300.png 212w, https:\/\/gymnase-yverdon.ch\/developpementdurable\/wp-content\/uploads\/sites\/5\/2019\/11\/ffhy-poster-1-2-725x1024.png 725w, https:\/\/gymnase-yverdon.ch\/developpementdurable\/wp-content\/uploads\/sites\/5\/2019\/11\/ffhy-poster-1-2-768x1085.png 768w, https:\/\/gymnase-yverdon.ch\/developpementdurable\/wp-content\/uploads\/sites\/5\/2019\/11\/ffhy-poster-1-2-1087x1536.png 1087w, https:\/\/gymnase-yverdon.ch\/developpementdurable\/wp-content\/uploads\/sites\/5\/2019\/11\/ffhy-poster-1-2-1449x2048.png 1449w, https:\/\/gymnase-yverdon.ch\/developpementdurable\/wp-content\/uploads\/sites\/5\/2019\/11\/ffhy-poster-1-2.png 1462w\" sizes=\"auto, (max-width: 212px) 100vw, 212px\" \/><\/a> <a href=\"http:\/\/gymnase-yverdon.ch\/developpementdurable\/wp-content\/uploads\/sites\/5\/2019\/11\/grille-horaire-2000x1411-2-2.jpg\"><img loading=\"lazy\" decoding=\"async\" class=\"alignnone size-medium wp-image-2823\" src=\"http:\/\/gymnase-yverdon.ch\/developpementdurable\/wp-content\/uploads\/sites\/5\/2019\/11\/grille-horaire-2000x1411-2-300x212.jpg\" alt=\"\" width=\"300\" height=\"212\" srcset=\"https:\/\/gymnase-yverdon.ch\/developpementdurable\/wp-content\/uploads\/sites\/5\/2019\/11\/grille-horaire-2000x1411-2-300x212.jpg 300w, https:\/\/gymnase-yverdon.ch\/developpementdurable\/wp-content\/uploads\/sites\/5\/2019\/11\/grille-horaire-2000x1411-2-1024x722.jpg 1024w, https:\/\/gymnase-yverdon.ch\/developpementdurable\/wp-content\/uploads\/sites\/5\/2019\/11\/grille-horaire-2000x1411-2-768x542.jpg 768w, https:\/\/gymnase-yverdon.ch\/developpementdurable\/wp-content\/uploads\/sites\/5\/2019\/11\/grille-horaire-2000x1411-2-1536x1084.jpg 1536w, https:\/\/gymnase-yverdon.ch\/developpementdurable\/wp-content\/uploads\/sites\/5\/2019\/11\/grille-horaire-2000x1411-2.jpg 2000w\" sizes=\"auto, (max-width: 300px) 100vw, 300px\" \/><\/a><\/p>\n","protected":false},"excerpt":{"rendered":"<p>L\u2019\u00e9laboration d\u2019un Festival du film d\u2019histoire est un projet qui a \u00e9t\u00e9 propos\u00e9 en d\u00e9cembre 2018 \u00e0 des gymnasien.ne.s dans le cadre de leur travail de maturit\u00e9. Onze jeunes, encadr\u00e9s par deux enseignant.e.s, se sont ainsi lanc\u00e9s dans ce d\u00e9fi en assumant aussi bien les aspects organisationnels que scientifiques du &#8230;<\/p>\n<p> <a class=\"continue-reading-link\" href=\"https:\/\/gymnase-yverdon.ch\/developpementdurable\/page-d-exemple-2\/etudes-et-recherche\/histoire\/1er-festival-du-film-dhistoire\/\"><span>Continue reading<\/span><i class=\"crycon-right-dir\"><\/i><\/a> <\/p>\n","protected":false},"author":13,"featured_media":0,"parent":2818,"menu_order":0,"comment_status":"closed","ping_status":"closed","template":"","meta":{"inline_featured_image":false,"footnotes":""},"class_list":["post-2821","page","type-page","status-publish","hentry"],"_links":{"self":[{"href":"https:\/\/gymnase-yverdon.ch\/developpementdurable\/wp-json\/wp\/v2\/pages\/2821","targetHints":{"allow":["GET"]}}],"collection":[{"href":"https:\/\/gymnase-yverdon.ch\/developpementdurable\/wp-json\/wp\/v2\/pages"}],"about":[{"href":"https:\/\/gymnase-yverdon.ch\/developpementdurable\/wp-json\/wp\/v2\/types\/page"}],"author":[{"embeddable":true,"href":"https:\/\/gymnase-yverdon.ch\/developpementdurable\/wp-json\/wp\/v2\/users\/13"}],"replies":[{"embeddable":true,"href":"https:\/\/gymnase-yverdon.ch\/developpementdurable\/wp-json\/wp\/v2\/comments?post=2821"}],"version-history":[{"count":0,"href":"https:\/\/gymnase-yverdon.ch\/developpementdurable\/wp-json\/wp\/v2\/pages\/2821\/revisions"}],"up":[{"embeddable":true,"href":"https:\/\/gymnase-yverdon.ch\/developpementdurable\/wp-json\/wp\/v2\/pages\/2818"}],"wp:attachment":[{"href":"https:\/\/gymnase-yverdon.ch\/developpementdurable\/wp-json\/wp\/v2\/media?parent=2821"}],"curies":[{"name":"wp","href":"https:\/\/api.w.org\/{rel}","templated":true}]}}