{"id":28,"date":"2016-01-18T22:25:46","date_gmt":"2016-01-18T21:25:46","guid":{"rendered":"https:\/\/www.gyyv.vd.ch\/developpementdurable\/?page_id=28"},"modified":"2016-01-18T22:25:46","modified_gmt":"2016-01-18T21:25:46","slug":"voitures-electriques","status":"publish","type":"page","link":"https:\/\/gymnase-yverdon.ch\/developpementdurable\/page-d-exemple-2\/les-engagements-durables-du-gymnase-dyverdon\/mobilite\/voitures-electriques\/","title":{"rendered":"Voitures \u00e9lectriques et \u00e0 gaz"},"content":{"rendered":"<p>Outre la volont\u00e9 de mettre en avant la mobilit\u00e9 douce notamment au travers de l&rsquo;utilisation des <a href=\"https:\/\/www.gyyv.vd.ch\/developpementdurable\/page-d-exemple\/les-engagements-durables-du-gymnase-dyverdon\/mobilite\/velos\/\">transports publics et des v\u00e9los<\/a> ou encore par les \u00ab\u00a0<a href=\"https:\/\/www.gyyv.vd.ch\/developpementdurable\/page-d-exemple\/les-engagements-durables-du-gymnase-dyverdon\/mobilite\/defi-velo\/\">d\u00e9fis v\u00e9los<\/a>\u00ab\u00a0, un certain nombre de membres du corps enseignant et\/ou du personnel tentent d&rsquo;incarner, \u00e0 l&rsquo;\u00e9chelle individuelle, une approche plus durable de la mobilit\u00e9. En voici quelques exemples :<\/p>\n<p style=\"text-align: center\"><a href=\"https:\/\/www.gyyv.vd.ch\/developpementdurable\/wp-content\/uploads\/sites\/13\/2016\/01\/Pierre-Bre\u0301guet-et-sa-Twizzy-1e\u0300re-Journe\u0301e-de-la-terre-nourricie\u0300re-26.04.15-2-2.jpg\"><img loading=\"lazy\" decoding=\"async\" class=\"alignnone size-medium wp-image-1592\" src=\"https:\/\/www.gyyv.vd.ch\/developpementdurable\/wp-content\/uploads\/sites\/13\/2016\/01\/Pierre-Bre\u0301guet-et-sa-Twizzy-1e\u0300re-Journe\u0301e-de-la-terre-nourricie\u0300re-26.04.15-2-300x200.jpg\" alt=\"\" width=\"300\" height=\"200\" \/><\/a> <a href=\"http:\/\/gymnase-yverdon.ch\/developpementdurable\/wp-content\/uploads\/sites\/5\/2016\/01\/02-Voitures-electriques-a-la-JTN2-25.05.16-2-2.jpg\"><img loading=\"lazy\" decoding=\"async\" class=\"alignnone size-medium wp-image-1586\" src=\"http:\/\/gymnase-yverdon.ch\/developpementdurable\/wp-content\/uploads\/sites\/5\/2016\/01\/02-Voitures-electriques-a-la-JTN2-25.05.16-2-300x200.jpg\" alt=\"\" width=\"300\" height=\"200\" srcset=\"https:\/\/gymnase-yverdon.ch\/developpementdurable\/wp-content\/uploads\/sites\/5\/2016\/01\/02-Voitures-electriques-a-la-JTN2-25.05.16-2-300x200.jpg 300w, https:\/\/gymnase-yverdon.ch\/developpementdurable\/wp-content\/uploads\/sites\/5\/2016\/01\/02-Voitures-electriques-a-la-JTN2-25.05.16-2-1024x683.jpg 1024w, https:\/\/gymnase-yverdon.ch\/developpementdurable\/wp-content\/uploads\/sites\/5\/2016\/01\/02-Voitures-electriques-a-la-JTN2-25.05.16-2-768x512.jpg 768w, https:\/\/gymnase-yverdon.ch\/developpementdurable\/wp-content\/uploads\/sites\/5\/2016\/01\/02-Voitures-electriques-a-la-JTN2-25.05.16-2-1536x1024.jpg 1536w, https:\/\/gymnase-yverdon.ch\/developpementdurable\/wp-content\/uploads\/sites\/5\/2016\/01\/02-Voitures-electriques-a-la-JTN2-25.05.16-2.jpg 1920w\" sizes=\"auto, (max-width: 300px) 100vw, 300px\" \/><\/a><br \/>\nPierre Br\u00e9guet, ma\u00eetre de math\u00e9matiques, et sa Renault Twizy (Photo D. Domeniconi)<\/p>\n<p style=\"text-align: left\">Informations sur la Renault Twizy :<\/p>\n<ul>\n<li style=\"text-align: left\">Caract\u00e9ristiques :\n<ul>\n<li style=\"text-align: left\">2 places<\/li>\n<li style=\"text-align: left\">Vitesse maximale 85 km\/h<\/li>\n<li style=\"text-align: left\">Autonomie (entre 60 et 80 km en fonction de la temp\u00e9rature ext\u00e9rieure)<\/li>\n<li style=\"text-align: left\">Recherche compl\u00e8te en 3h30 sur une prise domestique 220 V<\/li>\n<li style=\"text-align: left\">Immatriculation comme une moto<\/li>\n<\/ul>\n<\/li>\n<li style=\"text-align: left\">Co\u00fbts :\n<ul>\n<li style=\"text-align: left\">Location obligatoire de la batterie (p.ex. Frs 59.-\/mois jusqu&rsquo;\u00e0 7&rsquo;500 km\/ann\u00e9e)<\/li>\n<li style=\"text-align: left\">Taxe cantonale : Frs 13.-\/ann\u00e9e<\/li>\n<li style=\"text-align: left\">Frs 2.- d&rsquo;\u00e9lectricit\u00e9 \/ 100 km<\/li>\n<\/ul>\n<\/li>\n<\/ul>\n<p style=\"text-align: center\"><a href=\"https:\/\/www.gyyv.vd.ch\/developpementdurable\/wp-content\/uploads\/sites\/13\/2016\/01\/Christophe-Vuillemin-et-sa-voiture-e\u0301lectrique-1e\u0300re-JTN-26.04.15-2-2.jpg\"><img loading=\"lazy\" decoding=\"async\" class=\"alignnone size-medium wp-image-1591\" src=\"https:\/\/www.gyyv.vd.ch\/developpementdurable\/wp-content\/uploads\/sites\/13\/2016\/01\/Christophe-Vuillemin-et-sa-voiture-e\u0301lectrique-1e\u0300re-JTN-26.04.15-2-300x200.jpg\" alt=\"\" width=\"300\" height=\"200\" \/><\/a><br \/>\nChristophe Vuillemin, ma\u00eetre de physique, et sa Peugeot iOn (Photo D. Domeniconi)<\/p>\n<p style=\"text-align: center\">\u00a0<a href=\"http:\/\/gymnase-yverdon.ch\/developpementdurable\/wp-content\/uploads\/sites\/5\/2016\/01\/05-Voitures-electriques-a-la-JTN2-25.05.16-2-2.jpg\"><img loading=\"lazy\" decoding=\"async\" class=\"alignnone size-medium wp-image-1589\" src=\"http:\/\/gymnase-yverdon.ch\/developpementdurable\/wp-content\/uploads\/sites\/5\/2016\/01\/05-Voitures-electriques-a-la-JTN2-25.05.16-2-300x200.jpg\" alt=\"\" width=\"300\" height=\"200\" srcset=\"https:\/\/gymnase-yverdon.ch\/developpementdurable\/wp-content\/uploads\/sites\/5\/2016\/01\/05-Voitures-electriques-a-la-JTN2-25.05.16-2-300x200.jpg 300w, https:\/\/gymnase-yverdon.ch\/developpementdurable\/wp-content\/uploads\/sites\/5\/2016\/01\/05-Voitures-electriques-a-la-JTN2-25.05.16-2-1024x683.jpg 1024w, https:\/\/gymnase-yverdon.ch\/developpementdurable\/wp-content\/uploads\/sites\/5\/2016\/01\/05-Voitures-electriques-a-la-JTN2-25.05.16-2-768x512.jpg 768w, https:\/\/gymnase-yverdon.ch\/developpementdurable\/wp-content\/uploads\/sites\/5\/2016\/01\/05-Voitures-electriques-a-la-JTN2-25.05.16-2-1536x1024.jpg 1536w, https:\/\/gymnase-yverdon.ch\/developpementdurable\/wp-content\/uploads\/sites\/5\/2016\/01\/05-Voitures-electriques-a-la-JTN2-25.05.16-2.jpg 1920w\" sizes=\"auto, (max-width: 300px) 100vw, 300px\" \/><\/a> <img loading=\"lazy\" decoding=\"async\" class=\"alignnone size-medium wp-image-1588\" src=\"http:\/\/gymnase-yverdon.ch\/developpementdurable\/wp-content\/uploads\/sites\/5\/2016\/01\/04-Voitures-electriques-a-la-JTN2-25.05.16-2-300x200.jpg\" alt=\"\" width=\"300\" height=\"200\" srcset=\"https:\/\/gymnase-yverdon.ch\/developpementdurable\/wp-content\/uploads\/sites\/5\/2016\/01\/04-Voitures-electriques-a-la-JTN2-25.05.16-2-300x200.jpg 300w, https:\/\/gymnase-yverdon.ch\/developpementdurable\/wp-content\/uploads\/sites\/5\/2016\/01\/04-Voitures-electriques-a-la-JTN2-25.05.16-2-1024x683.jpg 1024w, https:\/\/gymnase-yverdon.ch\/developpementdurable\/wp-content\/uploads\/sites\/5\/2016\/01\/04-Voitures-electriques-a-la-JTN2-25.05.16-2-768x512.jpg 768w, https:\/\/gymnase-yverdon.ch\/developpementdurable\/wp-content\/uploads\/sites\/5\/2016\/01\/04-Voitures-electriques-a-la-JTN2-25.05.16-2-1536x1024.jpg 1536w, https:\/\/gymnase-yverdon.ch\/developpementdurable\/wp-content\/uploads\/sites\/5\/2016\/01\/04-Voitures-electriques-a-la-JTN2-25.05.16-2.jpg 1920w\" sizes=\"auto, (max-width: 300px) 100vw, 300px\" \/><br \/>\nJean-Fran\u00e7ois Gruet (Directeur) et sa Tesla (Photo D. Domeniconi)<\/p>\n<p style=\"text-align: center\"><a href=\"http:\/\/gymnase-yverdon.ch\/developpementdurable\/wp-content\/uploads\/sites\/5\/2016\/01\/03-Voitures-electriques-a-la-JTN2-25.05.16-2-2.jpg\"><img loading=\"lazy\" decoding=\"async\" class=\"alignnone size-medium wp-image-1587\" src=\"http:\/\/gymnase-yverdon.ch\/developpementdurable\/wp-content\/uploads\/sites\/5\/2016\/01\/03-Voitures-electriques-a-la-JTN2-25.05.16-2-300x200.jpg\" alt=\"\" width=\"300\" height=\"200\" srcset=\"https:\/\/gymnase-yverdon.ch\/developpementdurable\/wp-content\/uploads\/sites\/5\/2016\/01\/03-Voitures-electriques-a-la-JTN2-25.05.16-2-300x200.jpg 300w, https:\/\/gymnase-yverdon.ch\/developpementdurable\/wp-content\/uploads\/sites\/5\/2016\/01\/03-Voitures-electriques-a-la-JTN2-25.05.16-2-1024x683.jpg 1024w, https:\/\/gymnase-yverdon.ch\/developpementdurable\/wp-content\/uploads\/sites\/5\/2016\/01\/03-Voitures-electriques-a-la-JTN2-25.05.16-2-768x512.jpg 768w, https:\/\/gymnase-yverdon.ch\/developpementdurable\/wp-content\/uploads\/sites\/5\/2016\/01\/03-Voitures-electriques-a-la-JTN2-25.05.16-2-1536x1024.jpg 1536w, https:\/\/gymnase-yverdon.ch\/developpementdurable\/wp-content\/uploads\/sites\/5\/2016\/01\/03-Voitures-electriques-a-la-JTN2-25.05.16-2.jpg 1920w\" sizes=\"auto, (max-width: 300px) 100vw, 300px\" \/><\/a> <a href=\"http:\/\/gymnase-yverdon.ch\/developpementdurable\/wp-content\/uploads\/sites\/5\/2016\/01\/01-Voitures-electriques-a-la-JTN2-25.05.16-2-2.jpg\"><img loading=\"lazy\" decoding=\"async\" class=\"alignnone size-medium wp-image-1585\" src=\"http:\/\/gymnase-yverdon.ch\/developpementdurable\/wp-content\/uploads\/sites\/5\/2016\/01\/01-Voitures-electriques-a-la-JTN2-25.05.16-2-300x200.jpg\" alt=\"\" width=\"300\" height=\"200\" srcset=\"https:\/\/gymnase-yverdon.ch\/developpementdurable\/wp-content\/uploads\/sites\/5\/2016\/01\/01-Voitures-electriques-a-la-JTN2-25.05.16-2-300x200.jpg 300w, https:\/\/gymnase-yverdon.ch\/developpementdurable\/wp-content\/uploads\/sites\/5\/2016\/01\/01-Voitures-electriques-a-la-JTN2-25.05.16-2-1024x683.jpg 1024w, https:\/\/gymnase-yverdon.ch\/developpementdurable\/wp-content\/uploads\/sites\/5\/2016\/01\/01-Voitures-electriques-a-la-JTN2-25.05.16-2-768x512.jpg 768w, https:\/\/gymnase-yverdon.ch\/developpementdurable\/wp-content\/uploads\/sites\/5\/2016\/01\/01-Voitures-electriques-a-la-JTN2-25.05.16-2-1536x1024.jpg 1536w, https:\/\/gymnase-yverdon.ch\/developpementdurable\/wp-content\/uploads\/sites\/5\/2016\/01\/01-Voitures-electriques-a-la-JTN2-25.05.16-2.jpg 1920w\" sizes=\"auto, (max-width: 300px) 100vw, 300px\" \/><\/a><\/p>\n<p style=\"text-align: center\">Les diff\u00e9rents v\u00e9hicules \u00e9lectriques et \u00e0 gaz pr\u00e9sent\u00e9s lors de la <a href=\"https:\/\/www.gyyv.vd.ch\/journeedelaterre\/\" target=\"_blank\" rel=\"noopener noreferrer\">2e Journ\u00e9e de la Terre nourrici\u00e8re en 2016<\/a> (Photo D. Domeniconi). De g. \u00e0 d. : v\u00e9lo \u00e9lectrique de Cyrille Mathieu-Ton (Doyen), Renault Twizy de Pierre Br\u00e9guet (ma\u00eetre de math\u00e9matiques), Peugeot iOn de Christophe Vuillemin (ma\u00eetre de physique), Volkswagen Passat \u00e0 gaz de Jo\u00eblle Vollenweider (Doyenne), Tesla de Jean-Fran\u00e7ois Gruet (Directeur).<\/p>\n","protected":false},"excerpt":{"rendered":"<p>Outre la volont\u00e9 de mettre en avant la mobilit\u00e9 douce notamment au travers de l&rsquo;utilisation des transports publics et des v\u00e9los ou encore par les \u00ab\u00a0d\u00e9fis v\u00e9los\u00ab\u00a0, un certain nombre de membres du corps enseignant et\/ou du personnel tentent d&rsquo;incarner, \u00e0 l&rsquo;\u00e9chelle individuelle, une approche plus durable de la mobilit\u00e9. &#8230;<\/p>\n<p> <a class=\"continue-reading-link\" href=\"https:\/\/gymnase-yverdon.ch\/developpementdurable\/page-d-exemple-2\/les-engagements-durables-du-gymnase-dyverdon\/mobilite\/voitures-electriques\/\"><span>Continue reading<\/span><i class=\"crycon-right-dir\"><\/i><\/a> <\/p>\n","protected":false},"author":1,"featured_media":0,"parent":24,"menu_order":0,"comment_status":"closed","ping_status":"closed","template":"","meta":{"inline_featured_image":false,"footnotes":""},"class_list":["post-28","page","type-page","status-publish","hentry"],"_links":{"self":[{"href":"https:\/\/gymnase-yverdon.ch\/developpementdurable\/wp-json\/wp\/v2\/pages\/28","targetHints":{"allow":["GET"]}}],"collection":[{"href":"https:\/\/gymnase-yverdon.ch\/developpementdurable\/wp-json\/wp\/v2\/pages"}],"about":[{"href":"https:\/\/gymnase-yverdon.ch\/developpementdurable\/wp-json\/wp\/v2\/types\/page"}],"author":[{"embeddable":true,"href":"https:\/\/gymnase-yverdon.ch\/developpementdurable\/wp-json\/wp\/v2\/users\/1"}],"replies":[{"embeddable":true,"href":"https:\/\/gymnase-yverdon.ch\/developpementdurable\/wp-json\/wp\/v2\/comments?post=28"}],"version-history":[{"count":0,"href":"https:\/\/gymnase-yverdon.ch\/developpementdurable\/wp-json\/wp\/v2\/pages\/28\/revisions"}],"up":[{"embeddable":true,"href":"https:\/\/gymnase-yverdon.ch\/developpementdurable\/wp-json\/wp\/v2\/pages\/24"}],"wp:attachment":[{"href":"https:\/\/gymnase-yverdon.ch\/developpementdurable\/wp-json\/wp\/v2\/media?parent=28"}],"curies":[{"name":"wp","href":"https:\/\/api.w.org\/{rel}","templated":true}]}}