{"id":2779,"date":"2019-07-21T21:08:24","date_gmt":"2019-07-21T20:08:24","guid":{"rendered":"https:\/\/www.gyyv.vd.ch\/developpementdurable\/?page_id=2779"},"modified":"2019-07-21T21:08:24","modified_gmt":"2019-07-21T20:08:24","slug":"introduction","status":"publish","type":"page","link":"https:\/\/gymnase-yverdon.ch\/developpementdurable\/page-d-exemple-2\/les-engagements-durables-du-gymnase-dyverdon\/voyage-detudes-durable\/introduction\/","title":{"rendered":"Introduction"},"content":{"rendered":"<p><strong>1. Voyages d&rsquo;\u00e9tudes<br \/>\n<\/strong><\/p>\n<p>La troisi\u00e8me ann\u00e9e gymnasiale est l&rsquo;occasion pour les \u00e9l\u00e8ves d&rsquo;organiser un voyage d&rsquo;\u00e9tudes. Celui-ci a g\u00e9n\u00e9ralement pour but de couronner un cycle tout en int\u00e9grant une d\u00e9marche p\u00e9dagogique et culturelle.<\/p>\n<p>Les objectifs du voyage sont aussi en lien avec l&rsquo;apprentissage du voyage et de la vie en commun, puisqu&rsquo;il s&rsquo;agit, pour les \u00e9l\u00e8ves, d&rsquo;organiser un voyage, de d\u00e9couvrir une nouvelle culture, de s&rsquo;enrichir au contact de l&rsquo;autre et de vivre ensemble, le tout dans un cadre pos\u00e9 par le gymnase.<\/p>\n<p>Cependant, si l&rsquo;apport culturel et p\u00e9dagogique des voyages d&rsquo;\u00e9tudes est ind\u00e9niable, ils sont parfois peu compatibles avec une approche durable du tourisme. En effet, ils ont bien souvent pour destination une capitale europ\u00e9enne occasionnant ainsi une consommation tr\u00e8s importante d&rsquo;\u00e9nergie et provoquant des rejets massifs de CO2, notamment par le fait que les d\u00e9placements se font, la plupart du temps, en avion.<\/p>\n<p>Ainsi, est-il possible d&rsquo;imaginer un voyage d&rsquo;\u00e9tudes qui permette \u00e0 la fois de conserver les dimensions culturelles et p\u00e9dagogiques tout en \u00e9tant le plus durable possible ?<\/p>\n<p><strong>2. Voyage d&rsquo;\u00e9tudes durable : utopie ou r\u00e9alit\u00e9 ?<\/strong><\/p>\n<p style=\"text-align: center\"><a href=\"https:\/\/www.gyyv.vd.ch\/developpementdurable\/wp-content\/uploads\/sites\/13\/2016\/12\/Ce\u0301line-Hostettler-2-2.jpg\"><img loading=\"lazy\" decoding=\"async\" class=\"alignnone size-medium wp-image-1699\" src=\"https:\/\/www.gyyv.vd.ch\/developpementdurable\/wp-content\/uploads\/sites\/13\/2016\/12\/Ce\u0301line-Hostettler-2-207x300.jpg\" alt=\"\" width=\"207\" height=\"300\" \/><\/a><br \/>\nC\u00e9line Hostettler, 3M10<\/p>\n<p>C&rsquo;est sous ce titre et compte tenu de la d\u00e9cision des Nations Unies qui ont proclam\u00e9 l&rsquo;ann\u00e9e 2017 comme \u00ab\u00a0<a href=\"http:\/\/media.unwto.org\/fr\/press-release\/2015-12-10\/les-nations-unies-proclament-2017-annee-internationale-du-tourisme-durable-\" target=\"_blank\" rel=\"noopener noreferrer\">Ann\u00e9e internationale du tourisme durable pour le d\u00e9veloppement<\/a>\u00a0\u00bb que C\u00e9line Hostettler, 3M10, a d\u00e9cid\u00e9 de se lancer, pour son travail de maturit\u00e9, dans une d\u00e9marche originale qui a consist\u00e9 a organiser, avec sa classe, un voyage d&rsquo;\u00e9tudes \u00ab\u00a0le plus durable possible\u00a0\u00bb. L&rsquo;objectif de ce travail \u00e9tait double :<\/p>\n<ol>\n<li>Proposer une d\u00e9marche concr\u00e8te \u00ab\u00a0sur le terrain\u00a0\u00bb pour voir en quoi un voyage d&rsquo;\u00e9tudes \u00ab\u00a0le plus durable possible\u00a0\u00bb est envisageable;<\/li>\n<li>Constituer un exemple concret qui pourrait \u00eatre reproduit par d&rsquo;autres classes du gymnase ou dans d&rsquo;autres \u00e9coles.<\/li>\n<\/ol>\n<p>L&rsquo;enjeu est donc ici de pr\u00e9senter le travail de C\u00e9line Hostettler et de la 3M10. Ainsi, pour d\u00e9couvrir plus en d\u00e9tail comment ils ont organis\u00e9 leur voyage, vous pouvez consulter les liens suivants :<\/p>\n<ol>\n<li><a href=\"https:\/\/www.gyyv.vd.ch\/developpementdurable\/page-d-exemple\/les-engagements-durables-du-gymnase-dyverdon\/voyage-detudes-durable\/le-contexte\/\">Le contexte<\/a><\/li>\n<li><a href=\"https:\/\/www.gyyv.vd.ch\/developpementdurable\/page-d-exemple\/les-engagements-durables-du-gymnase-dyverdon\/voyage-detudes-durable\/le-projet\/\">Le projet<\/a><\/li>\n<li><a href=\"https:\/\/www.gyyv.vd.ch\/developpementdurable\/page-d-exemple\/les-engagements-durables-du-gymnase-dyverdon\/voyage-detudes-durable\/les-resultats\/\">Les r\u00e9sultats<\/a><\/li>\n<\/ol>\n<p style=\"text-align: center\"><a href=\"https:\/\/www.gyyv.vd.ch\/developpementdurable\/wp-content\/uploads\/sites\/13\/2016\/12\/Photo-3M10-2-2.jpg\"><img loading=\"lazy\" decoding=\"async\" class=\"alignnone wp-image-1700\" src=\"https:\/\/www.gyyv.vd.ch\/developpementdurable\/wp-content\/uploads\/sites\/13\/2016\/12\/Photo-3M10-2-300x225.jpg\" alt=\"\" width=\"395\" height=\"296\" \/><\/a><\/p>\n<p style=\"text-align: center\"><strong>Classe 3M10<\/strong> : (debout, de g. \u00e0 d.) Charles Rohrbasser (ma\u00eetre de classe), Jennifer Schneider, C\u00e9line Hostettler, In\u00e8s Narbel, Selma Ramic, Sophie K\u00fcnzi, C\u00e9line Da Costa Cravihno, Anissa Sujito, Jonah Erickson (assis, de g. \u00e0 d.) Mubina Mehmedovic, Lea De Stefano, Aline Mairhofer, Vanessa Rochat, Vanina Zogg, M\u00e9rib\u00e9 Estermann, Elena Santia.<\/p>\n<p>&nbsp;<\/p>\n<p>A la suite de ce projet, plusieurs classes ont fait le choix d&rsquo;un voyage de bac en train pour se rendre par exemple \u00e0 Budapest (2018) ou \u00e0 Prague (2019).<\/p>\n","protected":false},"excerpt":{"rendered":"<p>1. Voyages d&rsquo;\u00e9tudes La troisi\u00e8me ann\u00e9e gymnasiale est l&rsquo;occasion pour les \u00e9l\u00e8ves d&rsquo;organiser un voyage d&rsquo;\u00e9tudes. Celui-ci a g\u00e9n\u00e9ralement pour but de couronner un cycle tout en int\u00e9grant une d\u00e9marche p\u00e9dagogique et culturelle. Les objectifs du voyage sont aussi en lien avec l&rsquo;apprentissage du voyage et de la vie en &#8230;<\/p>\n<p> <a class=\"continue-reading-link\" href=\"https:\/\/gymnase-yverdon.ch\/developpementdurable\/page-d-exemple-2\/les-engagements-durables-du-gymnase-dyverdon\/voyage-detudes-durable\/introduction\/\"><span>Continue reading<\/span><i class=\"crycon-right-dir\"><\/i><\/a> <\/p>\n","protected":false},"author":13,"featured_media":0,"parent":1604,"menu_order":0,"comment_status":"closed","ping_status":"closed","template":"","meta":{"inline_featured_image":false,"footnotes":""},"class_list":["post-2779","page","type-page","status-publish","hentry"],"_links":{"self":[{"href":"https:\/\/gymnase-yverdon.ch\/developpementdurable\/wp-json\/wp\/v2\/pages\/2779","targetHints":{"allow":["GET"]}}],"collection":[{"href":"https:\/\/gymnase-yverdon.ch\/developpementdurable\/wp-json\/wp\/v2\/pages"}],"about":[{"href":"https:\/\/gymnase-yverdon.ch\/developpementdurable\/wp-json\/wp\/v2\/types\/page"}],"author":[{"embeddable":true,"href":"https:\/\/gymnase-yverdon.ch\/developpementdurable\/wp-json\/wp\/v2\/users\/13"}],"replies":[{"embeddable":true,"href":"https:\/\/gymnase-yverdon.ch\/developpementdurable\/wp-json\/wp\/v2\/comments?post=2779"}],"version-history":[{"count":0,"href":"https:\/\/gymnase-yverdon.ch\/developpementdurable\/wp-json\/wp\/v2\/pages\/2779\/revisions"}],"up":[{"embeddable":true,"href":"https:\/\/gymnase-yverdon.ch\/developpementdurable\/wp-json\/wp\/v2\/pages\/1604"}],"wp:attachment":[{"href":"https:\/\/gymnase-yverdon.ch\/developpementdurable\/wp-json\/wp\/v2\/media?parent=2779"}],"curies":[{"name":"wp","href":"https:\/\/api.w.org\/{rel}","templated":true}]}}