{"id":2751,"date":"2019-07-13T17:59:36","date_gmt":"2019-07-13T16:59:36","guid":{"rendered":"https:\/\/www.gyyv.vd.ch\/developpementdurable\/?page_id=2751"},"modified":"2019-07-13T17:59:36","modified_gmt":"2019-07-13T16:59:36","slug":"articles","status":"publish","type":"page","link":"https:\/\/gymnase-yverdon.ch\/developpementdurable\/page-d-exemple-2\/les-engagements-durables-du-gymnase-dyverdon\/voyage-detudes-durable\/articles\/","title":{"rendered":"Articles"},"content":{"rendered":"<p><strong>DOSSIER<\/strong><\/p>\n<p>Voici tout d&rsquo;abord un dossier d\u00e9taill\u00e9 d&rsquo;<em>Education21<\/em> portant sur <em>Une nouvelle \u00e9thique du voyage<\/em> :<\/p>\n<ul>\n<li><a href=\"https:\/\/www.education21.ch\/sites\/default\/files\/uploads\/ventuno_f\/1-2016\/ventuno_1_16_web.pdf\" target=\"_blank\" rel=\"noopener noreferrer\">Education21, \u00ab\u00a0Une nouvelle \u00e9thique du voyage\u00a0\u00bb, in\u00a0<em>Ventuno<\/em>, 2016<\/a><\/li>\n<\/ul>\n<p><strong>ARTICLES<\/strong><\/p>\n<p>Ensuite, une s\u00e9rie d&rsquo;articles pour alimenter la r\u00e9flexion et le d\u00e9bat sur les voyages de classes et la mobilit\u00e9 :<\/p>\n<ul>\n<li>Aur\u00e9lie Toninato, \u00ab\u00a0<a href=\"http:\/\/gymnase-yverdon.ch\/developpementdurable\/wp-content\/uploads\/sites\/5\/2019\/07\/01-Sorties-scolaires-Les-eleves-du-Cycle-ne-voyageront-plus-en-avion-News-Geneve-Actu-genevoise-tdg-03.07.12-2.pdf\">Les \u00e9l\u00e8ves du Cycle ne voyageront plus en avion<\/a>\u00ab\u00a0, in <em>News Gen\u00e8ve<\/em>, 03.07.12<\/li>\n<li>AFP, \u00ab\u00a0<a href=\"http:\/\/gymnase-yverdon.ch\/developpementdurable\/wp-content\/uploads\/sites\/5\/2019\/07\/02-Renaturer-un-haut-marais-pour-compenser-les-emissions-de-CO2-dun-voyage-en-avion-Le-Temps-24.11.17-2.pdf\">Renaturer un haut-marais pour compenser les \u00e9missions de CO2 d&rsquo;un voyage en avion<\/a>\u00ab\u00a0, in\u00a0<em>Le Temps<\/em>, 24.11.17<\/li>\n<li>RTS, \u00ab\u00a0<a href=\"http:\/\/gymnase-yverdon.ch\/developpementdurable\/wp-content\/uploads\/sites\/5\/2019\/07\/03-Le-tourisme-responsable-de-8-des-emissions-de-gaz-a-effet-de-serre-rts.ch-Sciences-Tech.-07.05.18-2.pdf\">Le tourisme responsable de 8% des \u00e9missions de gaz \u00e0 effet de serre<\/a>\u00ab\u00a0, in\u00a0<em>RTS<\/em>, 07.05.18<\/li>\n<li>24Heures, \u00ab\u00a0<a href=\"http:\/\/gymnase-yverdon.ch\/developpementdurable\/wp-content\/uploads\/sites\/5\/2019\/07\/04-Les-sorties-scolaires-se-cherchent-un-avenir-24heures.ch-08.12.18-2.pdf\">Pas \u00e9colo ? Pas \u00e9galitaires ? Les sorties scolaires se cherchent un avenir<\/a>\u00ab\u00a0, in\u00a0<em>24 Heures,\u00a0<\/em>08.12.18<\/li>\n<li>Lila Erard, \u00ab\u00a0<a href=\"http:\/\/gymnase-yverdon.ch\/developpementdurable\/wp-content\/uploads\/sites\/5\/2019\/07\/05-Les-sorties-scolaires-en-avion-font-debat-Le-Temps-25.02.19-2.pdf\">Les sorties scolaires en avion font d\u00e9bat<\/a>\u00ab\u00a0, in\u00a0<em>Le Temps,\u00a0<\/em>25.02.19<\/li>\n<li>Gr\u00e9goire Baur, \u00ab\u00a0<a href=\"http:\/\/gymnase-yverdon.ch\/developpementdurable\/wp-content\/uploads\/sites\/5\/2019\/07\/06-Lavion-oiseau-de-malheur-pour-le-climat-Le-Temps-25.02.19-1.pdf\">L&rsquo;avion, oiseau de malheur pour le climat<\/a>\u00ab\u00a0, in\u00a0<em>Le Temps<\/em>, 25.02.19<\/li>\n<li>Fr\u00e9d\u00e9ric Faux, \u00ab\u00a0<a href=\"http:\/\/gymnase-yverdon.ch\/developpementdurable\/wp-content\/uploads\/sites\/5\/2019\/07\/07-En-Scandinavie-le-flygskam-defie-le-transport-aerien-Le-Temps-03.04.19-1.pdf\">En Scandinavie, le \u00ab\u00a0flygskam\u00a0\u00bb d\u00e9fie le transport a\u00e9rien<\/a>\u00ab\u00a0, in <em>Le Temps<\/em>, 03.04.19<\/li>\n<li>Philippe Rodrik, Benjamin Keller, \u00ab\u00a0<a href=\"http:\/\/gymnase-yverdon.ch\/developpementdurable\/wp-content\/uploads\/sites\/5\/2019\/07\/08-Les-Suisses-prennent-trop-lavion-la-solution-passe-par-le-train-de-nuit-Le-Matin-Dimanche-15.04.18-1.pdf\">Les Suisses prennent trop l&rsquo;avion, la solution passe par le train de nuit<\/a>\u00ab\u00a0, in\u00a0<em>Le Matin Dimanche<\/em>, 15.04.19<\/li>\n<li>Bernard Wuthrich, \u00ab\u00a0<a href=\"http:\/\/gymnase-yverdon.ch\/developpementdurable\/wp-content\/uploads\/sites\/5\/2019\/07\/09-Train-contre-avion-histoire-dune-guerre-de-prix-Le-Temps-30.04.19-1.pdf\">Train contre avion, histoire d&rsquo;une guerre de prix<\/a>\u00ab\u00a0, in\u00a0<em>Le Temps<\/em>, 30.04.19<\/li>\n<li>Frank-Olivier Baechler,\u00a0\u00ab\u00a0<a href=\"http:\/\/gymnase-yverdon.ch\/developpementdurable\/wp-content\/uploads\/sites\/5\/2019\/07\/10-Le-train-de-nuit-sur-de-bons-rails-Bon-a-savoir-Avril-2019-2.pdf\">Le train de nuit sur de bons rails<\/a>\u00ab\u00a0, in\u00a0<em>Bon \u00e0 Savoir<\/em>, Avril 2019<\/li>\n<li>Alain Arnaud, \u00ab\u00a0<a href=\"http:\/\/gymnase-yverdon.ch\/developpementdurable\/wp-content\/uploads\/sites\/5\/2019\/07\/11-Les-CFF-songent-a-remettre-les-trains-de-nuit-sur-les-rails-rts.ch-Suisse-31.05.19-2.pdf\">Les CFF songent \u00e0 remettre les trains de nuit sur les rails<\/a>\u00ab\u00a0, in\u00a0<em>RTS infos<\/em>, 31.05.19<\/li>\n<li>St\u00e9phanie Penher, \u00ab\u00a0<a href=\"http:\/\/gymnase-yverdon.ch\/developpementdurable\/wp-content\/uploads\/sites\/5\/2019\/07\/12-Deux-tiers-de-la-population-reclament-des-trains-de-nuit-ATE-06.06.19-2.pdf\">Deux tiers de la population r\u00e9clament des trains de nuit<\/a>\u00ab\u00a0, ATE, 06.06.19<\/li>\n<li>Bernard Wuthrich, \u00ab\u00a0<a href=\"http:\/\/gymnase-yverdon.ch\/developpementdurable\/wp-content\/uploads\/sites\/5\/2019\/07\/13-Elan-franco-suisse-pour-les-trains-de-nuit-Le-Temps-07.06.19-2.pdf\">Elan franco-suisse pour les trains de nuit<\/a>\u00ab\u00a0, in\u00a0<em>Le Temps<\/em>, 07.06.19<\/li>\n<li>Bernard Wuthrich, \u00ab\u00a0<a href=\"http:\/\/gymnase-yverdon.ch\/developpementdurable\/wp-content\/uploads\/sites\/5\/2019\/08\/Davantage-de-trains-de-nuit-austro-suisses-Le-Temps-19.08.19-2.pdf\" target=\"_blank\" rel=\"noopener noreferrer\">Davantage de trains de nuit austro-suisses<\/a>\u00ab\u00a0, in <em>Le Temps, <\/em>19.08.19<\/li>\n<li>C\u00e9line Z\u00fcnd, \u00ab\u00a0<a href=\"https:\/\/www.letemps.ch\/monde\/parisvenise-low-cost-wagonlit\" target=\"_blank\" rel=\"noopener noreferrer\">Paris-Venise, le low cost du wagon-lit<\/a>\u00ab\u00a0, in <em>Le Temps<\/em>, 19.08.19<\/li>\n<li>Boris Busslinger, \u00ab\u00a0<a href=\"https:\/\/www.letemps.ch\/societe\/boite-sardines-jusqua-lisbonne\" target=\"_blank\" rel=\"noopener noreferrer\">En bo\u00eete sardines jusqu&rsquo;\u00e0 Lisbonne<\/a>\u00ab\u00a0, in\u00a0<em>Le Temps,\u00a0<\/em>20.08.19<\/li>\n<li>Olga Yurkina, \u00ab\u00a0<a href=\"https:\/\/www.letemps.ch\/societe\/errances-nocturnes-entre-prague-budapest\" target=\"_blank\" rel=\"noopener noreferrer\">Errance nocturne entre Prague et Budapest<\/a>\u00ab\u00a0, in\u00a0<em>Le Temps<\/em>, 21.08.19<\/li>\n<li>C\u00e9line Z\u00fcnd, \u00ab\u00a0<a href=\"https:\/\/www.letemps.ch\/societe\/train-nuit-baleberlin-jai-sentiment-ame-voyage-corps\" target=\"_blank\" rel=\"noopener noreferrer\">Dans le train de nuit B\u00e2le-Berlin<\/a>\u00ab\u00a0, in\u00a0<em>Le Temps<\/em>, 22.08.19<\/li>\n<li>Chams Iaz, \u00ab\u00a0<a href=\"http:\/\/gymnase-yverdon.ch\/developpementdurable\/wp-content\/uploads\/sites\/5\/2019\/08\/Les-eco-comparateurs-sont-plus-des-instruments-de-sensibilisation-que-de-precision-Le-Temps-22.08.19-2.pdf\" target=\"_blank\" rel=\"noopener noreferrer\">Les \u00e9co-comparateurs sont plus des instruments de sensibilisation que de pr\u00e9cision<\/a>\u00ab\u00a0, in\u00a0<em>Le Temps<\/em>, 22.08.19<\/li>\n<li>Xavier Filliez, \u00ab\u00a0<a href=\"https:\/\/www.letemps.ch\/societe\/rails-pointes-vers-grand-nord\" target=\"_blank\" rel=\"noopener noreferrer\">Les rails point\u00e9s vers le Grand Nord<\/a>\u00ab\u00a0, in <em>Le Temps<\/em>, 23.08.19<\/li>\n<\/ul>\n<p><strong>VIDEOS<\/strong><\/p>\n<p>Une s\u00e9rie r\u00e9alis\u00e9e par S\u00e9verine Chave pour <em>Le Temps<\/em> sur les voyages en wagon-lit (ao\u00fbt 2019) :<\/p>\n<ol>\n<li>\u00a0<a href=\"https:\/\/www.letemps.ch\/images\/video\/societe\/berlin-wagonlit?utm_source=mail&amp;utm_medium=share&amp;utm_campaign=video\" target=\"_blank\" rel=\"noopener noreferrer\">A Berlin en Wagon-lit<\/a><\/li>\n<li><a href=\"https:\/\/www.letemps.ch\/images\/video\/societe\/train-nuit-lisbonne\" target=\"_blank\" rel=\"noopener noreferrer\">Train de nuit pour Lisbonne<\/a><\/li>\n<li><a href=\"https:\/\/www.letemps.ch\/images\/video\/societe\/une-nuit-rejoindre-budapest\" target=\"_blank\" rel=\"noopener noreferrer\">Une nuit pour rejoindre Budapest<\/a><\/li>\n<\/ol>\n","protected":false},"excerpt":{"rendered":"<p>DOSSIER Voici tout d&rsquo;abord un dossier d\u00e9taill\u00e9 d&rsquo;Education21 portant sur Une nouvelle \u00e9thique du voyage : Education21, \u00ab\u00a0Une nouvelle \u00e9thique du voyage\u00a0\u00bb, in\u00a0Ventuno, 2016 ARTICLES Ensuite, une s\u00e9rie d&rsquo;articles pour alimenter la r\u00e9flexion et le d\u00e9bat sur les voyages de classes et la mobilit\u00e9 : Aur\u00e9lie Toninato, \u00ab\u00a0Les \u00e9l\u00e8ves du &#8230;<\/p>\n<p> <a class=\"continue-reading-link\" href=\"https:\/\/gymnase-yverdon.ch\/developpementdurable\/page-d-exemple-2\/les-engagements-durables-du-gymnase-dyverdon\/voyage-detudes-durable\/articles\/\"><span>Continue reading<\/span><i class=\"crycon-right-dir\"><\/i><\/a> <\/p>\n","protected":false},"author":13,"featured_media":0,"parent":1604,"menu_order":0,"comment_status":"closed","ping_status":"closed","template":"","meta":{"inline_featured_image":false,"footnotes":""},"class_list":["post-2751","page","type-page","status-publish","hentry"],"_links":{"self":[{"href":"https:\/\/gymnase-yverdon.ch\/developpementdurable\/wp-json\/wp\/v2\/pages\/2751","targetHints":{"allow":["GET"]}}],"collection":[{"href":"https:\/\/gymnase-yverdon.ch\/developpementdurable\/wp-json\/wp\/v2\/pages"}],"about":[{"href":"https:\/\/gymnase-yverdon.ch\/developpementdurable\/wp-json\/wp\/v2\/types\/page"}],"author":[{"embeddable":true,"href":"https:\/\/gymnase-yverdon.ch\/developpementdurable\/wp-json\/wp\/v2\/users\/13"}],"replies":[{"embeddable":true,"href":"https:\/\/gymnase-yverdon.ch\/developpementdurable\/wp-json\/wp\/v2\/comments?post=2751"}],"version-history":[{"count":0,"href":"https:\/\/gymnase-yverdon.ch\/developpementdurable\/wp-json\/wp\/v2\/pages\/2751\/revisions"}],"up":[{"embeddable":true,"href":"https:\/\/gymnase-yverdon.ch\/developpementdurable\/wp-json\/wp\/v2\/pages\/1604"}],"wp:attachment":[{"href":"https:\/\/gymnase-yverdon.ch\/developpementdurable\/wp-json\/wp\/v2\/media?parent=2751"}],"curies":[{"name":"wp","href":"https:\/\/api.w.org\/{rel}","templated":true}]}}