{"id":2695,"date":"2019-03-15T14:11:36","date_gmt":"2019-03-15T13:11:36","guid":{"rendered":"https:\/\/www.gyyv.vd.ch\/developpementdurable\/?page_id=2695"},"modified":"2019-03-15T14:11:36","modified_gmt":"2019-03-15T13:11:36","slug":"oc-2019-20","status":"publish","type":"page","link":"https:\/\/gymnase-yverdon.ch\/developpementdurable\/page-d-exemple-2\/etudes-et-recherche\/geographie\/oc-2019-20\/","title":{"rendered":"OC 2019-20"},"content":{"rendered":"\n<p>L&rsquo;OC de g\u00e9ographie 2019-20 s&rsquo;est construite sur le m\u00eame mod\u00e8le que les OC de <a href=\"https:\/\/www.gyyv.vd.ch\/developpementdurable\/page-d-exemple\/etudes-et-recherche\/geographie\/oc-2015-16\/\">2015-2016<\/a> et <a href=\"https:\/\/www.gyyv.vd.ch\/developpementdurable\/page-d-exemple\/etudes-et-recherche\/geographie\/oc-2017-18\/\">2017-2018<\/a>.<\/p>\n\n\n\n<p>Toutefois, au vu de la crise sanitaire, les projets des \u00e9l\u00e8ves ont \u00e9t\u00e9 interrompus en mars 2020 et, pour la majorit\u00e9, n&rsquo;ont pas pu \u00eatre termin\u00e9s.<\/p>\n\n\n\n<p>Les projets envisag\u00e9s par les \u00e9l\u00e8ves \u00e9taient les suivants :<\/p>\n\n\n\n<ul class=\"wp-block-list\"><li>Cr\u00e9ation de cosm\u00e9tiques naturelles (Charlotte)<\/li><li>Exposition de photographies pour cr\u00e9er une sensibilisation \u00e0 la pollution plastique (M\u00e9gane)<\/li><li>Pose de nichoirs pour les martinets noirs (Kenza et Valentin)<\/li><li>Pose de nichoirs pour les chauves-souris (No\u00e9 et Tamara)<\/li><li>Projet de sensibilisation autour de l&rsquo;industrie textile (Ad\u00e8le et Agathe)<\/li><li>Projet de sensibilisation au changement climatique (Orianne et Mathilda)<\/li><li>Projet de sensibilisation \u00e0 la consommation de papier en Suisse (Nathaniel)<\/li><li>Collecte de livres au profit de l&rsquo;\u00c9cole Sainte-Colette au B\u00e9nin (C\u00e9lia, Trina, Laurine)<\/li><li>Cr\u00e9ation d&rsquo;un menu \u00e9quilibr\u00e9 et durable (Adrien et Baptiste)<\/li><li>Livret d&rsquo;astuces durables (Alan)<\/li><li>Projet de sensibilisation aux abandons des animaux de compagnie (Florian)<\/li><li>Projet de soutien aux enfants hospitalis\u00e9s (Camille et Victoria)<\/li><\/ul>\n\n\n\n<p><\/p>\n","protected":false},"excerpt":{"rendered":"<p>L&rsquo;OC de g\u00e9ographie 2019-20 s&rsquo;est construite sur le m\u00eame mod\u00e8le que les OC de 2015-2016 et 2017-2018. Toutefois, au vu de la crise sanitaire, les projets des \u00e9l\u00e8ves ont \u00e9t\u00e9 interrompus en mars 2020 et, pour la majorit\u00e9, n&rsquo;ont pas pu \u00eatre termin\u00e9s. Les projets envisag\u00e9s par les \u00e9l\u00e8ves \u00e9taient &#8230;<\/p>\n<p> <a class=\"continue-reading-link\" href=\"https:\/\/gymnase-yverdon.ch\/developpementdurable\/page-d-exemple-2\/etudes-et-recherche\/geographie\/oc-2019-20\/\"><span>Continue reading<\/span><i class=\"crycon-right-dir\"><\/i><\/a> <\/p>\n","protected":false},"author":13,"featured_media":0,"parent":71,"menu_order":0,"comment_status":"closed","ping_status":"closed","template":"","meta":{"inline_featured_image":false,"footnotes":""},"class_list":["post-2695","page","type-page","status-publish","hentry"],"_links":{"self":[{"href":"https:\/\/gymnase-yverdon.ch\/developpementdurable\/wp-json\/wp\/v2\/pages\/2695","targetHints":{"allow":["GET"]}}],"collection":[{"href":"https:\/\/gymnase-yverdon.ch\/developpementdurable\/wp-json\/wp\/v2\/pages"}],"about":[{"href":"https:\/\/gymnase-yverdon.ch\/developpementdurable\/wp-json\/wp\/v2\/types\/page"}],"author":[{"embeddable":true,"href":"https:\/\/gymnase-yverdon.ch\/developpementdurable\/wp-json\/wp\/v2\/users\/13"}],"replies":[{"embeddable":true,"href":"https:\/\/gymnase-yverdon.ch\/developpementdurable\/wp-json\/wp\/v2\/comments?post=2695"}],"version-history":[{"count":0,"href":"https:\/\/gymnase-yverdon.ch\/developpementdurable\/wp-json\/wp\/v2\/pages\/2695\/revisions"}],"up":[{"embeddable":true,"href":"https:\/\/gymnase-yverdon.ch\/developpementdurable\/wp-json\/wp\/v2\/pages\/71"}],"wp:attachment":[{"href":"https:\/\/gymnase-yverdon.ch\/developpementdurable\/wp-json\/wp\/v2\/media?parent=2695"}],"curies":[{"name":"wp","href":"https:\/\/api.w.org\/{rel}","templated":true}]}}