{"id":266,"date":"2016-01-25T09:28:27","date_gmt":"2016-01-25T08:28:27","guid":{"rendered":"https:\/\/www.gyyv.vd.ch\/developpementdurable\/?page_id=266"},"modified":"2016-01-25T09:28:27","modified_gmt":"2016-01-25T08:28:27","slug":"les-etudiant-e-s-comme-acteurs-du-changement","status":"publish","type":"page","link":"https:\/\/gymnase-yverdon.ch\/developpementdurable\/page-d-exemple-2\/a-propos\/les-etudiant-e-s-comme-acteurs-du-changement\/","title":{"rendered":"Les \u00e9tudiant-e-s comme acteurs et actrices du changement"},"content":{"rendered":"<p style=\"text-align: center\">\u00a0<img loading=\"lazy\" decoding=\"async\" class=\"alignnone size-medium wp-image-3342\" src=\"https:\/\/www.gyyv.vd.ch\/developpementdurable\/wp-content\/uploads\/sites\/13\/2022\/11\/TN-007-300x200.jpg\" alt=\"\" width=\"300\" height=\"200\" \/><\/p>\n<p style=\"text-align: center\">Les \u00e9tudiant-e-s et enseignant-e-s du Gymnase d&rsquo;Yverdon r\u00e9unis lors de<br \/>\nl&rsquo;ouverture de la <a href=\"https:\/\/www.gyyv.vd.ch\/developpementdurable\/page-d-exemple\/sengager\/journee-de-la-terre-nourriciere\/\">1\u00e8re Journ\u00e9e de la Terre nourrici\u00e8re<\/a> en 2015 (Photo D. Domeniconi)<\/p>\n<p><strong>1.\u00a0 Apocalypse Now ?<\/strong><\/p>\n<p>Au cours des diff\u00e9rentes r\u00e9volutions industrielles qui ont eu lieu depuis le XVIII<sup>e<\/sup> si\u00e8cle, de nombreux progr\u00e8s sont apparus en moyenne au niveau global, tant sur le plan du niveau de vie, de la sant\u00e9, de l\u2019\u00e9ducation ou encore de l\u2019alimentation. Ces progr\u00e8s sont en grande partie dus \u00e0 l\u2019\u00e9volution des technologies ainsi qu\u2019\u00e0 l\u2019exploitation des \u00e9nergies fossiles et, en particulier, du p\u00e9trole. De nombreuses <a href=\"https:\/\/www.oxfam.org\/fr\/rapports\/en-finir-avec-les-inegalites-extremes\" target=\"_blank\" rel=\"noopener noreferrer\">in\u00e9galit\u00e9s<\/a> demeurent mais force est de constater que le <a href=\"http:\/\/www.rts.ch\/info\/economie\/6764219-la-pauvrete-mondiale-atteindrait-son-niveau-le-plus-bas-de-l-histoire.html\" target=\"_blank\" rel=\"noopener noreferrer\">niveau moyen de vie au niveau global s\u2019est \u00e9lev\u00e9<\/a>.<\/p>\n<p>N\u00e9anmoins, notre soci\u00e9t\u00e9 fait aussi face \u00e0 de nombreuses crises sociales, environnementales, sanitaires, \u00e9conomiques ou encore \u00e9nerg\u00e9tiques. C\u2019est pour cette raison que le Rapport du Conseil f\u00e9d\u00e9ral<a href=\"https:\/\/www.bafu.admin.ch\/bafu\/fr\/home\/etat\/publications-etat-de-l-environnement\/environnement-suisse-2018.html\" target=\"_blank\" rel=\"noopener noreferrer\"><em> Environnement Suisse 2018<\/em><\/a> mentionne :<\/p>\n<blockquote><p><em>\u00ab\u00a0qu\u2019une transition fondamentale s\u2019impose sur les plans de l\u2019\u00e9nergie, de l\u2019alimentation, de la mobilit\u00e9 ainsi que des syst\u00e8mes urbains, transition qui doit s\u2019accompagner de changements substantiels en mati\u00e8re de pratiques, de technologies, de politiques et de modes de vie actuels. (p. 182)\u00a0\u00bb<\/em><\/p><\/blockquote>\n<p>Cette transition est bien entendu de la responsabilit\u00e9 des autorit\u00e9s f\u00e9d\u00e9rales, cantonales et communales mais le changement ne sera possible qu\u2019avec l\u2019engagement des citoyennes et citoyens. C\u2019est ce que rel\u00e8ve l\u2019UNESCO dans sa <em><a href=\"https:\/\/www.unesco.ch\/wp-content\/uploads\/2017\/01\/Feuille-de-route.pdf\" target=\"_blank\" rel=\"noopener noreferrer\">Feuille de route<\/a><\/em>, lorsqu\u2019elle dit :<\/p>\n<blockquote>\n<p style=\"text-align: center\"><em>\u00ab\u00a0Pour \u00e9difier un monde plus juste, plus pacifique et plus durable, les personnes et les soci\u00e9t\u00e9s doivent toutes renforcer leur pouvoir d\u2019action et acqu\u00e9rir des connaissances, des comp\u00e9tences et des valeurs, tout en ayant davantage conscience de la n\u00e9cessit\u00e9 d\u2019\u00eatre les moteurs du changement.\u00a0\u00bb<\/em><\/p>\n<\/blockquote>\n<p><strong>2. Le gymnase : berceau de la transition ?<br \/>\n<\/strong><\/p>\n<div>\n<p style=\"text-align: center\"><img loading=\"lazy\" decoding=\"async\" class=\"alignnone size-medium wp-image-510\" src=\"https:\/\/www.gyyv.vd.ch\/developpementdurable\/wp-content\/uploads\/sites\/13\/2016\/01\/JTN-Groupe-ESC-2-300x199.jpg\" alt=\"\" width=\"300\" height=\"199\" srcset=\"https:\/\/gymnase-yverdon.ch\/developpementdurable\/wp-content\/uploads\/sites\/5\/2016\/01\/JTN-Groupe-ESC-2-300x199.jpg 300w, https:\/\/gymnase-yverdon.ch\/developpementdurable\/wp-content\/uploads\/sites\/5\/2016\/01\/JTN-Groupe-ESC-2.jpg 640w\" sizes=\"auto, (max-width: 300px) 100vw, 300px\" \/><\/p>\n<p style=\"text-align: center\">Le groupe d&rsquo;\u00e9tudiants \u00e0 l&rsquo;origine de la <a href=\"https:\/\/www.gyyv.vd.ch\/developpementdurable\/page-d-exemple\/sengager\/journee-de-la-terre-nourriciere\/\">1\u00e8re Journ\u00e9e de la Terre nourrici\u00e8re<\/a> : Jean Renevey, Alycia Saybouakhao, Laurane Gallou, M\u00e9lanie Montone, Cl\u00e9mence Giroud, Justine Greim et Lucie Corset) (Photo S. Memic)<\/p>\n<p>Dans cette perspective, le gymnase est un lieu parfait pour mobiliser les \u00e9tudiant-e-s et les membres du personnel enseignant, administratif et technique et stimuler leur cr\u00e9ativit\u00e9 afin de les amener \u00e0 agir concr\u00e8tement. En effet, le gymnase est\u00a0:<\/p>\n<ul>\n<li>Un lieu\u00a0<strong>d\u2019int\u00e9r\u00eat public<\/strong>\u00a0dont le but est, entre autres, de former, de guider, d\u2019encourager tout en d\u00e9veloppant un esprit critique\u00a0;<\/li>\n<li>Un lieu qui a pour mission \u00ab\u00a0de pr\u00e9parer les \u00e9tudiant-e-s \u00e0 assumer des <strong>responsabilit\u00e9s<\/strong> au sein de la soci\u00e9t\u00e9\u00a0\u00bb (RRM, p.10), d\u2019amener les \u00e9tudiant-e-s \u00e0 \u00ab\u00a0se <strong>situer<\/strong> dans le monde actuel (\u2026)\u00a0\u00bb et \u00e0 se pr\u00e9parer \u00ab\u00a0\u00e0 y exercer leur <strong>responsabilit\u00e9<\/strong> \u00e0 l\u2019\u00e9gard d\u2019eux-m\u00eames, d\u2019autrui, de la soci\u00e9t\u00e9 et de la nature.\u00a0\u00bb (RRM, p.16).<\/li>\n<\/ul>\n<p>En ce sens, le gymnase peut cr\u00e9er un climat de possibilit\u00e9s dans lequel ses membres peuvent innover et trouver des solutions aux grands d\u00e9fis du XXI<sup>e<\/sup>\u00a0si\u00e8cle. Et d\u2019ajouter que le cadre scolaire du Canton de Vaud se pr\u00eate parfaitement \u00e0 cette transition en cela qu\u2019il offre au travers de son programme scolaire\u00a0:<\/p>\n<ol>\n<li>Une\u00a0<strong>\u00e9ducation ad\u00e9quate<\/strong>\u00a0qui permet de comprendre en quoi le monde actuel est \u00e0 remettre partiellement en question et qui apporte savoirs, savoir-faire et savoir-\u00eatre permettant aux \u00e9l\u00e8ves de devenir des citoyen-ne-s actif-ve-s, engag\u00e9-e-s et critiques\u00a0;<\/li>\n<li>Une\u00a0<strong>remise en question de soi-m\u00eame<\/strong> par la confrontation \u00e0 diverses repr\u00e9sentations du monde qui permettent aux \u00e9tudiant-e-s se forger les leurs\u00a0;<\/li>\n<li>Ce cadre scolaire permet ensuite aux \u00e9l\u00e8ves d\u2019<strong>influencer et de transformer le monde <\/strong>au travers de d\u00e9marches concr\u00e8tes. Ainsi, ils prennent conscience qu\u2019ils ont entre leurs mains la capacit\u00e9 de prendre part \u00e0 un monde en transition.<\/li>\n<\/ol>\n<p>La question qui demeure est : comment amener concr\u00e8tement ce changement au sein de la formation scolaire, et plus particuli\u00e8rement dans le cas pr\u00e9sent, au sein du post-obligatoire ? En ce sens, <a href=\"https:\/\/www.gyyv.vd.ch\/developpementdurable\/page-d-exemple\/a-propos\/leducation-au-developpement-durable\/\">l\u2019\u00c9ducation en vue d\u2019un d\u00e9veloppement durable<\/a> propose des pistes int\u00e9ressantes.<\/p>\n<\/div>\n<p style=\"text-align: center\"><a href=\"https:\/\/www.gyyv.vd.ch\/developpementdurable\/wp-content\/uploads\/sites\/13\/2016\/01\/60-2-2.jpg\" rel=\"attachment wp-att-515\"><img loading=\"lazy\" decoding=\"async\" class=\"alignnone wp-image-515\" src=\"https:\/\/www.gyyv.vd.ch\/developpementdurable\/wp-content\/uploads\/sites\/13\/2016\/01\/60-2-300x200.jpg\" alt=\"POM_60\" width=\"345\" height=\"230\" srcset=\"https:\/\/gymnase-yverdon.ch\/developpementdurable\/wp-content\/uploads\/sites\/5\/2016\/01\/60-2-300x200.jpg 300w, https:\/\/gymnase-yverdon.ch\/developpementdurable\/wp-content\/uploads\/sites\/5\/2016\/01\/60-2-1024x683.jpg 1024w, https:\/\/gymnase-yverdon.ch\/developpementdurable\/wp-content\/uploads\/sites\/5\/2016\/01\/60-2-768x512.jpg 768w, https:\/\/gymnase-yverdon.ch\/developpementdurable\/wp-content\/uploads\/sites\/5\/2016\/01\/60-2-1536x1024.jpg 1536w, https:\/\/gymnase-yverdon.ch\/developpementdurable\/wp-content\/uploads\/sites\/5\/2016\/01\/60-2.jpg 1920w\" sizes=\"auto, (max-width: 345px) 100vw, 345px\" \/><\/a><br \/>\nDes \u00e9tudiant-e-s autour de l&rsquo;arbre qu&rsquo;ils ont plant\u00e9 lors de la mise en place du verger (Photo D. Domeniconi)<\/p>\n","protected":false},"excerpt":{"rendered":"<p>\u00a0 Les \u00e9tudiant-e-s et enseignant-e-s du Gymnase d&rsquo;Yverdon r\u00e9unis lors de l&rsquo;ouverture de la 1\u00e8re Journ\u00e9e de la Terre nourrici\u00e8re en 2015 (Photo D. Domeniconi) 1.\u00a0 Apocalypse Now ? Au cours des diff\u00e9rentes r\u00e9volutions industrielles qui ont eu lieu depuis le XVIIIe si\u00e8cle, de nombreux progr\u00e8s sont apparus en moyenne &#8230;<\/p>\n<p> <a class=\"continue-reading-link\" href=\"https:\/\/gymnase-yverdon.ch\/developpementdurable\/page-d-exemple-2\/a-propos\/les-etudiant-e-s-comme-acteurs-du-changement\/\"><span>Continue reading<\/span><i class=\"crycon-right-dir\"><\/i><\/a> <\/p>\n","protected":false},"author":13,"featured_media":0,"parent":7,"menu_order":1,"comment_status":"closed","ping_status":"closed","template":"","meta":{"inline_featured_image":false,"footnotes":""},"class_list":["post-266","page","type-page","status-publish","hentry"],"_links":{"self":[{"href":"https:\/\/gymnase-yverdon.ch\/developpementdurable\/wp-json\/wp\/v2\/pages\/266","targetHints":{"allow":["GET"]}}],"collection":[{"href":"https:\/\/gymnase-yverdon.ch\/developpementdurable\/wp-json\/wp\/v2\/pages"}],"about":[{"href":"https:\/\/gymnase-yverdon.ch\/developpementdurable\/wp-json\/wp\/v2\/types\/page"}],"author":[{"embeddable":true,"href":"https:\/\/gymnase-yverdon.ch\/developpementdurable\/wp-json\/wp\/v2\/users\/13"}],"replies":[{"embeddable":true,"href":"https:\/\/gymnase-yverdon.ch\/developpementdurable\/wp-json\/wp\/v2\/comments?post=266"}],"version-history":[{"count":0,"href":"https:\/\/gymnase-yverdon.ch\/developpementdurable\/wp-json\/wp\/v2\/pages\/266\/revisions"}],"up":[{"embeddable":true,"href":"https:\/\/gymnase-yverdon.ch\/developpementdurable\/wp-json\/wp\/v2\/pages\/7"}],"wp:attachment":[{"href":"https:\/\/gymnase-yverdon.ch\/developpementdurable\/wp-json\/wp\/v2\/media?parent=266"}],"curies":[{"name":"wp","href":"https:\/\/api.w.org\/{rel}","templated":true}]}}