{"id":2607,"date":"2018-12-02T20:56:23","date_gmt":"2018-12-02T19:56:23","guid":{"rendered":"https:\/\/www.gyyv.vd.ch\/developpementdurable\/?page_id=2607"},"modified":"2018-12-02T20:56:23","modified_gmt":"2018-12-02T19:56:23","slug":"action-paquets-de-noel-2017","status":"publish","type":"page","link":"https:\/\/gymnase-yverdon.ch\/developpementdurable\/page-d-exemple-2\/laboratoire-de-la-durabilite\/operation-cadeaux-de-noel-aumoniers\/action-paquets-de-noel-2017\/","title":{"rendered":"Action paquets de No\u00ebl 2017"},"content":{"rendered":"<p>Une nouvelle \u00e9dition de l\u2019<a href=\"http:\/\/www.weihnachtspaeckli.ch\/index.php?id=4&amp;L=1\" target=\"_blank\" rel=\"noopener noreferrer\">Action paquets de No\u00ebl<\/a> a eu lieu au Gymnase d\u2019Yverdon fin novembre 2017.<\/p>\n<p>Organis\u00e9e par Lusia Shammas et Fr\u00e9d\u00e9ric Steinhauer (aum\u00f4nier-\u00e8re au Gymnase d\u2019Yverdon), cette nouvelle \u00e9dition a permis de r\u00e9colter vivres, articles d&rsquo;hygi\u00e8ne, friandises, articles de papeterie ou encore des jouets. Ce sont ainsi plus de 100&rsquo;000 paquets qui ont \u00e9t\u00e9 confectionn\u00e9s et envoy\u00e9s \u00e0 l&rsquo;aide de 33 semi-remorques \u00e0 destination de la Moldavie, l&rsquo;Ukraine, l&rsquo;Albanie, la Bulgarie, la Roumanie, la Serbie et la Bi\u00e9lorussie.<\/p>\n<p>Sur place, des collaborateurs et collaboratrices sont charg\u00e9s de distribuer les paquets aux familles dans le besoin, aux personnes vivant seules mais aussi \u00e0 des enfants plac\u00e9s dans des foyers. Il s&rsquo;agit d&rsquo;un acte de solidarit\u00e9 envers de nombreuses personnes dans le besoin.<\/p>\n<p>Merci pour vos contributions:) Rendez-vous en 2018 pour la prochaine \u00e9dition !<\/p>\n<p>Voici une vid\u00e9o pr\u00e9sentant la distribution des paquets en Moldavie :<\/p>\n<p><iframe loading=\"lazy\" src=\"https:\/\/player.vimeo.com\/video\/283902970?app_id=122963\" width=\"900\" height=\"506\" frameborder=\"0\" title=\"Moldavie 2017 &ndash; On a besoin de toi\" allow=\"autoplay; fullscreen\" allowfullscreen><\/iframe><\/p>\n<div><\/div>\n<p>&nbsp;<\/p>\n","protected":false},"excerpt":{"rendered":"<p>Une nouvelle \u00e9dition de l\u2019Action paquets de No\u00ebl a eu lieu au Gymnase d\u2019Yverdon fin novembre 2017. Organis\u00e9e par Lusia Shammas et Fr\u00e9d\u00e9ric Steinhauer (aum\u00f4nier-\u00e8re au Gymnase d\u2019Yverdon), cette nouvelle \u00e9dition a permis de r\u00e9colter vivres, articles d&rsquo;hygi\u00e8ne, friandises, articles de papeterie ou encore des jouets. Ce sont ainsi plus &#8230;<\/p>\n<p> <a class=\"continue-reading-link\" href=\"https:\/\/gymnase-yverdon.ch\/developpementdurable\/page-d-exemple-2\/laboratoire-de-la-durabilite\/operation-cadeaux-de-noel-aumoniers\/action-paquets-de-noel-2017\/\"><span>Continue reading<\/span><i class=\"crycon-right-dir\"><\/i><\/a> <\/p>\n","protected":false},"author":13,"featured_media":2608,"parent":65,"menu_order":0,"comment_status":"closed","ping_status":"closed","template":"","meta":{"inline_featured_image":false,"footnotes":""},"class_list":["post-2607","page","type-page","status-publish","has-post-thumbnail","hentry"],"_links":{"self":[{"href":"https:\/\/gymnase-yverdon.ch\/developpementdurable\/wp-json\/wp\/v2\/pages\/2607","targetHints":{"allow":["GET"]}}],"collection":[{"href":"https:\/\/gymnase-yverdon.ch\/developpementdurable\/wp-json\/wp\/v2\/pages"}],"about":[{"href":"https:\/\/gymnase-yverdon.ch\/developpementdurable\/wp-json\/wp\/v2\/types\/page"}],"author":[{"embeddable":true,"href":"https:\/\/gymnase-yverdon.ch\/developpementdurable\/wp-json\/wp\/v2\/users\/13"}],"replies":[{"embeddable":true,"href":"https:\/\/gymnase-yverdon.ch\/developpementdurable\/wp-json\/wp\/v2\/comments?post=2607"}],"version-history":[{"count":0,"href":"https:\/\/gymnase-yverdon.ch\/developpementdurable\/wp-json\/wp\/v2\/pages\/2607\/revisions"}],"up":[{"embeddable":true,"href":"https:\/\/gymnase-yverdon.ch\/developpementdurable\/wp-json\/wp\/v2\/pages\/65"}],"wp:featuredmedia":[{"embeddable":true,"href":"https:\/\/gymnase-yverdon.ch\/developpementdurable\/wp-json\/wp\/v2\/media\/2608"}],"wp:attachment":[{"href":"https:\/\/gymnase-yverdon.ch\/developpementdurable\/wp-json\/wp\/v2\/media?parent=2607"}],"curies":[{"name":"wp","href":"https:\/\/api.w.org\/{rel}","templated":true}]}}