{"id":2537,"date":"2018-05-23T20:20:06","date_gmt":"2018-05-23T19:20:06","guid":{"rendered":"https:\/\/www.gyyv.vd.ch\/developpementdurable\/?page_id=2537"},"modified":"2018-05-23T20:20:06","modified_gmt":"2018-05-23T19:20:06","slug":"photos-avril-2018","status":"publish","type":"page","link":"https:\/\/gymnase-yverdon.ch\/developpementdurable\/page-d-exemple-2\/les-engagements-durables-du-gymnase-dyverdon\/mobilite\/defi-velo\/photos-avril-2018\/","title":{"rendered":"Photos avril 2018"},"content":{"rendered":"<p>Les jeudi 19 et vendredi 20 avril ont eu lieu, au Gymnase d&rsquo;Yverdon, les qualifications pour le D\u00e9fi V\u00e9lo 2018 et les \u00e9tudiant-e-s ont \u00e9t\u00e9 mis au d\u00e9fi en devant ex\u00e9cuter un certain nombre d&rsquo;exercices \u00e0 v\u00e9lo.<\/p>\n<p>Au bout des deux jours, les \u00e9tudiant-e-s se sont class\u00e9s au 8e rang des qualifications sur plus de 132 \u00e9coles. Ils se sont ainsi qualifi\u00e9s pour la <a href=\"http:\/\/www.defi-velo.ch\/finale\/\" target=\"_blank\" rel=\"noopener noreferrer\">finale qui aura lieu \u00e0 Lausanne le 20 juin 2018<\/a>. F\u00e9licitations \u00e0 eux et merci aux enseignant-e-s de sport et \u00e0 l&rsquo;\u00e9quipe de D\u00e9fi V\u00e9lo pour cette belle journ\u00e9e.<\/p>\n<p>Retrouvez ci-dessous les photos des deux journ\u00e9es (cr\u00e9dits photos : D\u00e9fi v\u00e9lo) :<\/p>\n\n\t\t<style type=\"text\/css\">\n\t\t\t#gallery-1 {\n\t\t\t\tmargin: auto;\n\t\t\t}\n\t\t\t#gallery-1 .gallery-item {\n\t\t\t\tfloat: left;\n\t\t\t\tmargin-top: 10px;\n\t\t\t\ttext-align: center;\n\t\t\t\twidth: 25%;\n\t\t\t}\n\t\t\t#gallery-1 img {\n\t\t\t\tborder: 2px solid #cfcfcf;\n\t\t\t}\n\t\t\t#gallery-1 .gallery-caption {\n\t\t\t\tmargin-left: 0;\n\t\t\t}\n\t\t\t\/* see gallery_shortcode() in wp-includes\/media.php *\/\n\t\t<\/style>\n\t\t<div id='gallery-1' class='gallery galleryid-2537 gallery-columns-4 gallery-size-thumbnail'><dl class='gallery-item'>\n\t\t\t<dt class='gallery-icon landscape'>\n\t\t\t\t<a href='https:\/\/gymnase-yverdon.ch\/developpementdurable\/2017\/05\/15\/les-photos-du-defi-velo-2017-au-gyyv\/11-defi-velo-2018\/'><img loading=\"lazy\" decoding=\"async\" width=\"150\" height=\"150\" src=\"https:\/\/gymnase-yverdon.ch\/developpementdurable\/wp-content\/uploads\/sites\/5\/2017\/05\/11-Defi-Velo-2018-2-150x150.jpg\" class=\"attachment-thumbnail size-thumbnail\" alt=\"\" \/><\/a>\n\t\t\t<\/dt><\/dl><dl class='gallery-item'>\n\t\t\t<dt class='gallery-icon landscape'>\n\t\t\t\t<a href='https:\/\/gymnase-yverdon.ch\/developpementdurable\/2017\/05\/15\/les-photos-du-defi-velo-2017-au-gyyv\/10-defi-velo-2018\/'><img loading=\"lazy\" decoding=\"async\" width=\"150\" height=\"150\" src=\"https:\/\/gymnase-yverdon.ch\/developpementdurable\/wp-content\/uploads\/sites\/5\/2017\/05\/10-Defi-Velo-2018-2-150x150.jpg\" class=\"attachment-thumbnail size-thumbnail\" alt=\"\" \/><\/a>\n\t\t\t<\/dt><\/dl><dl class='gallery-item'>\n\t\t\t<dt class='gallery-icon landscape'>\n\t\t\t\t<a href='https:\/\/gymnase-yverdon.ch\/developpementdurable\/2017\/05\/15\/les-photos-du-defi-velo-2017-au-gyyv\/09-defi-velo-2018\/'><img loading=\"lazy\" decoding=\"async\" width=\"150\" height=\"150\" src=\"https:\/\/gymnase-yverdon.ch\/developpementdurable\/wp-content\/uploads\/sites\/5\/2017\/05\/09-Defi-Velo-2018-2-150x150.jpg\" class=\"attachment-thumbnail size-thumbnail\" alt=\"\" \/><\/a>\n\t\t\t<\/dt><\/dl><dl class='gallery-item'>\n\t\t\t<dt class='gallery-icon landscape'>\n\t\t\t\t<a href='https:\/\/gymnase-yverdon.ch\/developpementdurable\/2017\/05\/15\/les-photos-du-defi-velo-2017-au-gyyv\/08-defi-velo-2018\/'><img loading=\"lazy\" decoding=\"async\" width=\"150\" height=\"150\" src=\"https:\/\/gymnase-yverdon.ch\/developpementdurable\/wp-content\/uploads\/sites\/5\/2017\/05\/08-Defi-Velo-2018-2-150x150.jpg\" class=\"attachment-thumbnail size-thumbnail\" alt=\"\" \/><\/a>\n\t\t\t<\/dt><\/dl><br style=\"clear: both\" \/><dl class='gallery-item'>\n\t\t\t<dt class='gallery-icon landscape'>\n\t\t\t\t<a href='https:\/\/gymnase-yverdon.ch\/developpementdurable\/2017\/05\/15\/les-photos-du-defi-velo-2017-au-gyyv\/07-defi-velo-2018\/'><img loading=\"lazy\" decoding=\"async\" width=\"150\" height=\"150\" src=\"https:\/\/gymnase-yverdon.ch\/developpementdurable\/wp-content\/uploads\/sites\/5\/2017\/05\/07-Defi-Velo-2018-2-150x150.jpg\" class=\"attachment-thumbnail size-thumbnail\" alt=\"\" \/><\/a>\n\t\t\t<\/dt><\/dl><dl class='gallery-item'>\n\t\t\t<dt class='gallery-icon landscape'>\n\t\t\t\t<a href='https:\/\/gymnase-yverdon.ch\/developpementdurable\/2017\/05\/15\/les-photos-du-defi-velo-2017-au-gyyv\/02-defi-velo-2018\/'><img loading=\"lazy\" decoding=\"async\" width=\"150\" height=\"150\" src=\"https:\/\/gymnase-yverdon.ch\/developpementdurable\/wp-content\/uploads\/sites\/5\/2017\/05\/02-Defi-Velo-2018-2-150x150.jpg\" class=\"attachment-thumbnail size-thumbnail\" alt=\"\" \/><\/a>\n\t\t\t<\/dt><\/dl><dl class='gallery-item'>\n\t\t\t<dt class='gallery-icon landscape'>\n\t\t\t\t<a href='https:\/\/gymnase-yverdon.ch\/developpementdurable\/2017\/05\/15\/les-photos-du-defi-velo-2017-au-gyyv\/03-defi-velo-2018\/'><img loading=\"lazy\" decoding=\"async\" width=\"150\" height=\"150\" src=\"https:\/\/gymnase-yverdon.ch\/developpementdurable\/wp-content\/uploads\/sites\/5\/2017\/05\/03-Defi-Velo-2018-2-150x150.jpg\" class=\"attachment-thumbnail size-thumbnail\" alt=\"\" \/><\/a>\n\t\t\t<\/dt><\/dl><dl class='gallery-item'>\n\t\t\t<dt class='gallery-icon landscape'>\n\t\t\t\t<a href='https:\/\/gymnase-yverdon.ch\/developpementdurable\/2017\/05\/15\/les-photos-du-defi-velo-2017-au-gyyv\/04-defi-velo-2018\/'><img loading=\"lazy\" decoding=\"async\" width=\"150\" height=\"150\" src=\"https:\/\/gymnase-yverdon.ch\/developpementdurable\/wp-content\/uploads\/sites\/5\/2017\/05\/04-Defi-Velo-2018-2-150x150.jpg\" class=\"attachment-thumbnail size-thumbnail\" alt=\"\" \/><\/a>\n\t\t\t<\/dt><\/dl><br style=\"clear: both\" \/><dl class='gallery-item'>\n\t\t\t<dt class='gallery-icon portrait'>\n\t\t\t\t<a href='https:\/\/gymnase-yverdon.ch\/developpementdurable\/2017\/05\/15\/les-photos-du-defi-velo-2017-au-gyyv\/05-defi-velo-2018\/'><img loading=\"lazy\" decoding=\"async\" width=\"150\" height=\"150\" src=\"https:\/\/gymnase-yverdon.ch\/developpementdurable\/wp-content\/uploads\/sites\/5\/2017\/05\/05-Defi-Velo-2018-2-150x150.jpg\" class=\"attachment-thumbnail size-thumbnail\" alt=\"\" \/><\/a>\n\t\t\t<\/dt><\/dl><dl class='gallery-item'>\n\t\t\t<dt class='gallery-icon landscape'>\n\t\t\t\t<a href='https:\/\/gymnase-yverdon.ch\/developpementdurable\/2017\/05\/15\/les-photos-du-defi-velo-2017-au-gyyv\/06-defi-velo-2018\/'><img loading=\"lazy\" decoding=\"async\" width=\"150\" height=\"150\" src=\"https:\/\/gymnase-yverdon.ch\/developpementdurable\/wp-content\/uploads\/sites\/5\/2017\/05\/06-Defi-Velo-2018-2-150x150.jpg\" class=\"attachment-thumbnail size-thumbnail\" alt=\"\" \/><\/a>\n\t\t\t<\/dt><\/dl><dl class='gallery-item'>\n\t\t\t<dt class='gallery-icon portrait'>\n\t\t\t\t<a href='https:\/\/gymnase-yverdon.ch\/developpementdurable\/2017\/05\/15\/les-photos-du-defi-velo-2017-au-gyyv\/01-defi-velo-2018\/'><img loading=\"lazy\" decoding=\"async\" width=\"150\" height=\"150\" src=\"https:\/\/gymnase-yverdon.ch\/developpementdurable\/wp-content\/uploads\/sites\/5\/2017\/05\/01-Defi-Velo-2018-2-150x150.jpg\" class=\"attachment-thumbnail size-thumbnail\" alt=\"\" \/><\/a>\n\t\t\t<\/dt><\/dl>\n\t\t\t<br style='clear: both' \/>\n\t\t<\/div>\n\n","protected":false},"excerpt":{"rendered":"<p>Les jeudi 19 et vendredi 20 avril ont eu lieu, au Gymnase d&rsquo;Yverdon, les qualifications pour le D\u00e9fi V\u00e9lo 2018 et les \u00e9tudiant-e-s ont \u00e9t\u00e9 mis au d\u00e9fi en devant ex\u00e9cuter un certain nombre d&rsquo;exercices \u00e0 v\u00e9lo. Au bout des deux jours, les \u00e9tudiant-e-s se sont class\u00e9s au 8e rang &#8230;<\/p>\n<p> <a class=\"continue-reading-link\" href=\"https:\/\/gymnase-yverdon.ch\/developpementdurable\/page-d-exemple-2\/les-engagements-durables-du-gymnase-dyverdon\/mobilite\/defi-velo\/photos-avril-2018\/\"><span>Continue reading<\/span><i class=\"crycon-right-dir\"><\/i><\/a> <\/p>\n","protected":false},"author":13,"featured_media":0,"parent":925,"menu_order":0,"comment_status":"closed","ping_status":"closed","template":"","meta":{"inline_featured_image":false,"footnotes":""},"class_list":["post-2537","page","type-page","status-publish","hentry"],"_links":{"self":[{"href":"https:\/\/gymnase-yverdon.ch\/developpementdurable\/wp-json\/wp\/v2\/pages\/2537","targetHints":{"allow":["GET"]}}],"collection":[{"href":"https:\/\/gymnase-yverdon.ch\/developpementdurable\/wp-json\/wp\/v2\/pages"}],"about":[{"href":"https:\/\/gymnase-yverdon.ch\/developpementdurable\/wp-json\/wp\/v2\/types\/page"}],"author":[{"embeddable":true,"href":"https:\/\/gymnase-yverdon.ch\/developpementdurable\/wp-json\/wp\/v2\/users\/13"}],"replies":[{"embeddable":true,"href":"https:\/\/gymnase-yverdon.ch\/developpementdurable\/wp-json\/wp\/v2\/comments?post=2537"}],"version-history":[{"count":0,"href":"https:\/\/gymnase-yverdon.ch\/developpementdurable\/wp-json\/wp\/v2\/pages\/2537\/revisions"}],"up":[{"embeddable":true,"href":"https:\/\/gymnase-yverdon.ch\/developpementdurable\/wp-json\/wp\/v2\/pages\/925"}],"wp:attachment":[{"href":"https:\/\/gymnase-yverdon.ch\/developpementdurable\/wp-json\/wp\/v2\/media?parent=2537"}],"curies":[{"name":"wp","href":"https:\/\/api.w.org\/{rel}","templated":true}]}}