{"id":24,"date":"2016-01-18T22:25:06","date_gmt":"2016-01-18T21:25:06","guid":{"rendered":"https:\/\/www.gyyv.vd.ch\/developpementdurable\/?page_id=24"},"modified":"2016-01-18T22:25:06","modified_gmt":"2016-01-18T21:25:06","slug":"mobilite","status":"publish","type":"page","link":"https:\/\/gymnase-yverdon.ch\/developpementdurable\/page-d-exemple-2\/les-engagements-durables-du-gymnase-dyverdon\/mobilite\/","title":{"rendered":"Mobilit\u00e9"},"content":{"rendered":"<p style=\"text-align: center\"><a href=\"http:\/\/gymnase-yverdon.ch\/developpementdurable\/wp-content\/uploads\/sites\/5\/2016\/01\/TN2m_060-2-2.jpg\"><img loading=\"lazy\" decoding=\"async\" class=\"alignnone wp-image-1385\" src=\"http:\/\/gymnase-yverdon.ch\/developpementdurable\/wp-content\/uploads\/sites\/5\/2016\/01\/TN2m_060-2-300x200.jpg\" alt=\"TN2m_060\" width=\"377\" height=\"251\" srcset=\"https:\/\/gymnase-yverdon.ch\/developpementdurable\/wp-content\/uploads\/sites\/5\/2016\/01\/TN2m_060-2-300x200.jpg 300w, https:\/\/gymnase-yverdon.ch\/developpementdurable\/wp-content\/uploads\/sites\/5\/2016\/01\/TN2m_060-2-1024x683.jpg 1024w, https:\/\/gymnase-yverdon.ch\/developpementdurable\/wp-content\/uploads\/sites\/5\/2016\/01\/TN2m_060-2-768x512.jpg 768w, https:\/\/gymnase-yverdon.ch\/developpementdurable\/wp-content\/uploads\/sites\/5\/2016\/01\/TN2m_060-2-1536x1024.jpg 1536w, https:\/\/gymnase-yverdon.ch\/developpementdurable\/wp-content\/uploads\/sites\/5\/2016\/01\/TN2m_060-2.jpg 1920w\" sizes=\"auto, (max-width: 377px) 100vw, 377px\" \/><\/a><\/p>\n<p style=\"text-align: center\">V\u00e9hicules \u00e9lectriques et \u00e0 gaz pr\u00e9sent\u00e9s lors de la <a href=\"https:\/\/www.gyyv.vd.ch\/journeedelaterre\/?page_id=659\" target=\"_blank\" rel=\"noopener noreferrer\">2e Journ\u00e9e de la Terre nourrici\u00e8re en 2016<\/a>.<\/p>\n<p style=\"text-align: left\">De nombreuses personnes au Gymnase d&rsquo;Yverdon s&rsquo;engagent pour une mobilit\u00e9 respectueuse de l&rsquo;environnement :<\/p>\n<ol>\n<li style=\"text-align: left\">Situ\u00e9 \u00e0 Cheseaux-Nor\u00e9az, le gymnase est facilement accessible depuis la gare d&rsquo;Yverdon en transports publics et \u00e0 v\u00e9lo&#8230; <a href=\"https:\/\/www.gyyv.vd.ch\/developpementdurable\/page-d-exemple\/les-engagements-durables-du-gymnase-dyverdon\/mobilite\/velos\/\">Lire la suite<\/a>.<\/li>\n<li style=\"text-align: left\">Plusieurs enseignant-e-s se d\u00e9placent en voitures \u00e9lectriques ou voitures \u00e0 gaz&#8230; <a href=\"https:\/\/www.gyyv.vd.ch\/developpementdurable\/page-d-exemple\/les-engagements-durables-du-gymnase-dyverdon\/mobilite\/voitures-electriques\/\">Lire la suite<\/a>.<\/li>\n<li style=\"text-align: left\">Les \u00e9tudiant-e-s et les enseignant-e-s sont encourag\u00e9s \u00e0 se rendre au gymnase en transports publics ou \u00e0 faire du covoiturage&#8230; <a href=\"https:\/\/www.gyyv.vd.ch\/developpementdurable\/page-d-exemple\/les-engagements-durables-du-gymnase-dyverdon\/mobilite\/covoiturage\/\">Lire la suite<\/a>.<\/li>\n<\/ol>\n","protected":false},"excerpt":{"rendered":"<p>V\u00e9hicules \u00e9lectriques et \u00e0 gaz pr\u00e9sent\u00e9s lors de la 2e Journ\u00e9e de la Terre nourrici\u00e8re en 2016. De nombreuses personnes au Gymnase d&rsquo;Yverdon s&rsquo;engagent pour une mobilit\u00e9 respectueuse de l&rsquo;environnement : Situ\u00e9 \u00e0 Cheseaux-Nor\u00e9az, le gymnase est facilement accessible depuis la gare d&rsquo;Yverdon en transports publics et \u00e0 v\u00e9lo&#8230; Lire &#8230;<\/p>\n<p> <a class=\"continue-reading-link\" href=\"https:\/\/gymnase-yverdon.ch\/developpementdurable\/page-d-exemple-2\/les-engagements-durables-du-gymnase-dyverdon\/mobilite\/\"><span>Continue reading<\/span><i class=\"crycon-right-dir\"><\/i><\/a> <\/p>\n","protected":false},"author":1,"featured_media":0,"parent":16,"menu_order":0,"comment_status":"closed","ping_status":"closed","template":"","meta":{"inline_featured_image":false,"footnotes":""},"class_list":["post-24","page","type-page","status-publish","hentry"],"_links":{"self":[{"href":"https:\/\/gymnase-yverdon.ch\/developpementdurable\/wp-json\/wp\/v2\/pages\/24","targetHints":{"allow":["GET"]}}],"collection":[{"href":"https:\/\/gymnase-yverdon.ch\/developpementdurable\/wp-json\/wp\/v2\/pages"}],"about":[{"href":"https:\/\/gymnase-yverdon.ch\/developpementdurable\/wp-json\/wp\/v2\/types\/page"}],"author":[{"embeddable":true,"href":"https:\/\/gymnase-yverdon.ch\/developpementdurable\/wp-json\/wp\/v2\/users\/1"}],"replies":[{"embeddable":true,"href":"https:\/\/gymnase-yverdon.ch\/developpementdurable\/wp-json\/wp\/v2\/comments?post=24"}],"version-history":[{"count":0,"href":"https:\/\/gymnase-yverdon.ch\/developpementdurable\/wp-json\/wp\/v2\/pages\/24\/revisions"}],"up":[{"embeddable":true,"href":"https:\/\/gymnase-yverdon.ch\/developpementdurable\/wp-json\/wp\/v2\/pages\/16"}],"wp:attachment":[{"href":"https:\/\/gymnase-yverdon.ch\/developpementdurable\/wp-json\/wp\/v2\/media?parent=24"}],"curies":[{"name":"wp","href":"https:\/\/api.w.org\/{rel}","templated":true}]}}