{"id":22,"date":"2016-01-18T22:24:47","date_gmt":"2016-01-18T21:24:47","guid":{"rendered":"https:\/\/www.gyyv.vd.ch\/developpementdurable\/?page_id=22"},"modified":"2016-01-18T22:24:47","modified_gmt":"2016-01-18T21:24:47","slug":"exposition-sur-la-ventilation","status":"publish","type":"page","link":"https:\/\/gymnase-yverdon.ch\/developpementdurable\/page-d-exemple-2\/les-engagements-durables-du-gymnase-dyverdon\/batiments\/exposition-sur-la-ventilation\/","title":{"rendered":"\u00c9tude et exposition sur la ventilation"},"content":{"rendered":"<p>Le\u00a0<a href=\"https:\/\/www.vd.ch\/toutes-les-autorites\/departements\/departement-des-finances-et-des-relations-exterieures-dfire\/direction-generale-des-immeubles-et-du-patrimoine-dgip\/\" target=\"_blank\" rel=\"noopener noreferrer\">Direction g\u00e9n\u00e9rale des immeubles et du patrimoine<\/a> (anciennement SIPaL) associ\u00e9 \u00e0 <a href=\"http:\/\/www.equiterre.ch\/index.php?lang=fr&amp;Itemid=693\" target=\"_blank\" rel=\"noopener noreferrer\">Equiterre<\/a>, ont entrepris une d\u00e9marche visant \u00e0 informer les utilisateurs du Gymnase d&rsquo;Yverdon sur les enjeux li\u00e9s \u00e0 la qualit\u00e9 de l&rsquo;air, ceci dans le but d&rsquo;utiliser au mieux le nouveau syst\u00e8me de ventilation mis en place lors des <a href=\"https:\/\/www.gyyv.vd.ch\/developpementdurable\/page-d-exemple\/les-engagements-durables-du-gymnase-dyverdon\/batiments\/batiments-durables-en-bois\/\">travaux d&rsquo;assainissement<\/a>.<\/p>\n<p>En effet, le SIPaL rel\u00e8ve qu&rsquo;une mauvaise qualit\u00e9 de l&rsquo;air a de nombreux impacts sur les utilisateurs du site, comme par exemple :<\/p>\n<ul>\n<li>Probl\u00e8mes d&rsquo;odeurs et diminution du sentiment de bien-\u00eatre;<\/li>\n<li>Baisse des performances intellectuelles et de la capacit\u00e9 de concentration;<\/li>\n<li>Transmission plus facile des infections, virus et bact\u00e9ries;<\/li>\n<li>Augmentation de sympt\u00f4mes tels que troubles visuels et maux de t\u00eate.<\/li>\n<\/ul>\n<p>La premi\u00e8re \u00e9tape men\u00e9e par le SIPaL a \u00e9t\u00e9 d&rsquo;effectuer un relev\u00e9 de la qualit\u00e9 de l&rsquo;air dans les classes du Gymnase d&rsquo;Yverdon en ao\u00fbt 2012 :<\/p>\n<p style=\"text-align: center\"><a href=\"http:\/\/www.adnv.ch\/fileadmin\/user_upload\/Communes_S%C3%A9minaires\/Expos%C3%A9_Viquerat.pdf\" target=\"_blank\" rel=\"attachment noopener wp-att-338 noreferrer\"><img loading=\"lazy\" decoding=\"async\" class=\"alignnone wp-image-338\" src=\"https:\/\/www.gyyv.vd.ch\/developpementdurable\/wp-content\/uploads\/sites\/13\/2016\/01\/Sipal-releve\u0301-de-la-qualite\u0301-de-lair-aou\u0302t-2012-2-300x185.jpg\" alt=\"Sipal - releve\u0301 de la qualite\u0301 de l'air - aou\u0302t 2012\" width=\"598\" height=\"369\" \/><\/a><\/p>\n<p>Fort de ce constat, une d\u00e9marche participative d&rsquo;information a \u00e9t\u00e9 entreprise au Gymnase d&rsquo;Yverdon :<\/p>\n<ul>\n<li>Pr\u00e9sentation du projet d&rsquo;exposition dans sa version provisoire aux \u00e9tudiant-e-s du cours d&rsquo;OC de g\u00e9ographie 2015-16 (Classe de M. Henchoz). L&rsquo;avis des \u00e9tudiants sur l&rsquo;exposition a \u00e9t\u00e9 sollicit\u00e9 ainsi que leur suggestions sur ce qu&rsquo;il faudrait mettre en place pour assurer une bonne gestion de l&rsquo;air au Gymnase d&rsquo;Yverdon.<\/li>\n<li>Sur la base des commentaires des \u00e9tudiant-e-s, l&rsquo;exposition d\u00e9finitive a \u00e9t\u00e9 \u00e9labor\u00e9e et pr\u00e9sent\u00e9e pour la premi\u00e8re fois au Gymnase d&rsquo;Yverdon du 7 au 18 mars 2016.<\/li>\n<li>Cette exposition sera amen\u00e9e, par la suite, \u00e0 circuler dans les diff\u00e9rents gymnases du canton de Vaud.<\/li>\n<\/ul>\n<p>L&rsquo;exposition est disponible au format PDF :<\/p>\n<ul>\n<li><a href=\"https:\/\/www.gyyv.vd.ch\/developpementdurable\/wp-content\/uploads\/sites\/13\/2016\/03\/Brochure-exposition-2.pdf\">Brochure de l&rsquo;exposition<\/a>.<\/li>\n<li>Exposition : la qualit\u00e9 de l\u2019air : un aspect \u00e0 \u00e9tudier, pour \u00e9tudier en bonne sant\u00e9.<\/li>\n<\/ul>\n<div data-url=\"https:\/\/issuu.com\/etatdevaud\/docs\/sipal_qualite-air_formation\" style=\"width: 900px; height: 636px;\" class=\"issuuembed\"><\/div>\n<p><script type=\"text\/javascript\" src=\"\/\/e.issuu.com\/embed.js\" async=\"true\"><\/script><\/p>\n<p>Pour plus d&rsquo;informations : <a href=\"http:\/\/www.vd.ch\/exposition-air\" target=\"_blank\" rel=\"noopener noreferrer\">www.vd.ch\/exposition-air<\/a><\/p>\n","protected":false},"excerpt":{"rendered":"<p>Le\u00a0Direction g\u00e9n\u00e9rale des immeubles et du patrimoine (anciennement SIPaL) associ\u00e9 \u00e0 Equiterre, ont entrepris une d\u00e9marche visant \u00e0 informer les utilisateurs du Gymnase d&rsquo;Yverdon sur les enjeux li\u00e9s \u00e0 la qualit\u00e9 de l&rsquo;air, ceci dans le but d&rsquo;utiliser au mieux le nouveau syst\u00e8me de ventilation mis en place lors des &#8230;<\/p>\n<p> <a class=\"continue-reading-link\" href=\"https:\/\/gymnase-yverdon.ch\/developpementdurable\/page-d-exemple-2\/les-engagements-durables-du-gymnase-dyverdon\/batiments\/exposition-sur-la-ventilation\/\"><span>Continue reading<\/span><i class=\"crycon-right-dir\"><\/i><\/a> <\/p>\n","protected":false},"author":1,"featured_media":0,"parent":18,"menu_order":0,"comment_status":"closed","ping_status":"closed","template":"","meta":{"inline_featured_image":false,"footnotes":""},"class_list":["post-22","page","type-page","status-publish","hentry"],"_links":{"self":[{"href":"https:\/\/gymnase-yverdon.ch\/developpementdurable\/wp-json\/wp\/v2\/pages\/22","targetHints":{"allow":["GET"]}}],"collection":[{"href":"https:\/\/gymnase-yverdon.ch\/developpementdurable\/wp-json\/wp\/v2\/pages"}],"about":[{"href":"https:\/\/gymnase-yverdon.ch\/developpementdurable\/wp-json\/wp\/v2\/types\/page"}],"author":[{"embeddable":true,"href":"https:\/\/gymnase-yverdon.ch\/developpementdurable\/wp-json\/wp\/v2\/users\/1"}],"replies":[{"embeddable":true,"href":"https:\/\/gymnase-yverdon.ch\/developpementdurable\/wp-json\/wp\/v2\/comments?post=22"}],"version-history":[{"count":0,"href":"https:\/\/gymnase-yverdon.ch\/developpementdurable\/wp-json\/wp\/v2\/pages\/22\/revisions"}],"up":[{"embeddable":true,"href":"https:\/\/gymnase-yverdon.ch\/developpementdurable\/wp-json\/wp\/v2\/pages\/18"}],"wp:attachment":[{"href":"https:\/\/gymnase-yverdon.ch\/developpementdurable\/wp-json\/wp\/v2\/media?parent=22"}],"curies":[{"name":"wp","href":"https:\/\/api.w.org\/{rel}","templated":true}]}}