{"id":2198,"date":"2018-03-27T09:30:02","date_gmt":"2018-03-27T08:30:02","guid":{"rendered":"https:\/\/www.gyyv.vd.ch\/developpementdurable\/?page_id=2198"},"modified":"2018-03-27T09:30:02","modified_gmt":"2018-03-27T08:30:02","slug":"les-projets-2017-18","status":"publish","type":"page","link":"https:\/\/gymnase-yverdon.ch\/developpementdurable\/page-d-exemple-2\/etudes-et-recherche\/cours-facultatif-sur-le-dd\/les-projets-2017-18\/","title":{"rendered":"Les projets 2017-18"},"content":{"rendered":"<p>La deuxi\u00e8me vol\u00e9e du <a href=\"https:\/\/www.gyyv.vd.ch\/developpementdurable\/page-d-exemple\/etudes-et-recherche\/cours-facultatif-sur-le-dd\/\">cours fac sur le d\u00e9veloppement durable<\/a> a men\u00e9 diff\u00e9rents projets durant l&rsquo;ann\u00e9e scolaire 2017-18. Ceux-ci ont \u00e9t\u00e9 cr\u00e9\u00e9s \u00e0 l&rsquo;initiative des \u00e9tudiant-e-s et ce sont eux qui les ont men\u00e9s \u00e0 bien tout au long de l&rsquo;ann\u00e9e scolaire pour finalement en pr\u00e9senter les r\u00e9sultats lors de la <a href=\"https:\/\/www.gyyv.vd.ch\/journeedelaterre\/?page_id=653\">3e Journ\u00e9e de la Terre nourrici\u00e8re<\/a> au Gymnase d&rsquo;Yverdon. Vous trouverez ci-dessous une description des projets et leurs liens avec les <a href=\"http:\/\/www.un.org\/sustainabledevelopment\/fr\/objectifs-de-developpement-durable\/\" target=\"_blank\" rel=\"noopener noreferrer\">Objectifs de D\u00e9veloppement Durable<\/a> (ODD) 2015-30 de l&rsquo;ONU.<\/p>\n<p><em><strong>Etudiant-e-s de la classe du <a href=\"https:\/\/www.gyyv.vd.ch\/developpementdurable\/page-d-exemple\/etudes-et-recherche\/cours-facultatif-sur-le-dd\/\">cours fac sur le d\u00e9veloppement durable 2017-18<\/a><\/strong><\/em><\/p>\n<p style=\"text-align: center\"><a href=\"http:\/\/gymnase-yverdon.ch\/developpementdurable\/wp-content\/uploads\/sites\/5\/2018\/04\/IMG_0277-2-2.jpg\"><img loading=\"lazy\" decoding=\"async\" class=\"alignnone size-full wp-image-2297\" src=\"http:\/\/gymnase-yverdon.ch\/developpementdurable\/wp-content\/uploads\/sites\/5\/2018\/04\/IMG_0277-2-2.jpg\" alt=\"\" width=\"640\" height=\"480\" \/><\/a><\/p>\n<p>(De g. \u00e0 dr.)\u00a0 Ma\u00eft\u00e9 Perakis, Zo\u00e9 Vuilleumier, C\u00e9dric L&rsquo;Her, Pauline Chevalley, Sara Reinhard; Christian Henchoz (Photo C. Henchoz)<\/p>\n<p>Voici les projets men\u00e9s par les \u00e9tudiant-e-s du cours fac de d\u00e9veloppement durable 2017-18 :<\/p>\n<table>\n<tbody>\n<tr>\n<td width=\"56\"><strong>Groupe N\u00b0<\/strong><\/td>\n<td width=\"57\"><strong>Noms<\/strong><\/td>\n<td width=\"126\"><a href=\"http:\/\/www.un.org\/sustainabledevelopment\/fr\/objectifs-de-developpement-durable\/\" target=\"_blank\" rel=\"noopener noreferrer\"><img loading=\"lazy\" decoding=\"async\" class=\"size-full wp-image-1634 aligncenter\" src=\"http:\/\/gymnase-yverdon.ch\/developpementdurable\/wp-content\/uploads\/sites\/5\/2016\/12\/Logo-Objectifs-du-Developpement-Durable-2-2.png\" alt=\"\" width=\"113\" height=\"113\" \/><\/a><\/td>\n<td width=\"253\"><strong>Description du projet<\/strong><\/td>\n<\/tr>\n<tr>\n<td width=\"56\">1<\/td>\n<td style=\"text-align: center\" width=\"57\">Sara<\/td>\n<td style=\"text-align: center\" width=\"126\">7<\/td>\n<td width=\"253\">Installation d&rsquo;un v\u00e9lo qui permet de recharger son t\u00e9l\u00e9phone portable dans le but de sensibiliser \u00e0 la production \u00e9nerg\u00e9tique et promouvoir la sant\u00e9. <a href=\"https:\/\/www.gyyv.vd.ch\/developpementdurable\/2018\/05\/14\/pedaler-pour-seloigner-des-energies-fossiles\/\">Plus d&rsquo;informations&#8230;<\/a><\/td>\n<\/tr>\n<tr>\n<td width=\"56\">2<\/td>\n<td width=\"57\">Mait\u00e9 et Zo\u00e9<\/td>\n<td style=\"text-align: center\" width=\"126\">4, 12<\/td>\n<td width=\"253\">Mise sur pied d&rsquo;un projet \u00e9ducatif \u00e0 l&rsquo;\u00e9cole secondaire visant \u00e0 sensibiliser les \u00e9l\u00e8ves au gaspillage vestimentaire dans le but de r\u00e9colter des habits et des livres pour soutenir un orphelinat au Togo. <a href=\"https:\/\/www.gyyv.vd.ch\/developpementdurable\/2018\/05\/14\/collecte-dhabits-pour-un-orphelinat-au-togo\/\">Plus d&rsquo;informations&#8230;<\/a><\/td>\n<\/tr>\n<tr>\n<td width=\"56\">3<\/td>\n<td width=\"57\">\u00a0Pauline<\/td>\n<td style=\"text-align: center\" width=\"126\">\u00a06, 12<\/td>\n<td width=\"253\">\u00a0Cr\u00e9ation d&rsquo;un jardin en permaculture en collaboration avec le <a href=\"https:\/\/www.pronatura-champ-pittet.ch\/fr\" target=\"_blank\" rel=\"noopener noreferrer\">centre Pro-Natura de Champittet<\/a>. <a href=\"https:\/\/www.gyyv.vd.ch\/developpementdurable\/2018\/05\/14\/agriculture-durable-jardin-en-permaculture\/\">Plus d&rsquo;informations&#8230;<\/a><\/td>\n<\/tr>\n<tr>\n<td width=\"56\"><\/td>\n<td width=\"57\"><\/td>\n<td style=\"text-align: center\" width=\"126\"><\/td>\n<td width=\"253\"><\/td>\n<\/tr>\n<tr>\n<td width=\"56\"><\/td>\n<td width=\"57\"><\/td>\n<td style=\"text-align: center\" width=\"126\"><\/td>\n<td width=\"253\"><\/td>\n<\/tr>\n<tr>\n<td width=\"56\"><\/td>\n<td width=\"57\"><\/td>\n<td style=\"text-align: center\" width=\"126\"><\/td>\n<td width=\"253\"><\/td>\n<\/tr>\n<tr>\n<td width=\"56\"><\/td>\n<td width=\"57\"><\/td>\n<td style=\"text-align: center\" width=\"126\"><\/td>\n<td width=\"253\"><\/td>\n<\/tr>\n<\/tbody>\n<\/table>\n","protected":false},"excerpt":{"rendered":"<p>La deuxi\u00e8me vol\u00e9e du cours fac sur le d\u00e9veloppement durable a men\u00e9 diff\u00e9rents projets durant l&rsquo;ann\u00e9e scolaire 2017-18. Ceux-ci ont \u00e9t\u00e9 cr\u00e9\u00e9s \u00e0 l&rsquo;initiative des \u00e9tudiant-e-s et ce sont eux qui les ont men\u00e9s \u00e0 bien tout au long de l&rsquo;ann\u00e9e scolaire pour finalement en pr\u00e9senter les r\u00e9sultats lors de &#8230;<\/p>\n<p> <a class=\"continue-reading-link\" href=\"https:\/\/gymnase-yverdon.ch\/developpementdurable\/page-d-exemple-2\/etudes-et-recherche\/cours-facultatif-sur-le-dd\/les-projets-2017-18\/\"><span>Continue reading<\/span><i class=\"crycon-right-dir\"><\/i><\/a> <\/p>\n","protected":false},"author":13,"featured_media":0,"parent":558,"menu_order":0,"comment_status":"closed","ping_status":"closed","template":"","meta":{"inline_featured_image":false,"footnotes":""},"class_list":["post-2198","page","type-page","status-publish","hentry"],"_links":{"self":[{"href":"https:\/\/gymnase-yverdon.ch\/developpementdurable\/wp-json\/wp\/v2\/pages\/2198","targetHints":{"allow":["GET"]}}],"collection":[{"href":"https:\/\/gymnase-yverdon.ch\/developpementdurable\/wp-json\/wp\/v2\/pages"}],"about":[{"href":"https:\/\/gymnase-yverdon.ch\/developpementdurable\/wp-json\/wp\/v2\/types\/page"}],"author":[{"embeddable":true,"href":"https:\/\/gymnase-yverdon.ch\/developpementdurable\/wp-json\/wp\/v2\/users\/13"}],"replies":[{"embeddable":true,"href":"https:\/\/gymnase-yverdon.ch\/developpementdurable\/wp-json\/wp\/v2\/comments?post=2198"}],"version-history":[{"count":0,"href":"https:\/\/gymnase-yverdon.ch\/developpementdurable\/wp-json\/wp\/v2\/pages\/2198\/revisions"}],"up":[{"embeddable":true,"href":"https:\/\/gymnase-yverdon.ch\/developpementdurable\/wp-json\/wp\/v2\/pages\/558"}],"wp:attachment":[{"href":"https:\/\/gymnase-yverdon.ch\/developpementdurable\/wp-json\/wp\/v2\/media?parent=2198"}],"curies":[{"name":"wp","href":"https:\/\/api.w.org\/{rel}","templated":true}]}}