{"id":2127,"date":"2017-06-09T12:02:40","date_gmt":"2017-06-09T11:02:40","guid":{"rendered":"https:\/\/www.gyyv.vd.ch\/developpementdurable\/?page_id=2127"},"modified":"2017-06-09T12:02:40","modified_gmt":"2017-06-09T11:02:40","slug":"alternatyv-2016","status":"publish","type":"page","link":"https:\/\/gymnase-yverdon.ch\/developpementdurable\/page-d-exemple-2\/sengager\/festival-alternatyv\/alternatyv-2016\/","title":{"rendered":"AlternatYv 2016"},"content":{"rendered":"<p style=\"text-align: center\">\u00a0\u00a0 <a href=\"http:\/\/gymnase-yverdon.ch\/developpementdurable\/wp-content\/uploads\/sites\/5\/2016\/05\/TN2m_037-2-2.jpg\"><img loading=\"lazy\" decoding=\"async\" class=\"alignnone  wp-image-1346\" src=\"http:\/\/gymnase-yverdon.ch\/developpementdurable\/wp-content\/uploads\/sites\/5\/2016\/05\/TN2m_037-2-2.jpg\" alt=\"\" width=\"456\" height=\"304\" \/><\/a><\/p>\n<p style=\"text-align: center\">Roman Perceval (ukulele fabriqu\u00e9 \u00e0 partir de d\u00e9chets recycl\u00e9s) et Ella-Mona Chevalley (oeuvres d&rsquo;arts \u00e0 partir de d\u00e9chets recycl\u00e9s) (Photo D. Domeniconi)<\/p>\n<p>Fort de l&rsquo;engagement de plusieurs enseignant-e-s et \u00e9tudiant-e-s dans le domaine du d\u00e9veloppement durable, le Gymnase d&rsquo;Yverdon se r\u00e9jouit de prendre part au festival AternatYv en pr\u00e9sentant les travaux d&rsquo;\u00e9tudiant-e-s r\u00e9alis\u00e9s dans le cadre de l&rsquo;<a href=\"https:\/\/www.gyyv.vd.ch\/developpementdurable\/page-d-exemple\/etudes-et-recherche\/geographie\/oc-2015-16\/\">option compl\u00e9mentaire de g\u00e9ographie 2015-16<\/a> :<\/p>\n<ul>\n<li><strong>Roman Perceval<\/strong> et son <a href=\"https:\/\/www.gyyv.vd.ch\/developpementdurable\/page-d-exemple\/laboratoire-de-la-durabilite\/films-sur-le-developpement-durable\/fabrication-dun-ukulele\/\">ukulele<\/a> fabriqu\u00e9 \u00e0 partir de la r\u00e9cup\u00e9ration de d\u00e9chets ainsi que ses tutoriels pour en faire de m\u00eame;<\/li>\n<li><strong>Romane Claustre<\/strong> qui fabrique elle-m\u00eame ses produits cosm\u00e9tiques et propose des recettes sur sa page <a href=\"https:\/\/www.gyyv.vd.ch\/developpementdurable\/page-d-exemple\/laboratoire-de-la-durabilite\/des-solutions-concretes\/consommactrice\/\">Facebook<\/a>;<\/li>\n<li><strong>Ella-Mona Chevalley<\/strong> et ses <a href=\"https:\/\/www.gyyv.vd.ch\/developpementdurable\/2016\/05\/07\/a-la-croisee-de-lart-et-de-lenvironnement\/\">cr\u00e9ations artistiques<\/a> \u00e0 partir de la r\u00e9cup\u00e9ration de d\u00e9chets;<\/li>\n<li><strong>Nadia Rytz<\/strong> qui propose des <a href=\"https:\/\/www.gyyv.vd.ch\/developpementdurable\/2016\/05\/22\/des-peintures-locales-pour-une-prise-de-conscience-globale\/\">peintures murales<\/a> pour faire prendre conscience des enjeux du 21e si\u00e8cle;<\/li>\n<li><strong>Hugo Simon<\/strong> et <strong>Thomas Rytz<\/strong> qui ont cr\u00e9\u00e9 une <a href=\"https:\/\/www.gyyv.vd.ch\/developpementdurable\/page-d-exemple\/laboratoire-de-la-durabilite\/films-sur-le-developpement-durable\/publicite-espoir-dhugo-simon-et-thomas-rytz\/\">publicit\u00e9<\/a> pour sensibiliser le public aux d\u00e9chets;<\/li>\n<li><strong>Caroline Bise<\/strong> qui a mis sur pied un <a href=\"https:\/\/www.gyyv.vd.ch\/developpementdurable\/2016\/05\/10\/agir-contre-le-gaspillage-textile\/\">atelier<\/a> visant \u00e0 lutter contre le gaspillage textile.<\/li>\n<\/ul>\n\n\t\t<style type=\"text\/css\">\n\t\t\t#gallery-1 {\n\t\t\t\tmargin: auto;\n\t\t\t}\n\t\t\t#gallery-1 .gallery-item {\n\t\t\t\tfloat: left;\n\t\t\t\tmargin-top: 10px;\n\t\t\t\ttext-align: center;\n\t\t\t\twidth: 33%;\n\t\t\t}\n\t\t\t#gallery-1 img {\n\t\t\t\tborder: 2px solid #cfcfcf;\n\t\t\t}\n\t\t\t#gallery-1 .gallery-caption {\n\t\t\t\tmargin-left: 0;\n\t\t\t}\n\t\t\t\/* see gallery_shortcode() in wp-includes\/media.php *\/\n\t\t<\/style>\n\t\t<div id='gallery-1' class='gallery galleryid-2127 gallery-columns-3 gallery-size-medium'><dl class='gallery-item'>\n\t\t\t<dt class='gallery-icon portrait'>\n\t\t\t\t<a href='https:\/\/gymnase-yverdon.ch\/developpementdurable\/wp-content\/uploads\/sites\/5\/2016\/09\/IMG_0756-2-scaled-1.jpeg'><img loading=\"lazy\" decoding=\"async\" width=\"224\" height=\"300\" src=\"https:\/\/gymnase-yverdon.ch\/developpementdurable\/wp-content\/uploads\/sites\/5\/2016\/09\/IMG_0756-2-scaled-1-224x300.jpeg\" class=\"attachment-medium size-medium\" alt=\"\" aria-describedby=\"gallery-1-1416\" srcset=\"https:\/\/gymnase-yverdon.ch\/developpementdurable\/wp-content\/uploads\/sites\/5\/2016\/09\/IMG_0756-2-scaled-1-224x300.jpeg 224w, https:\/\/gymnase-yverdon.ch\/developpementdurable\/wp-content\/uploads\/sites\/5\/2016\/09\/IMG_0756-2-scaled-1-765x1024.jpeg 765w, https:\/\/gymnase-yverdon.ch\/developpementdurable\/wp-content\/uploads\/sites\/5\/2016\/09\/IMG_0756-2-scaled-1-768x1028.jpeg 768w, https:\/\/gymnase-yverdon.ch\/developpementdurable\/wp-content\/uploads\/sites\/5\/2016\/09\/IMG_0756-2-scaled-1-1147x1536.jpeg 1147w, https:\/\/gymnase-yverdon.ch\/developpementdurable\/wp-content\/uploads\/sites\/5\/2016\/09\/IMG_0756-2-scaled-1-1530x2048.jpeg 1530w, https:\/\/gymnase-yverdon.ch\/developpementdurable\/wp-content\/uploads\/sites\/5\/2016\/09\/IMG_0756-2-scaled-1.jpeg 1912w\" sizes=\"auto, (max-width: 224px) 100vw, 224px\" \/><\/a>\n\t\t\t<\/dt>\n\t\t\t\t<dd class='wp-caption-text gallery-caption' id='gallery-1-1416'>\n\t\t\t\tRomane Claustre et ses produits cosm\u00e9tiques faits maison \u00e0 partir d&rsquo;ingr\u00e9dients naturels.\n\t\t\t\t<\/dd><\/dl><dl class='gallery-item'>\n\t\t\t<dt class='gallery-icon portrait'>\n\t\t\t\t<a href='https:\/\/gymnase-yverdon.ch\/developpementdurable\/wp-content\/uploads\/sites\/5\/2016\/09\/IMG_0746-2-scaled-1.jpeg'><img loading=\"lazy\" decoding=\"async\" width=\"224\" height=\"300\" src=\"https:\/\/gymnase-yverdon.ch\/developpementdurable\/wp-content\/uploads\/sites\/5\/2016\/09\/IMG_0746-2-scaled-1-224x300.jpeg\" class=\"attachment-medium size-medium\" alt=\"\" aria-describedby=\"gallery-1-1414\" srcset=\"https:\/\/gymnase-yverdon.ch\/developpementdurable\/wp-content\/uploads\/sites\/5\/2016\/09\/IMG_0746-2-scaled-1-224x300.jpeg 224w, https:\/\/gymnase-yverdon.ch\/developpementdurable\/wp-content\/uploads\/sites\/5\/2016\/09\/IMG_0746-2-scaled-1-765x1024.jpeg 765w, https:\/\/gymnase-yverdon.ch\/developpementdurable\/wp-content\/uploads\/sites\/5\/2016\/09\/IMG_0746-2-scaled-1-768x1028.jpeg 768w, https:\/\/gymnase-yverdon.ch\/developpementdurable\/wp-content\/uploads\/sites\/5\/2016\/09\/IMG_0746-2-scaled-1-1147x1536.jpeg 1147w, https:\/\/gymnase-yverdon.ch\/developpementdurable\/wp-content\/uploads\/sites\/5\/2016\/09\/IMG_0746-2-scaled-1-1530x2048.jpeg 1530w, https:\/\/gymnase-yverdon.ch\/developpementdurable\/wp-content\/uploads\/sites\/5\/2016\/09\/IMG_0746-2-scaled-1.jpeg 1912w\" sizes=\"auto, (max-width: 224px) 100vw, 224px\" \/><\/a>\n\t\t\t<\/dt>\n\t\t\t\t<dd class='wp-caption-text gallery-caption' id='gallery-1-1414'>\n\t\t\t\tCaroline Bise pr\u00e9sentant ses habits fabriqu\u00e9s \u00e0 partir de d\u00e9chets textiles.\n\t\t\t\t<\/dd><\/dl><dl class='gallery-item'>\n\t\t\t<dt class='gallery-icon portrait'>\n\t\t\t\t<a href='https:\/\/gymnase-yverdon.ch\/developpementdurable\/wp-content\/uploads\/sites\/5\/2016\/09\/IMG_0745-2-scaled-1.jpeg'><img loading=\"lazy\" decoding=\"async\" width=\"224\" height=\"300\" src=\"https:\/\/gymnase-yverdon.ch\/developpementdurable\/wp-content\/uploads\/sites\/5\/2016\/09\/IMG_0745-2-scaled-1-224x300.jpeg\" class=\"attachment-medium size-medium\" alt=\"\" aria-describedby=\"gallery-1-1413\" srcset=\"https:\/\/gymnase-yverdon.ch\/developpementdurable\/wp-content\/uploads\/sites\/5\/2016\/09\/IMG_0745-2-scaled-1-224x300.jpeg 224w, https:\/\/gymnase-yverdon.ch\/developpementdurable\/wp-content\/uploads\/sites\/5\/2016\/09\/IMG_0745-2-scaled-1-765x1024.jpeg 765w, https:\/\/gymnase-yverdon.ch\/developpementdurable\/wp-content\/uploads\/sites\/5\/2016\/09\/IMG_0745-2-scaled-1-768x1028.jpeg 768w, https:\/\/gymnase-yverdon.ch\/developpementdurable\/wp-content\/uploads\/sites\/5\/2016\/09\/IMG_0745-2-scaled-1-1147x1536.jpeg 1147w, https:\/\/gymnase-yverdon.ch\/developpementdurable\/wp-content\/uploads\/sites\/5\/2016\/09\/IMG_0745-2-scaled-1-1530x2048.jpeg 1530w, https:\/\/gymnase-yverdon.ch\/developpementdurable\/wp-content\/uploads\/sites\/5\/2016\/09\/IMG_0745-2-scaled-1.jpeg 1912w\" sizes=\"auto, (max-width: 224px) 100vw, 224px\" \/><\/a>\n\t\t\t<\/dt>\n\t\t\t\t<dd class='wp-caption-text gallery-caption' id='gallery-1-1413'>\n\t\t\t\tRoman Perceval et son ukulele construit \u00e0 l&rsquo;aide de d\u00e9chets recycl\u00e9s.\n\t\t\t\t<\/dd><\/dl><br style=\"clear: both\" \/><dl class='gallery-item'>\n\t\t\t<dt class='gallery-icon landscape'>\n\t\t\t\t<a href='https:\/\/gymnase-yverdon.ch\/developpementdurable\/wp-content\/uploads\/sites\/5\/2016\/05\/01-Caroline-2.jpg'><img loading=\"lazy\" decoding=\"async\" width=\"300\" height=\"287\" src=\"https:\/\/gymnase-yverdon.ch\/developpementdurable\/wp-content\/uploads\/sites\/5\/2016\/05\/01-Caroline-2-300x287.jpg\" class=\"attachment-medium size-medium\" alt=\"\" aria-describedby=\"gallery-1-1268\" srcset=\"https:\/\/gymnase-yverdon.ch\/developpementdurable\/wp-content\/uploads\/sites\/5\/2016\/05\/01-Caroline-2-300x287.jpg 300w, https:\/\/gymnase-yverdon.ch\/developpementdurable\/wp-content\/uploads\/sites\/5\/2016\/05\/01-Caroline-2.jpg 501w\" sizes=\"auto, (max-width: 300px) 100vw, 300px\" \/><\/a>\n\t\t\t<\/dt>\n\t\t\t\t<dd class='wp-caption-text gallery-caption' id='gallery-1-1268'>\n\t\t\t\tLe travail d&rsquo;une \u00e9coli\u00e8re qui a recycl\u00e9 un short pour en faire un sac \u00e0 main (sous la supervision de Caroline Bise)\n\t\t\t\t<\/dd><\/dl><dl class='gallery-item'>\n\t\t\t<dt class='gallery-icon landscape'>\n\t\t\t\t<a href='https:\/\/gymnase-yverdon.ch\/developpementdurable\/wp-content\/uploads\/sites\/5\/2016\/05\/DSC_2859-2.jpg'><img loading=\"lazy\" decoding=\"async\" width=\"300\" height=\"199\" src=\"https:\/\/gymnase-yverdon.ch\/developpementdurable\/wp-content\/uploads\/sites\/5\/2016\/05\/DSC_2859-2-300x199.jpg\" class=\"attachment-medium size-medium\" alt=\"\" aria-describedby=\"gallery-1-1247\" srcset=\"https:\/\/gymnase-yverdon.ch\/developpementdurable\/wp-content\/uploads\/sites\/5\/2016\/05\/DSC_2859-2-300x199.jpg 300w, https:\/\/gymnase-yverdon.ch\/developpementdurable\/wp-content\/uploads\/sites\/5\/2016\/05\/DSC_2859-2.jpg 640w\" sizes=\"auto, (max-width: 300px) 100vw, 300px\" \/><\/a>\n\t\t\t<\/dt>\n\t\t\t\t<dd class='wp-caption-text gallery-caption' id='gallery-1-1247'>\n\t\t\t\tOeuvre d&rsquo;art d&rsquo;Ella-Mona Chevalley.\n\t\t\t\t<\/dd><\/dl><dl class='gallery-item'>\n\t\t\t<dt class='gallery-icon portrait'>\n\t\t\t\t<a href='https:\/\/gymnase-yverdon.ch\/developpementdurable\/wp-content\/uploads\/sites\/5\/2016\/05\/DSC_2844-2.jpg'><img loading=\"lazy\" decoding=\"async\" width=\"264\" height=\"300\" src=\"https:\/\/gymnase-yverdon.ch\/developpementdurable\/wp-content\/uploads\/sites\/5\/2016\/05\/DSC_2844-2-264x300.jpg\" class=\"attachment-medium size-medium\" alt=\"\" aria-describedby=\"gallery-1-1244\" srcset=\"https:\/\/gymnase-yverdon.ch\/developpementdurable\/wp-content\/uploads\/sites\/5\/2016\/05\/DSC_2844-2-264x300.jpg 264w, https:\/\/gymnase-yverdon.ch\/developpementdurable\/wp-content\/uploads\/sites\/5\/2016\/05\/DSC_2844-2.jpg 564w\" sizes=\"auto, (max-width: 264px) 100vw, 264px\" \/><\/a>\n\t\t\t<\/dt>\n\t\t\t\t<dd class='wp-caption-text gallery-caption' id='gallery-1-1244'>\n\t\t\t\tOeuvre d&rsquo;art d&rsquo;Ella-Mona Chevalley.\n\t\t\t\t<\/dd><\/dl><br style=\"clear: both\" \/><dl class='gallery-item'>\n\t\t\t<dt class='gallery-icon landscape'>\n\t\t\t\t<a href='https:\/\/gymnase-yverdon.ch\/developpementdurable\/wp-content\/uploads\/sites\/5\/2016\/05\/DSC_2855-2.jpg'><img loading=\"lazy\" decoding=\"async\" width=\"300\" height=\"199\" src=\"https:\/\/gymnase-yverdon.ch\/developpementdurable\/wp-content\/uploads\/sites\/5\/2016\/05\/DSC_2855-2-300x199.jpg\" class=\"attachment-medium size-medium\" alt=\"\" aria-describedby=\"gallery-1-1245\" srcset=\"https:\/\/gymnase-yverdon.ch\/developpementdurable\/wp-content\/uploads\/sites\/5\/2016\/05\/DSC_2855-2-300x199.jpg 300w, https:\/\/gymnase-yverdon.ch\/developpementdurable\/wp-content\/uploads\/sites\/5\/2016\/05\/DSC_2855-2.jpg 640w\" sizes=\"auto, (max-width: 300px) 100vw, 300px\" \/><\/a>\n\t\t\t<\/dt>\n\t\t\t\t<dd class='wp-caption-text gallery-caption' id='gallery-1-1245'>\n\t\t\t\tOeuvre d&rsquo;art d&rsquo;Ella-Mona Chevalley.\n\t\t\t\t<\/dd><\/dl><dl class='gallery-item'>\n\t\t\t<dt class='gallery-icon landscape'>\n\t\t\t\t<a href='https:\/\/gymnase-yverdon.ch\/developpementdurable\/wp-content\/uploads\/sites\/5\/2016\/05\/DSC_2839-2.jpg'><img loading=\"lazy\" decoding=\"async\" width=\"300\" height=\"207\" src=\"https:\/\/gymnase-yverdon.ch\/developpementdurable\/wp-content\/uploads\/sites\/5\/2016\/05\/DSC_2839-2-300x207.jpg\" class=\"attachment-medium size-medium\" alt=\"\" aria-describedby=\"gallery-1-1243\" srcset=\"https:\/\/gymnase-yverdon.ch\/developpementdurable\/wp-content\/uploads\/sites\/5\/2016\/05\/DSC_2839-2-300x207.jpg 300w, https:\/\/gymnase-yverdon.ch\/developpementdurable\/wp-content\/uploads\/sites\/5\/2016\/05\/DSC_2839-2.jpg 640w\" sizes=\"auto, (max-width: 300px) 100vw, 300px\" \/><\/a>\n\t\t\t<\/dt>\n\t\t\t\t<dd class='wp-caption-text gallery-caption' id='gallery-1-1243'>\n\t\t\t\tOeuvre d&rsquo;art d&rsquo;Ella-Mona Chevalley.\n\t\t\t\t<\/dd><\/dl><dl class='gallery-item'>\n\t\t\t<dt class='gallery-icon portrait'>\n\t\t\t\t<a href='https:\/\/gymnase-yverdon.ch\/developpementdurable\/wp-content\/uploads\/sites\/5\/2016\/05\/DSC_2821-2.jpg'><img loading=\"lazy\" decoding=\"async\" width=\"199\" height=\"300\" src=\"https:\/\/gymnase-yverdon.ch\/developpementdurable\/wp-content\/uploads\/sites\/5\/2016\/05\/DSC_2821-2-199x300.jpg\" class=\"attachment-medium size-medium\" alt=\"\" aria-describedby=\"gallery-1-1242\" srcset=\"https:\/\/gymnase-yverdon.ch\/developpementdurable\/wp-content\/uploads\/sites\/5\/2016\/05\/DSC_2821-2-199x300.jpg 199w, https:\/\/gymnase-yverdon.ch\/developpementdurable\/wp-content\/uploads\/sites\/5\/2016\/05\/DSC_2821-2.jpg 424w\" sizes=\"auto, (max-width: 199px) 100vw, 199px\" \/><\/a>\n\t\t\t<\/dt>\n\t\t\t\t<dd class='wp-caption-text gallery-caption' id='gallery-1-1242'>\n\t\t\t\tOeuvre d&rsquo;art d&rsquo;Ella-Mona Chevalley.\n\t\t\t\t<\/dd><\/dl><br style=\"clear: both\" \/><dl class='gallery-item'>\n\t\t\t<dt class='gallery-icon portrait'>\n\t\t\t\t<a href='https:\/\/gymnase-yverdon.ch\/developpementdurable\/wp-content\/uploads\/sites\/5\/2016\/05\/DSC_2805-2.jpg'><img loading=\"lazy\" decoding=\"async\" width=\"278\" height=\"300\" src=\"https:\/\/gymnase-yverdon.ch\/developpementdurable\/wp-content\/uploads\/sites\/5\/2016\/05\/DSC_2805-2-278x300.jpg\" class=\"attachment-medium size-medium\" alt=\"\" aria-describedby=\"gallery-1-1241\" srcset=\"https:\/\/gymnase-yverdon.ch\/developpementdurable\/wp-content\/uploads\/sites\/5\/2016\/05\/DSC_2805-2-278x300.jpg 278w, https:\/\/gymnase-yverdon.ch\/developpementdurable\/wp-content\/uploads\/sites\/5\/2016\/05\/DSC_2805-2.jpg 592w\" sizes=\"auto, (max-width: 278px) 100vw, 278px\" \/><\/a>\n\t\t\t<\/dt>\n\t\t\t\t<dd class='wp-caption-text gallery-caption' id='gallery-1-1241'>\n\t\t\t\tOeuvre d&rsquo;art d&rsquo;Ella-Mona Chevalley.\n\t\t\t\t<\/dd><\/dl><dl class='gallery-item'>\n\t\t\t<dt class='gallery-icon portrait'>\n\t\t\t\t<a href='https:\/\/gymnase-yverdon.ch\/developpementdurable\/wp-content\/uploads\/sites\/5\/2016\/05\/DSC_2744-2.jpg'><img loading=\"lazy\" decoding=\"async\" width=\"199\" height=\"300\" src=\"https:\/\/gymnase-yverdon.ch\/developpementdurable\/wp-content\/uploads\/sites\/5\/2016\/05\/DSC_2744-2-199x300.jpg\" class=\"attachment-medium size-medium\" alt=\"\" aria-describedby=\"gallery-1-1239\" srcset=\"https:\/\/gymnase-yverdon.ch\/developpementdurable\/wp-content\/uploads\/sites\/5\/2016\/05\/DSC_2744-2-199x300.jpg 199w, https:\/\/gymnase-yverdon.ch\/developpementdurable\/wp-content\/uploads\/sites\/5\/2016\/05\/DSC_2744-2.jpg 424w\" sizes=\"auto, (max-width: 199px) 100vw, 199px\" \/><\/a>\n\t\t\t<\/dt>\n\t\t\t\t<dd class='wp-caption-text gallery-caption' id='gallery-1-1239'>\n\t\t\t\tOeuvre d&rsquo;art d&rsquo;Ella-Mona Chevalley.\n\t\t\t\t<\/dd><\/dl><dl class='gallery-item'>\n\t\t\t<dt class='gallery-icon landscape'>\n\t\t\t\t<a href='https:\/\/gymnase-yverdon.ch\/developpementdurable\/wp-content\/uploads\/sites\/5\/2016\/05\/DSC_2728-2.jpg'><img loading=\"lazy\" decoding=\"async\" width=\"300\" height=\"209\" src=\"https:\/\/gymnase-yverdon.ch\/developpementdurable\/wp-content\/uploads\/sites\/5\/2016\/05\/DSC_2728-2-300x209.jpg\" class=\"attachment-medium size-medium\" alt=\"\" aria-describedby=\"gallery-1-1238\" srcset=\"https:\/\/gymnase-yverdon.ch\/developpementdurable\/wp-content\/uploads\/sites\/5\/2016\/05\/DSC_2728-2-300x209.jpg 300w, https:\/\/gymnase-yverdon.ch\/developpementdurable\/wp-content\/uploads\/sites\/5\/2016\/05\/DSC_2728-2.jpg 640w\" sizes=\"auto, (max-width: 300px) 100vw, 300px\" \/><\/a>\n\t\t\t<\/dt>\n\t\t\t\t<dd class='wp-caption-text gallery-caption' id='gallery-1-1238'>\n\t\t\t\tOeuvre d&rsquo;art d&rsquo;Ella-Mona Chevalley.\n\t\t\t\t<\/dd><\/dl><br style=\"clear: both\" \/>\n\t\t<\/div>\n\n","protected":false},"excerpt":{"rendered":"<p>\u00a0\u00a0 Roman Perceval (ukulele fabriqu\u00e9 \u00e0 partir de d\u00e9chets recycl\u00e9s) et Ella-Mona Chevalley (oeuvres d&rsquo;arts \u00e0 partir de d\u00e9chets recycl\u00e9s) (Photo D. Domeniconi) Fort de l&rsquo;engagement de plusieurs enseignant-e-s et \u00e9tudiant-e-s dans le domaine du d\u00e9veloppement durable, le Gymnase d&rsquo;Yverdon se r\u00e9jouit de prendre part au festival AternatYv en pr\u00e9sentant &#8230;<\/p>\n<p> <a class=\"continue-reading-link\" href=\"https:\/\/gymnase-yverdon.ch\/developpementdurable\/page-d-exemple-2\/sengager\/festival-alternatyv\/alternatyv-2016\/\"><span>Continue reading<\/span><i class=\"crycon-right-dir\"><\/i><\/a> <\/p>\n","protected":false},"author":13,"featured_media":0,"parent":395,"menu_order":0,"comment_status":"closed","ping_status":"closed","template":"","meta":{"inline_featured_image":false,"footnotes":""},"class_list":["post-2127","page","type-page","status-publish","hentry"],"_links":{"self":[{"href":"https:\/\/gymnase-yverdon.ch\/developpementdurable\/wp-json\/wp\/v2\/pages\/2127","targetHints":{"allow":["GET"]}}],"collection":[{"href":"https:\/\/gymnase-yverdon.ch\/developpementdurable\/wp-json\/wp\/v2\/pages"}],"about":[{"href":"https:\/\/gymnase-yverdon.ch\/developpementdurable\/wp-json\/wp\/v2\/types\/page"}],"author":[{"embeddable":true,"href":"https:\/\/gymnase-yverdon.ch\/developpementdurable\/wp-json\/wp\/v2\/users\/13"}],"replies":[{"embeddable":true,"href":"https:\/\/gymnase-yverdon.ch\/developpementdurable\/wp-json\/wp\/v2\/comments?post=2127"}],"version-history":[{"count":0,"href":"https:\/\/gymnase-yverdon.ch\/developpementdurable\/wp-json\/wp\/v2\/pages\/2127\/revisions"}],"up":[{"embeddable":true,"href":"https:\/\/gymnase-yverdon.ch\/developpementdurable\/wp-json\/wp\/v2\/pages\/395"}],"wp:attachment":[{"href":"https:\/\/gymnase-yverdon.ch\/developpementdurable\/wp-json\/wp\/v2\/media?parent=2127"}],"curies":[{"name":"wp","href":"https:\/\/api.w.org\/{rel}","templated":true}]}}