{"id":1932,"date":"2017-04-28T15:10:01","date_gmt":"2017-04-28T14:10:01","guid":{"rendered":"https:\/\/www.gyyv.vd.ch\/developpementdurable\/?page_id=1932"},"modified":"2017-04-28T15:10:01","modified_gmt":"2017-04-28T14:10:01","slug":"cyberharcelement","status":"publish","type":"page","link":"https:\/\/gymnase-yverdon.ch\/developpementdurable\/page-d-exemple-2\/les-engagements-durables-du-gymnase-dyverdon\/cyberharcelement\/","title":{"rendered":"Cyberharc\u00e8lement"},"content":{"rendered":"<p>Comme le signale le <a href=\"http:\/\/www.un.org\/sustainabledevelopment\/fr\/health\/\" target=\"_blank\" rel=\"noopener noreferrer\">3e objectif de d\u00e9veloppement durable de l&rsquo;ONU<\/a>, \u00ab\u00a0Donner les moyens de vivre une vie saine et promouvoir le bien-\u00eatre de tous \u00e0 tous les \u00e2ges est essentiel pour le d\u00e9veloppement durable.\u00a0\u00bb En ce sens, le gymnase d&rsquo;Yverdon s&rsquo;engage \u00e0 sensibiliser les \u00e9tudiant-e-s \u00e0 un ph\u00e9nom\u00e8ne qui prend de plus en plus d&rsquo;ampleur et dont les cons\u00e9quences sont parfois dramatiques : le cyberharc\u00e8lement.<\/p>\n<p>Selon la plateforme \u00ab\u00a0<a href=\"https:\/\/www.jeunesetmedias.ch\/themes\/cyberharcelement-ridiculiser-et-demolir\" target=\"_blank\" rel=\"noopener noreferrer\">Jeunes et m\u00e9dias<\/a>\u00ab\u00a0, le <a href=\"https:\/\/fr.wikipedia.org\/wiki\/Cyberharc%C3%A8lement\" target=\"_blank\" rel=\"noopener noreferrer\">cyberharc\u00e8lement<\/a> est une forme de harc\u00e8lement qui se produit sur internet au travers duquel une \u00ab\u00a0victime est insult\u00e9e, menac\u00e9e ou rackett\u00e9e, directement ou par le biais de pressions psychologiques. Elle est la cible de diffamations, de calomnies et de rumeurs. Les cons\u00e9quences pour la victime peuvent \u00eatre graves : perte de confiance en soi, angoisse et d\u00e9pression.\u00a0\u00bb<\/p>\n<p class=\"bodytext\">Si la fr\u00e9quence du cyberharc\u00e8lement est moins importante que celle du harc\u00e8lement, \u00ab\u00a0selon l&rsquo;<a class=\"download\" title=\"\u00e9tude Kids online 2012\" href=\"http:\/\/www.jeunesetmedias.ch\/fileadmin\/user_upload\/6_Fachwissen\/EU_Kids_Online_Schweiz.pdf\" target=\"_blank\" rel=\"noopener noreferrer\">\u00e9tude Kids Online 2012 <\/a>de l&rsquo;UE, 15 % des jeunes Suisses interrog\u00e9s ont d\u00e9j\u00e0 \u00e9t\u00e9 victimes de harc\u00e8lement, contre 5 % pour le cyberharc\u00e8lement.\u00a0\u00bb<\/p>\n<p class=\"bodytext\">Toujours selon \u00ab\u00a0<a href=\"https:\/\/www.jeunesetmedias.ch\/\" target=\"_blank\" rel=\"noopener noreferrer\">Jeunes et m\u00e9dias<\/a>\u00ab\u00a0, au niveau suisse,\u00a0<a class=\"download\" title=\"\u00e9tude JAMES 2012\" href=\"http:\/\/www.jeunesetmedias.ch\/fileadmin\/user_upload\/6_Fachwissen\/JAMES\/Rapport_JAMES_2012.pdf\" target=\"_blank\" rel=\"noopener noreferrer\">l&rsquo;\u00e9tude JAMES 2014<\/a> a r\u00e9v\u00e9l\u00e9 que 22 % des 1200 jeunes interrog\u00e9s \u00ab\u00a0ont indiqu\u00e9 s&rsquo;\u00eatre d\u00e9j\u00e0 fait \u00a0\u00bb r\u00e9gler leur compte \u00a0\u00bb dans les tchats ou sur Facebook.\u00a012 % ont assist\u00e9 \u00e0 la diffusion sur Internet de mensonges ou de propos leur portant atteinte. 28 % ont d\u00e9j\u00e0 vu des photos d&rsquo;eux publi\u00e9es sur le Web sans leur accord.\u00a0\u00bb<\/p>\n<p class=\"bodytext\">Consciente des enjeux du cyberharc\u00e8lement et de l&rsquo;importance de plus en plus grande de ce ph\u00e9nom\u00e8ne, Kim Wampfler (1C4) a d\u00e9cid\u00e9, <a href=\"https:\/\/www.gyyv.vd.ch\/developpementdurable\/page-d-exemple\/etudes-et-recherche\/cours-facultatif-sur-le-dd\/les-projets-2016-17\/\">dans le cadre du cours facultatif sur le d\u00e9veloppement durable<\/a>, de mettre sur pied au gymnase d&rsquo;Yverdon en mai 2017 une campagne de sensibilisation au cyberharc\u00e8lement. Pour ce faire, elle a tenu un stand de pr\u00e9vention qui visait \u00e0 expliquer ce qu&rsquo;est le cyberharc\u00e8lement et \u00e0 donner des informations quant \u00e0 la fa\u00e7on de r\u00e9agir ainsi que des pistes pour chercher du soutien.<\/p>\n<p class=\"bodytext\">R\u00e9seau de soutien :<\/p>\n<ul>\n<li class=\"bodytext\"><a href=\"https:\/\/gymnase-yverdon.ch\/reseau-de-soutien\/\">R\u00e9seau de soutien du Gymnase d&rsquo;Yverdon<\/a><\/li>\n<\/ul>\n<p class=\"bodytext\">Partenaires externes :<\/p>\n<ul>\n<li class=\"bodytext\"><a href=\"https:\/\/www.ciao.ch\/\" target=\"_blank\" rel=\"noopener noreferrer\">Ciao.ch<\/a>, \u201cSite d\u2019information, d\u2019aide et d\u2019\u00e9changes pour les jeunes\u201d<\/li>\n<li class=\"bodytext\"><a href=\"https:\/\/www.147.ch\/fr\/\" target=\"_blank\" rel=\"noopener noreferrer\">147.ch<\/a>, \u00ab\u00a0Site d&rsquo;aide aux enfants et aux jeunes.\u00a0\u00bb Aide gratuite par sms, t\u00e9l\u00e9phone ou email.<\/li>\n<li class=\"bodytext\"><a href=\"http:\/\/www.cybersmart.ch\/?L=1\" target=\"_blank\" rel=\"noopener noreferrer\">Cybersmart.ch<\/a>, \u201cSite d\u2019information sur les dangers d&rsquo;internet\u201d<\/li>\n<li class=\"bodytext\"><a href=\"https:\/\/www.skppsc.ch\/fr\/?noredirect=fr_FR\" target=\"_blank\" rel=\"noopener noreferrer\">Safersurfing.ch<\/a>, \u201cSite de la Pr\u00e9vention Suisse de la criminalit\u00e9\u201d<\/li>\n<\/ul>\n<p class=\"bodytext\">Pour s&rsquo;informer :<\/p>\n<ul>\n<li class=\"bodytext\">Ghernaouti-H\u00e9lie, S. (2009), \u00ab\u00a0La Cybercriminalit\u00e9\u00a0\u00bb, Lausanne, PPUR, Le Savoir Suisse<\/li>\n<li class=\"bodytext\">E-media, \u00ab\u00a0Harc\u00e8lement sur le net\u00a0: jusqu\u2019au suicide\u00a0?\u00a0\u00bb , tir\u00e9 de <a href=\"http:\/\/www.e-media.ch\/documents\/showFile.asp?ID=4742\" target=\"_blank\" rel=\"noopener noreferrer\">www.e-media.ch\/documents\/showFile.asp?ID=4742<\/a><\/li>\n<li class=\"bodytext\">Temps Pr\u00e9sent, \u00ab\u00a0Facebook, pas tr\u00e8s net avec les ados\u00a0\u00bb, tir\u00e9 de <a href=\"http:\/\/pages.rts.ch\/emissions\/temps-present\/famille-jeunesse\/4142667-facebook-pas-tres-net-avec-les-ados.html#4235655\" target=\"_blank\" rel=\"noopener noreferrer\">http:\/\/pages.rts.ch\/emissions\/temps-present\/famille-jeunesse\/4142667-facebook-pas-tres-net-avec-les-ados.html#4235655<\/a><\/li>\n<\/ul>\n","protected":false},"excerpt":{"rendered":"<p>Comme le signale le 3e objectif de d\u00e9veloppement durable de l&rsquo;ONU, \u00ab\u00a0Donner les moyens de vivre une vie saine et promouvoir le bien-\u00eatre de tous \u00e0 tous les \u00e2ges est essentiel pour le d\u00e9veloppement durable.\u00a0\u00bb En ce sens, le gymnase d&rsquo;Yverdon s&rsquo;engage \u00e0 sensibiliser les \u00e9tudiant-e-s \u00e0 un ph\u00e9nom\u00e8ne qui &#8230;<\/p>\n<p> <a class=\"continue-reading-link\" href=\"https:\/\/gymnase-yverdon.ch\/developpementdurable\/page-d-exemple-2\/les-engagements-durables-du-gymnase-dyverdon\/cyberharcelement\/\"><span>Continue reading<\/span><i class=\"crycon-right-dir\"><\/i><\/a> <\/p>\n","protected":false},"author":13,"featured_media":0,"parent":16,"menu_order":0,"comment_status":"closed","ping_status":"closed","template":"","meta":{"inline_featured_image":false,"footnotes":""},"class_list":["post-1932","page","type-page","status-publish","hentry"],"_links":{"self":[{"href":"https:\/\/gymnase-yverdon.ch\/developpementdurable\/wp-json\/wp\/v2\/pages\/1932","targetHints":{"allow":["GET"]}}],"collection":[{"href":"https:\/\/gymnase-yverdon.ch\/developpementdurable\/wp-json\/wp\/v2\/pages"}],"about":[{"href":"https:\/\/gymnase-yverdon.ch\/developpementdurable\/wp-json\/wp\/v2\/types\/page"}],"author":[{"embeddable":true,"href":"https:\/\/gymnase-yverdon.ch\/developpementdurable\/wp-json\/wp\/v2\/users\/13"}],"replies":[{"embeddable":true,"href":"https:\/\/gymnase-yverdon.ch\/developpementdurable\/wp-json\/wp\/v2\/comments?post=1932"}],"version-history":[{"count":0,"href":"https:\/\/gymnase-yverdon.ch\/developpementdurable\/wp-json\/wp\/v2\/pages\/1932\/revisions"}],"up":[{"embeddable":true,"href":"https:\/\/gymnase-yverdon.ch\/developpementdurable\/wp-json\/wp\/v2\/pages\/16"}],"wp:attachment":[{"href":"https:\/\/gymnase-yverdon.ch\/developpementdurable\/wp-json\/wp\/v2\/media?parent=1932"}],"curies":[{"name":"wp","href":"https:\/\/api.w.org\/{rel}","templated":true}]}}