{"id":1854,"date":"2017-02-27T14:30:30","date_gmt":"2017-02-27T13:30:30","guid":{"rendered":"https:\/\/www.gyyv.vd.ch\/developpementdurable\/?page_id=1854"},"modified":"2017-02-27T14:30:30","modified_gmt":"2017-02-27T13:30:30","slug":"rapports-dactivites-dd-au-gyyv","status":"publish","type":"page","link":"https:\/\/gymnase-yverdon.ch\/developpementdurable\/page-d-exemple-2\/a-propos\/rapports-dactivites-dd-au-gyyv\/","title":{"rendered":"Rapports d&rsquo;activit\u00e9 sur la durabilit\u00e9 au GYYV"},"content":{"rendered":"<p style=\"text-align: center\"><a href=\"https:\/\/www.gyyv.vd.ch\/developpementdurable\/wp-content\/uploads\/sites\/13\/2016\/01\/GYYV-fac\u0327ade-1-2-2.jpg\"><img loading=\"lazy\" decoding=\"async\" class=\"alignnone size-medium wp-image-228\" src=\"https:\/\/www.gyyv.vd.ch\/developpementdurable\/wp-content\/uploads\/sites\/13\/2016\/01\/GYYV-fac\u0327ade-1-2-300x239.jpg\" alt=\"\" width=\"300\" height=\"239\" \/><\/a><\/p>\n<p>Dans cette section, vous trouverez les rapports d&rsquo;activit\u00e9 concernant le d\u00e9veloppement durable au Gymnase d&rsquo;Yverdon :<\/p>\n<ul>\n<li><a href=\"http:\/\/gymnase-yverdon.ch\/developpementdurable\/wp-content\/uploads\/sites\/5\/2020\/09\/DD-au-GYYV-Rapport-final-dactivites-2010-2016-27.04.17-2.pdf\" rel=\"noopener noreferrer\">Rapport d&rsquo;activit\u00e9 2010-2017<\/a><\/li>\n<li><a href=\"http:\/\/gymnase-yverdon.ch\/developpementdurable\/wp-content\/uploads\/sites\/5\/2020\/09\/200803-Agenda-2030-Resultats-de-lenquete-aupres-des-collaborateur-rice-s-et-eleves-2.pdf\">R\u00e9sultats de l&rsquo;enqu\u00eate sur l&rsquo;Agenda 2030 aupr\u00e8s des collaborateur-rice-s et \u00e9l\u00e8ves (septembre 2020)<\/a><\/li>\n<li>Rapports d&rsquo;activit\u00e9 2021-2022 et 2022-2023 \u00e0 venir.<\/li>\n<\/ul>\n","protected":false},"excerpt":{"rendered":"<p>Dans cette section, vous trouverez les rapports d&rsquo;activit\u00e9 concernant le d\u00e9veloppement durable au Gymnase d&rsquo;Yverdon : Rapport d&rsquo;activit\u00e9 2010-2017 R\u00e9sultats de l&rsquo;enqu\u00eate sur l&rsquo;Agenda 2030 aupr\u00e8s des collaborateur-rice-s et \u00e9l\u00e8ves (septembre 2020) Rapports d&rsquo;activit\u00e9 2021-2022 et 2022-2023 \u00e0 venir.<\/p>\n<p> <a class=\"continue-reading-link\" href=\"https:\/\/gymnase-yverdon.ch\/developpementdurable\/page-d-exemple-2\/a-propos\/rapports-dactivites-dd-au-gyyv\/\"><span>Continue reading<\/span><i class=\"crycon-right-dir\"><\/i><\/a> <\/p>\n","protected":false},"author":13,"featured_media":0,"parent":7,"menu_order":0,"comment_status":"closed","ping_status":"closed","template":"","meta":{"inline_featured_image":false,"footnotes":""},"class_list":["post-1854","page","type-page","status-publish","hentry"],"_links":{"self":[{"href":"https:\/\/gymnase-yverdon.ch\/developpementdurable\/wp-json\/wp\/v2\/pages\/1854","targetHints":{"allow":["GET"]}}],"collection":[{"href":"https:\/\/gymnase-yverdon.ch\/developpementdurable\/wp-json\/wp\/v2\/pages"}],"about":[{"href":"https:\/\/gymnase-yverdon.ch\/developpementdurable\/wp-json\/wp\/v2\/types\/page"}],"author":[{"embeddable":true,"href":"https:\/\/gymnase-yverdon.ch\/developpementdurable\/wp-json\/wp\/v2\/users\/13"}],"replies":[{"embeddable":true,"href":"https:\/\/gymnase-yverdon.ch\/developpementdurable\/wp-json\/wp\/v2\/comments?post=1854"}],"version-history":[{"count":0,"href":"https:\/\/gymnase-yverdon.ch\/developpementdurable\/wp-json\/wp\/v2\/pages\/1854\/revisions"}],"up":[{"embeddable":true,"href":"https:\/\/gymnase-yverdon.ch\/developpementdurable\/wp-json\/wp\/v2\/pages\/7"}],"wp:attachment":[{"href":"https:\/\/gymnase-yverdon.ch\/developpementdurable\/wp-json\/wp\/v2\/media?parent=1854"}],"curies":[{"name":"wp","href":"https:\/\/api.w.org\/{rel}","templated":true}]}}