{"id":1834,"date":"2017-02-09T17:40:26","date_gmt":"2017-02-09T16:40:26","guid":{"rendered":"https:\/\/www.gyyv.vd.ch\/developpementdurable\/?page_id=1834"},"modified":"2017-02-09T17:40:26","modified_gmt":"2017-02-09T16:40:26","slug":"presse","status":"publish","type":"page","link":"https:\/\/gymnase-yverdon.ch\/developpementdurable\/page-d-exemple-2\/ressources\/presse\/","title":{"rendered":"Presse"},"content":{"rendered":"<p>D\u00e9couvrez, ci-dessous, les articles de presse en lien avec le d\u00e9veloppement durable au GYYV :<\/p>\n<p><strong>2015<\/strong> :<\/p>\n<ul>\n<li>24 Heures : <a href=\"http:\/\/www.24heures.ch\/vaud-regions\/labo24\/La-Journee-de-la-Terre-nourriciere-au-gymnase-d-Yverdon\/story\/29072734\">La Journ\u00e9e de la Terre nourrici\u00e8re au Gymnase d&rsquo;Yverdon<\/a>.<\/li>\n<li>La R\u00e9gion : <a href=\"https:\/\/www.gyyv.vd.ch\/journeedelaterre\/wp-content\/uploads\/sites\/3\/2016\/02\/JTN-2015-La-Re\u0301gion.jpeg\">Les gymnasiens se sont mis au vert<\/a>.<\/li>\n<\/ul>\n<p><strong>2016<\/strong> :<\/p>\n<ul>\n<li>24 heures : Le Gymnase d&rsquo;Yverdon-les-Bains se met au vert.\n<ul>\n<li><a href=\"https:\/\/www.gyyv.vd.ch\/journeedelaterre\/wp-content\/uploads\/sites\/3\/2016\/02\/JTN2-Article-24-Heures-25.05.16.jpg\">Article paru dans la version papier<\/a>.<\/li>\n<li><a href=\"http:\/\/www.24heures.ch\/vaud-regions\/nord-vaudois-broye\/gymnase-yverdonlesbains-met-vert\/story\/17907467\" target=\"_blank\" rel=\"noopener noreferrer\">Article en ligne<\/a> (avec plus de photos).<\/li>\n<\/ul>\n<\/li>\n<li>MaxTV : <a href=\"http:\/\/www.maxtv.ch\/video\/journee-terre-nourriciere-generation-du-changement\" target=\"_blank\" rel=\"noopener noreferrer\">La Journ\u00e9e de la Terre nourrici\u00e8re : la g\u00e9n\u00e9ration du changement<\/a>.<\/li>\n<li>Le Gyvvr\u00e9 (webzine du GYYV) : reportage sur la 2e Journ\u00e9e de la Terre nourrici\u00e8re.<\/li>\n<\/ul>\n<p><strong>2017<\/strong> :<\/p>\n<ul>\n<li>Le Gyvvr\u00e9 (webzine du GYYV) : article sur le cours fac de d\u00e9veloppement durable (l&rsquo;article au format <a href=\"http:\/\/gymnase-yverdon.ch\/developpementdurable\/wp-content\/uploads\/sites\/5\/2017\/02\/Un-cours-fac-mais-pas-que-Article-de-Loris-Tschanz-Le-Gyyvre-06.04.17-1.pdf\">PDF<\/a>)<\/li>\n<\/ul>\n<p><strong>2018<\/strong> :<\/p>\n<ul>\n<li>La R\u00e9gion : <a href=\"https:\/\/www.gyyv.vd.ch\/developpementdurable\/2018\/05\/17\/3e-journee-de-la-terre-nourriciere-la-region\/\">L&rsquo;avenir germe au Gymnase<\/a>.<\/li>\n<li>RTS, \u00e9mission <em>Aujourd&rsquo;hui : <\/em><a href=\"http:\/\/nous-aujourdhui.ch\/actu.php?actid=105\" target=\"_blank\" rel=\"noopener noreferrer\">ce que veulent les jeunes<\/a><\/li>\n<li>Documentaire \u00ab\u00a0<a href=\"https:\/\/vimeo.com\/279809032\" target=\"_blank\" rel=\"noopener noreferrer\">H\u00e9ros Ordinaires<\/a>\u00a0\u00bb (y figurent <a href=\"https:\/\/www.gyyv.vd.ch\/developpementdurable\/2016\/05\/07\/a-la-croisee-de-lart-et-de-lenvironnement\/\">Ella-Mona Chevalley<\/a> et <a href=\"https:\/\/www.gyyv.vd.ch\/developpementdurable\/page-d-exemple\/laboratoire-de-la-durabilite\/films-sur-le-developpement-durable\/fabrication-dun-ukulele\/\">Roman Perceval<\/a> qui ont men\u00e9 des projets au GYYV dans le cadre de l&rsquo;<a href=\"https:\/\/www.gyyv.vd.ch\/developpementdurable\/page-d-exemple\/etudes-et-recherche\/geographie\/oc-2015-16\/les-projets-des-etudiants\/\">OC de g\u00e9ographie en 2015-16<\/a>)<\/li>\n<\/ul>\n","protected":false},"excerpt":{"rendered":"<p>D\u00e9couvrez, ci-dessous, les articles de presse en lien avec le d\u00e9veloppement durable au GYYV : 2015 : 24 Heures : La Journ\u00e9e de la Terre nourrici\u00e8re au Gymnase d&rsquo;Yverdon. La R\u00e9gion : Les gymnasiens se sont mis au vert. 2016 : 24 heures : Le Gymnase d&rsquo;Yverdon-les-Bains se met au &#8230;<\/p>\n<p> <a class=\"continue-reading-link\" href=\"https:\/\/gymnase-yverdon.ch\/developpementdurable\/page-d-exemple-2\/ressources\/presse\/\"><span>Continue reading<\/span><i class=\"crycon-right-dir\"><\/i><\/a> <\/p>\n","protected":false},"author":13,"featured_media":0,"parent":532,"menu_order":0,"comment_status":"closed","ping_status":"closed","template":"","meta":{"inline_featured_image":false,"footnotes":""},"class_list":["post-1834","page","type-page","status-publish","hentry"],"_links":{"self":[{"href":"https:\/\/gymnase-yverdon.ch\/developpementdurable\/wp-json\/wp\/v2\/pages\/1834","targetHints":{"allow":["GET"]}}],"collection":[{"href":"https:\/\/gymnase-yverdon.ch\/developpementdurable\/wp-json\/wp\/v2\/pages"}],"about":[{"href":"https:\/\/gymnase-yverdon.ch\/developpementdurable\/wp-json\/wp\/v2\/types\/page"}],"author":[{"embeddable":true,"href":"https:\/\/gymnase-yverdon.ch\/developpementdurable\/wp-json\/wp\/v2\/users\/13"}],"replies":[{"embeddable":true,"href":"https:\/\/gymnase-yverdon.ch\/developpementdurable\/wp-json\/wp\/v2\/comments?post=1834"}],"version-history":[{"count":0,"href":"https:\/\/gymnase-yverdon.ch\/developpementdurable\/wp-json\/wp\/v2\/pages\/1834\/revisions"}],"up":[{"embeddable":true,"href":"https:\/\/gymnase-yverdon.ch\/developpementdurable\/wp-json\/wp\/v2\/pages\/532"}],"wp:attachment":[{"href":"https:\/\/gymnase-yverdon.ch\/developpementdurable\/wp-json\/wp\/v2\/media?parent=1834"}],"curies":[{"name":"wp","href":"https:\/\/api.w.org\/{rel}","templated":true}]}}