{"id":1764,"date":"2017-01-22T17:49:47","date_gmt":"2017-01-22T16:49:47","guid":{"rendered":"https:\/\/www.gyyv.vd.ch\/developpementdurable\/?page_id=1764"},"modified":"2017-01-22T17:49:47","modified_gmt":"2017-01-22T16:49:47","slug":"recyclons-la-communaute","status":"publish","type":"page","link":"https:\/\/gymnase-yverdon.ch\/developpementdurable\/page-d-exemple-2\/laboratoire-de-la-durabilite\/tri-des-dechets-2\/recyclons-la-communaute\/","title":{"rendered":"Recyclons la communaut\u00e9"},"content":{"rendered":"<p>Nous sommes deux \u00e9tudiantes touch\u00e9es par les enjeux environnementaux et nous sommes sensibles \u00e0 la <strong>pollution<\/strong> et au <strong>gaspillage<\/strong> de notre soci\u00e9t\u00e9 actuelle. C\u2019est pourquoi nous avons cr\u00e9\u00e9 le projet \u00ab\u00a0Recyclons la communaut\u00e9\u00a0\u00bb au sein du gymnase dans le but d\u2019apporter en premier lieu une r\u00e9flexion sur ces probl\u00e8mes influenc\u00e9s par nos habitudes.<\/p>\n<p><strong>1. Lutter contre le gaspillage d&rsquo;\u00e9nergie<\/strong><\/p>\n<p>Ensuite, nous voulons au travers de notre projet, montrer comment agir simplement pour contribuer \u00e0 l\u2019am\u00e9lioration de la pratique journali\u00e8re de l\u2019\u00e9cologie. Voici deux actions quotidiennes qui ne te prennent pas beaucoup d\u2019\u00e9nergie mais aide \u00e0 la r\u00e9duction de ta consommation.<\/p>\n<ul>\n<li>\u00a0<strong>Ne pas laisser son chargeur branch\u00e9 dans la prise sans appareil qui charge.<\/strong>\n<ul>\n<li>Il est vrai que la consommation n&rsquo;est pas consid\u00e9rable, mais elle reste importante si l&rsquo;on prend en compte le nombre de personne qui ont un t\u00e9l\u00e9phone portable et qui ne d\u00e9branche pas leur chargeur. Tu ne le sais peut-\u00eatre pas mais le chargeur consomme de l&rsquo;\u00e9nergie tant qu&rsquo;il est branch\u00e9, natel au bout ou pas. D\u00e9brancher son chargeur est un petit geste \u00e9colo qui ne n\u00e9cessite pas d&rsquo;effort !<\/li>\n<\/ul>\n<\/li>\n<li><strong>Eteindre toutes les lumi\u00e8res en quittant son chez soi.<\/strong>\n<ul>\n<li>Une ampoule consomme 60 Watt par heure. Si en partant le matin \u00e0 8h tu laisses la lumi\u00e8re de ta chambre allum\u00e9e et que tu rentres uniquement \u00e0 17h. Ton ampoule aura \u00e9t\u00e9 allum\u00e9e durant 9h pour rien et aura consomm\u00e9e 540 Watt pour rien. Cela \u00e9quivaut \u00e0 l\u2019\u00e9nergie n\u00e9cessaire pour regarder la t\u00e9l\u00e9 durant 2h.<\/li>\n<\/ul>\n<\/li>\n<\/ul>\n<p>Tu l\u2019auras surement compris, on peut faire pleins de choses avec l\u2019\u00e9nergie qu\u2019on gaspille. Les \u00e9conomies d&rsquo;\u00e9nergie ont un r\u00f4le \u00e0 jouer dans nos foyers. Nous avons peut-\u00eatre le sentiment que tout tombe du ciel parce que nous vivons dans un pays riche o\u00f9 nos besoins sont rapidement satisfaits mais il faut se rendre compte que derri\u00e8re toutes nos consommations se cache l&rsquo;exploitation de ressources parfois \u00e9puisables.<\/p>\n<p><strong>2. R\u00e9duire le gaspillage de d\u00e9chets et le gaspillage alimentaire<\/strong><\/p>\n<p>Mais il n\u2019y a pas que le gaspillage d\u2019\u00e9nergie qui existe, le gaspillage de d\u00e9chets ou de nourriture est aussi un probl\u00e8me important. Il ne faut pas croire que tu n&rsquo;es pas concern\u00e9 car tout le monde l&rsquo;est. Notre alimentation, nos d\u00e9placements et nos habitudes ont des effets sur le climat et sur le destin des populations qui en souffre. Voyons grand et loin, pensons humainement et \u00e9cologiquement. On a le pouvoir de changer les choses.<\/p>\n<p>C&rsquo;est pour toutes ces raisons et avec toutes ces convictions que nous nous sommes regroup\u00e9s afin de t&rsquo;aider \u00e0 r\u00e9duire ton empreinte \u00e9cologique. Notre projet a pour but de t&rsquo;aviser, toi gymnasien, de toutes ces informations importantes qui parfois nous \u00e9chappe.<\/p>\n<p><strong>3. Pour voir plus loin&#8230;<\/strong><\/p>\n<p>Lorsque la population gymnasienne sera pr\u00eate \u00e0 faire le pas pour am\u00e9liorer la vie au gymnase, un syst\u00e8me sera mis en place pour trier les d\u00e9chets activement. Ici c\u2019est le point o\u00f9 nous sommes actuellement\u00a0: les d\u00e9chets n\u2019arrivent parfois m\u00eame pas \u00e0 la poubelle.<\/p>\n<p style=\"text-align: center\"><a href=\"https:\/\/www.gyyv.vd.ch\/developpementdurable\/wp-content\/uploads\/sites\/13\/2016\/02\/GYY-De\u0301chets-dans-la-cour-2-2.png\"><img loading=\"lazy\" decoding=\"async\" class=\"alignnone size-full wp-image-683\" src=\"https:\/\/www.gyyv.vd.ch\/developpementdurable\/wp-content\/uploads\/sites\/13\/2016\/02\/GYY-De\u0301chets-dans-la-cour-2-2.png\" alt=\"\" width=\"736\" height=\"552\" \/><\/a><\/p>\n<p>Nous aimerions supprimer cette mauvaise habitude de jeter par terre par flemme ou nonchalance. Notre projet \u00e0 long terme a pour d\u00e9roulement\u00a0:<\/p>\n<ul>\n<li>1\u00e8re mission\u00a0: Attaque des d\u00e9chets alimentaires \u00e0 la caf\u00e9t\u00e9ria\n<ul>\n<li>As-tu d\u00e9j\u00e0 remarqu\u00e9 le nombre de d\u00e9chets diff\u00e9rents sur ton plateau \u00e0 la fin de votre repas\u00a0? Sans compter les restes de nourriture m\u00e9lang\u00e9s au tout. Aimerais-tu \u00eatre la personne qui s\u2019occupe de trier et de nettoyer tout cela\u00a0?NON. Nous non plus d\u2019ailleurs.\n<p style=\"text-align: left\">On aimerait organiser un syst\u00e8me ludique de tri de plateau et regrouper les diff\u00e9rents types de poubelles (compost, ALU, PET, normal) en lots pour faciliter l\u2019acc\u00e8s au tri.<\/p>\n<p>Le principe est le m\u00eame que pour te <span style=\"text-decoration: underline\">SERVIR<\/span> de la nourriture mais simplement que tu d\u00e9barrasses. Le but est qu\u2019il ne reste plus que tes couverts, ton assiette vide et ton verre d\u2019eau sur le plateau.<\/li>\n<\/ul>\n<\/li>\n<li>2\u00e8me mission\u00a0: Envahissement de l\u2019ext\u00e9rieur contre le \u00ab\u00a0littering\u00a0\u00bb\n<ul>\n<li style=\"text-align: left\">As-tu d\u00e9j\u00e0 remarqu\u00e9 la quantit\u00e9 de d\u00e9chets diff\u00e9rents qu\u2019il y a dans une poubelle\u00a0?\n<p style=\"text-align: left\">Elles sont peut-\u00eatre discr\u00e8tes, mais il existe des poubelles PET, ALU et papier dans le gymnase. C\u2019est pourquoi notre but est qu\u2019au fur et \u00e0 mesure il y ait de moins en moins de d\u00e9chets diff\u00e9rents dans les poubelles et que les m\u00eames d\u00e9chets soient regroup\u00e9s dans la m\u00eame poubelle.<\/p>\n<p>Une fois que l\u2019ext\u00e9rieur sera propre, nous nous occuperons de l\u2019int\u00e9rieur.<\/p>\n<p>Apr\u00e8s avoir mis en place tout cela, on esp\u00e8re que tu prendras l\u2019habitude de trier tes d\u00e9chets.<\/li>\n<\/ul>\n<\/li>\n<li>But final : assi\u00e8gement du gymnase tout entier pour le rendre propre !<\/li>\n<\/ul>\n<p>M\u00e9lanie Montone et Laurane Gallou<\/p>\n","protected":false},"excerpt":{"rendered":"<p>Nous sommes deux \u00e9tudiantes touch\u00e9es par les enjeux environnementaux et nous sommes sensibles \u00e0 la pollution et au gaspillage de notre soci\u00e9t\u00e9 actuelle. C\u2019est pourquoi nous avons cr\u00e9\u00e9 le projet \u00ab\u00a0Recyclons la communaut\u00e9\u00a0\u00bb au sein du gymnase dans le but d\u2019apporter en premier lieu une r\u00e9flexion sur ces probl\u00e8mes influenc\u00e9s &#8230;<\/p>\n<p> <a class=\"continue-reading-link\" href=\"https:\/\/gymnase-yverdon.ch\/developpementdurable\/page-d-exemple-2\/laboratoire-de-la-durabilite\/tri-des-dechets-2\/recyclons-la-communaute\/\"><span>Continue reading<\/span><i class=\"crycon-right-dir\"><\/i><\/a> <\/p>\n","protected":false},"author":13,"featured_media":0,"parent":465,"menu_order":0,"comment_status":"closed","ping_status":"closed","template":"","meta":{"inline_featured_image":false,"footnotes":""},"class_list":["post-1764","page","type-page","status-publish","hentry"],"_links":{"self":[{"href":"https:\/\/gymnase-yverdon.ch\/developpementdurable\/wp-json\/wp\/v2\/pages\/1764","targetHints":{"allow":["GET"]}}],"collection":[{"href":"https:\/\/gymnase-yverdon.ch\/developpementdurable\/wp-json\/wp\/v2\/pages"}],"about":[{"href":"https:\/\/gymnase-yverdon.ch\/developpementdurable\/wp-json\/wp\/v2\/types\/page"}],"author":[{"embeddable":true,"href":"https:\/\/gymnase-yverdon.ch\/developpementdurable\/wp-json\/wp\/v2\/users\/13"}],"replies":[{"embeddable":true,"href":"https:\/\/gymnase-yverdon.ch\/developpementdurable\/wp-json\/wp\/v2\/comments?post=1764"}],"version-history":[{"count":0,"href":"https:\/\/gymnase-yverdon.ch\/developpementdurable\/wp-json\/wp\/v2\/pages\/1764\/revisions"}],"up":[{"embeddable":true,"href":"https:\/\/gymnase-yverdon.ch\/developpementdurable\/wp-json\/wp\/v2\/pages\/465"}],"wp:attachment":[{"href":"https:\/\/gymnase-yverdon.ch\/developpementdurable\/wp-json\/wp\/v2\/media?parent=1764"}],"curies":[{"name":"wp","href":"https:\/\/api.w.org\/{rel}","templated":true}]}}