{"id":1681,"date":"2017-01-15T12:39:18","date_gmt":"2017-01-15T11:39:18","guid":{"rendered":"https:\/\/www.gyyv.vd.ch\/developpementdurable\/?page_id=1681"},"modified":"2017-01-15T12:39:18","modified_gmt":"2017-01-15T11:39:18","slug":"recherches-sur-ledd-au-gyyv","status":"publish","type":"page","link":"https:\/\/gymnase-yverdon.ch\/developpementdurable\/page-d-exemple-2\/etudes-et-recherche\/recherches-sur-ledd-au-gyyv\/","title":{"rendered":"Recherches sur l&rsquo;EDD au GYYV"},"content":{"rendered":"<p style=\"text-align: center\"><a href=\"http:\/\/icp.ge.ch\/ep\/etidep\/IMG\/pdf\/forum_edd_04-05-novembre_2011_flyer.pdf\" target=\"_blank\" rel=\"attachment noopener wp-att-279 noreferrer\"><img loading=\"lazy\" decoding=\"async\" class=\"alignnone size-medium wp-image-279\" src=\"https:\/\/www.gyyv.vd.ch\/developpementdurable\/wp-content\/uploads\/sites\/13\/2016\/01\/Education-au-de\u0301veloppement-durable-2-300x289.jpg\" alt=\"Education au de\u0301veloppement durable\" width=\"300\" height=\"289\" \/><\/a><\/p>\n<blockquote>\n<p style=\"text-align: center\">\u00ab\u00a0L\u2019\u00e9ducation est l\u2019arme la plus puissante pour changer le monde.\u00a0\u00bb<br \/>\n<em>Nelson Mandela<\/em><\/p>\n<\/blockquote>\n<p>Plusieurs recherches ont \u00e9t\u00e9 men\u00e9es sur les d\u00e9marches entreprises entre autres au GYYV en mati\u00e8re d&rsquo;<a href=\"https:\/\/www.gyyv.vd.ch\/developpementdurable\/page-d-exemple\/a-propos\/leducation-au-developpement-durable\/\">Education au D\u00e9veloppement Durable<\/a> :<\/p>\n<p><strong>Recherches men\u00e9es en 2016<\/strong><\/p>\n<ul>\n<li>TRACHSEL, Malika, \u00ab\u00a0La r\u00e9alisation d\u2019actions concr\u00e8tes et durables dans le cadre<br \/>\nd\u2019un cours de g\u00e9ographie : quels impacts sur les \u00e9tudiants ?\u00a0\u00bb, Travail de master \u00e0 la HEPL sous la direction de M. Philippe Hertig, 2016<\/p>\n<ul>\n<li>Travail de recherche portant sur la d\u00e9marche entreprise en mati\u00e8re d&rsquo;\u00e9ducation au d\u00e9veloppement durable dans le cadre de l&rsquo;<a href=\"https:\/\/www.gyyv.vd.ch\/developpementdurable\/page-d-exemple\/etudes-et-recherche\/geographie\/oc-2015-16\/\">option compl\u00e9mentaire de g\u00e9ographie 2015-16<\/a>.<\/li>\n<li>Le travail de Malika Trachsel a re\u00e7u le prix du meilleur m\u00e9moire de la fili\u00e8re S2 2016 \u00e0 la HEPL.<\/li>\n<li><a href=\"http:\/\/gymnase-yverdon.ch\/developpementdurable\/wp-content\/uploads\/sites\/5\/2017\/01\/Master-HEPL-Malika-Trachsel-Resume-du-travail-2.pdf\" target=\"_blank\" rel=\"noopener noreferrer\">R\u00e9sum\u00e9 du travail<\/a>.<\/li>\n<\/ul>\n<\/li>\n<li>ODERMATT, Stefan, \u00ab\u00a0Comment les enseignants de g\u00e9ographie sensibilisent-ils les \u00e9l\u00e8ves aux enjeux du d\u00e9veloppement durable ?\u00a0\u00bb, Travail de Bachelor \u00e0 l&rsquo;UNIL sous la direction de M. Emmanuel Reynard, 2016\n<ul>\n<li>Travail de recherche qui se focalise sur l&rsquo;application de l&rsquo;EDD au niveau du secondaire II dans le canton de Vaud (et notamment au Gymnase d&rsquo;Yverdon, interview de C. Henchoz, ma\u00eetre de g\u00e9ographie). Il est question de comprendre comment l&rsquo;enseignant applique concr\u00e8tement les principes de l&rsquo;EDD sur le terrain.<\/li>\n<li>Le <a href=\"http:\/\/actu.epfl.ch\/news\/le-prix-durabilis-recompense-quatre-projets-d-et-3\/\" target=\"_blank\" rel=\"noopener noreferrer\">travail de Stefan Odermatt<\/a> a \u00e9t\u00e9 prim\u00e9 lors du <a href=\"http:\/\/developpement-durable.epfl.ch\/durabilis\" target=\"_blank\" rel=\"noopener noreferrer\">Concours Durabilis<\/a> organis\u00e9 conjointement par l&rsquo;UNIL et l&rsquo;EPFL.<\/li>\n<\/ul>\n<\/li>\n<\/ul>\n<p>&nbsp;<\/p>\n","protected":false},"excerpt":{"rendered":"<p>\u00ab\u00a0L\u2019\u00e9ducation est l\u2019arme la plus puissante pour changer le monde.\u00a0\u00bb Nelson Mandela Plusieurs recherches ont \u00e9t\u00e9 men\u00e9es sur les d\u00e9marches entreprises entre autres au GYYV en mati\u00e8re d&rsquo;Education au D\u00e9veloppement Durable : Recherches men\u00e9es en 2016 TRACHSEL, Malika, \u00ab\u00a0La r\u00e9alisation d\u2019actions concr\u00e8tes et durables dans le cadre d\u2019un cours de &#8230;<\/p>\n<p> <a class=\"continue-reading-link\" href=\"https:\/\/gymnase-yverdon.ch\/developpementdurable\/page-d-exemple-2\/etudes-et-recherche\/recherches-sur-ledd-au-gyyv\/\"><span>Continue reading<\/span><i class=\"crycon-right-dir\"><\/i><\/a> <\/p>\n","protected":false},"author":13,"featured_media":0,"parent":69,"menu_order":0,"comment_status":"closed","ping_status":"closed","template":"","meta":{"inline_featured_image":false,"footnotes":""},"class_list":["post-1681","page","type-page","status-publish","hentry"],"_links":{"self":[{"href":"https:\/\/gymnase-yverdon.ch\/developpementdurable\/wp-json\/wp\/v2\/pages\/1681","targetHints":{"allow":["GET"]}}],"collection":[{"href":"https:\/\/gymnase-yverdon.ch\/developpementdurable\/wp-json\/wp\/v2\/pages"}],"about":[{"href":"https:\/\/gymnase-yverdon.ch\/developpementdurable\/wp-json\/wp\/v2\/types\/page"}],"author":[{"embeddable":true,"href":"https:\/\/gymnase-yverdon.ch\/developpementdurable\/wp-json\/wp\/v2\/users\/13"}],"replies":[{"embeddable":true,"href":"https:\/\/gymnase-yverdon.ch\/developpementdurable\/wp-json\/wp\/v2\/comments?post=1681"}],"version-history":[{"count":0,"href":"https:\/\/gymnase-yverdon.ch\/developpementdurable\/wp-json\/wp\/v2\/pages\/1681\/revisions"}],"up":[{"embeddable":true,"href":"https:\/\/gymnase-yverdon.ch\/developpementdurable\/wp-json\/wp\/v2\/pages\/69"}],"wp:attachment":[{"href":"https:\/\/gymnase-yverdon.ch\/developpementdurable\/wp-json\/wp\/v2\/media?parent=1681"}],"curies":[{"name":"wp","href":"https:\/\/api.w.org\/{rel}","templated":true}]}}