{"id":1631,"date":"2016-12-26T22:01:18","date_gmt":"2016-12-26T21:01:18","guid":{"rendered":"https:\/\/www.gyyv.vd.ch\/developpementdurable\/?page_id=1631"},"modified":"2016-12-26T22:01:18","modified_gmt":"2016-12-26T21:01:18","slug":"les-projets-2016-17","status":"publish","type":"page","link":"https:\/\/gymnase-yverdon.ch\/developpementdurable\/page-d-exemple-2\/etudes-et-recherche\/cours-facultatif-sur-le-dd\/les-projets-2016-17\/","title":{"rendered":"Les projets 2016-17"},"content":{"rendered":"<p>La premi\u00e8re vol\u00e9e du <a href=\"https:\/\/www.gyyv.vd.ch\/developpementdurable\/page-d-exemple\/etudes-et-recherche\/cours-facultatif-sur-le-dd\/\">cours fac sur le d\u00e9veloppement durable<\/a> a men\u00e9 diff\u00e9rents projets durant l&rsquo;ann\u00e9e scolaire 2016-17. Ceux-ci ont \u00e9t\u00e9 cr\u00e9\u00e9s \u00e0 l&rsquo;initiative des \u00e9tudiant-e-s et ce sont eux qui les ont men\u00e9s \u00e0 bien tout au long de l&rsquo;ann\u00e9e scolaire pour finalement en pr\u00e9senter les r\u00e9sultats lors des journ\u00e9es portes ouvertes du gymnase les 5 et 6 mai 2017. Vous trouverez ci-dessous une description des projets et leurs liens avec les <a href=\"http:\/\/www.un.org\/sustainabledevelopment\/fr\/objectifs-de-developpement-durable\/\" target=\"_blank\" rel=\"noopener noreferrer\">Objectifs de D\u00e9veloppement Durable<\/a> (ODD) 2015-30 de l&rsquo;ONU.<\/p>\n<p><em><strong>Etudiant-e-s de la classe du <a href=\"https:\/\/www.gyyv.vd.ch\/developpementdurable\/page-d-exemple\/etudes-et-recherche\/cours-facultatif-sur-le-dd\/les-projets-2016-17\/\">cours fac sur le d\u00e9veloppement durable 2016-17<\/a><\/strong><\/em><\/p>\n<p style=\"text-align: center\"><a href=\"http:\/\/gymnase-yverdon.ch\/developpementdurable\/wp-content\/uploads\/sites\/5\/2016\/01\/01-Cours-fac-2016-17-photo-de-groupe-2-2.jpg\"><img loading=\"lazy\" decoding=\"async\" class=\"alignnone size-full wp-image-1875\" src=\"http:\/\/gymnase-yverdon.ch\/developpementdurable\/wp-content\/uploads\/sites\/5\/2016\/01\/01-Cours-fac-2016-17-photo-de-groupe-2-2.jpg\" alt=\"\" width=\"640\" height=\"478\" \/><\/a><\/p>\n<p style=\"text-align: center\">(De g. \u00e0 dr.) Antoine Perrusset, Kim Wampfler, Christian Henchoz (ma\u00eetre de g\u00e9ographie), Aurore Guignard, Bryan Di Bennardo, Vincent Montone, J\u00e9r\u00e9my Olivier, Antoine Menna, Thomas Stucker, Louise Uhlmann, Leslie Uldry (Photo J.-D. Rousseil)<\/p>\n<p>Voici les projets men\u00e9s par les \u00e9tudiant-e-s du cours fac de d\u00e9veloppement durable 2016-17 :<\/p>\n<table>\n<tbody>\n<tr>\n<td width=\"56\"><strong>Groupe N\u00b0<\/strong><\/td>\n<td width=\"57\"><strong>Noms<\/strong><\/td>\n<td width=\"126\"><a href=\"http:\/\/www.un.org\/sustainabledevelopment\/fr\/objectifs-de-developpement-durable\/\" target=\"_blank\" rel=\"noopener noreferrer\"><img loading=\"lazy\" decoding=\"async\" class=\"size-full wp-image-1634 aligncenter\" src=\"http:\/\/gymnase-yverdon.ch\/developpementdurable\/wp-content\/uploads\/sites\/5\/2016\/12\/Logo-Objectifs-du-Developpement-Durable-2-2.png\" alt=\"\" width=\"113\" height=\"113\" \/><\/a><\/td>\n<td width=\"253\"><strong>Description du projet<\/strong><\/td>\n<\/tr>\n<tr>\n<td width=\"56\">1<\/td>\n<td width=\"57\">Vincent et Bryan<\/td>\n<td width=\"126\">Tous (en fonction des actions pr\u00e9sent\u00e9es)<\/td>\n<td width=\"253\">R\u00e9alisation d\u2019un documentaire (comme <em>Demain<\/em>) montrant des projets positifs men\u00e9s dans le nord vaudois (\u00e9ducation, alimentation, agriculture).<\/td>\n<\/tr>\n<tr>\n<td width=\"56\">2<\/td>\n<td width=\"57\">Leslie<\/td>\n<td width=\"126\">Tous (en fonction des actions pr\u00e9sent\u00e9es)<\/td>\n<td width=\"253\">Mettre sur pied un mouvement en transition dans le village de Vallorbe. <a href=\"https:\/\/www.educanet2.ch\/d.php\/1\/6\/0.205634444205902.1VeGHvBl0bJD1Fya79ePrNJq.LzYvNy84\" target=\"_blank\" rel=\"noopener noreferrer\">Plus d&rsquo;informations&#8230;<\/a><\/p>\n<p>&nbsp;<\/td>\n<\/tr>\n<tr>\n<td width=\"56\">3<\/td>\n<td width=\"57\">Thomas et J\u00e9r\u00e9my<\/td>\n<td width=\"126\">8, 11, 12<\/td>\n<td width=\"253\">Cr\u00e9er une monnaie locale dans le nord vaudois. <a href=\"https:\/\/www.educanet2.ch\/d.php\/1\/6\/0.205634444205902.iCtkI0IxK7WahmUUufUFUsTb.LzYvNy85\" target=\"_blank\" rel=\"noopener noreferrer\">Plus d&rsquo;informations&#8230;<\/a><\/td>\n<\/tr>\n<tr>\n<td width=\"56\">4<\/td>\n<td width=\"57\">Louise<\/td>\n<td width=\"126\">1, 2, 4, 6, 10<\/td>\n<td width=\"253\">Organiser une collecte de fonds pour soutenir une \u00e9cole dans le nord-est de l\u2019Inde. <a href=\"https:\/\/www.educanet2.ch\/d.php\/1\/6\/0.205634444205902.ZRSZN8j0vXBysv0YXnB9QJe1.LzYvNy8xMQ\" target=\"_blank\" rel=\"noopener noreferrer\">Plus d&rsquo;informations&#8230;<\/a><\/td>\n<\/tr>\n<tr>\n<td width=\"56\">5<\/td>\n<td width=\"57\">Antoine P.<\/td>\n<td width=\"126\">1, 10<\/td>\n<td width=\"253\">Proposer des solutions d\u2019int\u00e9grations pour les populations de migrants dans le nord vaudois (p.ex. jardin communautaire)<\/td>\n<\/tr>\n<tr>\n<td width=\"56\">6<\/td>\n<td width=\"57\">Kim<\/td>\n<td width=\"126\">3<\/td>\n<td width=\"253\">Sensibiliser les gymnasiens-ennes aux dangers du harc\u00e8lement au travers d\u2019une campagne d&rsquo;information. <a href=\"https:\/\/www.educanet2.ch\/d.php\/1\/6\/0.205634444205902.IwpYV5UgDFZKk9hWfBHFSkis.LzYvNy8xMg\" target=\"_blank\" rel=\"noopener noreferrer\">Plus d&rsquo;informations&#8230;<\/a><\/td>\n<\/tr>\n<tr>\n<td width=\"56\">7<\/td>\n<td width=\"57\">Antoine M.<\/td>\n<td width=\"126\">12, 13<\/td>\n<td width=\"253\">Organiser une r\u00e9colte de t\u00e9l\u00e9phones portables usag\u00e9s pour les recycler. <a href=\"https:\/\/www.educanet2.ch\/d.php\/1\/6\/0.205634444205902.ZIdQayRQ1AhNA45Fa5Wy3iQQ.LzYvNy8xMA\" target=\"_blank\" rel=\"noopener noreferrer\">Plus d&rsquo;informations&#8230;<\/a><\/td>\n<\/tr>\n<\/tbody>\n<\/table>\n","protected":false},"excerpt":{"rendered":"<p>La premi\u00e8re vol\u00e9e du cours fac sur le d\u00e9veloppement durable a men\u00e9 diff\u00e9rents projets durant l&rsquo;ann\u00e9e scolaire 2016-17. Ceux-ci ont \u00e9t\u00e9 cr\u00e9\u00e9s \u00e0 l&rsquo;initiative des \u00e9tudiant-e-s et ce sont eux qui les ont men\u00e9s \u00e0 bien tout au long de l&rsquo;ann\u00e9e scolaire pour finalement en pr\u00e9senter les r\u00e9sultats lors des &#8230;<\/p>\n<p> <a class=\"continue-reading-link\" href=\"https:\/\/gymnase-yverdon.ch\/developpementdurable\/page-d-exemple-2\/etudes-et-recherche\/cours-facultatif-sur-le-dd\/les-projets-2016-17\/\"><span>Continue reading<\/span><i class=\"crycon-right-dir\"><\/i><\/a> <\/p>\n","protected":false},"author":13,"featured_media":0,"parent":558,"menu_order":0,"comment_status":"closed","ping_status":"closed","template":"","meta":{"inline_featured_image":false,"footnotes":""},"class_list":["post-1631","page","type-page","status-publish","hentry"],"_links":{"self":[{"href":"https:\/\/gymnase-yverdon.ch\/developpementdurable\/wp-json\/wp\/v2\/pages\/1631","targetHints":{"allow":["GET"]}}],"collection":[{"href":"https:\/\/gymnase-yverdon.ch\/developpementdurable\/wp-json\/wp\/v2\/pages"}],"about":[{"href":"https:\/\/gymnase-yverdon.ch\/developpementdurable\/wp-json\/wp\/v2\/types\/page"}],"author":[{"embeddable":true,"href":"https:\/\/gymnase-yverdon.ch\/developpementdurable\/wp-json\/wp\/v2\/users\/13"}],"replies":[{"embeddable":true,"href":"https:\/\/gymnase-yverdon.ch\/developpementdurable\/wp-json\/wp\/v2\/comments?post=1631"}],"version-history":[{"count":0,"href":"https:\/\/gymnase-yverdon.ch\/developpementdurable\/wp-json\/wp\/v2\/pages\/1631\/revisions"}],"up":[{"embeddable":true,"href":"https:\/\/gymnase-yverdon.ch\/developpementdurable\/wp-json\/wp\/v2\/pages\/558"}],"wp:attachment":[{"href":"https:\/\/gymnase-yverdon.ch\/developpementdurable\/wp-json\/wp\/v2\/media?parent=1631"}],"curies":[{"name":"wp","href":"https:\/\/api.w.org\/{rel}","templated":true}]}}