{"id":16,"date":"2016-01-18T22:23:09","date_gmt":"2016-01-18T21:23:09","guid":{"rendered":"https:\/\/www.gyyv.vd.ch\/developpementdurable\/?page_id=16"},"modified":"2016-01-18T22:23:09","modified_gmt":"2016-01-18T21:23:09","slug":"les-engagements-durables-du-gymnase-dyverdon","status":"publish","type":"page","link":"https:\/\/gymnase-yverdon.ch\/developpementdurable\/page-d-exemple-2\/les-engagements-durables-du-gymnase-dyverdon\/","title":{"rendered":"Les engagements durables du GYYV"},"content":{"rendered":"<p style=\"text-align: center\"><a href=\"https:\/\/www.gyyv.vd.ch\/developpementdurable\/wp-content\/uploads\/sites\/13\/2016\/01\/01-GYYV-Fac\u0327ade-des-ba\u0302timents-A-et-B-2-2.jpg\" rel=\"attachment wp-att-444\"><img loading=\"lazy\" decoding=\"async\" class=\"alignnone size-medium wp-image-444\" src=\"https:\/\/www.gyyv.vd.ch\/developpementdurable\/wp-content\/uploads\/sites\/13\/2016\/01\/01-GYYV-Fac\u0327ade-des-ba\u0302timents-A-et-B-2-300x199.jpg\" alt=\"01 - GYYV - Fac\u0327ade des ba\u0302timents A et B\" width=\"300\" height=\"199\" \/><\/a><\/p>\n<p style=\"text-align: center\">Fa\u00e7ade nord des b\u00e2timents A et B (Photo <a href=\"https:\/\/www.vd.ch\/toutes-les-autorites\/departements\/departement-des-finances-et-des-relations-exterieures-dfire\/direction-generale-des-immeubles-et-du-patrimoine-dgip\/\">DGIP<\/a>)<\/p>\n<p>Des aspects de la durabilit\u00e9 apparaissent au Gymnase d&rsquo;Yverdon :<\/p>\n<ol>\n<li>Au niveau de l&rsquo;alimentation&#8230; <a href=\"https:\/\/www.gyyv.vd.ch\/developpementdurable\/page-d-exemple-2\/les-engagements-durables-du-gymnase-dyverdon\/alimentation\/\">Lire la suite.<\/a><\/li>\n<li>Au niveau des infrastructures (travaux d&rsquo;assainissement, ventilation, etc.)&#8230; <a href=\"https:\/\/www.gyyv.vd.ch\/developpementdurable\/page-d-exemple-2\/les-engagements-durables-du-gymnase-dyverdon\/batiments\/\">Lire la suite.<\/a><\/li>\n<li>Au niveau de la mobilit\u00e9&#8230; <a href=\"https:\/\/www.gyyv.vd.ch\/developpementdurable\/page-d-exemple-2\/les-engagements-durables-du-gymnase-dyverdon\/mobilite\/\">Lire la suite<\/a>.<\/li>\n<li>Au niveau de l&#8217;empreinte \u00e9cologique du GYYV&#8230;<a href=\"https:\/\/www.gyyv.vd.ch\/developpementdurable\/page-d-exemple-2\/les-engagements-durables-du-gymnase-dyverdon\/empreinte-ecologique-du-gyyv\/\">Lire la suite<\/a>.<\/li>\n<\/ol>\n","protected":false},"excerpt":{"rendered":"<p>Fa\u00e7ade nord des b\u00e2timents A et B (Photo DGIP) Des aspects de la durabilit\u00e9 apparaissent au Gymnase d&rsquo;Yverdon : Au niveau de l&rsquo;alimentation&#8230; Lire la suite. Au niveau des infrastructures (travaux d&rsquo;assainissement, ventilation, etc.)&#8230; Lire la suite. Au niveau de la mobilit\u00e9&#8230; Lire la suite. Au niveau de l&#8217;empreinte \u00e9cologique &#8230;<\/p>\n<p> <a class=\"continue-reading-link\" href=\"https:\/\/gymnase-yverdon.ch\/developpementdurable\/page-d-exemple-2\/les-engagements-durables-du-gymnase-dyverdon\/\"><span>Continue reading<\/span><i class=\"crycon-right-dir\"><\/i><\/a> <\/p>\n","protected":false},"author":1,"featured_media":0,"parent":3387,"menu_order":0,"comment_status":"closed","ping_status":"closed","template":"","meta":{"inline_featured_image":false,"footnotes":""},"class_list":["post-16","page","type-page","status-publish","hentry"],"_links":{"self":[{"href":"https:\/\/gymnase-yverdon.ch\/developpementdurable\/wp-json\/wp\/v2\/pages\/16","targetHints":{"allow":["GET"]}}],"collection":[{"href":"https:\/\/gymnase-yverdon.ch\/developpementdurable\/wp-json\/wp\/v2\/pages"}],"about":[{"href":"https:\/\/gymnase-yverdon.ch\/developpementdurable\/wp-json\/wp\/v2\/types\/page"}],"author":[{"embeddable":true,"href":"https:\/\/gymnase-yverdon.ch\/developpementdurable\/wp-json\/wp\/v2\/users\/1"}],"replies":[{"embeddable":true,"href":"https:\/\/gymnase-yverdon.ch\/developpementdurable\/wp-json\/wp\/v2\/comments?post=16"}],"version-history":[{"count":0,"href":"https:\/\/gymnase-yverdon.ch\/developpementdurable\/wp-json\/wp\/v2\/pages\/16\/revisions"}],"up":[{"embeddable":true,"href":"https:\/\/gymnase-yverdon.ch\/developpementdurable\/wp-json\/wp\/v2\/pages\/3387"}],"wp:attachment":[{"href":"https:\/\/gymnase-yverdon.ch\/developpementdurable\/wp-json\/wp\/v2\/media?parent=16"}],"curies":[{"name":"wp","href":"https:\/\/api.w.org\/{rel}","templated":true}]}}