{"id":1595,"date":"2016-12-25T22:33:47","date_gmt":"2016-12-25T21:33:47","guid":{"rendered":"https:\/\/www.gyyv.vd.ch\/developpementdurable\/?page_id=1595"},"modified":"2016-12-25T22:33:47","modified_gmt":"2016-12-25T21:33:47","slug":"planificateur-de-voyage","status":"publish","type":"page","link":"https:\/\/gymnase-yverdon.ch\/developpementdurable\/page-d-exemple-2\/les-engagements-durables-du-gymnase-dyverdon\/mobilite\/planificateur-de-voyage\/","title":{"rendered":"Planificateur de voyage"},"content":{"rendered":"<p style=\"text-align: center\"><a href=\"http:\/\/gymnase-yverdon.ch\/developpementdurable\/wp-content\/uploads\/sites\/5\/2016\/12\/Climat-La-Faute-aux-humains-Chappatte-Le-Temps-03.02.07-2-2.png\"><img loading=\"lazy\" decoding=\"async\" class=\"alignnone size-medium wp-image-1775\" src=\"http:\/\/gymnase-yverdon.ch\/developpementdurable\/wp-content\/uploads\/sites\/5\/2016\/12\/Climat-La-Faute-aux-humains-Chappatte-Le-Temps-03.02.07-2-300x270.png\" alt=\"\" width=\"300\" height=\"270\" srcset=\"https:\/\/gymnase-yverdon.ch\/developpementdurable\/wp-content\/uploads\/sites\/5\/2016\/12\/Climat-La-Faute-aux-humains-Chappatte-Le-Temps-03.02.07-2-300x270.png 300w, https:\/\/gymnase-yverdon.ch\/developpementdurable\/wp-content\/uploads\/sites\/5\/2016\/12\/Climat-La-Faute-aux-humains-Chappatte-Le-Temps-03.02.07-2.png 550w\" sizes=\"auto, (max-width: 300px) 100vw, 300px\" \/><\/a><br \/>\nClimat &#8211; La Faute aux humains &#8211; Chappatte &#8211; Le Temps &#8211; 03.02.07<\/p>\n<p>L&rsquo;impact environnemental peut varier fortement en fonction du moyen de transport utilis\u00e9. Voici quelques outils qui permettent d&rsquo;\u00e9valuer vos options de voyages en comparant diff\u00e9rents moyens de transport en fonction du prix, du temps de voyage ou encore des \u00e9missions de CO2 cr\u00e9\u00e9s par le voyage :<\/p>\n<p>1. <strong>Energie-environnement.ch<\/strong><\/p>\n<p>La plateforme <a href=\"http:\/\/www.energie-environnement.ch\/\" target=\"_blank\" rel=\"noopener noreferrer\">www.energie-envrionnement.ch<\/a> est la plate-forme d&rsquo;information des services de l&rsquo;\u00e9nergie et de l&rsquo;environnement des cantons de Berne, Fribourg, Gen\u00e8ve, Jura, Neuch\u00e2tel, Valais et Vaud. Son but est de fournir au public des conseils utiles sur les gestes que chacun peut faire pour \u00e9conomiser l&rsquo;\u00e9nergie, m\u00e9nager les ressources naturelles, et pr\u00e9server la biodiversit\u00e9 ainsi que son cadre de vie.<\/p>\n<p>Vous y trouverez un outil intitul\u00e9 \u00ab\u00a0<a href=\"http:\/\/www.energie-environnement.ch\/maison\/transports-et-mobilite\/mobile-impact\" target=\"_blank\" rel=\"noopener noreferrer\">Mobile-Impact<\/a>\u00a0\u00bb qui permet de calculer l&rsquo;impact des trajets sur le climat :<\/p>\n<p style=\"text-align: center\"><a href=\"http:\/\/www.energie-environnement.ch\/maison\/transports-et-mobilite\/mobile-impact\" target=\"_blank\" rel=\"noopener noreferrer\"><img loading=\"lazy\" decoding=\"async\" class=\"alignnone wp-image-1596\" src=\"http:\/\/gymnase-yverdon.ch\/developpementdurable\/wp-content\/uploads\/sites\/5\/2016\/12\/Mobile-impact-2-300x125.jpg\" alt=\"\" width=\"441\" height=\"184\" srcset=\"https:\/\/gymnase-yverdon.ch\/developpementdurable\/wp-content\/uploads\/sites\/5\/2016\/12\/Mobile-impact-2-300x125.jpg 300w, https:\/\/gymnase-yverdon.ch\/developpementdurable\/wp-content\/uploads\/sites\/5\/2016\/12\/Mobile-impact-2-768x321.jpg 768w, https:\/\/gymnase-yverdon.ch\/developpementdurable\/wp-content\/uploads\/sites\/5\/2016\/12\/Mobile-impact-2.jpg 818w\" sizes=\"auto, (max-width: 441px) 100vw, 441px\" \/><\/a><\/p>\n<p style=\"text-align: left\">2. <strong>Planificateur de voyage de l&rsquo;EPFL<\/strong><\/p>\n<p style=\"text-align: left\">L&rsquo;<a href=\"https:\/\/www.epfl.ch\/\" target=\"_blank\" rel=\"noopener noreferrer\">Ecole Polytechnique F\u00e9d\u00e9rale de Lausanne<\/a> (EPFL) propose, en partenariat avec routeRANK, un <a href=\"https:\/\/epfl.routerank.com\/fr\/\" target=\"_blank\" rel=\"noopener noreferrer\">outil<\/a> permettant d&rsquo;\u00e9valuer plusieurs options de voyages en consid\u00e9rant diff\u00e9rents moyens de transport.<\/p>\n<p><a href=\"https:\/\/epfl.routerank.com\/fr\/\" target=\"_blank\" rel=\"noopener noreferrer\"><img loading=\"lazy\" decoding=\"async\" class=\" wp-image-1597 aligncenter\" src=\"http:\/\/gymnase-yverdon.ch\/developpementdurable\/wp-content\/uploads\/sites\/5\/2016\/12\/EPFL-routeRANK-2-300x146.jpg\" alt=\"\" width=\"520\" height=\"253\" srcset=\"https:\/\/gymnase-yverdon.ch\/developpementdurable\/wp-content\/uploads\/sites\/5\/2016\/12\/EPFL-routeRANK-2-300x146.jpg 300w, https:\/\/gymnase-yverdon.ch\/developpementdurable\/wp-content\/uploads\/sites\/5\/2016\/12\/EPFL-routeRANK-2-768x374.jpg 768w, https:\/\/gymnase-yverdon.ch\/developpementdurable\/wp-content\/uploads\/sites\/5\/2016\/12\/EPFL-routeRANK-2.jpg 962w\" sizes=\"auto, (max-width: 520px) 100vw, 520px\" \/><\/a><\/p>\n<p><strong>3. Et la question du prix ?<\/strong><\/p>\n<p>Les voyages d&rsquo;\u00e9tudes sont, dans la plupart des cas, l&rsquo;occasion de prendre l&rsquo;avion pour se rendre dans une capitale europ\u00e9enne. En effet, le choix est souvent orient\u00e9 par la question du co\u00fbt (et celle du temps) et l&rsquo;apparition des vols low cost ont permis de d\u00e9mocratiser l&rsquo;acc\u00e8s aux avions.<\/p>\n<p>Il est aujourd&rsquo;hui cependant possible de choisir d&rsquo;autres moyens de transport qui ont un impact environnemental moins important que l&rsquo;avion tout en proposant des co\u00fbts plus avantageux. C&rsquo;est en tout cas ce que r\u00e9v\u00e8le une \u00e9tude du magazine <em>Bon \u00e0 savoir <\/em>intitul\u00e9 \u00ab\u00a0<a href=\"http:\/\/www.bonasavoir.ch\/922226-test-voyager-en-autocar-moins-rapide-mais-pas-cher\" target=\"_blank\" rel=\"noopener noreferrer\">Voyager en autocar : moins rapide mais pas cher<\/a>\u00a0\u00bb et qui propose le tableau comparatif suivant :<\/p>\n<p style=\"text-align: center\"><a href=\"http:\/\/gymnase-yverdon.ch\/developpementdurable\/wp-content\/uploads\/sites\/5\/2016\/12\/Prix-et-duree-dun-voyage-international-Bus-train-ou-avion-Bon-a-Savoir-Octobre-2015-2-2.jpg\"><img loading=\"lazy\" decoding=\"async\" class=\"alignnone  wp-image-1778\" src=\"http:\/\/gymnase-yverdon.ch\/developpementdurable\/wp-content\/uploads\/sites\/5\/2016\/12\/Prix-et-duree-dun-voyage-international-Bus-train-ou-avion-Bon-a-Savoir-Octobre-2015-2-300x230.jpg\" alt=\"\" width=\"467\" height=\"358\" srcset=\"https:\/\/gymnase-yverdon.ch\/developpementdurable\/wp-content\/uploads\/sites\/5\/2016\/12\/Prix-et-duree-dun-voyage-international-Bus-train-ou-avion-Bon-a-Savoir-Octobre-2015-2-300x230.jpg 300w, https:\/\/gymnase-yverdon.ch\/developpementdurable\/wp-content\/uploads\/sites\/5\/2016\/12\/Prix-et-duree-dun-voyage-international-Bus-train-ou-avion-Bon-a-Savoir-Octobre-2015-2.jpg 745w\" sizes=\"auto, (max-width: 467px) 100vw, 467px\" \/><\/a><\/p>\n<p style=\"text-align: center\">Bon \u00e0 Savoir, \u00ab\u00a0<a href=\"http:\/\/www.bonasavoir.ch\/922226-test-voyager-en-autocar-moins-rapide-mais-pas-cher\" target=\"_blank\" rel=\"noopener noreferrer\">Voyager en autocar : moins rapide mais pas cher<\/a>\u00ab\u00a0, 2015<\/p>\n<h2 class=\"chapo\"><\/h2>\n","protected":false},"excerpt":{"rendered":"<p>Climat &#8211; La Faute aux humains &#8211; Chappatte &#8211; Le Temps &#8211; 03.02.07 L&rsquo;impact environnemental peut varier fortement en fonction du moyen de transport utilis\u00e9. Voici quelques outils qui permettent d&rsquo;\u00e9valuer vos options de voyages en comparant diff\u00e9rents moyens de transport en fonction du prix, du temps de voyage ou &#8230;<\/p>\n<p> <a class=\"continue-reading-link\" href=\"https:\/\/gymnase-yverdon.ch\/developpementdurable\/page-d-exemple-2\/les-engagements-durables-du-gymnase-dyverdon\/mobilite\/planificateur-de-voyage\/\"><span>Continue reading<\/span><i class=\"crycon-right-dir\"><\/i><\/a> <\/p>\n","protected":false},"author":13,"featured_media":1596,"parent":24,"menu_order":0,"comment_status":"closed","ping_status":"closed","template":"","meta":{"inline_featured_image":false,"footnotes":""},"class_list":["post-1595","page","type-page","status-publish","has-post-thumbnail","hentry"],"_links":{"self":[{"href":"https:\/\/gymnase-yverdon.ch\/developpementdurable\/wp-json\/wp\/v2\/pages\/1595","targetHints":{"allow":["GET"]}}],"collection":[{"href":"https:\/\/gymnase-yverdon.ch\/developpementdurable\/wp-json\/wp\/v2\/pages"}],"about":[{"href":"https:\/\/gymnase-yverdon.ch\/developpementdurable\/wp-json\/wp\/v2\/types\/page"}],"author":[{"embeddable":true,"href":"https:\/\/gymnase-yverdon.ch\/developpementdurable\/wp-json\/wp\/v2\/users\/13"}],"replies":[{"embeddable":true,"href":"https:\/\/gymnase-yverdon.ch\/developpementdurable\/wp-json\/wp\/v2\/comments?post=1595"}],"version-history":[{"count":0,"href":"https:\/\/gymnase-yverdon.ch\/developpementdurable\/wp-json\/wp\/v2\/pages\/1595\/revisions"}],"up":[{"embeddable":true,"href":"https:\/\/gymnase-yverdon.ch\/developpementdurable\/wp-json\/wp\/v2\/pages\/24"}],"wp:featuredmedia":[{"embeddable":true,"href":"https:\/\/gymnase-yverdon.ch\/developpementdurable\/wp-json\/wp\/v2\/media\/1596"}],"wp:attachment":[{"href":"https:\/\/gymnase-yverdon.ch\/developpementdurable\/wp-json\/wp\/v2\/media?parent=1595"}],"curies":[{"name":"wp","href":"https:\/\/api.w.org\/{rel}","templated":true}]}}