{"id":1577,"date":"2016-11-17T10:18:44","date_gmt":"2016-11-17T09:18:44","guid":{"rendered":"https:\/\/www.gyyv.vd.ch\/developpementdurable\/?page_id=1577"},"modified":"2016-11-17T10:18:44","modified_gmt":"2016-11-17T09:18:44","slug":"action-paquets-de-noel-2015","status":"publish","type":"page","link":"https:\/\/gymnase-yverdon.ch\/developpementdurable\/page-d-exemple-2\/laboratoire-de-la-durabilite\/operation-cadeaux-de-noel-aumoniers\/action-paquets-de-noel-2015\/","title":{"rendered":"Action paquets de No\u00ebl 2015"},"content":{"rendered":"<p>Organis\u00e9e par Lusia Shammas et Fr\u00e9d\u00e9ric Steinhauer (respectivement aum\u00f4niers catholiques et protestants du Gymnase d\u2019Yverdon), la nouvelle \u00e9dition de l&rsquo;<a href=\"http:\/\/www.weihnachtspaeckli.ch\/index.php?id=4&amp;L=1\" target=\"_blank\" rel=\"noopener noreferrer\">Action paquets de No\u00ebl<\/a> a eu lieu au Gymnase d&rsquo;Yverdon fin novembre 2015.<\/p>\n<p style=\"text-align: center\"><a href=\"https:\/\/www.gyyv.vd.ch\/developpementdurable\/wp-content\/uploads\/sites\/13\/2016\/01\/IMG_0478_petit-2-2.jpg\"><img loading=\"lazy\" decoding=\"async\" class=\"size-medium wp-image-311 aligncenter\" src=\"https:\/\/www.gyyv.vd.ch\/developpementdurable\/wp-content\/uploads\/sites\/13\/2016\/01\/IMG_0478_petit-2-300x224.jpg\" alt=\"IMG_0478_petit\" width=\"300\" height=\"224\" srcset=\"https:\/\/gymnase-yverdon.ch\/developpementdurable\/wp-content\/uploads\/sites\/5\/2016\/01\/IMG_0478_petit-2-300x224.jpg 300w, https:\/\/gymnase-yverdon.ch\/developpementdurable\/wp-content\/uploads\/sites\/5\/2016\/01\/IMG_0478_petit-2.jpg 640w\" sizes=\"auto, (max-width: 300px) 100vw, 300px\" \/><\/a>Le stand de l&rsquo;action paquets de No\u00ebl 2015 (Photo C. Henchoz)<\/p>\n<p>De nombreuses \u00e9glises, \u00e9coles et soci\u00e9t\u00e9s participent chaque ann\u00e9e, en novembre, \u00e0 l\u2019<a href=\"http:\/\/www.weihnachtspaeckli.ch\/index.php?id=4&amp;L=1\" target=\"_blank\" rel=\"noopener noreferrer\">Action paquets de No\u00ebl<\/a> qui consiste \u00e0 pr\u00e9parer des paquets \u00e0 l\u2019attention d\u2019enfants et d\u2019adultes d\u00e9munis en Europe de l\u2019Est (Moldavie, Albanie, Bulgarie, Roumanie, Serbie, Bi\u00e9lorussie et Ukraine).<\/p>\n<p style=\"text-align: center\"><a href=\"https:\/\/www.gyyv.vd.ch\/developpementdurable\/wp-content\/uploads\/sites\/13\/2016\/01\/IMG_0479_petit-2-2.jpg\"><img loading=\"lazy\" decoding=\"async\" class=\"alignnone size-medium wp-image-312\" src=\"https:\/\/www.gyyv.vd.ch\/developpementdurable\/wp-content\/uploads\/sites\/13\/2016\/01\/IMG_0479_petit-2-224x300.jpg\" alt=\"IMG_0479_petit\" width=\"224\" height=\"300\" srcset=\"https:\/\/gymnase-yverdon.ch\/developpementdurable\/wp-content\/uploads\/sites\/5\/2016\/01\/IMG_0479_petit-2-224x300.jpg 224w, https:\/\/gymnase-yverdon.ch\/developpementdurable\/wp-content\/uploads\/sites\/5\/2016\/01\/IMG_0479_petit-2.jpg 478w\" sizes=\"auto, (max-width: 224px) 100vw, 224px\" \/><\/a><br \/>\nQuelque-uns des cadeaux assembl\u00e9s lors de l&rsquo;\u00e9dition 2015 (Photo C. Henchoz)<\/p>\n<p>Un grand merci \u00e0 toutes les personnes qui ont particip\u00e9 \u00e0 cet \u00e9v\u00e9nement et qui ont contribu\u00e9 aux 91&rsquo;400 paquets r\u00e9unis en Suisse.<\/p>\n<p>Pour plus d&rsquo;informations sur la d\u00e9marche, cliquez <a href=\"https:\/\/www.gyyv.vd.ch\/developpementdurable\/page-d-exemple\/laboratoire-de-la-durabilite\/operation-cadeaux-de-noel-aumoniers\/\">ici<\/a>.<\/p>\n","protected":false},"excerpt":{"rendered":"<p>Organis\u00e9e par Lusia Shammas et Fr\u00e9d\u00e9ric Steinhauer (respectivement aum\u00f4niers catholiques et protestants du Gymnase d\u2019Yverdon), la nouvelle \u00e9dition de l&rsquo;Action paquets de No\u00ebl a eu lieu au Gymnase d&rsquo;Yverdon fin novembre 2015. Le stand de l&rsquo;action paquets de No\u00ebl 2015 (Photo C. Henchoz) De nombreuses \u00e9glises, \u00e9coles et soci\u00e9t\u00e9s participent &#8230;<\/p>\n<p> <a class=\"continue-reading-link\" href=\"https:\/\/gymnase-yverdon.ch\/developpementdurable\/page-d-exemple-2\/laboratoire-de-la-durabilite\/operation-cadeaux-de-noel-aumoniers\/action-paquets-de-noel-2015\/\"><span>Continue reading<\/span><i class=\"crycon-right-dir\"><\/i><\/a> <\/p>\n","protected":false},"author":13,"featured_media":0,"parent":65,"menu_order":0,"comment_status":"closed","ping_status":"closed","template":"","meta":{"inline_featured_image":false,"footnotes":""},"class_list":["post-1577","page","type-page","status-publish","hentry"],"_links":{"self":[{"href":"https:\/\/gymnase-yverdon.ch\/developpementdurable\/wp-json\/wp\/v2\/pages\/1577","targetHints":{"allow":["GET"]}}],"collection":[{"href":"https:\/\/gymnase-yverdon.ch\/developpementdurable\/wp-json\/wp\/v2\/pages"}],"about":[{"href":"https:\/\/gymnase-yverdon.ch\/developpementdurable\/wp-json\/wp\/v2\/types\/page"}],"author":[{"embeddable":true,"href":"https:\/\/gymnase-yverdon.ch\/developpementdurable\/wp-json\/wp\/v2\/users\/13"}],"replies":[{"embeddable":true,"href":"https:\/\/gymnase-yverdon.ch\/developpementdurable\/wp-json\/wp\/v2\/comments?post=1577"}],"version-history":[{"count":0,"href":"https:\/\/gymnase-yverdon.ch\/developpementdurable\/wp-json\/wp\/v2\/pages\/1577\/revisions"}],"up":[{"embeddable":true,"href":"https:\/\/gymnase-yverdon.ch\/developpementdurable\/wp-json\/wp\/v2\/pages\/65"}],"wp:attachment":[{"href":"https:\/\/gymnase-yverdon.ch\/developpementdurable\/wp-json\/wp\/v2\/media?parent=1577"}],"curies":[{"name":"wp","href":"https:\/\/api.w.org\/{rel}","templated":true}]}}