{"id":1214,"date":"2016-04-30T20:57:37","date_gmt":"2016-04-30T19:57:37","guid":{"rendered":"https:\/\/www.gyyv.vd.ch\/developpementdurable\/?page_id=1214"},"modified":"2016-04-30T20:57:37","modified_gmt":"2016-04-30T19:57:37","slug":"bd-agis-pour-ta-planete","status":"publish","type":"page","link":"https:\/\/gymnase-yverdon.ch\/developpementdurable\/page-d-exemple-2\/laboratoire-de-la-durabilite\/des-solutions-concretes\/bd-agis-pour-ta-planete\/","title":{"rendered":"BD \u00ab\u00a0Agis pour ta plan\u00e8te\u00a0\u00bb"},"content":{"rendered":"<p>Projet \u00e0 la crois\u00e9e de l&rsquo;art, de l&rsquo;environnement et du social, la bande dessin\u00e9e d&rsquo;Oriane Masserey et de Mathias Br\u00fchlmann propose, au travers de 8 planches, d&rsquo;explorer des sujets d&rsquo;actualit\u00e9s dans le but d&rsquo;encourager \u00ab\u00a0une prise de conscience et une remise en question de la part du lecteur.\u00a0\u00bb<\/p>\n<p><a href=\"http:\/\/gymnase-yverdon.ch\/developpementdurable\/wp-content\/uploads\/sites\/5\/2016\/04\/01-Mathias-Oriane-BD-2-2.jpg\"><img loading=\"lazy\" decoding=\"async\" class=\" wp-image-1215 aligncenter\" src=\"http:\/\/gymnase-yverdon.ch\/developpementdurable\/wp-content\/uploads\/sites\/5\/2016\/04\/01-Mathias-Oriane-BD-2-195x300.jpg\" alt=\"01 - Mathias Oriane - BD\" width=\"224\" height=\"345\" srcset=\"https:\/\/gymnase-yverdon.ch\/developpementdurable\/wp-content\/uploads\/sites\/5\/2016\/04\/01-Mathias-Oriane-BD-2-195x300.jpg 195w, https:\/\/gymnase-yverdon.ch\/developpementdurable\/wp-content\/uploads\/sites\/5\/2016\/04\/01-Mathias-Oriane-BD-2.jpg 624w\" sizes=\"auto, (max-width: 224px) 100vw, 224px\" \/><\/a><\/p>\n<p>Ce dernier est en effet confront\u00e9 \u00e0 \u00ab\u00a0des s\u00e9ries d\u2019actes quotidiens auxquels il peut s\u2019identifier\u00a0\u00bb afin \u00ab\u00a0chacun prenne sa part de responsabilit\u00e9 pour augmenter la long\u00e9vit\u00e9 de la plan\u00e8te\u00a0\u00bb.<\/p>\n<p style=\"text-align: center\"><a href=\"http:\/\/gymnase-yverdon.ch\/developpementdurable\/wp-content\/uploads\/sites\/5\/2016\/04\/02-Mathias-Oriane-BD-2-2.jpg\"><img loading=\"lazy\" decoding=\"async\" class=\"alignnone wp-image-1216\" src=\"http:\/\/gymnase-yverdon.ch\/developpementdurable\/wp-content\/uploads\/sites\/5\/2016\/04\/02-Mathias-Oriane-BD-2-300x185.jpg\" alt=\"02 - Mathias Oriane - BD\" width=\"378\" height=\"233\" srcset=\"https:\/\/gymnase-yverdon.ch\/developpementdurable\/wp-content\/uploads\/sites\/5\/2016\/04\/02-Mathias-Oriane-BD-2-300x185.jpg 300w, https:\/\/gymnase-yverdon.ch\/developpementdurable\/wp-content\/uploads\/sites\/5\/2016\/04\/02-Mathias-Oriane-BD-2-768x474.jpg 768w, https:\/\/gymnase-yverdon.ch\/developpementdurable\/wp-content\/uploads\/sites\/5\/2016\/04\/02-Mathias-Oriane-BD-2.jpg 960w\" sizes=\"auto, (max-width: 378px) 100vw, 378px\" \/><\/a><\/p>\n<p>Le projet, cr\u00e9\u00e9 dans le cadre de l&rsquo;<a href=\"https:\/\/www.gyyv.vd.ch\/developpementdurable\/page-d-exemple\/etudes-et-recherche\/geographie\/oc-2015-16\/\">Option compl\u00e9mentaire de g\u00e9ographie 2015-16<\/a>, sera expos\u00e9 lors de la <a href=\"https:\/\/www.gyyv.vd.ch\/journeedelaterre\/\" target=\"_blank\" rel=\"noopener noreferrer\">2e Journ\u00e9e de la Terre nourrici\u00e8re<\/a> au Gymnase d&rsquo;Yverdon.<\/p>\n<p>Les planches sont consultables sur la <a href=\"https:\/\/www.facebook.com\/Agis-pour-ta-plan%C3%A8te-1017954748293184\/?fref=nf\" target=\"_blank\" rel=\"noopener noreferrer\">page Facebook<\/a> d&rsquo;Oriane et Mathias.<\/p>\n<p>&nbsp;<\/p>\n","protected":false},"excerpt":{"rendered":"<p>Projet \u00e0 la crois\u00e9e de l&rsquo;art, de l&rsquo;environnement et du social, la bande dessin\u00e9e d&rsquo;Oriane Masserey et de Mathias Br\u00fchlmann propose, au travers de 8 planches, d&rsquo;explorer des sujets d&rsquo;actualit\u00e9s dans le but d&rsquo;encourager \u00ab\u00a0une prise de conscience et une remise en question de la part du lecteur.\u00a0\u00bb Ce dernier &#8230;<\/p>\n<p> <a class=\"continue-reading-link\" href=\"https:\/\/gymnase-yverdon.ch\/developpementdurable\/page-d-exemple-2\/laboratoire-de-la-durabilite\/des-solutions-concretes\/bd-agis-pour-ta-planete\/\"><span>Continue reading<\/span><i class=\"crycon-right-dir\"><\/i><\/a> <\/p>\n","protected":false},"author":13,"featured_media":0,"parent":61,"menu_order":0,"comment_status":"closed","ping_status":"closed","template":"","meta":{"inline_featured_image":false,"footnotes":""},"class_list":["post-1214","page","type-page","status-publish","hentry"],"_links":{"self":[{"href":"https:\/\/gymnase-yverdon.ch\/developpementdurable\/wp-json\/wp\/v2\/pages\/1214","targetHints":{"allow":["GET"]}}],"collection":[{"href":"https:\/\/gymnase-yverdon.ch\/developpementdurable\/wp-json\/wp\/v2\/pages"}],"about":[{"href":"https:\/\/gymnase-yverdon.ch\/developpementdurable\/wp-json\/wp\/v2\/types\/page"}],"author":[{"embeddable":true,"href":"https:\/\/gymnase-yverdon.ch\/developpementdurable\/wp-json\/wp\/v2\/users\/13"}],"replies":[{"embeddable":true,"href":"https:\/\/gymnase-yverdon.ch\/developpementdurable\/wp-json\/wp\/v2\/comments?post=1214"}],"version-history":[{"count":0,"href":"https:\/\/gymnase-yverdon.ch\/developpementdurable\/wp-json\/wp\/v2\/pages\/1214\/revisions"}],"up":[{"embeddable":true,"href":"https:\/\/gymnase-yverdon.ch\/developpementdurable\/wp-json\/wp\/v2\/pages\/61"}],"wp:attachment":[{"href":"https:\/\/gymnase-yverdon.ch\/developpementdurable\/wp-json\/wp\/v2\/media?parent=1214"}],"curies":[{"name":"wp","href":"https:\/\/api.w.org\/{rel}","templated":true}]}}