{"id":1208,"date":"2016-04-30T19:28:18","date_gmt":"2016-04-30T18:28:18","guid":{"rendered":"https:\/\/www.gyyv.vd.ch\/developpementdurable\/?page_id=1208"},"modified":"2016-04-30T19:28:18","modified_gmt":"2016-04-30T18:28:18","slug":"consommactrice","status":"publish","type":"page","link":"https:\/\/gymnase-yverdon.ch\/developpementdurable\/page-d-exemple-2\/laboratoire-de-la-durabilite\/des-solutions-concretes\/consommactrice\/","title":{"rendered":"Consomm&rsquo;actrice"},"content":{"rendered":"<p>Amen\u00e9e, dans le cadre de l&rsquo;<a href=\"https:\/\/www.gyyv.vd.ch\/developpementdurable\/page-d-exemple\/etudes-et-recherche\/geographie\/oc-2015-16\/\">Option compl\u00e9mentaire de g\u00e9ographie 2015-16<\/a>, \u00e0 concevoir une action concr\u00e8te \u00e0 impl\u00e9menter dans la soci\u00e9t\u00e9, Romane Claustre a d\u00e9cid\u00e9 de fabriquer ses produits cosm\u00e9tiques (et autres) en utilisant des ingr\u00e9dients naturels.<\/p>\n<p style=\"text-align: center\"><a href=\"https:\/\/www.gyyv.vd.ch\/developpementdurable\/wp-content\/uploads\/sites\/13\/2016\/01\/Romane-Logo-2-2.jpg\"><img loading=\"lazy\" decoding=\"async\" class=\"alignnone size-full wp-image-1022\" src=\"https:\/\/www.gyyv.vd.ch\/developpementdurable\/wp-content\/uploads\/sites\/13\/2016\/01\/Romane-Logo-2-2.jpg\" alt=\"Romane Logo\" width=\"160\" height=\"160\" \/><\/a><br \/>\nLogo du site internet de Romane Claustre<\/p>\n<p>Romane explique que sur sa page elle propose des \u00ab\u00a0recettes simples de produits de tous les jours (comme des cosm\u00e9tiques, des produits m\u00e9n<span class=\"text_exposed_show\">agers, etc) \u00e0 fabriquer soi-m\u00eame\u00a0\u00bb. Pour ce faire, elle pr\u00e9sente des ingr\u00e9dients naturels \u00e0 utiliser sans les transformer, \u00ab\u00a0tout ceci dans le but d&rsquo;\u00e9viter d&rsquo;utiliser des produits nocifs pour le corps, de faire \u00e9conomiser de l&rsquo;argent et de moins polluer la plan\u00e8te\u00a0\u00bb.<\/span><\/p>\n<p>Pour d\u00e9couvrir le site de Romane, <a href=\"https:\/\/www.facebook.com\/Consommactrice-alternative-aux-produits-quotidiens-983943648307849\/info\/?tab=page_info\" target=\"_blank\" rel=\"noopener noreferrer\">cliquez ici<\/a>.<\/p>\n<p><a href=\"https:\/\/www.facebook.com\/Consommactrice-alternative-aux-produits-quotidiens-983943648307849\/\" target=\"_blank\" rel=\"noopener noreferrer\"><img loading=\"lazy\" decoding=\"async\" class=\" wp-image-1209 aligncenter\" src=\"http:\/\/gymnase-yverdon.ch\/developpementdurable\/wp-content\/uploads\/sites\/5\/2016\/04\/Consommactrice-Romane-Claustre-Page-Facebook-2-300x127.jpg\" alt=\"Consommactrice - Romane Claustre - Page Facebook\" width=\"555\" height=\"235\" srcset=\"https:\/\/gymnase-yverdon.ch\/developpementdurable\/wp-content\/uploads\/sites\/5\/2016\/04\/Consommactrice-Romane-Claustre-Page-Facebook-2-300x127.jpg 300w, https:\/\/gymnase-yverdon.ch\/developpementdurable\/wp-content\/uploads\/sites\/5\/2016\/04\/Consommactrice-Romane-Claustre-Page-Facebook-2-768x325.jpg 768w, https:\/\/gymnase-yverdon.ch\/developpementdurable\/wp-content\/uploads\/sites\/5\/2016\/04\/Consommactrice-Romane-Claustre-Page-Facebook-2.jpg 833w\" sizes=\"auto, (max-width: 555px) 100vw, 555px\" \/><\/a><\/p>\n<p>&nbsp;<\/p>\n","protected":false},"excerpt":{"rendered":"<p>Amen\u00e9e, dans le cadre de l&rsquo;Option compl\u00e9mentaire de g\u00e9ographie 2015-16, \u00e0 concevoir une action concr\u00e8te \u00e0 impl\u00e9menter dans la soci\u00e9t\u00e9, Romane Claustre a d\u00e9cid\u00e9 de fabriquer ses produits cosm\u00e9tiques (et autres) en utilisant des ingr\u00e9dients naturels. Logo du site internet de Romane Claustre Romane explique que sur sa page elle &#8230;<\/p>\n<p> <a class=\"continue-reading-link\" href=\"https:\/\/gymnase-yverdon.ch\/developpementdurable\/page-d-exemple-2\/laboratoire-de-la-durabilite\/des-solutions-concretes\/consommactrice\/\"><span>Continue reading<\/span><i class=\"crycon-right-dir\"><\/i><\/a> <\/p>\n","protected":false},"author":13,"featured_media":0,"parent":61,"menu_order":0,"comment_status":"closed","ping_status":"closed","template":"","meta":{"inline_featured_image":false,"footnotes":""},"class_list":["post-1208","page","type-page","status-publish","hentry"],"_links":{"self":[{"href":"https:\/\/gymnase-yverdon.ch\/developpementdurable\/wp-json\/wp\/v2\/pages\/1208","targetHints":{"allow":["GET"]}}],"collection":[{"href":"https:\/\/gymnase-yverdon.ch\/developpementdurable\/wp-json\/wp\/v2\/pages"}],"about":[{"href":"https:\/\/gymnase-yverdon.ch\/developpementdurable\/wp-json\/wp\/v2\/types\/page"}],"author":[{"embeddable":true,"href":"https:\/\/gymnase-yverdon.ch\/developpementdurable\/wp-json\/wp\/v2\/users\/13"}],"replies":[{"embeddable":true,"href":"https:\/\/gymnase-yverdon.ch\/developpementdurable\/wp-json\/wp\/v2\/comments?post=1208"}],"version-history":[{"count":0,"href":"https:\/\/gymnase-yverdon.ch\/developpementdurable\/wp-json\/wp\/v2\/pages\/1208\/revisions"}],"up":[{"embeddable":true,"href":"https:\/\/gymnase-yverdon.ch\/developpementdurable\/wp-json\/wp\/v2\/pages\/61"}],"wp:attachment":[{"href":"https:\/\/gymnase-yverdon.ch\/developpementdurable\/wp-json\/wp\/v2\/media?parent=1208"}],"curies":[{"name":"wp","href":"https:\/\/api.w.org\/{rel}","templated":true}]}}