{"id":111,"date":"2016-01-18T22:47:37","date_gmt":"2016-01-18T21:47:37","guid":{"rendered":"https:\/\/www.gyyv.vd.ch\/developpementdurable\/?page_id=111"},"modified":"2016-01-18T22:47:37","modified_gmt":"2016-01-18T21:47:37","slug":"pour-les-enseignants-leducation-au-developpement-durable-edd","status":"publish","type":"page","link":"https:\/\/gymnase-yverdon.ch\/developpementdurable\/page-d-exemple-2\/sengager\/pour-les-enseignants-leducation-au-developpement-durable-edd\/","title":{"rendered":"Pour les enseignant-e-s : l\u2019EDD"},"content":{"rendered":"<p style=\"text-align: center\"><a href=\"https:\/\/www.gyyv.vd.ch\/developpementdurable\/wp-content\/uploads\/sites\/13\/2016\/01\/Logo-EDD-Unesco-2-2.jpg\" rel=\"attachment wp-att-426\"><img loading=\"lazy\" decoding=\"async\" class=\"alignnone size-medium wp-image-426\" src=\"https:\/\/www.gyyv.vd.ch\/developpementdurable\/wp-content\/uploads\/sites\/13\/2016\/01\/Logo-EDD-Unesco-2-300x96.jpg\" alt=\"Logo EDD - Unesco\" width=\"300\" height=\"96\" srcset=\"https:\/\/gymnase-yverdon.ch\/developpementdurable\/wp-content\/uploads\/sites\/5\/2016\/01\/Logo-EDD-Unesco-2-300x96.jpg 300w, https:\/\/gymnase-yverdon.ch\/developpementdurable\/wp-content\/uploads\/sites\/5\/2016\/01\/Logo-EDD-Unesco-2.jpg 342w\" sizes=\"auto, (max-width: 300px) 100vw, 300px\" \/><\/a><\/p>\n<p><strong>1. 2005 &#8211; 2014 : D\u00e9cennie des Nations Unies pour l&rsquo;Education au service du d\u00e9veloppement durable (EDD)<\/strong><\/p>\n<p>Selon la d\u00e9finition de l\u2019<a href=\"http:\/\/unesdoc.unesco.org\/images\/0023\/002305\/230514f.pdf\" target=\"_blank\" rel=\"noopener noreferrer\">UNESCO<\/a> : \u00ab\u00a0l\u2019\u00c9ducation au d\u00e9veloppement durable (EDD) permet \u00e0 chacun d\u2019acqu\u00e9rir les connaissances, les comp\u00e9tences, les attitudes et les valeurs n\u00e9cessaires pour b\u00e2tir un avenir durable.\u00a0\u00bb<\/p>\n<p>Ainsi, l\u2019EDD consiste \u00e0 aborder les grands enjeux contemporains (changements climatiques, crises \u00e9conomiques et sociales, transition des \u00e9nergies fossiles aux \u00e9nergies durables, etc.) dans l\u2019enseignement et ceci en encourageant les \u00e9tudiant-e-s \u00e0 s\u2019engager au travers d\u2019actions concr\u00e8tes visant \u00e0 apporter un changement dans la soci\u00e9t\u00e9.<\/p>\n<p>C&rsquo;est dans cette perspective qu&rsquo;\u00e0 \u00e9t\u00e9 d\u00e9cid\u00e9e la D\u00e9cennie des Nations Unies pour l\u2019\u00e9ducation au service du d\u00e9veloppement durable (2005-2014) qui, comme le d\u00e9clare l&rsquo;<a href=\"http:\/\/unesdoc.unesco.org\/images\/0023\/002305\/230514f.pdf\" target=\"_blank\" rel=\"noopener noreferrer\">UNESCO<\/a>, s&rsquo;est employ\u00e9e \u00ab\u00a0\u00e0 mobiliser les ressources \u00e9ducatives de la plan\u00e8te pour contribuer \u00e0 construire un avenir plus viable\u00a0\u00bb sur la base de plusieurs composantes.<\/p>\n<p><strong>2. Composantes de l&rsquo;EDD<\/strong><\/p>\n<p>Pour reprendre les termes exacts de l&rsquo;UNESCO, l&rsquo;EDD est constitu\u00e9e par une s\u00e9rie de <a href=\"http:\/\/unesdoc.unesco.org\/images\/0023\/002305\/230514f.pdf\" target=\"_blank\" rel=\"noopener noreferrer\">composantes<\/a> :<\/p>\n<p style=\"text-align: center\"><a href=\"https:\/\/www.gyyv.vd.ch\/developpementdurable\/wp-content\/uploads\/sites\/13\/2016\/01\/Composantes-de-lEDD-2-2.jpg\" rel=\"attachment wp-att-574\"><img loading=\"lazy\" decoding=\"async\" class=\"alignnone wp-image-574\" src=\"https:\/\/www.gyyv.vd.ch\/developpementdurable\/wp-content\/uploads\/sites\/13\/2016\/01\/Composantes-de-lEDD-2-300x268.jpg\" alt=\"Composantes de l'EDD\" width=\"487\" height=\"435\" srcset=\"https:\/\/gymnase-yverdon.ch\/developpementdurable\/wp-content\/uploads\/sites\/5\/2016\/01\/Composantes-de-lEDD-2-300x268.jpg 300w, https:\/\/gymnase-yverdon.ch\/developpementdurable\/wp-content\/uploads\/sites\/5\/2016\/01\/Composantes-de-lEDD-2-768x687.jpg 768w, https:\/\/gymnase-yverdon.ch\/developpementdurable\/wp-content\/uploads\/sites\/5\/2016\/01\/Composantes-de-lEDD-2.jpg 797w\" sizes=\"auto, (max-width: 487px) 100vw, 487px\" \/><\/a><\/p>\n<p style=\"text-align: center\">Composantes de l&rsquo;EDD, selon l&rsquo;<a href=\"http:\/\/unesdoc.unesco.org\/images\/0023\/002305\/230514f.pdf\" target=\"_blank\" rel=\"noopener noreferrer\">UNESCO<\/a><\/p>\n<p><strong>3. Apr\u00e8s 2015 : le Programme d&rsquo;action global pour l&rsquo;EDD<\/strong><\/p>\n<p>Pour assurer le suivi de la D\u00e9cennie des Nations Unies pour l&rsquo;Education au D\u00e9veloppement Durable, la Conf\u00e9rence g\u00e9n\u00e9rale de l&rsquo;UNESCO a adopt\u00e9 en 2013 le Programme d&rsquo;action global pour l&rsquo;EDD, appliqu\u00e9 \u00e0 partir de 2015.<\/p>\n<p>Ainsi, comme l&rsquo;explique l&rsquo;<a href=\"http:\/\/unesdoc.unesco.org\/images\/0023\/002305\/230514f.pdf\" target=\"_blank\" rel=\"noopener noreferrer\">UNESCO<\/a>, \u00ab\u00a0Le Programme d\u2019action global contribue \u00e0 transposer dans la r\u00e9alit\u00e9 la vision d\u00e9fendue par la D\u00e9cennie pour l\u2019\u00e9ducation au service du d\u00e9veloppement durable\u00a0\u00bb et ceci en suscitant et en intensifiant \u00ab\u00a0l\u2019action \u00e0 tous les niveaux et dans tous les domaines de l\u2019\u00e9ducation et de l\u2019apprentissage afin d\u2019acc\u00e9l\u00e9rer la marche vers le d\u00e9veloppement durable.\u00a0\u00bb<\/p>\n<p>Le programme s&rsquo;aligne int\u00e9gralement sur les <a href=\"https:\/\/sustainabledevelopment.un.org\/sdgs\" target=\"_blank\" rel=\"noopener noreferrer\">Objectifs du D\u00e9veloppement Durable 2015-2030<\/a> :<\/p>\n<p style=\"text-align: center\"><a href=\"https:\/\/www.gyyv.vd.ch\/developpementdurable\/wp-content\/uploads\/sites\/13\/2016\/01\/Objectifs-du-de\u0301veloppement-durable-2-2.jpg\" rel=\"attachment wp-att-260\"><img loading=\"lazy\" decoding=\"async\" class=\"alignnone wp-image-260\" src=\"https:\/\/www.gyyv.vd.ch\/developpementdurable\/wp-content\/uploads\/sites\/13\/2016\/01\/Objectifs-du-de\u0301veloppement-durable-2-300x166.jpg\" alt=\"Objectifs du de\u0301veloppement durable\" width=\"475\" height=\"263\" \/><\/a><\/p>\n<p>Pour concr\u00e9tiser cette approche globale, le programme poursuit <a href=\"http:\/\/unesdoc.unesco.org\/images\/0023\/002305\/230514f.pdf\" target=\"_blank\" rel=\"noopener noreferrer\">deux objectifs<\/a> :<\/p>\n<ol>\n<li>R\u00e9orienter l\u2019\u00e9ducation et l\u2019apprentissage de sorte que chacun ait la possibilit\u00e9 de se familiariser avec les connaissances, les comp\u00e9tences, les valeurs et les attitudes n\u00e9cessaires pour avoir les moyens de contribuer au d\u00e9veloppement durable;<\/li>\n<li>Accro\u00eetre la place de l\u2019\u00e9ducation et de l\u2019apprentissage dans tous les plans d\u2019action, programmes et activit\u00e9s qui visent \u00e0 promouvoir le d\u00e9veloppement durable.<\/li>\n<\/ol>\n<p><strong>4. Domaines d&rsquo;action prioritaires<\/strong><\/p>\n<p>Finalement, comme le signale l&rsquo;<a href=\"http:\/\/unesdoc.unesco.org\/images\/0023\/002305\/230514f.pdf\" target=\"_blank\" rel=\"noopener noreferrer\">UNESCO<\/a>, et ceci \u00ab\u00a0dans le but de renforcer l&rsquo;engagement des parties prenantes, le Programme d&rsquo;action global a d\u00e9fini cinq domaines d&rsquo;action prioritaires qui contribueront \u00e0 la r\u00e9alisation de l&rsquo;EDD\u00a0\u00bb :<\/p>\n<p style=\"text-align: center\"><a href=\"https:\/\/www.gyyv.vd.ch\/developpementdurable\/wp-content\/uploads\/sites\/13\/2016\/01\/Domaines-daction-prioritaire-2-2.jpg\" rel=\"attachment wp-att-576\"><img loading=\"lazy\" decoding=\"async\" class=\"alignnone wp-image-576\" src=\"https:\/\/www.gyyv.vd.ch\/developpementdurable\/wp-content\/uploads\/sites\/13\/2016\/01\/Domaines-daction-prioritaire-2-300x249.jpg\" alt=\"Domaines d'action prioritaire\" width=\"531\" height=\"441\" srcset=\"https:\/\/gymnase-yverdon.ch\/developpementdurable\/wp-content\/uploads\/sites\/5\/2016\/01\/Domaines-daction-prioritaire-2-300x249.jpg 300w, https:\/\/gymnase-yverdon.ch\/developpementdurable\/wp-content\/uploads\/sites\/5\/2016\/01\/Domaines-daction-prioritaire-2-768x637.jpg 768w, https:\/\/gymnase-yverdon.ch\/developpementdurable\/wp-content\/uploads\/sites\/5\/2016\/01\/Domaines-daction-prioritaire-2.jpg 785w\" sizes=\"auto, (max-width: 531px) 100vw, 531px\" \/><\/a><\/p>\n<p style=\"text-align: center\">Domaines d&rsquo;action prioritaire de l&rsquo;<a href=\"http:\/\/unesdoc.unesco.org\/images\/0023\/002305\/230514f.pdf\" target=\"_blank\" rel=\"noopener noreferrer\">UNESCO<\/a><\/p>\n<p><strong>5. Ressources<\/strong><\/p>\n<p>Pour plus d&rsquo;informations sur la d\u00e9marche au niveau global et au niveau Suisse, consultez les ressources suivantes :<\/p>\n<ul>\n<li>Le site de l&rsquo;UNESCO sur l&rsquo;<a href=\"https:\/\/fr.unesco.org\/themes\/%C3%A9ducation-au-d%C3%A9veloppement-durable\" target=\"_blank\" rel=\"noopener noreferrer\">Education au D\u00e9veloppement Durable<\/a>;<\/li>\n<li>La <a href=\"http:\/\/unesdoc.unesco.org\/images\/0023\/002305\/230514f.pdf\" target=\"_blank\" rel=\"noopener noreferrer\">feuille de route<\/a> sur la mise en \u0153uvre du \u00abProgramme d\u2019action global pour l\u2019\u00e9ducation en vue du d\u00e9veloppement durable\u00bb;<\/li>\n<li>Le site <a href=\"http:\/\/www.education21.ch\/fr\/home\" target=\"_blank\" rel=\"noopener noreferrer\">Education21<\/a> qui est le centre national de prestation et de comp\u00e9tence pour mise en \u0153uvre de l&rsquo;EDD en Suisse.<\/li>\n<\/ul>\n","protected":false},"excerpt":{"rendered":"<p>1. 2005 &#8211; 2014 : D\u00e9cennie des Nations Unies pour l&rsquo;Education au service du d\u00e9veloppement durable (EDD) Selon la d\u00e9finition de l\u2019UNESCO : \u00ab\u00a0l\u2019\u00c9ducation au d\u00e9veloppement durable (EDD) permet \u00e0 chacun d\u2019acqu\u00e9rir les connaissances, les comp\u00e9tences, les attitudes et les valeurs n\u00e9cessaires pour b\u00e2tir un avenir durable.\u00a0\u00bb Ainsi, l\u2019EDD consiste &#8230;<\/p>\n<p> <a class=\"continue-reading-link\" href=\"https:\/\/gymnase-yverdon.ch\/developpementdurable\/page-d-exemple-2\/sengager\/pour-les-enseignants-leducation-au-developpement-durable-edd\/\"><span>Continue reading<\/span><i class=\"crycon-right-dir\"><\/i><\/a> <\/p>\n","protected":false},"author":1,"featured_media":0,"parent":93,"menu_order":0,"comment_status":"closed","ping_status":"closed","template":"","meta":{"inline_featured_image":false,"footnotes":""},"class_list":["post-111","page","type-page","status-publish","hentry"],"_links":{"self":[{"href":"https:\/\/gymnase-yverdon.ch\/developpementdurable\/wp-json\/wp\/v2\/pages\/111","targetHints":{"allow":["GET"]}}],"collection":[{"href":"https:\/\/gymnase-yverdon.ch\/developpementdurable\/wp-json\/wp\/v2\/pages"}],"about":[{"href":"https:\/\/gymnase-yverdon.ch\/developpementdurable\/wp-json\/wp\/v2\/types\/page"}],"author":[{"embeddable":true,"href":"https:\/\/gymnase-yverdon.ch\/developpementdurable\/wp-json\/wp\/v2\/users\/1"}],"replies":[{"embeddable":true,"href":"https:\/\/gymnase-yverdon.ch\/developpementdurable\/wp-json\/wp\/v2\/comments?post=111"}],"version-history":[{"count":0,"href":"https:\/\/gymnase-yverdon.ch\/developpementdurable\/wp-json\/wp\/v2\/pages\/111\/revisions"}],"up":[{"embeddable":true,"href":"https:\/\/gymnase-yverdon.ch\/developpementdurable\/wp-json\/wp\/v2\/pages\/93"}],"wp:attachment":[{"href":"https:\/\/gymnase-yverdon.ch\/developpementdurable\/wp-json\/wp\/v2\/media?parent=111"}],"curies":[{"name":"wp","href":"https:\/\/api.w.org\/{rel}","templated":true}]}}