{"id":46,"date":"2023-10-10T12:14:53","date_gmt":"2023-10-10T10:14:53","guid":{"rendered":"https:\/\/gymnase-yverdon.ch\/50ans\/?page_id=46"},"modified":"2024-09-02T08:43:28","modified_gmt":"2024-09-02T06:43:28","slug":"vision","status":"publish","type":"page","link":"https:\/\/gymnase-yverdon.ch\/50ans\/vision\/","title":{"rendered":"Vision"},"content":{"rendered":"<p>[et_pb_section fb_built=\u00a0\u00bb1&Prime; _builder_version=\u00a0\u00bb4.21.0&Prime; _module_preset=\u00a0\u00bbdefault\u00a0\u00bb global_colors_info=\u00a0\u00bb{}\u00a0\u00bb][et_pb_row _builder_version=\u00a0\u00bb4.21.0&Prime; _module_preset=\u00a0\u00bbdefault\u00a0\u00bb global_colors_info=\u00a0\u00bb{}\u00a0\u00bb][et_pb_column type=\u00a0\u00bb4_4&Prime; _builder_version=\u00a0\u00bb4.21.0&Prime; _module_preset=\u00a0\u00bbdefault\u00a0\u00bb global_colors_info=\u00a0\u00bb{}\u00a0\u00bb][et_pb_text _builder_version=\u00a0\u00bb4.21.0&Prime; _module_preset=\u00a0\u00bbdefault\u00a0\u00bb global_colors_info=\u00a0\u00bb{}\u00a0\u00bb]<\/p>\n<h2 style=\"text-align: justify\">Vision<\/h2>\n<p style=\"text-align: justify\">En 2024, le Gymnase d\u2019Yverdon souffle ses cinquante bougies. Un demi-si\u00e8cle d\u2019existence, c\u2019est l\u2019occasion de r\u00e9fl\u00e9chir \u00e0 l\u2019ancrage de notre \u00e9tablissement dans son \u00e9poque et dans sa r\u00e9gion. Nous vous proposons une comm\u00e9moration qui nous permet d\u2019accro\u00eetre le sentiment d\u2019appartenance \u00e0 une communaut\u00e9 gymnasiale dont le c\u0153ur bat particuli\u00e8rement fort \u00e0 Yverdon. Nous vous proposons une c\u00e9l\u00e9bration qui mettra en valeur le travail effectu\u00e9 par nos \u00e9l\u00e8ves et par les professionnel\u00b7le\u00b7s tout en montrant les profondes connexions qui existent entre notre \u00e9tablissement et le tissu r\u00e9gional. Il s&rsquo;agit de profiter de l\u2019occasion pour mener une r\u00e9flexion sur le chemin parcouru et celui qui reste \u00e0 parcourir pour remplir notre mission fondamentale de transmission.<\/p>\n<p style=\"text-align: justify\">Pour y parvenir, nous avons choisi le fil rouge de la culture pour nous guider pendant toute l\u2019ann\u00e9e 2024. Car la culture est au c\u0153ur de notre projet \u00e9ducatif, elle bruisse dans nos enseignements, elle surgit dans nos multiples activit\u00e9s. Pour concr\u00e9tiser cette intention, les festivit\u00e9s ont \u00e9t\u00e9 pens\u00e9es en cinq grands th\u00e8mes qui soit se d\u00e9clinent en moments particuliers soit s\u2019\u00e9gr\u00e8nent au fil de l\u2019ann\u00e9e 2024 :<\/p>\n<p>[\/et_pb_text][\/et_pb_column][\/et_pb_row][et_pb_row _builder_version=\u00a0\u00bb4.21.0&Prime; _module_preset=\u00a0\u00bbdefault\u00a0\u00bb global_colors_info=\u00a0\u00bb{}\u00a0\u00bb][et_pb_column type=\u00a0\u00bb4_4&Prime; _builder_version=\u00a0\u00bb4.21.0&Prime; _module_preset=\u00a0\u00bbdefault\u00a0\u00bb global_colors_info=\u00a0\u00bb{}\u00a0\u00bb][et_pb_testimonial quote_icon_color=\u00a0\u00bb#e4007e\u00a0\u00bb font_icon=\u00a0\u00bb&#xf005;||fa||900&Prime; _builder_version=\u00a0\u00bb4.21.0&Prime; _module_preset=\u00a0\u00bbdefault\u00a0\u00bb hover_enabled=\u00a0\u00bb0&Prime; global_colors_info=\u00a0\u00bb{}\u00a0\u00bb sticky_enabled=\u00a0\u00bb0&Prime;]<\/p>\n<p><span style=\"color: #e4007e;\"><strong>1. \u00ab La culture ouvre ses portes \u00bb<\/strong><\/span> : u<span>ne journ\u00e9e pendant laquelle les \u00e9l\u00e8ves du Gymnase investiront les institutions culturelles du Nord vaudois\u00a0: visite d\u2019exposition, pi\u00e8ce de th\u00e9\u00e2tre ou rencontre avec un\u00b7e artiste, chaque \u00e9l\u00e8ve pourra voir toute la richesse du monde de la culture gr\u00e2ce \u00e0 une \u00e9troite collaboration avec le Service de la culture d\u2019Yverdon-les-Bains et \u00e0 l\u2019implication de tout le tissu local\u00a0;<\/span><\/p>\n<p><span>Inscription pour les \u00e9l\u00e8ves de 2e ann\u00e9e :\u00a0<a href=\"https:\/\/forms.gle\/eMRQLz3GV81WTsHP9\">https:\/\/forms.gle\/eMRQLz3GV81WTsHP9<\/a><\/span><\/p>\n<p><span>Inscription pour les \u00e9l\u00e8ves de 3e ann\u00e9e :\u00a0<a href=\"https:\/\/forms.gle\/8agXLm2utg3uVtWK9\">https:\/\/forms.gle\/8agXLm2utg3uVtWK9<\/a><\/span><\/p>\n<p><span>Programme complet :\u00a0<a href=\"https:\/\/gymnase-yverdon.ch\/data\/programme%208%20octobre-5%5B1%5D.pdf\">\u00ab\u00a0La culture ouvre ses portes\u00a0\u00bb<\/a><\/span><\/p>\n<p>[\/et_pb_testimonial][et_pb_testimonial quote_icon_color=\u00a0\u00bb#e0ca03&Prime; font_icon=\u00a0\u00bb&#xf005;||fa||900&Prime; _builder_version=\u00a0\u00bb4.21.0&Prime; _module_preset=\u00a0\u00bbdefault\u00a0\u00bb global_colors_info=\u00a0\u00bb{}\u00a0\u00bb]<\/p>\n<p><span style=\"color: #e0ca03\"><strong>2. \u00ab \u00c0 la rencontre des cultures \u00bb<\/strong><\/span> : fort de ses 1400 \u00e9l\u00e8ves et de ses 160 collaboratrices et collaborateurs, le Gymnase h\u00e9berge de multiples cultures qui seront c\u00e9l\u00e9br\u00e9es pendant une semaine consacr\u00e9e \u00e0 l\u2019interculturalit\u00e9\u00a0: repas, musique et discussions rythmeront une semaine qui nous entra\u00eenera de la Belgique en passant par le Maroc ou l\u2019Allemagne\u00a0;<\/p>\n<p>[\/et_pb_testimonial][et_pb_testimonial quote_icon_color=\u00a0\u00bb#008d39&Prime; font_icon=\u00a0\u00bb&#xf005;||fa||900&Prime; _builder_version=\u00a0\u00bb4.21.0&Prime; _module_preset=\u00a0\u00bbdefault\u00a0\u00bb global_colors_info=\u00a0\u00bb{}\u00a0\u00bb]<\/p>\n<p><span style=\"color: #008d39\"><strong>3. \u00ab Cultive ton jardin \u00bb<\/strong><\/span> : Qu\u2019il s\u2019agisse du jardin int\u00e9rieur ou du lieu o\u00f9 l\u2019on r\u00e9fl\u00e9chit \u00e0 notre lien avec notre environnement, ce th\u00e8me entend explorer nos jardins lors de diff\u00e9rents \u00e9v\u00e9nements \u00e9gren\u00e9s pendant toute l\u2019ann\u00e9e 2024 comme une exposition sur le bonheur, une semaine de durabilit\u00e9 ou une conf\u00e9rence sur l\u2019histoire des droits LGBTIQ ;<\/p>\n<p>[\/et_pb_testimonial][et_pb_testimonial quote_icon_color=\u00a0\u00bb#662482&Prime; font_icon=\u00a0\u00bb&#xf005;||fa||900&Prime; _builder_version=\u00a0\u00bb4.21.0&Prime; _module_preset=\u00a0\u00bbdefault\u00a0\u00bb global_colors_info=\u00a0\u00bb{}\u00a0\u00bb]<\/p>\n<p><span style=\"color: #662482\"><strong>4. \u00ab Cultiver les savoirs \u00bb<\/strong><\/span> : au c\u0153ur de la mission du Gymnase, il y a la transmission de savoirs disciplinaires dont les enseignantes et enseignants sont des sp\u00e9cialistes. Ce th\u00e8me entend montrer leur richesse, leurs interconnexions et leur r\u00f4le pour \u00e9clairer le monde dans lequel on vit lors de diff\u00e9rents \u00e9v\u00e9nements, au Gymnase ou en ville, pendant toute l\u2019ann\u00e9e 2024. Ce sera l\u2019occasion, pour la philosophie, d\u2019explorer les liens qu\u2019elle entretien avec le sport, pour les \u00e9l\u00e8ves de sciences exp\u00e9rimentales de dialoguer avec le Prix Nobel Jacques Dubochet. Pour les \u00e9l\u00e8ves d\u2019histoire de faire revivre les ann\u00e9es 70 sous forme d&rsquo;une enqu\u00eate polici\u00e8re ou pour celles et ceux d\u2019\u00e9conomie de mettre en place un podcast permettant aux touristes qui empruntent une ligne de bus de d\u00e9couvrir l\u2019histoire de la r\u00e9gion ;\u00a0<\/p>\n<p>[\/et_pb_testimonial][et_pb_testimonial quote_icon_color=\u00a0\u00bb#93c01f\u00a0\u00bb font_icon=\u00a0\u00bb&#xf005;||fa||900&Prime; _builder_version=\u00a0\u00bb4.21.0&Prime; _module_preset=\u00a0\u00bbdefault\u00a0\u00bb global_colors_info=\u00a0\u00bb{}\u00a0\u00bb]<\/p>\n<p><span style=\"color: #93c01f\"><strong>5. \u00ab La culture en f\u00eate \u00bb<\/strong><\/span> : du festival de No\u00ebl \u00e0 des vernissages ou des concours, le Gymnase abrite d\u00e9j\u00e0 plusieurs moments festifs qui montrent le talent des \u00e9l\u00e8ves et des membres du personnel. Ce th\u00e8me entend valoriser ces moments lors de leurs \u00e9ditions 2024.<\/p>\n<p>[\/et_pb_testimonial][\/et_pb_column][\/et_pb_row][et_pb_row _builder_version=\u00a0\u00bb4.21.0&Prime; _module_preset=\u00a0\u00bbdefault\u00a0\u00bb module_alignment=\u00a0\u00bbcenter\u00a0\u00bb global_colors_info=\u00a0\u00bb{}\u00a0\u00bb][et_pb_column type=\u00a0\u00bb4_4&Prime; _builder_version=\u00a0\u00bb4.21.0&Prime; _module_preset=\u00a0\u00bbdefault\u00a0\u00bb global_colors_info=\u00a0\u00bb{}\u00a0\u00bb][et_pb_button button_url=\u00a0\u00bbhttps:\/\/gymnase-yverdon.ch\/50ans\/programme\/\u00a0\u00bb button_text=\u00a0\u00bbVoir le programme\u00a0\u00bb button_alignment=\u00a0\u00bbcenter\u00a0\u00bb _builder_version=\u00a0\u00bb4.21.0&Prime; _module_preset=\u00a0\u00bbdefault\u00a0\u00bb custom_button=\u00a0\u00bbon\u00a0\u00bb button_bg_color=\u00a0\u00bb#0C71C3&Prime; button_border_width=\u00a0\u00bb0px\u00a0\u00bb button_icon=\u00a0\u00bb&#x3d;||divi||400&Prime; button_icon_color=\u00a0\u00bb#FFFFFF\u00a0\u00bb background_layout=\u00a0\u00bbdark\u00a0\u00bb global_colors_info=\u00a0\u00bb{}\u00a0\u00bb][\/et_pb_button][\/et_pb_column][\/et_pb_row][\/et_pb_section]<\/p>\n","protected":false},"excerpt":{"rendered":"<p>Vision En 2024, le Gymnase d\u2019Yverdon souffle ses cinquante bougies. Un demi-si\u00e8cle d\u2019existence, c\u2019est l\u2019occasion de r\u00e9fl\u00e9chir \u00e0 l\u2019ancrage de notre \u00e9tablissement dans son \u00e9poque et dans sa r\u00e9gion. Nous vous proposons une comm\u00e9moration qui nous permet d\u2019accro\u00eetre le sentiment d\u2019appartenance \u00e0 une communaut\u00e9 gymnasiale dont le c\u0153ur bat particuli\u00e8rement fort \u00e0 Yverdon. Nous vous [&hellip;]<\/p>\n","protected":false},"author":6,"featured_media":0,"parent":0,"menu_order":0,"comment_status":"closed","ping_status":"closed","template":"","meta":{"_et_pb_use_builder":"on","_et_pb_old_content":"<!-- wp:divi\/placeholder \/-->","_et_gb_content_width":"","inline_featured_image":false,"footnotes":""},"class_list":["post-46","page","type-page","status-publish","hentry"],"_links":{"self":[{"href":"https:\/\/gymnase-yverdon.ch\/50ans\/wp-json\/wp\/v2\/pages\/46","targetHints":{"allow":["GET"]}}],"collection":[{"href":"https:\/\/gymnase-yverdon.ch\/50ans\/wp-json\/wp\/v2\/pages"}],"about":[{"href":"https:\/\/gymnase-yverdon.ch\/50ans\/wp-json\/wp\/v2\/types\/page"}],"author":[{"embeddable":true,"href":"https:\/\/gymnase-yverdon.ch\/50ans\/wp-json\/wp\/v2\/users\/6"}],"replies":[{"embeddable":true,"href":"https:\/\/gymnase-yverdon.ch\/50ans\/wp-json\/wp\/v2\/comments?post=46"}],"version-history":[{"count":27,"href":"https:\/\/gymnase-yverdon.ch\/50ans\/wp-json\/wp\/v2\/pages\/46\/revisions"}],"predecessor-version":[{"id":499,"href":"https:\/\/gymnase-yverdon.ch\/50ans\/wp-json\/wp\/v2\/pages\/46\/revisions\/499"}],"wp:attachment":[{"href":"https:\/\/gymnase-yverdon.ch\/50ans\/wp-json\/wp\/v2\/media?parent=46"}],"curies":[{"name":"wp","href":"https:\/\/api.w.org\/{rel}","templated":true}]}}